{"id":82525,"date":"2022-11-17T16:05:02","date_gmt":"2022-11-17T14:05:02","guid":{"rendered":"https:\/\/www.light24.ee\/?post_type=product&#038;p=82525"},"modified":"2024-03-12T20:42:13","modified_gmt":"2024-03-12T18:42:13","slug":"postvalgusti-rush","status":"publish","type":"product","link":"https:\/\/light24.lt\/lv\/toode\/valisvalgustid\/postvalgustid\/postvalgusti-rush\/","title":{"rendered":"FARO RUSH 80"},"content":{"rendered":"<p><a href=\"https:\/\/www.light24.ee\/brands\/faro\/\" target=\"_blank\" rel=\"noopener noreferrer\"><img decoding=\"async\" class=\"alignnone size-full wp-image-35829\" src=\"https:\/\/www.light24.ee\/wp-content\/uploads\/2017\/02\/faro-logo-uus.jpg\" alt=\"\" width=\"182\" height=\"93\" \/><\/a><\/p>\n<p><em><strong>Design: ESTUDI RIBAUDI<\/strong><\/em><\/p>\n<p><em><strong>Lai ieg\u016btu papildinform\u0101ciju, l\u016bdzu, sazinieties ar <a href=\"https:\/\/www.light24.ee\/lv\/kontakt\/\" target=\"_blank\" rel=\"noopener noreferrer\">p\u0101rdo\u0161anas noda\u013cu.<\/a><\/strong><\/em><\/p>","protected":false},"excerpt":{"rendered":"<p>Design: ESTUDI RIBAUDI Lai ieg\u016btu papildinform\u0101ciju, l\u016bdzu, sazinieties ar p\u0101rdo\u0161anas noda\u013cu.<\/p>\n","protected":false},"featured_media":82526,"comment_status":"closed","ping_status":"closed","template":"","meta":{"_acf_changed":false},"product_cat":[2903,2025],"product_tag":[379],"class_list":{"0":"post-82525","1":"product","2":"type-product","3":"status-publish","4":"has-post-thumbnail","6":"product_cat-valisvalgustid","7":"product_cat-postvalgustid","8":"product_tag-faro","9":"product_shipping_class-standard","10":"pa_ip-kaitseklass-ip65-ik10","11":"pa_materjal-alumiinium","12":"pa_materjal-polukarbonaat","13":"pa_otstarve-valis-postvalgustid","14":"pa_ruumid-oueala","15":"pa_ruumid-terrass","16":"pa_ruumid-aed","17":"pa_ruumid-aiatee","18":"pa_ruumid-linnatanav","19":"pa_ruumid-park","20":"pa_ruumid-haljasala","21":"pa_tarneaeg-2-3-nadalat","22":"pa_varv-tumehall","24":"first","25":"instock","26":"taxable","27":"shipping-taxable","28":"product-type-simple"},"acf":[],"aioseo_notices":[],"aioseo_head":"\n\t\t<!-- All in One SEO Pro 4.9.6.2 - aioseo.com -->\n\t<meta name=\"description\" content=\"Design: ESTUDI RIBAUDI Lai ieg\u016btu papildinform\u0101ciju, l\u016bdzu, sazinieties ar p\u0101rdo\u0161anas noda\u013cu.\" \/>\n\t<meta name=\"robots\" content=\"max-image-preview:large\" \/>\n\t<meta name=\"google-site-verification\" content=\"nxgDPK3Ouk6bwvuxlwlzeMOKszmf-8m57RDu5zAgN-Y\" \/>\n\t<link rel=\"canonical\" href=\"https:\/\/light24.lt\/lv\/toode\/valisvalgustid\/postvalgustid\/postvalgusti-rush\/\" \/>\n\t<meta name=\"generator\" content=\"All in One SEO Pro (AIOSEO) 4.9.6.2\" \/>\n\t\t<meta property=\"og:locale\" content=\"lv_LV\" \/>\n\t\t<meta property=\"og:site_name\" content=\"Light24 \u2022 Apgaismojums | E-veikals\" \/>\n\t\t<meta property=\"og:type\" content=\"article\" \/>\n\t\t<meta property=\"og:title\" content=\"FARO RUSH 80 \u2022 Light24\" \/>\n\t\t<meta property=\"og:description\" content=\"Design: ESTUDI RIBAUDI Lai ieg\u016btu papildinform\u0101ciju, l\u016bdzu, sazinieties ar p\u0101rdo\u0161anas noda\u013cu.\" \/>\n\t\t<meta property=\"og:url\" content=\"https:\/\/light24.lt\/lv\/toode\/valisvalgustid\/postvalgustid\/postvalgusti-rush\/\" \/>\n\t\t<meta property=\"og:image\" content=\"https:\/\/light24.lt\/wp-content\/uploads\/2021\/03\/rush3.jpg\" \/>\n\t\t<meta property=\"og:image:secure_url\" content=\"https:\/\/light24.lt\/wp-content\/uploads\/2021\/03\/rush3.jpg\" \/>\n\t\t<meta property=\"og:image:width\" content=\"750\" \/>\n\t\t<meta property=\"og:image:height\" content=\"750\" \/>\n\t\t<meta property=\"article:published_time\" content=\"2022-11-17T14:05:02+00:00\" \/>\n\t\t<meta property=\"article:modified_time\" content=\"2024-03-12T18:42:13+00:00\" \/>\n\t\t<meta property=\"article:publisher\" content=\"https:\/\/www.facebook.com\/light24.ee\" \/>\n\t\t<meta name=\"twitter:card\" content=\"summary\" \/>\n\t\t<meta name=\"twitter:title\" content=\"FARO RUSH 80 \u2022 Light24\" \/>\n\t\t<meta name=\"twitter:description\" content=\"Design: ESTUDI RIBAUDI Lai ieg\u016btu papildinform\u0101ciju, l\u016bdzu, sazinieties ar p\u0101rdo\u0161anas noda\u013cu.\" \/>\n\t\t<meta name=\"twitter:image\" content=\"https:\/\/light24.lt\/wp-content\/uploads\/2021\/03\/rush3.jpg\" \/>\n\t\t<script type=\"application\/ld+json\" class=\"aioseo-schema\">\n\t\t\t{\"@context\":\"https:\\\/\\\/schema.org\",\"@graph\":[{\"@type\":\"BreadcrumbList\",\"@id\":\"https:\\\/\\\/light24.lt\\\/lv\\\/toode\\\/valisvalgustid\\\/postvalgustid\\\/postvalgusti-rush\\\/#breadcrumblist\",\"itemListElement\":[{\"@type\":\"ListItem\",\"@id\":\"https:\\\/\\\/light24.lt\\\/lv#listItem\",\"position\":1,\"name\":\"Home\",\"item\":\"https:\\\/\\\/light24.lt\\\/lv\",\"nextItem\":{\"@type\":\"ListItem\",\"@id\":\"https:\\\/\\\/light24.lt\\\/lv\\\/shop\\\/#listItem\",\"name\":\"E-veikals\"}},{\"@type\":\"ListItem\",\"@id\":\"https:\\\/\\\/light24.lt\\\/lv\\\/shop\\\/#listItem\",\"position\":2,\"name\":\"E-veikals\",\"item\":\"https:\\\/\\\/light24.lt\\\/lv\\\/shop\\\/\",\"nextItem\":{\"@type\":\"ListItem\",\"@id\":\"https:\\\/\\\/light24.lt\\\/lv\\\/product-category\\\/valisvalgustid\\\/#listItem\",\"name\":\"\\u0100ra gaismek\\u013ci\"},\"previousItem\":{\"@type\":\"ListItem\",\"@id\":\"https:\\\/\\\/light24.lt\\\/lv#listItem\",\"name\":\"Home\"}},{\"@type\":\"ListItem\",\"@id\":\"https:\\\/\\\/light24.lt\\\/lv\\\/product-category\\\/valisvalgustid\\\/#listItem\",\"position\":3,\"name\":\"\\u0100ra gaismek\\u013ci\",\"item\":\"https:\\\/\\\/light24.lt\\\/lv\\\/product-category\\\/valisvalgustid\\\/\",\"nextItem\":{\"@type\":\"ListItem\",\"@id\":\"https:\\\/\\\/light24.lt\\\/lv\\\/product-category\\\/valisvalgustid\\\/postvalgustid\\\/#listItem\",\"name\":\"P\\u0101\\u013cu gaismek\\u013ci\"},\"previousItem\":{\"@type\":\"ListItem\",\"@id\":\"https:\\\/\\\/light24.lt\\\/lv\\\/shop\\\/#listItem\",\"name\":\"E-veikals\"}},{\"@type\":\"ListItem\",\"@id\":\"https:\\\/\\\/light24.lt\\\/lv\\\/product-category\\\/valisvalgustid\\\/postvalgustid\\\/#listItem\",\"position\":4,\"name\":\"P\\u0101\\u013cu gaismek\\u013ci\",\"item\":\"https:\\\/\\\/light24.lt\\\/lv\\\/product-category\\\/valisvalgustid\\\/postvalgustid\\\/\",\"nextItem\":{\"@type\":\"ListItem\",\"@id\":\"https:\\\/\\\/light24.lt\\\/lv\\\/toode\\\/valisvalgustid\\\/postvalgustid\\\/postvalgusti-rush\\\/#listItem\",\"name\":\"FARO RUSH 80\"},\"previousItem\":{\"@type\":\"ListItem\",\"@id\":\"https:\\\/\\\/light24.lt\\\/lv\\\/product-category\\\/valisvalgustid\\\/#listItem\",\"name\":\"\\u0100ra gaismek\\u013ci\"}},{\"@type\":\"ListItem\",\"@id\":\"https:\\\/\\\/light24.lt\\\/lv\\\/toode\\\/valisvalgustid\\\/postvalgustid\\\/postvalgusti-rush\\\/#listItem\",\"position\":5,\"name\":\"FARO RUSH 80\",\"previousItem\":{\"@type\":\"ListItem\",\"@id\":\"https:\\\/\\\/light24.lt\\\/lv\\\/product-category\\\/valisvalgustid\\\/postvalgustid\\\/#listItem\",\"name\":\"P\\u0101\\u013cu gaismek\\u013ci\"}}]},{\"@type\":\"Organization\",\"@id\":\"https:\\\/\\\/light24.lt\\\/lv\\\/#organization\",\"name\":\"Light24\",\"description\":\"Apgaismojums | E-veikals\",\"url\":\"https:\\\/\\\/light24.lt\\\/lv\\\/\",\"telephone\":\"+3725184133\",\"logo\":{\"@type\":\"ImageObject\",\"url\":\"https:\\\/\\\/www.light24.ee\\\/wp-content\\\/uploads\\\/2022\\\/03\\\/Shape-2-3.svg\",\"@id\":\"https:\\\/\\\/light24.lt\\\/lv\\\/toode\\\/valisvalgustid\\\/postvalgustid\\\/postvalgusti-rush\\\/#organizationLogo\"},\"image\":{\"@id\":\"https:\\\/\\\/light24.lt\\\/lv\\\/toode\\\/valisvalgustid\\\/postvalgustid\\\/postvalgusti-rush\\\/#organizationLogo\"},\"sameAs\":[\"https:\\\/\\\/www.facebook.com\\\/light24.ee\",\"https:\\\/\\\/www.instagram.com\\\/light24official\\\/\"]},{\"@type\":\"Product\",\"@id\":\"https:\\\/\\\/light24.lt\\\/lv\\\/toode\\\/valisvalgustid\\\/postvalgustid\\\/postvalgusti-rush\\\/#wooCommerceProduct\",\"name\":\"FARO RUSH 80\",\"url\":\"https:\\\/\\\/light24.lt\\\/lv\\\/toode\\\/valisvalgustid\\\/postvalgustid\\\/postvalgusti-rush\\\/\",\"sku\":\"FAR11905\",\"image\":{\"@type\":\"ImageObject\",\"url\":\"https:\\\/\\\/light24.lt\\\/wp-content\\\/uploads\\\/2021\\\/03\\\/rush3.jpg\",\"@id\":\"https:\\\/\\\/light24.lt\\\/lv\\\/toode\\\/valisvalgustid\\\/postvalgustid\\\/postvalgusti-rush\\\/#productImage\",\"width\":750,\"height\":750},\"offers\":{\"@type\":\"Offer\",\"url\":\"https:\\\/\\\/light24.lt\\\/lv\\\/toode\\\/valisvalgustid\\\/postvalgustid\\\/postvalgusti-rush\\\/#wooCommerceOffer\",\"price\":0,\"priceCurrency\":\"EUR\",\"category\":\"\\u0100ra gaismek\\u013ci\",\"availability\":\"https:\\\/\\\/schema.org\\\/InStock\",\"priceSpecification\":{\"@type\":\"PriceSpecification\",\"price\":0,\"priceCurrency\":\"EUR\",\"valueAddedTaxIncluded\":\"true\"},\"seller\":{\"@type\":\"Organization\",\"@id\":\"https:\\\/\\\/light24.lt\\\/lv\\\/#organization\"}}},{\"@type\":\"WebPage\",\"@id\":\"https:\\\/\\\/light24.lt\\\/lv\\\/toode\\\/valisvalgustid\\\/postvalgustid\\\/postvalgusti-rush\\\/#webpage\",\"url\":\"https:\\\/\\\/light24.lt\\\/lv\\\/toode\\\/valisvalgustid\\\/postvalgustid\\\/postvalgusti-rush\\\/\",\"name\":\"FARO RUSH 80 \\u2022 Light24\",\"description\":\"Design: ESTUDI RIBAUDI Lai ieg\\u016btu papildinform\\u0101ciju, l\\u016bdzu, sazinieties ar p\\u0101rdo\\u0161anas noda\\u013cu.\",\"inLanguage\":\"lv\",\"isPartOf\":{\"@id\":\"https:\\\/\\\/light24.lt\\\/lv\\\/#website\"},\"breadcrumb\":{\"@id\":\"https:\\\/\\\/light24.lt\\\/lv\\\/toode\\\/valisvalgustid\\\/postvalgustid\\\/postvalgusti-rush\\\/#breadcrumblist\"},\"image\":{\"@type\":\"ImageObject\",\"url\":\"https:\\\/\\\/light24.lt\\\/wp-content\\\/uploads\\\/2021\\\/03\\\/rush3.jpg\",\"@id\":\"https:\\\/\\\/light24.lt\\\/lv\\\/toode\\\/valisvalgustid\\\/postvalgustid\\\/postvalgusti-rush\\\/#mainImage\",\"width\":750,\"height\":750},\"primaryImageOfPage\":{\"@id\":\"https:\\\/\\\/light24.lt\\\/lv\\\/toode\\\/valisvalgustid\\\/postvalgustid\\\/postvalgusti-rush\\\/#mainImage\"},\"datePublished\":\"2022-11-17T16:05:02+02:00\",\"dateModified\":\"2024-03-12T20:42:13+02:00\"},{\"@type\":\"WebSite\",\"@id\":\"https:\\\/\\\/light24.lt\\\/lv\\\/#website\",\"url\":\"https:\\\/\\\/light24.lt\\\/lv\\\/\",\"name\":\"Light24\",\"description\":\"Apgaismojums | E-veikals\",\"inLanguage\":\"lv\",\"publisher\":{\"@id\":\"https:\\\/\\\/light24.lt\\\/lv\\\/#organization\"}}]}\n\t\t<\/script>\n\t\t<!-- All in One SEO Pro -->\r\n\t\t<title>FARO RUSH 80 \u2022 Light24<\/title>\n\n","aioseo_head_json":{"title":"FARO RUSH 80 \u2022 Light24","description":"Design: ESTUDI RIBAUDI Lai ieg\u016btu papildinform\u0101ciju, l\u016bdzu, sazinieties ar p\u0101rdo\u0161anas noda\u013cu.","canonical_url":"https:\/\/light24.lt\/lv\/toode\/valisvalgustid\/postvalgustid\/postvalgusti-rush\/","robots":"max-image-preview:large","keywords":"","webmasterTools":{"google-site-verification":"nxgDPK3Ouk6bwvuxlwlzeMOKszmf-8m57RDu5zAgN-Y","miscellaneous":""},"schema":{"@context":"https:\/\/schema.org","@graph":[{"@type":"BreadcrumbList","@id":"https:\/\/light24.lt\/lv\/toode\/valisvalgustid\/postvalgustid\/postvalgusti-rush\/#breadcrumblist","itemListElement":[{"@type":"ListItem","@id":"https:\/\/light24.lt\/lv#listItem","position":1,"name":"Home","item":"https:\/\/light24.lt\/lv","nextItem":{"@type":"ListItem","@id":"https:\/\/light24.lt\/lv\/shop\/#listItem","name":"E-veikals"}},{"@type":"ListItem","@id":"https:\/\/light24.lt\/lv\/shop\/#listItem","position":2,"name":"E-veikals","item":"https:\/\/light24.lt\/lv\/shop\/","nextItem":{"@type":"ListItem","@id":"https:\/\/light24.lt\/lv\/product-category\/valisvalgustid\/#listItem","name":"\u0100ra gaismek\u013ci"},"previousItem":{"@type":"ListItem","@id":"https:\/\/light24.lt\/lv#listItem","name":"Home"}},{"@type":"ListItem","@id":"https:\/\/light24.lt\/lv\/product-category\/valisvalgustid\/#listItem","position":3,"name":"\u0100ra gaismek\u013ci","item":"https:\/\/light24.lt\/lv\/product-category\/valisvalgustid\/","nextItem":{"@type":"ListItem","@id":"https:\/\/light24.lt\/lv\/product-category\/valisvalgustid\/postvalgustid\/#listItem","name":"P\u0101\u013cu gaismek\u013ci"},"previousItem":{"@type":"ListItem","@id":"https:\/\/light24.lt\/lv\/shop\/#listItem","name":"E-veikals"}},{"@type":"ListItem","@id":"https:\/\/light24.lt\/lv\/product-category\/valisvalgustid\/postvalgustid\/#listItem","position":4,"name":"P\u0101\u013cu gaismek\u013ci","item":"https:\/\/light24.lt\/lv\/product-category\/valisvalgustid\/postvalgustid\/","nextItem":{"@type":"ListItem","@id":"https:\/\/light24.lt\/lv\/toode\/valisvalgustid\/postvalgustid\/postvalgusti-rush\/#listItem","name":"FARO RUSH 80"},"previousItem":{"@type":"ListItem","@id":"https:\/\/light24.lt\/lv\/product-category\/valisvalgustid\/#listItem","name":"\u0100ra gaismek\u013ci"}},{"@type":"ListItem","@id":"https:\/\/light24.lt\/lv\/toode\/valisvalgustid\/postvalgustid\/postvalgusti-rush\/#listItem","position":5,"name":"FARO RUSH 80","previousItem":{"@type":"ListItem","@id":"https:\/\/light24.lt\/lv\/product-category\/valisvalgustid\/postvalgustid\/#listItem","name":"P\u0101\u013cu gaismek\u013ci"}}]},{"@type":"Organization","@id":"https:\/\/light24.lt\/lv\/#organization","name":"Light24","description":"Apgaismojums | E-veikals","url":"https:\/\/light24.lt\/lv\/","telephone":"+3725184133","logo":{"@type":"ImageObject","url":"https:\/\/www.light24.ee\/wp-content\/uploads\/2022\/03\/Shape-2-3.svg","@id":"https:\/\/light24.lt\/lv\/toode\/valisvalgustid\/postvalgustid\/postvalgusti-rush\/#organizationLogo"},"image":{"@id":"https:\/\/light24.lt\/lv\/toode\/valisvalgustid\/postvalgustid\/postvalgusti-rush\/#organizationLogo"},"sameAs":["https:\/\/www.facebook.com\/light24.ee","https:\/\/www.instagram.com\/light24official\/"]},{"@type":"Product","@id":"https:\/\/light24.lt\/lv\/toode\/valisvalgustid\/postvalgustid\/postvalgusti-rush\/#wooCommerceProduct","name":"FARO RUSH 80","url":"https:\/\/light24.lt\/lv\/toode\/valisvalgustid\/postvalgustid\/postvalgusti-rush\/","sku":"FAR11905","image":{"@type":"ImageObject","url":"https:\/\/light24.lt\/wp-content\/uploads\/2021\/03\/rush3.jpg","@id":"https:\/\/light24.lt\/lv\/toode\/valisvalgustid\/postvalgustid\/postvalgusti-rush\/#productImage","width":750,"height":750},"offers":{"@type":"Offer","url":"https:\/\/light24.lt\/lv\/toode\/valisvalgustid\/postvalgustid\/postvalgusti-rush\/#wooCommerceOffer","price":0,"priceCurrency":"EUR","category":"\u0100ra gaismek\u013ci","availability":"https:\/\/schema.org\/InStock","priceSpecification":{"@type":"PriceSpecification","price":0,"priceCurrency":"EUR","valueAddedTaxIncluded":"true"},"seller":{"@type":"Organization","@id":"https:\/\/light24.lt\/lv\/#organization"}}},{"@type":"WebPage","@id":"https:\/\/light24.lt\/lv\/toode\/valisvalgustid\/postvalgustid\/postvalgusti-rush\/#webpage","url":"https:\/\/light24.lt\/lv\/toode\/valisvalgustid\/postvalgustid\/postvalgusti-rush\/","name":"FARO RUSH 80 \u2022 Light24","description":"Design: ESTUDI RIBAUDI Lai ieg\u016btu papildinform\u0101ciju, l\u016bdzu, sazinieties ar p\u0101rdo\u0161anas noda\u013cu.","inLanguage":"lv","isPartOf":{"@id":"https:\/\/light24.lt\/lv\/#website"},"breadcrumb":{"@id":"https:\/\/light24.lt\/lv\/toode\/valisvalgustid\/postvalgustid\/postvalgusti-rush\/#breadcrumblist"},"image":{"@type":"ImageObject","url":"https:\/\/light24.lt\/wp-content\/uploads\/2021\/03\/rush3.jpg","@id":"https:\/\/light24.lt\/lv\/toode\/valisvalgustid\/postvalgustid\/postvalgusti-rush\/#mainImage","width":750,"height":750},"primaryImageOfPage":{"@id":"https:\/\/light24.lt\/lv\/toode\/valisvalgustid\/postvalgustid\/postvalgusti-rush\/#mainImage"},"datePublished":"2022-11-17T16:05:02+02:00","dateModified":"2024-03-12T20:42:13+02:00"},{"@type":"WebSite","@id":"https:\/\/light24.lt\/lv\/#website","url":"https:\/\/light24.lt\/lv\/","name":"Light24","description":"Apgaismojums | E-veikals","inLanguage":"lv","publisher":{"@id":"https:\/\/light24.lt\/lv\/#organization"}}]},"og:locale":"lv_LV","og:site_name":"Light24 \u2022 Apgaismojums | E-veikals","og:type":"article","og:title":"FARO RUSH 80 \u2022 Light24","og:description":"Design: ESTUDI RIBAUDI Lai ieg\u016btu papildinform\u0101ciju, l\u016bdzu, sazinieties ar p\u0101rdo\u0161anas noda\u013cu.","og:url":"https:\/\/light24.lt\/lv\/toode\/valisvalgustid\/postvalgustid\/postvalgusti-rush\/","og:image":"https:\/\/light24.lt\/wp-content\/uploads\/2021\/03\/rush3.jpg","og:image:secure_url":"https:\/\/light24.lt\/wp-content\/uploads\/2021\/03\/rush3.jpg","og:image:width":750,"og:image:height":750,"article:published_time":"2022-11-17T14:05:02+00:00","article:modified_time":"2024-03-12T18:42:13+00:00","article:publisher":"https:\/\/www.facebook.com\/light24.ee","twitter:card":"summary","twitter:title":"FARO RUSH 80 \u2022 Light24","twitter:description":"Design: ESTUDI RIBAUDI Lai ieg\u016btu papildinform\u0101ciju, l\u016bdzu, sazinieties ar p\u0101rdo\u0161anas noda\u013cu.","twitter:image":"https:\/\/light24.lt\/wp-content\/uploads\/2021\/03\/rush3.jpg"},"aioseo_meta_data":{"post_id":"82525","title":null,"description":null,"keywords":[],"keyphrases":{"focus":{"keyphrase":"","score":0,"analysis":{"keyphraseInTitle":{"score":0,"maxScore":9,"error":1}}},"additional":[]},"primary_term":null,"canonical_url":null,"og_title":null,"og_description":null,"og_object_type":"default","og_image_type":"default","og_image_url":null,"og_image_width":null,"og_image_height":null,"og_image_custom_url":null,"og_image_custom_fields":null,"og_video":"","og_custom_url":null,"og_article_section":null,"og_article_tags":[],"twitter_use_og":false,"twitter_card":"default","twitter_image_type":"default","twitter_image_url":null,"twitter_image_custom_url":null,"twitter_image_custom_fields":null,"twitter_title":null,"twitter_description":null,"schema":{"blockGraphs":[],"customGraphs":[],"default":{"data":{"Article":[],"Course":[],"Dataset":[],"FAQPage":[],"Movie":[],"Person":[],"Product":[],"ProductReview":[],"Car":[],"Recipe":[],"Service":[],"SoftwareApplication":[],"WebPage":[]},"graphName":"ItemPage","isEnabled":true},"graphs":[],"defaultGraph":"","defaultPostTypeGraph":""},"schema_type":"default","schema_type_options":null,"pillar_content":false,"robots_default":true,"robots_noindex":false,"robots_noarchive":false,"robots_nosnippet":false,"robots_nofollow":false,"robots_noimageindex":false,"robots_noodp":false,"robots_notranslate":false,"robots_max_snippet":"-1","robots_max_videopreview":"-1","robots_max_imagepreview":"large","priority":null,"frequency":"default","local_seo":null,"seo_analyzer_scan_date":"2025-10-27 05:04:31","breadcrumb_settings":null,"limit_modified_date":false,"reviewed_by":null,"open_ai":"{\"title\":{\"suggestions\":[],\"usage\":0},\"description\":{\"suggestions\":[],\"usage\":0}}","ai":null,"created":"2022-02-17 17:43:46","updated":"2025-10-27 05:04:31"},"aioseo_breadcrumb":"<div class=\"aioseo-breadcrumbs\"><span class=\"aioseo-breadcrumb\">\n\t<a href=\"https:\/\/light24.lt\/lv\" title=\"Home\">Home<\/a>\n<\/span><span class=\"aioseo-breadcrumb-separator\">&raquo;<\/span><span class=\"aioseo-breadcrumb\">\n\t<a href=\"https:\/\/light24.lt\/lv\/shop\/\" title=\"E-veikals\">E-veikals<\/a>\n<\/span><span class=\"aioseo-breadcrumb-separator\">&raquo;<\/span><span class=\"aioseo-breadcrumb\">\n\t<a href=\"https:\/\/light24.lt\/lv\/product-category\/valisvalgustid\/\" title=\"\u0100ra gaismek\u013ci\">\u0100ra gaismek\u013ci<\/a>\n<\/span><span class=\"aioseo-breadcrumb-separator\">&raquo;<\/span><span class=\"aioseo-breadcrumb\">\n\t<a href=\"https:\/\/light24.lt\/lv\/product-category\/valisvalgustid\/postvalgustid\/\" title=\"P\u0101\u013cu gaismek\u013ci\">P\u0101\u013cu gaismek\u013ci<\/a>\n<\/span><span class=\"aioseo-breadcrumb-separator\">&raquo;<\/span><span class=\"aioseo-breadcrumb\">\n\tFARO RUSH 80\n<\/span><\/div>","aioseo_breadcrumb_json":[{"label":"Home","link":"https:\/\/light24.lt\/lv"},{"label":"E-veikals","link":"https:\/\/light24.lt\/lv\/shop\/"},{"label":"\u0100ra gaismek\u013ci","link":"https:\/\/light24.lt\/lv\/product-category\/valisvalgustid\/"},{"label":"P\u0101\u013cu gaismek\u013ci","link":"https:\/\/light24.lt\/lv\/product-category\/valisvalgustid\/postvalgustid\/"},{"label":"FARO RUSH 80","link":"https:\/\/light24.lt\/lv\/toode\/valisvalgustid\/postvalgustid\/postvalgusti-rush\/"}],"_links":{"self":[{"href":"https:\/\/light24.lt\/lv\/wp-json\/wp\/v2\/product\/82525","targetHints":{"allow":["GET"]}}],"collection":[{"href":"https:\/\/light24.lt\/lv\/wp-json\/wp\/v2\/product"}],"about":[{"href":"https:\/\/light24.lt\/lv\/wp-json\/wp\/v2\/types\/product"}],"replies":[{"embeddable":true,"href":"https:\/\/light24.lt\/lv\/wp-json\/wp\/v2\/comments?post=82525"}],"wp:featuredmedia":[{"embeddable":true,"href":"https:\/\/light24.lt\/lv\/wp-json\/wp\/v2\/media\/82526"}],"wp:attachment":[{"href":"https:\/\/light24.lt\/lv\/wp-json\/wp\/v2\/media?parent=82525"}],"wp:term":[{"taxonomy":"product_cat","embeddable":true,"href":"https:\/\/light24.lt\/lv\/wp-json\/wp\/v2\/product_cat?post=82525"},{"taxonomy":"product_tag","embeddable":true,"href":"https:\/\/light24.lt\/lv\/wp-json\/wp\/v2\/product_tag?post=82525"}],"curies":[{"name":"wp","href":"https:\/\/api.w.org\/{rel}","templated":true}]}}