{"id":75313,"date":"2024-12-27T11:20:31","date_gmt":"2024-12-27T09:20:31","guid":{"rendered":"https:\/\/www.light24.ee\/?post_type=product&#038;p=75313"},"modified":"2025-04-28T20:52:53","modified_gmt":"2025-04-28T17:52:53","slug":"valisvalgusti-mauren","status":"publish","type":"product","link":"https:\/\/light24.lt\/lv\/toode\/valisvalgustid\/postvalgustid\/valisvalgusti-mauren\/","title":{"rendered":"Faro MAUREN E27 IP44"},"content":{"rendered":"<p><a href=\"https:\/\/www.light24.ee\/brands\/faro\/\" target=\"_blank\" rel=\"noopener noreferrer\"><img decoding=\"async\" class=\"alignnone size-full wp-image-35829\" src=\"https:\/\/www.light24.ee\/wp-content\/uploads\/2017\/02\/faro-logo-uus.jpg\" alt=\"\" width=\"182\" height=\"93\" \/><\/a><\/p>\n<p>&nbsp;<\/p>\n<p>&nbsp;<\/p>\n<p>&nbsp;<\/p>\n<p>&nbsp;<\/p>\n<p class=\"western\">\n<p><\/p>","protected":false},"excerpt":{"rendered":"<p>&nbsp; &nbsp; &nbsp; &nbsp;<\/p>\n","protected":false},"featured_media":75316,"comment_status":"closed","ping_status":"closed","template":"","meta":{"_acf_changed":false},"product_cat":[2903,2025],"product_tag":[379],"class_list":{"0":"post-75313","1":"product","2":"type-product","3":"status-publish","4":"has-post-thumbnail","6":"product_cat-valisvalgustid","7":"product_cat-postvalgustid","8":"product_tag-faro","9":"product_shipping_class-small","10":"pa_ip-kaitseklass-1586","11":"pa_materjal-messing","12":"pa_otstarve-valis-postvalgustid","13":"pa_otstarve-valis-ripp-ja-laevalgustid","14":"pa_ruumid-oueala","15":"pa_ruumid-terrass","16":"pa_ruumid-hoone","17":"pa_tarneaeg-10-paeva","18":"pa_tehnilised-andmed-max-15w-led-e27","19":"pa_varv-messing","21":"first","22":"instock","23":"sale","24":"taxable","25":"shipping-taxable","26":"purchasable","27":"product-type-simple"},"acf":[],"aioseo_notices":[],"aioseo_head":"\n\t\t<!-- All in One SEO Pro 4.9.5.2 - aioseo.com -->\n\t<meta name=\"robots\" content=\"max-image-preview:large\" \/>\n\t<meta name=\"google-site-verification\" content=\"nxgDPK3Ouk6bwvuxlwlzeMOKszmf-8m57RDu5zAgN-Y\" \/>\n\t<link rel=\"canonical\" href=\"https:\/\/light24.lt\/lv\/toode\/valisvalgustid\/postvalgustid\/valisvalgusti-mauren\/\" \/>\n\t<meta name=\"generator\" content=\"All in One SEO Pro (AIOSEO) 4.9.5.2\" \/>\n\t\t<meta property=\"og:locale\" content=\"lv_LV\" \/>\n\t\t<meta property=\"og:site_name\" content=\"Light24 \u2022 Apgaismojums | E-veikals\" \/>\n\t\t<meta property=\"og:type\" content=\"article\" \/>\n\t\t<meta property=\"og:title\" content=\"Faro MAUREN E27 IP44 \u2022 Light24\" \/>\n\t\t<meta property=\"og:url\" content=\"https:\/\/light24.lt\/lv\/toode\/valisvalgustid\/postvalgustid\/valisvalgusti-mauren\/\" \/>\n\t\t<meta property=\"og:image\" content=\"https:\/\/light24.lt\/wp-content\/uploads\/2020\/12\/mauren2.jpg\" \/>\n\t\t<meta property=\"og:image:secure_url\" content=\"https:\/\/light24.lt\/wp-content\/uploads\/2020\/12\/mauren2.jpg\" \/>\n\t\t<meta property=\"og:image:width\" content=\"750\" \/>\n\t\t<meta property=\"og:image:height\" content=\"750\" \/>\n\t\t<meta property=\"article:published_time\" content=\"2024-12-27T09:20:31+00:00\" \/>\n\t\t<meta property=\"article:modified_time\" content=\"2025-04-28T17:52:53+00:00\" \/>\n\t\t<meta property=\"article:publisher\" content=\"https:\/\/www.facebook.com\/light24.ee\" \/>\n\t\t<meta name=\"twitter:card\" content=\"summary\" \/>\n\t\t<meta name=\"twitter:title\" content=\"Faro MAUREN E27 IP44 \u2022 Light24\" \/>\n\t\t<meta name=\"twitter:image\" content=\"https:\/\/light24.lt\/wp-content\/uploads\/2020\/12\/mauren2.jpg\" \/>\n\t\t<script type=\"application\/ld+json\" class=\"aioseo-schema\">\n\t\t\t{\"@context\":\"https:\\\/\\\/schema.org\",\"@graph\":[{\"@type\":\"BreadcrumbList\",\"@id\":\"https:\\\/\\\/light24.lt\\\/lv\\\/toode\\\/valisvalgustid\\\/postvalgustid\\\/valisvalgusti-mauren\\\/#breadcrumblist\",\"itemListElement\":[{\"@type\":\"ListItem\",\"@id\":\"https:\\\/\\\/light24.lt\\\/lv#listItem\",\"position\":1,\"name\":\"Home\",\"item\":\"https:\\\/\\\/light24.lt\\\/lv\",\"nextItem\":{\"@type\":\"ListItem\",\"@id\":\"https:\\\/\\\/light24.lt\\\/lv\\\/shop\\\/#listItem\",\"name\":\"E-veikals\"}},{\"@type\":\"ListItem\",\"@id\":\"https:\\\/\\\/light24.lt\\\/lv\\\/shop\\\/#listItem\",\"position\":2,\"name\":\"E-veikals\",\"item\":\"https:\\\/\\\/light24.lt\\\/lv\\\/shop\\\/\",\"nextItem\":{\"@type\":\"ListItem\",\"@id\":\"https:\\\/\\\/light24.lt\\\/lv\\\/product-category\\\/valisvalgustid\\\/#listItem\",\"name\":\"\\u0100ra gaismek\\u013ci\"},\"previousItem\":{\"@type\":\"ListItem\",\"@id\":\"https:\\\/\\\/light24.lt\\\/lv#listItem\",\"name\":\"Home\"}},{\"@type\":\"ListItem\",\"@id\":\"https:\\\/\\\/light24.lt\\\/lv\\\/product-category\\\/valisvalgustid\\\/#listItem\",\"position\":3,\"name\":\"\\u0100ra gaismek\\u013ci\",\"item\":\"https:\\\/\\\/light24.lt\\\/lv\\\/product-category\\\/valisvalgustid\\\/\",\"nextItem\":{\"@type\":\"ListItem\",\"@id\":\"https:\\\/\\\/light24.lt\\\/lv\\\/product-category\\\/valisvalgustid\\\/postvalgustid\\\/#listItem\",\"name\":\"P\\u0101\\u013cu gaismek\\u013ci\"},\"previousItem\":{\"@type\":\"ListItem\",\"@id\":\"https:\\\/\\\/light24.lt\\\/lv\\\/shop\\\/#listItem\",\"name\":\"E-veikals\"}},{\"@type\":\"ListItem\",\"@id\":\"https:\\\/\\\/light24.lt\\\/lv\\\/product-category\\\/valisvalgustid\\\/postvalgustid\\\/#listItem\",\"position\":4,\"name\":\"P\\u0101\\u013cu gaismek\\u013ci\",\"item\":\"https:\\\/\\\/light24.lt\\\/lv\\\/product-category\\\/valisvalgustid\\\/postvalgustid\\\/\",\"nextItem\":{\"@type\":\"ListItem\",\"@id\":\"https:\\\/\\\/light24.lt\\\/lv\\\/toode\\\/valisvalgustid\\\/postvalgustid\\\/valisvalgusti-mauren\\\/#listItem\",\"name\":\"Faro MAUREN E27 IP44\"},\"previousItem\":{\"@type\":\"ListItem\",\"@id\":\"https:\\\/\\\/light24.lt\\\/lv\\\/product-category\\\/valisvalgustid\\\/#listItem\",\"name\":\"\\u0100ra gaismek\\u013ci\"}},{\"@type\":\"ListItem\",\"@id\":\"https:\\\/\\\/light24.lt\\\/lv\\\/toode\\\/valisvalgustid\\\/postvalgustid\\\/valisvalgusti-mauren\\\/#listItem\",\"position\":5,\"name\":\"Faro MAUREN E27 IP44\",\"previousItem\":{\"@type\":\"ListItem\",\"@id\":\"https:\\\/\\\/light24.lt\\\/lv\\\/product-category\\\/valisvalgustid\\\/postvalgustid\\\/#listItem\",\"name\":\"P\\u0101\\u013cu gaismek\\u013ci\"}}]},{\"@type\":\"Organization\",\"@id\":\"https:\\\/\\\/light24.lt\\\/lv\\\/#organization\",\"name\":\"Light24\",\"description\":\"Apgaismojums | E-veikals\",\"url\":\"https:\\\/\\\/light24.lt\\\/lv\\\/\",\"telephone\":\"+3725184133\",\"logo\":{\"@type\":\"ImageObject\",\"url\":\"https:\\\/\\\/www.light24.ee\\\/wp-content\\\/uploads\\\/2022\\\/03\\\/Shape-2-3.svg\",\"@id\":\"https:\\\/\\\/light24.lt\\\/lv\\\/toode\\\/valisvalgustid\\\/postvalgustid\\\/valisvalgusti-mauren\\\/#organizationLogo\"},\"image\":{\"@id\":\"https:\\\/\\\/light24.lt\\\/lv\\\/toode\\\/valisvalgustid\\\/postvalgustid\\\/valisvalgusti-mauren\\\/#organizationLogo\"},\"sameAs\":[\"https:\\\/\\\/www.facebook.com\\\/light24.ee\",\"https:\\\/\\\/www.instagram.com\\\/light24official\\\/\"]},{\"@type\":\"Product\",\"@id\":\"https:\\\/\\\/light24.lt\\\/lv\\\/toode\\\/valisvalgustid\\\/postvalgustid\\\/valisvalgusti-mauren\\\/#wooCommerceProduct\",\"name\":\"Faro MAUREN E27 IP44\",\"url\":\"https:\\\/\\\/light24.lt\\\/lv\\\/toode\\\/valisvalgustid\\\/postvalgustid\\\/valisvalgusti-mauren\\\/\",\"sku\":\"FAR11780\",\"image\":{\"@type\":\"ImageObject\",\"url\":\"https:\\\/\\\/light24.lt\\\/wp-content\\\/uploads\\\/2020\\\/12\\\/mauren2.jpg\",\"@id\":\"https:\\\/\\\/light24.lt\\\/lv\\\/toode\\\/valisvalgustid\\\/postvalgustid\\\/valisvalgusti-mauren\\\/#productImage\",\"width\":750,\"height\":750},\"offers\":{\"@type\":\"Offer\",\"url\":\"https:\\\/\\\/light24.lt\\\/lv\\\/toode\\\/valisvalgustid\\\/postvalgustid\\\/valisvalgusti-mauren\\\/#wooCommerceOffer\",\"price\":121.44,\"priceCurrency\":\"EUR\",\"category\":\"\\u0100ra gaismek\\u013ci\",\"availability\":\"https:\\\/\\\/schema.org\\\/InStock\",\"priceSpecification\":{\"@type\":\"PriceSpecification\",\"price\":121.44,\"priceCurrency\":\"EUR\",\"valueAddedTaxIncluded\":\"true\"},\"seller\":{\"@type\":\"Organization\",\"@id\":\"https:\\\/\\\/light24.lt\\\/lv\\\/#organization\"}}},{\"@type\":\"WebPage\",\"@id\":\"https:\\\/\\\/light24.lt\\\/lv\\\/toode\\\/valisvalgustid\\\/postvalgustid\\\/valisvalgusti-mauren\\\/#webpage\",\"url\":\"https:\\\/\\\/light24.lt\\\/lv\\\/toode\\\/valisvalgustid\\\/postvalgustid\\\/valisvalgusti-mauren\\\/\",\"name\":\"Faro MAUREN E27 IP44 \\u2022 Light24\",\"inLanguage\":\"lv\",\"isPartOf\":{\"@id\":\"https:\\\/\\\/light24.lt\\\/lv\\\/#website\"},\"breadcrumb\":{\"@id\":\"https:\\\/\\\/light24.lt\\\/lv\\\/toode\\\/valisvalgustid\\\/postvalgustid\\\/valisvalgusti-mauren\\\/#breadcrumblist\"},\"image\":{\"@type\":\"ImageObject\",\"url\":\"https:\\\/\\\/light24.lt\\\/wp-content\\\/uploads\\\/2020\\\/12\\\/mauren2.jpg\",\"@id\":\"https:\\\/\\\/light24.lt\\\/lv\\\/toode\\\/valisvalgustid\\\/postvalgustid\\\/valisvalgusti-mauren\\\/#mainImage\",\"width\":750,\"height\":750},\"primaryImageOfPage\":{\"@id\":\"https:\\\/\\\/light24.lt\\\/lv\\\/toode\\\/valisvalgustid\\\/postvalgustid\\\/valisvalgusti-mauren\\\/#mainImage\"},\"datePublished\":\"2024-12-27T11:20:31+02:00\",\"dateModified\":\"2025-04-28T20:52:53+03:00\"},{\"@type\":\"WebSite\",\"@id\":\"https:\\\/\\\/light24.lt\\\/lv\\\/#website\",\"url\":\"https:\\\/\\\/light24.lt\\\/lv\\\/\",\"name\":\"Light24\",\"description\":\"Apgaismojums | E-veikals\",\"inLanguage\":\"lv\",\"publisher\":{\"@id\":\"https:\\\/\\\/light24.lt\\\/lv\\\/#organization\"}}]}\n\t\t<\/script>\n\t\t<!-- All in One SEO Pro -->\r\n\t\t<title>Faro MAUREN E27 IP44 \u2022 Light24<\/title>\n\n","aioseo_head_json":{"title":"Faro MAUREN E27 IP44 \u2022 Light24","description":"","canonical_url":"https:\/\/light24.lt\/lv\/toode\/valisvalgustid\/postvalgustid\/valisvalgusti-mauren\/","robots":"max-image-preview:large","keywords":"","webmasterTools":{"google-site-verification":"nxgDPK3Ouk6bwvuxlwlzeMOKszmf-8m57RDu5zAgN-Y","miscellaneous":""},"schema":{"@context":"https:\/\/schema.org","@graph":[{"@type":"BreadcrumbList","@id":"https:\/\/light24.lt\/lv\/toode\/valisvalgustid\/postvalgustid\/valisvalgusti-mauren\/#breadcrumblist","itemListElement":[{"@type":"ListItem","@id":"https:\/\/light24.lt\/lv#listItem","position":1,"name":"Home","item":"https:\/\/light24.lt\/lv","nextItem":{"@type":"ListItem","@id":"https:\/\/light24.lt\/lv\/shop\/#listItem","name":"E-veikals"}},{"@type":"ListItem","@id":"https:\/\/light24.lt\/lv\/shop\/#listItem","position":2,"name":"E-veikals","item":"https:\/\/light24.lt\/lv\/shop\/","nextItem":{"@type":"ListItem","@id":"https:\/\/light24.lt\/lv\/product-category\/valisvalgustid\/#listItem","name":"\u0100ra gaismek\u013ci"},"previousItem":{"@type":"ListItem","@id":"https:\/\/light24.lt\/lv#listItem","name":"Home"}},{"@type":"ListItem","@id":"https:\/\/light24.lt\/lv\/product-category\/valisvalgustid\/#listItem","position":3,"name":"\u0100ra gaismek\u013ci","item":"https:\/\/light24.lt\/lv\/product-category\/valisvalgustid\/","nextItem":{"@type":"ListItem","@id":"https:\/\/light24.lt\/lv\/product-category\/valisvalgustid\/postvalgustid\/#listItem","name":"P\u0101\u013cu gaismek\u013ci"},"previousItem":{"@type":"ListItem","@id":"https:\/\/light24.lt\/lv\/shop\/#listItem","name":"E-veikals"}},{"@type":"ListItem","@id":"https:\/\/light24.lt\/lv\/product-category\/valisvalgustid\/postvalgustid\/#listItem","position":4,"name":"P\u0101\u013cu gaismek\u013ci","item":"https:\/\/light24.lt\/lv\/product-category\/valisvalgustid\/postvalgustid\/","nextItem":{"@type":"ListItem","@id":"https:\/\/light24.lt\/lv\/toode\/valisvalgustid\/postvalgustid\/valisvalgusti-mauren\/#listItem","name":"Faro MAUREN E27 IP44"},"previousItem":{"@type":"ListItem","@id":"https:\/\/light24.lt\/lv\/product-category\/valisvalgustid\/#listItem","name":"\u0100ra gaismek\u013ci"}},{"@type":"ListItem","@id":"https:\/\/light24.lt\/lv\/toode\/valisvalgustid\/postvalgustid\/valisvalgusti-mauren\/#listItem","position":5,"name":"Faro MAUREN E27 IP44","previousItem":{"@type":"ListItem","@id":"https:\/\/light24.lt\/lv\/product-category\/valisvalgustid\/postvalgustid\/#listItem","name":"P\u0101\u013cu gaismek\u013ci"}}]},{"@type":"Organization","@id":"https:\/\/light24.lt\/lv\/#organization","name":"Light24","description":"Apgaismojums | E-veikals","url":"https:\/\/light24.lt\/lv\/","telephone":"+3725184133","logo":{"@type":"ImageObject","url":"https:\/\/www.light24.ee\/wp-content\/uploads\/2022\/03\/Shape-2-3.svg","@id":"https:\/\/light24.lt\/lv\/toode\/valisvalgustid\/postvalgustid\/valisvalgusti-mauren\/#organizationLogo"},"image":{"@id":"https:\/\/light24.lt\/lv\/toode\/valisvalgustid\/postvalgustid\/valisvalgusti-mauren\/#organizationLogo"},"sameAs":["https:\/\/www.facebook.com\/light24.ee","https:\/\/www.instagram.com\/light24official\/"]},{"@type":"Product","@id":"https:\/\/light24.lt\/lv\/toode\/valisvalgustid\/postvalgustid\/valisvalgusti-mauren\/#wooCommerceProduct","name":"Faro MAUREN E27 IP44","url":"https:\/\/light24.lt\/lv\/toode\/valisvalgustid\/postvalgustid\/valisvalgusti-mauren\/","sku":"FAR11780","image":{"@type":"ImageObject","url":"https:\/\/light24.lt\/wp-content\/uploads\/2020\/12\/mauren2.jpg","@id":"https:\/\/light24.lt\/lv\/toode\/valisvalgustid\/postvalgustid\/valisvalgusti-mauren\/#productImage","width":750,"height":750},"offers":{"@type":"Offer","url":"https:\/\/light24.lt\/lv\/toode\/valisvalgustid\/postvalgustid\/valisvalgusti-mauren\/#wooCommerceOffer","price":121.44,"priceCurrency":"EUR","category":"\u0100ra gaismek\u013ci","availability":"https:\/\/schema.org\/InStock","priceSpecification":{"@type":"PriceSpecification","price":121.44,"priceCurrency":"EUR","valueAddedTaxIncluded":"true"},"seller":{"@type":"Organization","@id":"https:\/\/light24.lt\/lv\/#organization"}}},{"@type":"WebPage","@id":"https:\/\/light24.lt\/lv\/toode\/valisvalgustid\/postvalgustid\/valisvalgusti-mauren\/#webpage","url":"https:\/\/light24.lt\/lv\/toode\/valisvalgustid\/postvalgustid\/valisvalgusti-mauren\/","name":"Faro MAUREN E27 IP44 \u2022 Light24","inLanguage":"lv","isPartOf":{"@id":"https:\/\/light24.lt\/lv\/#website"},"breadcrumb":{"@id":"https:\/\/light24.lt\/lv\/toode\/valisvalgustid\/postvalgustid\/valisvalgusti-mauren\/#breadcrumblist"},"image":{"@type":"ImageObject","url":"https:\/\/light24.lt\/wp-content\/uploads\/2020\/12\/mauren2.jpg","@id":"https:\/\/light24.lt\/lv\/toode\/valisvalgustid\/postvalgustid\/valisvalgusti-mauren\/#mainImage","width":750,"height":750},"primaryImageOfPage":{"@id":"https:\/\/light24.lt\/lv\/toode\/valisvalgustid\/postvalgustid\/valisvalgusti-mauren\/#mainImage"},"datePublished":"2024-12-27T11:20:31+02:00","dateModified":"2025-04-28T20:52:53+03:00"},{"@type":"WebSite","@id":"https:\/\/light24.lt\/lv\/#website","url":"https:\/\/light24.lt\/lv\/","name":"Light24","description":"Apgaismojums | E-veikals","inLanguage":"lv","publisher":{"@id":"https:\/\/light24.lt\/lv\/#organization"}}]},"og:locale":"lv_LV","og:site_name":"Light24 \u2022 Apgaismojums | E-veikals","og:type":"article","og:title":"Faro MAUREN E27 IP44 \u2022 Light24","og:url":"https:\/\/light24.lt\/lv\/toode\/valisvalgustid\/postvalgustid\/valisvalgusti-mauren\/","og:image":"https:\/\/light24.lt\/wp-content\/uploads\/2020\/12\/mauren2.jpg","og:image:secure_url":"https:\/\/light24.lt\/wp-content\/uploads\/2020\/12\/mauren2.jpg","og:image:width":750,"og:image:height":750,"article:published_time":"2024-12-27T09:20:31+00:00","article:modified_time":"2025-04-28T17:52:53+00:00","article:publisher":"https:\/\/www.facebook.com\/light24.ee","twitter:card":"summary","twitter:title":"Faro MAUREN E27 IP44 \u2022 Light24","twitter:image":"https:\/\/light24.lt\/wp-content\/uploads\/2020\/12\/mauren2.jpg"},"aioseo_meta_data":{"post_id":"75313","title":null,"description":null,"keywords":null,"keyphrases":{"focus":{"keyphrase":"","score":0,"analysis":{"keyphraseInTitle":{"score":0,"maxScore":9,"error":1}}},"additional":[]},"primary_term":null,"canonical_url":null,"og_title":null,"og_description":null,"og_object_type":"default","og_image_type":"default","og_image_url":null,"og_image_width":null,"og_image_height":null,"og_image_custom_url":null,"og_image_custom_fields":null,"og_video":"","og_custom_url":null,"og_article_section":null,"og_article_tags":null,"twitter_use_og":false,"twitter_card":"default","twitter_image_type":"default","twitter_image_url":null,"twitter_image_custom_url":null,"twitter_image_custom_fields":null,"twitter_title":null,"twitter_description":null,"schema":{"blockGraphs":[],"customGraphs":[],"default":{"data":{"Article":[],"Course":[],"Dataset":[],"FAQPage":[],"Movie":[],"Person":[],"Product":[],"ProductReview":[],"Car":[],"Recipe":[],"Service":[],"SoftwareApplication":[],"WebPage":[]},"graphName":"Product","isEnabled":true},"graphs":[]},"schema_type":"default","schema_type_options":null,"pillar_content":false,"robots_default":true,"robots_noindex":false,"robots_noarchive":false,"robots_nosnippet":false,"robots_nofollow":false,"robots_noimageindex":false,"robots_noodp":false,"robots_notranslate":false,"robots_max_snippet":"-1","robots_max_videopreview":"-1","robots_max_imagepreview":"large","priority":null,"frequency":"default","local_seo":null,"seo_analyzer_scan_date":"2025-10-27 14:16:18","breadcrumb_settings":null,"limit_modified_date":false,"reviewed_by":null,"open_ai":"{\"title\":{\"suggestions\":[],\"usage\":0},\"description\":{\"suggestions\":[],\"usage\":0}}","ai":null,"created":"2022-02-17 16:06:48","updated":"2025-10-27 14:16:18"},"aioseo_breadcrumb":"<div class=\"aioseo-breadcrumbs\"><span class=\"aioseo-breadcrumb\">\n\t<a href=\"https:\/\/light24.lt\/lv\" title=\"Home\">Home<\/a>\n<\/span><span class=\"aioseo-breadcrumb-separator\">&raquo;<\/span><span class=\"aioseo-breadcrumb\">\n\t<a href=\"https:\/\/light24.lt\/lv\/shop\/\" title=\"E-veikals\">E-veikals<\/a>\n<\/span><span class=\"aioseo-breadcrumb-separator\">&raquo;<\/span><span class=\"aioseo-breadcrumb\">\n\t<a href=\"https:\/\/light24.lt\/lv\/product-category\/valisvalgustid\/\" title=\"\u0100ra gaismek\u013ci\">\u0100ra gaismek\u013ci<\/a>\n<\/span><span class=\"aioseo-breadcrumb-separator\">&raquo;<\/span><span class=\"aioseo-breadcrumb\">\n\t<a href=\"https:\/\/light24.lt\/lv\/product-category\/valisvalgustid\/postvalgustid\/\" title=\"P\u0101\u013cu gaismek\u013ci\">P\u0101\u013cu gaismek\u013ci<\/a>\n<\/span><span class=\"aioseo-breadcrumb-separator\">&raquo;<\/span><span class=\"aioseo-breadcrumb\">\n\tFaro MAUREN E27 IP44\n<\/span><\/div>","aioseo_breadcrumb_json":[{"label":"Home","link":"https:\/\/light24.lt\/lv"},{"label":"E-veikals","link":"https:\/\/light24.lt\/lv\/shop\/"},{"label":"\u0100ra gaismek\u013ci","link":"https:\/\/light24.lt\/lv\/product-category\/valisvalgustid\/"},{"label":"P\u0101\u013cu gaismek\u013ci","link":"https:\/\/light24.lt\/lv\/product-category\/valisvalgustid\/postvalgustid\/"},{"label":"Faro MAUREN E27 IP44","link":"https:\/\/light24.lt\/lv\/toode\/valisvalgustid\/postvalgustid\/valisvalgusti-mauren\/"}],"_links":{"self":[{"href":"https:\/\/light24.lt\/lv\/wp-json\/wp\/v2\/product\/75313","targetHints":{"allow":["GET"]}}],"collection":[{"href":"https:\/\/light24.lt\/lv\/wp-json\/wp\/v2\/product"}],"about":[{"href":"https:\/\/light24.lt\/lv\/wp-json\/wp\/v2\/types\/product"}],"replies":[{"embeddable":true,"href":"https:\/\/light24.lt\/lv\/wp-json\/wp\/v2\/comments?post=75313"}],"wp:featuredmedia":[{"embeddable":true,"href":"https:\/\/light24.lt\/lv\/wp-json\/wp\/v2\/media\/75316"}],"wp:attachment":[{"href":"https:\/\/light24.lt\/lv\/wp-json\/wp\/v2\/media?parent=75313"}],"wp:term":[{"taxonomy":"product_cat","embeddable":true,"href":"https:\/\/light24.lt\/lv\/wp-json\/wp\/v2\/product_cat?post=75313"},{"taxonomy":"product_tag","embeddable":true,"href":"https:\/\/light24.lt\/lv\/wp-json\/wp\/v2\/product_tag?post=75313"}],"curies":[{"name":"wp","href":"https:\/\/api.w.org\/{rel}","templated":true}]}}