{"id":43000,"date":"2018-01-16T19:05:32","date_gmt":"2018-01-16T17:05:32","guid":{"rendered":"http:\/\/www.light24.ee\/?post_type=product&#038;p=43000"},"modified":"2025-01-14T15:13:27","modified_gmt":"2025-01-14T13:13:27","slug":"kini","status":"publish","type":"product","link":"https:\/\/light24.lt\/lv\/toode\/valisvalgustid\/valis-suvisvalgustid\/kini\/","title":{"rendered":"Slv KINI LED 12W 3000K"},"content":{"rendered":"<p><a href=\"https:\/\/www.light24.ee\/wp-content\/uploads\/2013\/10\/SLV-logo-II.jpg\"><img decoding=\"async\" class=\"alignnone size-full wp-image-34099\" src=\"https:\/\/www.light24.ee\/wp-content\/uploads\/2013\/10\/SLV-logo-II.jpg\" alt=\"\" width=\"183\" height=\"113\" \/><\/a><\/p>","protected":false},"excerpt":{"rendered":"","protected":false},"featured_media":68501,"comment_status":"closed","ping_status":"closed","template":"","meta":{"_acf_changed":false},"product_cat":[2902,2019,2903,2921],"product_tag":[521],"class_list":{"0":"post-43000","1":"product","2":"type-product","3":"status-publish","4":"has-post-thumbnail","6":"product_cat-vannitoa_valgustid","7":"product_cat-suvisvalgustid-niiskete-ruumide-valgustid","8":"product_cat-valisvalgustid","9":"product_cat-valis-suvisvalgustid","10":"product_tag-slv","11":"product_shipping_class-small","12":"pa_ip-kaitseklass-1819","13":"pa_materjal-alumiinium","14":"pa_ruumid-vannituba","15":"pa_ruumid-majapidamisruum","16":"pa_ruumid-oueala","17":"pa_ruumid-terrass","18":"pa_ruumid-fassaad","19":"pa_tarneaeg-7-paeva","20":"pa_varv-valge","22":"first","23":"instock","24":"sale","25":"taxable","26":"shipping-taxable","27":"purchasable","28":"product-type-simple"},"acf":[],"aioseo_notices":[],"aioseo_head":"\n\t\t<!-- All in One SEO Pro 4.9.6.1 - aioseo.com -->\n\t<meta name=\"robots\" content=\"max-image-preview:large\" \/>\n\t<meta name=\"google-site-verification\" content=\"nxgDPK3Ouk6bwvuxlwlzeMOKszmf-8m57RDu5zAgN-Y\" \/>\n\t<link rel=\"canonical\" href=\"https:\/\/light24.lt\/lv\/toode\/valisvalgustid\/valis-suvisvalgustid\/kini\/\" \/>\n\t<meta name=\"generator\" content=\"All in One SEO Pro (AIOSEO) 4.9.6.1\" \/>\n\t\t<meta property=\"og:locale\" content=\"lv_LV\" \/>\n\t\t<meta property=\"og:site_name\" content=\"Light24 \u2022 Apgaismojums | E-veikals\" \/>\n\t\t<meta property=\"og:type\" content=\"article\" \/>\n\t\t<meta property=\"og:title\" content=\"Slv KINI LED 12W 3000K \u2022 Light24\" \/>\n\t\t<meta property=\"og:url\" content=\"https:\/\/light24.lt\/lv\/toode\/valisvalgustid\/valis-suvisvalgustid\/kini\/\" \/>\n\t\t<meta property=\"og:image\" content=\"https:\/\/light24.lt\/wp-content\/uploads\/2018\/01\/kini.jpg\" \/>\n\t\t<meta property=\"og:image:secure_url\" content=\"https:\/\/light24.lt\/wp-content\/uploads\/2018\/01\/kini.jpg\" \/>\n\t\t<meta property=\"og:image:width\" content=\"750\" \/>\n\t\t<meta property=\"og:image:height\" content=\"750\" \/>\n\t\t<meta property=\"article:published_time\" content=\"2018-01-16T17:05:32+00:00\" \/>\n\t\t<meta property=\"article:modified_time\" content=\"2025-01-14T13:13:27+00:00\" \/>\n\t\t<meta property=\"article:publisher\" content=\"https:\/\/www.facebook.com\/light24.ee\" \/>\n\t\t<meta name=\"twitter:card\" content=\"summary\" \/>\n\t\t<meta name=\"twitter:title\" content=\"Slv KINI LED 12W 3000K \u2022 Light24\" \/>\n\t\t<meta name=\"twitter:image\" content=\"https:\/\/light24.lt\/wp-content\/uploads\/2018\/01\/kini.jpg\" \/>\n\t\t<script type=\"application\/ld+json\" class=\"aioseo-schema\">\n\t\t\t{\"@context\":\"https:\\\/\\\/schema.org\",\"@graph\":[{\"@type\":\"BreadcrumbList\",\"@id\":\"https:\\\/\\\/light24.lt\\\/lv\\\/toode\\\/valisvalgustid\\\/valis-suvisvalgustid\\\/kini\\\/#breadcrumblist\",\"itemListElement\":[{\"@type\":\"ListItem\",\"@id\":\"https:\\\/\\\/light24.lt\\\/lv#listItem\",\"position\":1,\"name\":\"Home\",\"item\":\"https:\\\/\\\/light24.lt\\\/lv\",\"nextItem\":{\"@type\":\"ListItem\",\"@id\":\"https:\\\/\\\/light24.lt\\\/lv\\\/shop\\\/#listItem\",\"name\":\"E-veikals\"}},{\"@type\":\"ListItem\",\"@id\":\"https:\\\/\\\/light24.lt\\\/lv\\\/shop\\\/#listItem\",\"position\":2,\"name\":\"E-veikals\",\"item\":\"https:\\\/\\\/light24.lt\\\/lv\\\/shop\\\/\",\"nextItem\":{\"@type\":\"ListItem\",\"@id\":\"https:\\\/\\\/light24.lt\\\/lv\\\/product-category\\\/vannitoa_valgustid\\\/#listItem\",\"name\":\"Vannas istabas gaismek\\u013ci\"},\"previousItem\":{\"@type\":\"ListItem\",\"@id\":\"https:\\\/\\\/light24.lt\\\/lv#listItem\",\"name\":\"Home\"}},{\"@type\":\"ListItem\",\"@id\":\"https:\\\/\\\/light24.lt\\\/lv\\\/product-category\\\/vannitoa_valgustid\\\/#listItem\",\"position\":3,\"name\":\"Vannas istabas gaismek\\u013ci\",\"item\":\"https:\\\/\\\/light24.lt\\\/lv\\\/product-category\\\/vannitoa_valgustid\\\/\",\"nextItem\":{\"@type\":\"ListItem\",\"@id\":\"https:\\\/\\\/light24.lt\\\/lv\\\/product-category\\\/vannitoa_valgustid\\\/suvisvalgustid-niiskete-ruumide-valgustid\\\/#listItem\",\"name\":\"Vannas padzi\\u013cin\\u0101jum\\u0101 gaismek\\u013ci\"},\"previousItem\":{\"@type\":\"ListItem\",\"@id\":\"https:\\\/\\\/light24.lt\\\/lv\\\/shop\\\/#listItem\",\"name\":\"E-veikals\"}},{\"@type\":\"ListItem\",\"@id\":\"https:\\\/\\\/light24.lt\\\/lv\\\/product-category\\\/vannitoa_valgustid\\\/suvisvalgustid-niiskete-ruumide-valgustid\\\/#listItem\",\"position\":4,\"name\":\"Vannas padzi\\u013cin\\u0101jum\\u0101 gaismek\\u013ci\",\"item\":\"https:\\\/\\\/light24.lt\\\/lv\\\/product-category\\\/vannitoa_valgustid\\\/suvisvalgustid-niiskete-ruumide-valgustid\\\/\",\"nextItem\":{\"@type\":\"ListItem\",\"@id\":\"https:\\\/\\\/light24.lt\\\/lv\\\/toode\\\/valisvalgustid\\\/valis-suvisvalgustid\\\/kini\\\/#listItem\",\"name\":\"Slv KINI LED 12W 3000K\"},\"previousItem\":{\"@type\":\"ListItem\",\"@id\":\"https:\\\/\\\/light24.lt\\\/lv\\\/product-category\\\/vannitoa_valgustid\\\/#listItem\",\"name\":\"Vannas istabas gaismek\\u013ci\"}},{\"@type\":\"ListItem\",\"@id\":\"https:\\\/\\\/light24.lt\\\/lv\\\/toode\\\/valisvalgustid\\\/valis-suvisvalgustid\\\/kini\\\/#listItem\",\"position\":5,\"name\":\"Slv KINI LED 12W 3000K\",\"previousItem\":{\"@type\":\"ListItem\",\"@id\":\"https:\\\/\\\/light24.lt\\\/lv\\\/product-category\\\/vannitoa_valgustid\\\/suvisvalgustid-niiskete-ruumide-valgustid\\\/#listItem\",\"name\":\"Vannas padzi\\u013cin\\u0101jum\\u0101 gaismek\\u013ci\"}}]},{\"@type\":\"Organization\",\"@id\":\"https:\\\/\\\/light24.lt\\\/lv\\\/#organization\",\"name\":\"Light24\",\"description\":\"Apgaismojums | E-veikals\",\"url\":\"https:\\\/\\\/light24.lt\\\/lv\\\/\",\"telephone\":\"+3725184133\",\"logo\":{\"@type\":\"ImageObject\",\"url\":\"https:\\\/\\\/www.light24.ee\\\/wp-content\\\/uploads\\\/2022\\\/03\\\/Shape-2-3.svg\",\"@id\":\"https:\\\/\\\/light24.lt\\\/lv\\\/toode\\\/valisvalgustid\\\/valis-suvisvalgustid\\\/kini\\\/#organizationLogo\"},\"image\":{\"@id\":\"https:\\\/\\\/light24.lt\\\/lv\\\/toode\\\/valisvalgustid\\\/valis-suvisvalgustid\\\/kini\\\/#organizationLogo\"},\"sameAs\":[\"https:\\\/\\\/www.facebook.com\\\/light24.ee\",\"https:\\\/\\\/www.instagram.com\\\/light24official\\\/\"]},{\"@type\":\"Product\",\"@id\":\"https:\\\/\\\/light24.lt\\\/lv\\\/toode\\\/valisvalgustid\\\/valis-suvisvalgustid\\\/kini\\\/#wooCommerceProduct\",\"name\":\"Slv KINI LED 12W 3000K\",\"url\":\"https:\\\/\\\/light24.lt\\\/lv\\\/toode\\\/valisvalgustid\\\/valis-suvisvalgustid\\\/kini\\\/\",\"sku\":\"SLV21139\",\"image\":{\"@type\":\"ImageObject\",\"url\":\"https:\\\/\\\/light24.lt\\\/wp-content\\\/uploads\\\/2018\\\/01\\\/kini.jpg\",\"@id\":\"https:\\\/\\\/light24.lt\\\/lv\\\/toode\\\/valisvalgustid\\\/valis-suvisvalgustid\\\/kini\\\/#productImage\",\"width\":750,\"height\":750},\"offers\":{\"@type\":\"Offer\",\"url\":\"https:\\\/\\\/light24.lt\\\/lv\\\/toode\\\/valisvalgustid\\\/valis-suvisvalgustid\\\/kini\\\/#wooCommerceOffer\",\"price\":94.76,\"priceCurrency\":\"EUR\",\"category\":\"Vannas istabas gaismek\\u013ci\",\"availability\":\"https:\\\/\\\/schema.org\\\/InStock\",\"priceSpecification\":{\"@type\":\"PriceSpecification\",\"price\":94.76,\"priceCurrency\":\"EUR\",\"valueAddedTaxIncluded\":\"true\"},\"seller\":{\"@type\":\"Organization\",\"@id\":\"https:\\\/\\\/light24.lt\\\/lv\\\/#organization\"}}},{\"@type\":\"WebPage\",\"@id\":\"https:\\\/\\\/light24.lt\\\/lv\\\/toode\\\/valisvalgustid\\\/valis-suvisvalgustid\\\/kini\\\/#webpage\",\"url\":\"https:\\\/\\\/light24.lt\\\/lv\\\/toode\\\/valisvalgustid\\\/valis-suvisvalgustid\\\/kini\\\/\",\"name\":\"Slv KINI LED 12W 3000K \\u2022 Light24\",\"inLanguage\":\"lv\",\"isPartOf\":{\"@id\":\"https:\\\/\\\/light24.lt\\\/lv\\\/#website\"},\"breadcrumb\":{\"@id\":\"https:\\\/\\\/light24.lt\\\/lv\\\/toode\\\/valisvalgustid\\\/valis-suvisvalgustid\\\/kini\\\/#breadcrumblist\"},\"image\":{\"@type\":\"ImageObject\",\"url\":\"https:\\\/\\\/light24.lt\\\/wp-content\\\/uploads\\\/2018\\\/01\\\/kini.jpg\",\"@id\":\"https:\\\/\\\/light24.lt\\\/lv\\\/toode\\\/valisvalgustid\\\/valis-suvisvalgustid\\\/kini\\\/#mainImage\",\"width\":750,\"height\":750},\"primaryImageOfPage\":{\"@id\":\"https:\\\/\\\/light24.lt\\\/lv\\\/toode\\\/valisvalgustid\\\/valis-suvisvalgustid\\\/kini\\\/#mainImage\"},\"datePublished\":\"2018-01-16T19:05:32+02:00\",\"dateModified\":\"2025-01-14T15:13:27+02:00\"},{\"@type\":\"WebSite\",\"@id\":\"https:\\\/\\\/light24.lt\\\/lv\\\/#website\",\"url\":\"https:\\\/\\\/light24.lt\\\/lv\\\/\",\"name\":\"Light24\",\"description\":\"Apgaismojums | E-veikals\",\"inLanguage\":\"lv\",\"publisher\":{\"@id\":\"https:\\\/\\\/light24.lt\\\/lv\\\/#organization\"}}]}\n\t\t<\/script>\n\t\t<!-- All in One SEO Pro -->\r\n\t\t<title>Slv KINI LED 12W 3000K \u2022 Light24<\/title>\n\n","aioseo_head_json":{"title":"Slv KINI LED 12W 3000K \u2022 Light24","description":"","canonical_url":"https:\/\/light24.lt\/lv\/toode\/valisvalgustid\/valis-suvisvalgustid\/kini\/","robots":"max-image-preview:large","keywords":"","webmasterTools":{"google-site-verification":"nxgDPK3Ouk6bwvuxlwlzeMOKszmf-8m57RDu5zAgN-Y","miscellaneous":""},"schema":{"@context":"https:\/\/schema.org","@graph":[{"@type":"BreadcrumbList","@id":"https:\/\/light24.lt\/lv\/toode\/valisvalgustid\/valis-suvisvalgustid\/kini\/#breadcrumblist","itemListElement":[{"@type":"ListItem","@id":"https:\/\/light24.lt\/lv#listItem","position":1,"name":"Home","item":"https:\/\/light24.lt\/lv","nextItem":{"@type":"ListItem","@id":"https:\/\/light24.lt\/lv\/shop\/#listItem","name":"E-veikals"}},{"@type":"ListItem","@id":"https:\/\/light24.lt\/lv\/shop\/#listItem","position":2,"name":"E-veikals","item":"https:\/\/light24.lt\/lv\/shop\/","nextItem":{"@type":"ListItem","@id":"https:\/\/light24.lt\/lv\/product-category\/vannitoa_valgustid\/#listItem","name":"Vannas istabas gaismek\u013ci"},"previousItem":{"@type":"ListItem","@id":"https:\/\/light24.lt\/lv#listItem","name":"Home"}},{"@type":"ListItem","@id":"https:\/\/light24.lt\/lv\/product-category\/vannitoa_valgustid\/#listItem","position":3,"name":"Vannas istabas gaismek\u013ci","item":"https:\/\/light24.lt\/lv\/product-category\/vannitoa_valgustid\/","nextItem":{"@type":"ListItem","@id":"https:\/\/light24.lt\/lv\/product-category\/vannitoa_valgustid\/suvisvalgustid-niiskete-ruumide-valgustid\/#listItem","name":"Vannas padzi\u013cin\u0101jum\u0101 gaismek\u013ci"},"previousItem":{"@type":"ListItem","@id":"https:\/\/light24.lt\/lv\/shop\/#listItem","name":"E-veikals"}},{"@type":"ListItem","@id":"https:\/\/light24.lt\/lv\/product-category\/vannitoa_valgustid\/suvisvalgustid-niiskete-ruumide-valgustid\/#listItem","position":4,"name":"Vannas padzi\u013cin\u0101jum\u0101 gaismek\u013ci","item":"https:\/\/light24.lt\/lv\/product-category\/vannitoa_valgustid\/suvisvalgustid-niiskete-ruumide-valgustid\/","nextItem":{"@type":"ListItem","@id":"https:\/\/light24.lt\/lv\/toode\/valisvalgustid\/valis-suvisvalgustid\/kini\/#listItem","name":"Slv KINI LED 12W 3000K"},"previousItem":{"@type":"ListItem","@id":"https:\/\/light24.lt\/lv\/product-category\/vannitoa_valgustid\/#listItem","name":"Vannas istabas gaismek\u013ci"}},{"@type":"ListItem","@id":"https:\/\/light24.lt\/lv\/toode\/valisvalgustid\/valis-suvisvalgustid\/kini\/#listItem","position":5,"name":"Slv KINI LED 12W 3000K","previousItem":{"@type":"ListItem","@id":"https:\/\/light24.lt\/lv\/product-category\/vannitoa_valgustid\/suvisvalgustid-niiskete-ruumide-valgustid\/#listItem","name":"Vannas padzi\u013cin\u0101jum\u0101 gaismek\u013ci"}}]},{"@type":"Organization","@id":"https:\/\/light24.lt\/lv\/#organization","name":"Light24","description":"Apgaismojums | E-veikals","url":"https:\/\/light24.lt\/lv\/","telephone":"+3725184133","logo":{"@type":"ImageObject","url":"https:\/\/www.light24.ee\/wp-content\/uploads\/2022\/03\/Shape-2-3.svg","@id":"https:\/\/light24.lt\/lv\/toode\/valisvalgustid\/valis-suvisvalgustid\/kini\/#organizationLogo"},"image":{"@id":"https:\/\/light24.lt\/lv\/toode\/valisvalgustid\/valis-suvisvalgustid\/kini\/#organizationLogo"},"sameAs":["https:\/\/www.facebook.com\/light24.ee","https:\/\/www.instagram.com\/light24official\/"]},{"@type":"Product","@id":"https:\/\/light24.lt\/lv\/toode\/valisvalgustid\/valis-suvisvalgustid\/kini\/#wooCommerceProduct","name":"Slv KINI LED 12W 3000K","url":"https:\/\/light24.lt\/lv\/toode\/valisvalgustid\/valis-suvisvalgustid\/kini\/","sku":"SLV21139","image":{"@type":"ImageObject","url":"https:\/\/light24.lt\/wp-content\/uploads\/2018\/01\/kini.jpg","@id":"https:\/\/light24.lt\/lv\/toode\/valisvalgustid\/valis-suvisvalgustid\/kini\/#productImage","width":750,"height":750},"offers":{"@type":"Offer","url":"https:\/\/light24.lt\/lv\/toode\/valisvalgustid\/valis-suvisvalgustid\/kini\/#wooCommerceOffer","price":94.76,"priceCurrency":"EUR","category":"Vannas istabas gaismek\u013ci","availability":"https:\/\/schema.org\/InStock","priceSpecification":{"@type":"PriceSpecification","price":94.76,"priceCurrency":"EUR","valueAddedTaxIncluded":"true"},"seller":{"@type":"Organization","@id":"https:\/\/light24.lt\/lv\/#organization"}}},{"@type":"WebPage","@id":"https:\/\/light24.lt\/lv\/toode\/valisvalgustid\/valis-suvisvalgustid\/kini\/#webpage","url":"https:\/\/light24.lt\/lv\/toode\/valisvalgustid\/valis-suvisvalgustid\/kini\/","name":"Slv KINI LED 12W 3000K \u2022 Light24","inLanguage":"lv","isPartOf":{"@id":"https:\/\/light24.lt\/lv\/#website"},"breadcrumb":{"@id":"https:\/\/light24.lt\/lv\/toode\/valisvalgustid\/valis-suvisvalgustid\/kini\/#breadcrumblist"},"image":{"@type":"ImageObject","url":"https:\/\/light24.lt\/wp-content\/uploads\/2018\/01\/kini.jpg","@id":"https:\/\/light24.lt\/lv\/toode\/valisvalgustid\/valis-suvisvalgustid\/kini\/#mainImage","width":750,"height":750},"primaryImageOfPage":{"@id":"https:\/\/light24.lt\/lv\/toode\/valisvalgustid\/valis-suvisvalgustid\/kini\/#mainImage"},"datePublished":"2018-01-16T19:05:32+02:00","dateModified":"2025-01-14T15:13:27+02:00"},{"@type":"WebSite","@id":"https:\/\/light24.lt\/lv\/#website","url":"https:\/\/light24.lt\/lv\/","name":"Light24","description":"Apgaismojums | E-veikals","inLanguage":"lv","publisher":{"@id":"https:\/\/light24.lt\/lv\/#organization"}}]},"og:locale":"lv_LV","og:site_name":"Light24 \u2022 Apgaismojums | E-veikals","og:type":"article","og:title":"Slv KINI LED 12W 3000K \u2022 Light24","og:url":"https:\/\/light24.lt\/lv\/toode\/valisvalgustid\/valis-suvisvalgustid\/kini\/","og:image":"https:\/\/light24.lt\/wp-content\/uploads\/2018\/01\/kini.jpg","og:image:secure_url":"https:\/\/light24.lt\/wp-content\/uploads\/2018\/01\/kini.jpg","og:image:width":750,"og:image:height":750,"article:published_time":"2018-01-16T17:05:32+00:00","article:modified_time":"2025-01-14T13:13:27+00:00","article:publisher":"https:\/\/www.facebook.com\/light24.ee","twitter:card":"summary","twitter:title":"Slv KINI LED 12W 3000K \u2022 Light24","twitter:image":"https:\/\/light24.lt\/wp-content\/uploads\/2018\/01\/kini.jpg"},"aioseo_meta_data":{"post_id":"43000","title":null,"description":null,"keywords":null,"keyphrases":{"focus":{"keyphrase":"","score":0,"analysis":{"keyphraseInTitle":{"score":0,"maxScore":9,"error":1}}},"additional":[]},"primary_term":null,"canonical_url":null,"og_title":null,"og_description":null,"og_object_type":"default","og_image_type":"default","og_image_url":null,"og_image_width":null,"og_image_height":null,"og_image_custom_url":null,"og_image_custom_fields":null,"og_video":"","og_custom_url":null,"og_article_section":null,"og_article_tags":null,"twitter_use_og":false,"twitter_card":"default","twitter_image_type":"default","twitter_image_url":null,"twitter_image_custom_url":null,"twitter_image_custom_fields":null,"twitter_title":null,"twitter_description":null,"schema":{"blockGraphs":[],"customGraphs":[],"default":{"data":{"Article":[],"Course":[],"Dataset":[],"FAQPage":[],"Movie":[],"Person":[],"Product":[],"ProductReview":[],"Car":[],"Recipe":[],"Service":[],"SoftwareApplication":[],"WebPage":[]},"graphName":"Product","isEnabled":true},"graphs":[],"defaultGraph":"WebPage","defaultPostTypeGraph":""},"schema_type":"default","schema_type_options":"{\"article\":{\"articleType\":\"BlogPosting\"},\"course\":{\"name\":\"\",\"description\":\"\",\"provider\":\"\"},\"faq\":{\"pages\":[]},\"product\":{\"reviews\":[]},\"recipe\":{\"ingredients\":[],\"instructions\":[],\"keywords\":[]},\"software\":{\"reviews\":[],\"operatingSystems\":[]},\"webPage\":{\"webPageType\":\"WebPage\"}}","pillar_content":false,"robots_default":true,"robots_noindex":false,"robots_noarchive":false,"robots_nosnippet":false,"robots_nofollow":false,"robots_noimageindex":false,"robots_noodp":false,"robots_notranslate":false,"robots_max_snippet":"-1","robots_max_videopreview":"-1","robots_max_imagepreview":"large","priority":null,"frequency":"default","local_seo":null,"seo_analyzer_scan_date":"2025-10-26 21:09:31","breadcrumb_settings":null,"limit_modified_date":false,"reviewed_by":null,"open_ai":"{\"title\":{\"suggestions\":[],\"usage\":0},\"description\":{\"suggestions\":[],\"usage\":0}}","ai":null,"created":"2022-02-17 13:32:42","updated":"2025-10-26 21:09:31"},"aioseo_breadcrumb":"<div class=\"aioseo-breadcrumbs\"><span class=\"aioseo-breadcrumb\">\n\t<a href=\"https:\/\/light24.lt\/lv\" title=\"Home\">Home<\/a>\n<\/span><span class=\"aioseo-breadcrumb-separator\">&raquo;<\/span><span class=\"aioseo-breadcrumb\">\n\t<a href=\"https:\/\/light24.lt\/lv\/shop\/\" title=\"E-veikals\">E-veikals<\/a>\n<\/span><span class=\"aioseo-breadcrumb-separator\">&raquo;<\/span><span class=\"aioseo-breadcrumb\">\n\t<a href=\"https:\/\/light24.lt\/lv\/product-category\/vannitoa_valgustid\/\" title=\"Vannas istabas gaismek\u013ci\">Vannas istabas gaismek\u013ci<\/a>\n<\/span><span class=\"aioseo-breadcrumb-separator\">&raquo;<\/span><span class=\"aioseo-breadcrumb\">\n\t<a href=\"https:\/\/light24.lt\/lv\/product-category\/vannitoa_valgustid\/suvisvalgustid-niiskete-ruumide-valgustid\/\" title=\"Vannas padzi\u013cin\u0101jum\u0101 gaismek\u013ci\">Vannas padzi\u013cin\u0101jum\u0101 gaismek\u013ci<\/a>\n<\/span><span class=\"aioseo-breadcrumb-separator\">&raquo;<\/span><span class=\"aioseo-breadcrumb\">\n\tSlv KINI LED 12W 3000K\n<\/span><\/div>","aioseo_breadcrumb_json":[{"label":"Home","link":"https:\/\/light24.lt\/lv"},{"label":"E-veikals","link":"https:\/\/light24.lt\/lv\/shop\/"},{"label":"Vannas istabas gaismek\u013ci","link":"https:\/\/light24.lt\/lv\/product-category\/vannitoa_valgustid\/"},{"label":"Vannas padzi\u013cin\u0101jum\u0101 gaismek\u013ci","link":"https:\/\/light24.lt\/lv\/product-category\/vannitoa_valgustid\/suvisvalgustid-niiskete-ruumide-valgustid\/"},{"label":"Slv KINI LED 12W 3000K","link":"https:\/\/light24.lt\/lv\/toode\/valisvalgustid\/valis-suvisvalgustid\/kini\/"}],"_links":{"self":[{"href":"https:\/\/light24.lt\/lv\/wp-json\/wp\/v2\/product\/43000","targetHints":{"allow":["GET"]}}],"collection":[{"href":"https:\/\/light24.lt\/lv\/wp-json\/wp\/v2\/product"}],"about":[{"href":"https:\/\/light24.lt\/lv\/wp-json\/wp\/v2\/types\/product"}],"replies":[{"embeddable":true,"href":"https:\/\/light24.lt\/lv\/wp-json\/wp\/v2\/comments?post=43000"}],"wp:featuredmedia":[{"embeddable":true,"href":"https:\/\/light24.lt\/lv\/wp-json\/wp\/v2\/media\/68501"}],"wp:attachment":[{"href":"https:\/\/light24.lt\/lv\/wp-json\/wp\/v2\/media?parent=43000"}],"wp:term":[{"taxonomy":"product_cat","embeddable":true,"href":"https:\/\/light24.lt\/lv\/wp-json\/wp\/v2\/product_cat?post=43000"},{"taxonomy":"product_tag","embeddable":true,"href":"https:\/\/light24.lt\/lv\/wp-json\/wp\/v2\/product_tag?post=43000"}],"curies":[{"name":"wp","href":"https:\/\/api.w.org\/{rel}","templated":true}]}}