{"id":39276,"date":"2017-10-22T10:31:18","date_gmt":"2017-10-22T07:31:18","guid":{"rendered":"http:\/\/www.light24.ee\/?post_type=product&#038;p=39276"},"modified":"2025-01-14T11:38:26","modified_gmt":"2025-01-14T09:38:26","slug":"suvisvalgusti-patta-i-ip65-ii","status":"publish","type":"product","link":"https:\/\/light24.lt\/lv\/toode\/valisvalgustid\/valis-suvisvalgustid\/suvisvalgusti-patta-i-ip65-ii\/","title":{"rendered":"Slv PATTA-I LED 9W 3000K DIM"},"content":{"rendered":"<p><a href=\"https:\/\/www.light24.ee\/lv\/brands\/slv\/\" target=\"_blank\" rel=\"noopener noreferrer\"><img decoding=\"async\" class=\"alignnone wp-image-29373 size-full\" src=\"https:\/\/www.light24.ee\/wp-content\/uploads\/2016\/03\/slv-new-logo.png\" alt=\"slv-new-logo\" width=\"210\" height=\"92\" \/><\/a><\/p>","protected":false},"excerpt":{"rendered":"","protected":false},"featured_media":39283,"comment_status":"closed","ping_status":"closed","template":"","meta":{"_acf_changed":false},"product_cat":[2903,2921],"product_tag":[521],"class_list":{"0":"post-39276","1":"product","2":"type-product","3":"status-publish","4":"has-post-thumbnail","6":"product_cat-valisvalgustid","7":"product_cat-valis-suvisvalgustid","8":"product_tag-slv","9":"product_shipping_class-small","10":"pa_ip-kaitseklass-ip-20-65","11":"pa_materjal-alumiinium","12":"pa_materjal-klaas","13":"pa_ruumid-vannituba","14":"pa_ruumid-majapidamisruum","15":"pa_tarneaeg-7-paeva","16":"pa_varv-must","17":"pa_varv-valge","18":"pa_varv-alumiinium","20":"first","21":"instock","22":"sale","23":"taxable","24":"shipping-taxable","25":"purchasable","26":"product-type-variable"},"acf":[],"aioseo_notices":[],"aioseo_head":"\n\t\t<!-- All in One SEO Pro 4.9.5.2 - aioseo.com -->\n\t<meta name=\"description\" content=\"Atvainojiet, \u0161is ieraksts ir pieejams tikai Eesti.\" \/>\n\t<meta name=\"robots\" content=\"max-image-preview:large\" \/>\n\t<meta name=\"google-site-verification\" content=\"nxgDPK3Ouk6bwvuxlwlzeMOKszmf-8m57RDu5zAgN-Y\" \/>\n\t<link rel=\"canonical\" href=\"https:\/\/light24.lt\/lv\/toode\/valisvalgustid\/valis-suvisvalgustid\/suvisvalgusti-patta-i-ip65-ii\/\" \/>\n\t<meta name=\"generator\" content=\"All in One SEO Pro (AIOSEO) 4.9.5.2\" \/>\n\t\t<meta property=\"og:locale\" content=\"lv_LV\" \/>\n\t\t<meta property=\"og:site_name\" content=\"Light24 \u2022 Apgaismojums | E-veikals\" \/>\n\t\t<meta property=\"og:type\" content=\"article\" \/>\n\t\t<meta property=\"og:title\" content=\"Slv PATTA-I LED 9W 3000K DIM \u2022 Light24\" \/>\n\t\t<meta property=\"og:description\" content=\"Atvainojiet, \u0161is ieraksts ir pieejams tikai Eesti.\" \/>\n\t\t<meta property=\"og:url\" content=\"https:\/\/light24.lt\/lv\/toode\/valisvalgustid\/valis-suvisvalgustid\/suvisvalgusti-patta-i-ip65-ii\/\" \/>\n\t\t<meta property=\"og:image\" content=\"https:\/\/light24.lt\/wp-content\/uploads\/2017\/10\/patta10.jpg\" \/>\n\t\t<meta property=\"og:image:secure_url\" content=\"https:\/\/light24.lt\/wp-content\/uploads\/2017\/10\/patta10.jpg\" \/>\n\t\t<meta property=\"og:image:width\" content=\"800\" \/>\n\t\t<meta property=\"og:image:height\" content=\"800\" \/>\n\t\t<meta property=\"article:published_time\" content=\"2017-10-22T07:31:18+00:00\" \/>\n\t\t<meta property=\"article:modified_time\" content=\"2025-01-14T09:38:26+00:00\" \/>\n\t\t<meta property=\"article:publisher\" content=\"https:\/\/www.facebook.com\/light24.ee\" \/>\n\t\t<meta name=\"twitter:card\" content=\"summary\" \/>\n\t\t<meta name=\"twitter:title\" content=\"Slv PATTA-I LED 9W 3000K DIM \u2022 Light24\" \/>\n\t\t<meta name=\"twitter:description\" content=\"Atvainojiet, \u0161is ieraksts ir pieejams tikai Eesti.\" \/>\n\t\t<meta name=\"twitter:image\" content=\"https:\/\/light24.lt\/wp-content\/uploads\/2017\/10\/patta10.jpg\" \/>\n\t\t<script type=\"application\/ld+json\" class=\"aioseo-schema\">\n\t\t\t{\"@context\":\"https:\\\/\\\/schema.org\",\"@graph\":[{\"@type\":\"BreadcrumbList\",\"@id\":\"https:\\\/\\\/light24.lt\\\/lv\\\/toode\\\/valisvalgustid\\\/valis-suvisvalgustid\\\/suvisvalgusti-patta-i-ip65-ii\\\/#breadcrumblist\",\"itemListElement\":[{\"@type\":\"ListItem\",\"@id\":\"https:\\\/\\\/light24.lt\\\/lv#listItem\",\"position\":1,\"name\":\"Home\",\"item\":\"https:\\\/\\\/light24.lt\\\/lv\",\"nextItem\":{\"@type\":\"ListItem\",\"@id\":\"https:\\\/\\\/light24.lt\\\/lv\\\/shop\\\/#listItem\",\"name\":\"E-veikals\"}},{\"@type\":\"ListItem\",\"@id\":\"https:\\\/\\\/light24.lt\\\/lv\\\/shop\\\/#listItem\",\"position\":2,\"name\":\"E-veikals\",\"item\":\"https:\\\/\\\/light24.lt\\\/lv\\\/shop\\\/\",\"nextItem\":{\"@type\":\"ListItem\",\"@id\":\"https:\\\/\\\/light24.lt\\\/lv\\\/product-category\\\/valisvalgustid\\\/#listItem\",\"name\":\"\\u0100ra gaismek\\u013ci\"},\"previousItem\":{\"@type\":\"ListItem\",\"@id\":\"https:\\\/\\\/light24.lt\\\/lv#listItem\",\"name\":\"Home\"}},{\"@type\":\"ListItem\",\"@id\":\"https:\\\/\\\/light24.lt\\\/lv\\\/product-category\\\/valisvalgustid\\\/#listItem\",\"position\":3,\"name\":\"\\u0100ra gaismek\\u013ci\",\"item\":\"https:\\\/\\\/light24.lt\\\/lv\\\/product-category\\\/valisvalgustid\\\/\",\"nextItem\":{\"@type\":\"ListItem\",\"@id\":\"https:\\\/\\\/light24.lt\\\/lv\\\/product-category\\\/valisvalgustid\\\/valis-suvisvalgustid\\\/#listItem\",\"name\":\"\\u0100ra ieb\\u016bv\\u0113tie gaismek\\u013ci\"},\"previousItem\":{\"@type\":\"ListItem\",\"@id\":\"https:\\\/\\\/light24.lt\\\/lv\\\/shop\\\/#listItem\",\"name\":\"E-veikals\"}},{\"@type\":\"ListItem\",\"@id\":\"https:\\\/\\\/light24.lt\\\/lv\\\/product-category\\\/valisvalgustid\\\/valis-suvisvalgustid\\\/#listItem\",\"position\":4,\"name\":\"\\u0100ra ieb\\u016bv\\u0113tie gaismek\\u013ci\",\"item\":\"https:\\\/\\\/light24.lt\\\/lv\\\/product-category\\\/valisvalgustid\\\/valis-suvisvalgustid\\\/\",\"nextItem\":{\"@type\":\"ListItem\",\"@id\":\"https:\\\/\\\/light24.lt\\\/lv\\\/toode\\\/valisvalgustid\\\/valis-suvisvalgustid\\\/suvisvalgusti-patta-i-ip65-ii\\\/#listItem\",\"name\":\"Slv PATTA-I LED 9W 3000K DIM\"},\"previousItem\":{\"@type\":\"ListItem\",\"@id\":\"https:\\\/\\\/light24.lt\\\/lv\\\/product-category\\\/valisvalgustid\\\/#listItem\",\"name\":\"\\u0100ra gaismek\\u013ci\"}},{\"@type\":\"ListItem\",\"@id\":\"https:\\\/\\\/light24.lt\\\/lv\\\/toode\\\/valisvalgustid\\\/valis-suvisvalgustid\\\/suvisvalgusti-patta-i-ip65-ii\\\/#listItem\",\"position\":5,\"name\":\"Slv PATTA-I LED 9W 3000K DIM\",\"previousItem\":{\"@type\":\"ListItem\",\"@id\":\"https:\\\/\\\/light24.lt\\\/lv\\\/product-category\\\/valisvalgustid\\\/valis-suvisvalgustid\\\/#listItem\",\"name\":\"\\u0100ra ieb\\u016bv\\u0113tie gaismek\\u013ci\"}}]},{\"@type\":\"Organization\",\"@id\":\"https:\\\/\\\/light24.lt\\\/lv\\\/#organization\",\"name\":\"Light24\",\"description\":\"Apgaismojums | E-veikals\",\"url\":\"https:\\\/\\\/light24.lt\\\/lv\\\/\",\"telephone\":\"+3725184133\",\"logo\":{\"@type\":\"ImageObject\",\"url\":\"https:\\\/\\\/www.light24.ee\\\/wp-content\\\/uploads\\\/2022\\\/03\\\/Shape-2-3.svg\",\"@id\":\"https:\\\/\\\/light24.lt\\\/lv\\\/toode\\\/valisvalgustid\\\/valis-suvisvalgustid\\\/suvisvalgusti-patta-i-ip65-ii\\\/#organizationLogo\"},\"image\":{\"@id\":\"https:\\\/\\\/light24.lt\\\/lv\\\/toode\\\/valisvalgustid\\\/valis-suvisvalgustid\\\/suvisvalgusti-patta-i-ip65-ii\\\/#organizationLogo\"},\"sameAs\":[\"https:\\\/\\\/www.facebook.com\\\/light24.ee\",\"https:\\\/\\\/www.instagram.com\\\/light24official\\\/\"]},{\"@type\":\"ProductGroup\",\"@id\":\"https:\\\/\\\/light24.lt\\\/lv\\\/toode\\\/valisvalgustid\\\/valis-suvisvalgustid\\\/suvisvalgusti-patta-i-ip65-ii\\\/#wooCommerceProduct\",\"name\":\"Slv PATTA-I LED 9W 3000K DIM\",\"url\":\"https:\\\/\\\/light24.lt\\\/lv\\\/toode\\\/valisvalgustid\\\/valis-suvisvalgustid\\\/suvisvalgusti-patta-i-ip65-ii\\\/\",\"sku\":\"SLV21134\",\"image\":{\"@type\":\"ImageObject\",\"url\":\"https:\\\/\\\/light24.lt\\\/wp-content\\\/uploads\\\/2017\\\/10\\\/patta10.jpg\",\"@id\":\"https:\\\/\\\/light24.lt\\\/lv\\\/toode\\\/valisvalgustid\\\/valis-suvisvalgustid\\\/suvisvalgusti-patta-i-ip65-ii\\\/#productImage\",\"width\":800,\"height\":800},\"productGroupID\":39276,\"hasVariant\":[{\"@type\":\"Product\",\"@id\":\"https:\\\/\\\/light24.lt\\\/lv\\\/toode\\\/valisvalgustid\\\/valis-suvisvalgustid\\\/suvisvalgusti-patta-i-ip65-ii\\\/#wooCommerceProduct\",\"name\":\"Slv PATTA-I LED 9W 3000K DIM - must\",\"url\":\"https:\\\/\\\/light24.lt\\\/lv\\\/toode\\\/valisvalgustid\\\/valis-suvisvalgustid\\\/suvisvalgusti-patta-i-ip65-ii\\\/\",\"sku\":\"SLV21134\",\"image\":{\"@type\":\"ImageObject\",\"url\":\"https:\\\/\\\/light24.lt\\\/wp-content\\\/uploads\\\/2017\\\/10\\\/patta13.jpg\",\"@id\":\"https:\\\/\\\/light24.lt\\\/lv\\\/toode\\\/valisvalgustid\\\/valis-suvisvalgustid\\\/suvisvalgusti-patta-i-ip65-ii\\\/#productImage\",\"width\":800,\"height\":800},\"offers\":{\"@type\":\"Offer\",\"url\":\"https:\\\/\\\/light24.lt\\\/lv\\\/toode\\\/valisvalgustid\\\/valis-suvisvalgustid\\\/suvisvalgusti-patta-i-ip65-ii\\\/#wooCommerceOffer\",\"price\":82.8,\"priceCurrency\":\"EUR\",\"category\":\"\\u0100ra gaismek\\u013ci\",\"availability\":\"https:\\\/\\\/schema.org\\\/InStock\",\"priceSpecification\":{\"@type\":\"PriceSpecification\",\"price\":82.8,\"priceCurrency\":\"EUR\",\"valueAddedTaxIncluded\":\"true\"}}},{\"@type\":\"Product\",\"@id\":\"https:\\\/\\\/light24.lt\\\/lv\\\/toode\\\/valisvalgustid\\\/valis-suvisvalgustid\\\/suvisvalgusti-patta-i-ip65-ii\\\/#wooCommerceProduct\",\"name\":\"Slv PATTA-I LED 9W 3000K DIM - valge\",\"url\":\"https:\\\/\\\/light24.lt\\\/lv\\\/toode\\\/valisvalgustid\\\/valis-suvisvalgustid\\\/suvisvalgusti-patta-i-ip65-ii\\\/\",\"sku\":\"SLV21134\",\"image\":{\"@type\":\"ImageObject\",\"url\":\"https:\\\/\\\/light24.lt\\\/wp-content\\\/uploads\\\/2017\\\/10\\\/patta10.jpg\",\"@id\":\"https:\\\/\\\/light24.lt\\\/lv\\\/toode\\\/valisvalgustid\\\/valis-suvisvalgustid\\\/suvisvalgusti-patta-i-ip65-ii\\\/#productImage\",\"width\":800,\"height\":800},\"offers\":{\"@type\":\"Offer\",\"url\":\"https:\\\/\\\/light24.lt\\\/lv\\\/toode\\\/valisvalgustid\\\/valis-suvisvalgustid\\\/suvisvalgusti-patta-i-ip65-ii\\\/#wooCommerceOffer\",\"price\":79.12,\"priceCurrency\":\"EUR\",\"category\":\"\\u0100ra gaismek\\u013ci\",\"availability\":\"https:\\\/\\\/schema.org\\\/InStock\",\"priceSpecification\":{\"@type\":\"PriceSpecification\",\"price\":79.12,\"priceCurrency\":\"EUR\",\"valueAddedTaxIncluded\":\"true\"}}},{\"@type\":\"Product\",\"@id\":\"https:\\\/\\\/light24.lt\\\/lv\\\/toode\\\/valisvalgustid\\\/valis-suvisvalgustid\\\/suvisvalgusti-patta-i-ip65-ii\\\/#wooCommerceProduct\",\"name\":\"Slv PATTA-I LED 9W 3000K DIM - alumiinium\",\"url\":\"https:\\\/\\\/light24.lt\\\/lv\\\/toode\\\/valisvalgustid\\\/valis-suvisvalgustid\\\/suvisvalgusti-patta-i-ip65-ii\\\/\",\"sku\":\"SLV21134\",\"image\":{\"@type\":\"ImageObject\",\"url\":\"https:\\\/\\\/light24.lt\\\/wp-content\\\/uploads\\\/2017\\\/10\\\/patta14.jpg\",\"@id\":\"https:\\\/\\\/light24.lt\\\/lv\\\/toode\\\/valisvalgustid\\\/valis-suvisvalgustid\\\/suvisvalgusti-patta-i-ip65-ii\\\/#productImage\",\"width\":1050,\"height\":1050},\"offers\":{\"@type\":\"Offer\",\"url\":\"https:\\\/\\\/light24.lt\\\/lv\\\/toode\\\/valisvalgustid\\\/valis-suvisvalgustid\\\/suvisvalgusti-patta-i-ip65-ii\\\/#wooCommerceOffer\",\"price\":82.8,\"priceCurrency\":\"EUR\",\"category\":\"\\u0100ra gaismek\\u013ci\",\"availability\":\"https:\\\/\\\/schema.org\\\/InStock\",\"priceSpecification\":{\"@type\":\"PriceSpecification\",\"price\":82.8,\"priceCurrency\":\"EUR\",\"valueAddedTaxIncluded\":\"true\"}}}]},{\"@type\":\"WebPage\",\"@id\":\"https:\\\/\\\/light24.lt\\\/lv\\\/toode\\\/valisvalgustid\\\/valis-suvisvalgustid\\\/suvisvalgusti-patta-i-ip65-ii\\\/#webpage\",\"url\":\"https:\\\/\\\/light24.lt\\\/lv\\\/toode\\\/valisvalgustid\\\/valis-suvisvalgustid\\\/suvisvalgusti-patta-i-ip65-ii\\\/\",\"name\":\"Slv PATTA-I LED 9W 3000K DIM \\u2022 Light24\",\"description\":\"Atvainojiet, \\u0161is ieraksts ir pieejams tikai Eesti.\",\"inLanguage\":\"lv\",\"isPartOf\":{\"@id\":\"https:\\\/\\\/light24.lt\\\/lv\\\/#website\"},\"breadcrumb\":{\"@id\":\"https:\\\/\\\/light24.lt\\\/lv\\\/toode\\\/valisvalgustid\\\/valis-suvisvalgustid\\\/suvisvalgusti-patta-i-ip65-ii\\\/#breadcrumblist\"},\"image\":{\"@type\":\"ImageObject\",\"url\":\"https:\\\/\\\/light24.lt\\\/wp-content\\\/uploads\\\/2017\\\/10\\\/patta10.jpg\",\"@id\":\"https:\\\/\\\/light24.lt\\\/lv\\\/toode\\\/valisvalgustid\\\/valis-suvisvalgustid\\\/suvisvalgusti-patta-i-ip65-ii\\\/#mainImage\",\"width\":800,\"height\":800},\"primaryImageOfPage\":{\"@id\":\"https:\\\/\\\/light24.lt\\\/lv\\\/toode\\\/valisvalgustid\\\/valis-suvisvalgustid\\\/suvisvalgusti-patta-i-ip65-ii\\\/#mainImage\"},\"datePublished\":\"2017-10-22T10:31:18+03:00\",\"dateModified\":\"2025-01-14T11:38:26+02:00\"},{\"@type\":\"WebSite\",\"@id\":\"https:\\\/\\\/light24.lt\\\/lv\\\/#website\",\"url\":\"https:\\\/\\\/light24.lt\\\/lv\\\/\",\"name\":\"Light24\",\"description\":\"Apgaismojums | E-veikals\",\"inLanguage\":\"lv\",\"publisher\":{\"@id\":\"https:\\\/\\\/light24.lt\\\/lv\\\/#organization\"}}]}\n\t\t<\/script>\n\t\t<!-- All in One SEO Pro -->\r\n\t\t<title>Slv PATTA-I LED 9W 3000K DIM \u2022 Light24<\/title>\n\n","aioseo_head_json":{"title":"Slv PATTA-I LED 9W 3000K DIM \u2022 Light24","description":"Atvainojiet, \u0161is ieraksts ir pieejams tikai Eesti.","canonical_url":"https:\/\/light24.lt\/lv\/toode\/valisvalgustid\/valis-suvisvalgustid\/suvisvalgusti-patta-i-ip65-ii\/","robots":"max-image-preview:large","keywords":"","webmasterTools":{"google-site-verification":"nxgDPK3Ouk6bwvuxlwlzeMOKszmf-8m57RDu5zAgN-Y","miscellaneous":""},"schema":{"@context":"https:\/\/schema.org","@graph":[{"@type":"BreadcrumbList","@id":"https:\/\/light24.lt\/lv\/toode\/valisvalgustid\/valis-suvisvalgustid\/suvisvalgusti-patta-i-ip65-ii\/#breadcrumblist","itemListElement":[{"@type":"ListItem","@id":"https:\/\/light24.lt\/lv#listItem","position":1,"name":"Home","item":"https:\/\/light24.lt\/lv","nextItem":{"@type":"ListItem","@id":"https:\/\/light24.lt\/lv\/shop\/#listItem","name":"E-veikals"}},{"@type":"ListItem","@id":"https:\/\/light24.lt\/lv\/shop\/#listItem","position":2,"name":"E-veikals","item":"https:\/\/light24.lt\/lv\/shop\/","nextItem":{"@type":"ListItem","@id":"https:\/\/light24.lt\/lv\/product-category\/valisvalgustid\/#listItem","name":"\u0100ra gaismek\u013ci"},"previousItem":{"@type":"ListItem","@id":"https:\/\/light24.lt\/lv#listItem","name":"Home"}},{"@type":"ListItem","@id":"https:\/\/light24.lt\/lv\/product-category\/valisvalgustid\/#listItem","position":3,"name":"\u0100ra gaismek\u013ci","item":"https:\/\/light24.lt\/lv\/product-category\/valisvalgustid\/","nextItem":{"@type":"ListItem","@id":"https:\/\/light24.lt\/lv\/product-category\/valisvalgustid\/valis-suvisvalgustid\/#listItem","name":"\u0100ra ieb\u016bv\u0113tie gaismek\u013ci"},"previousItem":{"@type":"ListItem","@id":"https:\/\/light24.lt\/lv\/shop\/#listItem","name":"E-veikals"}},{"@type":"ListItem","@id":"https:\/\/light24.lt\/lv\/product-category\/valisvalgustid\/valis-suvisvalgustid\/#listItem","position":4,"name":"\u0100ra ieb\u016bv\u0113tie gaismek\u013ci","item":"https:\/\/light24.lt\/lv\/product-category\/valisvalgustid\/valis-suvisvalgustid\/","nextItem":{"@type":"ListItem","@id":"https:\/\/light24.lt\/lv\/toode\/valisvalgustid\/valis-suvisvalgustid\/suvisvalgusti-patta-i-ip65-ii\/#listItem","name":"Slv PATTA-I LED 9W 3000K DIM"},"previousItem":{"@type":"ListItem","@id":"https:\/\/light24.lt\/lv\/product-category\/valisvalgustid\/#listItem","name":"\u0100ra gaismek\u013ci"}},{"@type":"ListItem","@id":"https:\/\/light24.lt\/lv\/toode\/valisvalgustid\/valis-suvisvalgustid\/suvisvalgusti-patta-i-ip65-ii\/#listItem","position":5,"name":"Slv PATTA-I LED 9W 3000K DIM","previousItem":{"@type":"ListItem","@id":"https:\/\/light24.lt\/lv\/product-category\/valisvalgustid\/valis-suvisvalgustid\/#listItem","name":"\u0100ra ieb\u016bv\u0113tie gaismek\u013ci"}}]},{"@type":"Organization","@id":"https:\/\/light24.lt\/lv\/#organization","name":"Light24","description":"Apgaismojums | E-veikals","url":"https:\/\/light24.lt\/lv\/","telephone":"+3725184133","logo":{"@type":"ImageObject","url":"https:\/\/www.light24.ee\/wp-content\/uploads\/2022\/03\/Shape-2-3.svg","@id":"https:\/\/light24.lt\/lv\/toode\/valisvalgustid\/valis-suvisvalgustid\/suvisvalgusti-patta-i-ip65-ii\/#organizationLogo"},"image":{"@id":"https:\/\/light24.lt\/lv\/toode\/valisvalgustid\/valis-suvisvalgustid\/suvisvalgusti-patta-i-ip65-ii\/#organizationLogo"},"sameAs":["https:\/\/www.facebook.com\/light24.ee","https:\/\/www.instagram.com\/light24official\/"]},{"@type":"ProductGroup","@id":"https:\/\/light24.lt\/lv\/toode\/valisvalgustid\/valis-suvisvalgustid\/suvisvalgusti-patta-i-ip65-ii\/#wooCommerceProduct","name":"Slv PATTA-I LED 9W 3000K DIM","url":"https:\/\/light24.lt\/lv\/toode\/valisvalgustid\/valis-suvisvalgustid\/suvisvalgusti-patta-i-ip65-ii\/","sku":"SLV21134","image":{"@type":"ImageObject","url":"https:\/\/light24.lt\/wp-content\/uploads\/2017\/10\/patta10.jpg","@id":"https:\/\/light24.lt\/lv\/toode\/valisvalgustid\/valis-suvisvalgustid\/suvisvalgusti-patta-i-ip65-ii\/#productImage","width":800,"height":800},"productGroupID":39276,"hasVariant":[{"@type":"Product","@id":"https:\/\/light24.lt\/lv\/toode\/valisvalgustid\/valis-suvisvalgustid\/suvisvalgusti-patta-i-ip65-ii\/#wooCommerceProduct","name":"Slv PATTA-I LED 9W 3000K DIM - must","url":"https:\/\/light24.lt\/lv\/toode\/valisvalgustid\/valis-suvisvalgustid\/suvisvalgusti-patta-i-ip65-ii\/","sku":"SLV21134","image":{"@type":"ImageObject","url":"https:\/\/light24.lt\/wp-content\/uploads\/2017\/10\/patta13.jpg","@id":"https:\/\/light24.lt\/lv\/toode\/valisvalgustid\/valis-suvisvalgustid\/suvisvalgusti-patta-i-ip65-ii\/#productImage","width":800,"height":800},"offers":{"@type":"Offer","url":"https:\/\/light24.lt\/lv\/toode\/valisvalgustid\/valis-suvisvalgustid\/suvisvalgusti-patta-i-ip65-ii\/#wooCommerceOffer","price":82.8,"priceCurrency":"EUR","category":"\u0100ra gaismek\u013ci","availability":"https:\/\/schema.org\/InStock","priceSpecification":{"@type":"PriceSpecification","price":82.8,"priceCurrency":"EUR","valueAddedTaxIncluded":"true"}}},{"@type":"Product","@id":"https:\/\/light24.lt\/lv\/toode\/valisvalgustid\/valis-suvisvalgustid\/suvisvalgusti-patta-i-ip65-ii\/#wooCommerceProduct","name":"Slv PATTA-I LED 9W 3000K DIM - valge","url":"https:\/\/light24.lt\/lv\/toode\/valisvalgustid\/valis-suvisvalgustid\/suvisvalgusti-patta-i-ip65-ii\/","sku":"SLV21134","image":{"@type":"ImageObject","url":"https:\/\/light24.lt\/wp-content\/uploads\/2017\/10\/patta10.jpg","@id":"https:\/\/light24.lt\/lv\/toode\/valisvalgustid\/valis-suvisvalgustid\/suvisvalgusti-patta-i-ip65-ii\/#productImage","width":800,"height":800},"offers":{"@type":"Offer","url":"https:\/\/light24.lt\/lv\/toode\/valisvalgustid\/valis-suvisvalgustid\/suvisvalgusti-patta-i-ip65-ii\/#wooCommerceOffer","price":79.12,"priceCurrency":"EUR","category":"\u0100ra gaismek\u013ci","availability":"https:\/\/schema.org\/InStock","priceSpecification":{"@type":"PriceSpecification","price":79.12,"priceCurrency":"EUR","valueAddedTaxIncluded":"true"}}},{"@type":"Product","@id":"https:\/\/light24.lt\/lv\/toode\/valisvalgustid\/valis-suvisvalgustid\/suvisvalgusti-patta-i-ip65-ii\/#wooCommerceProduct","name":"Slv PATTA-I LED 9W 3000K DIM - alumiinium","url":"https:\/\/light24.lt\/lv\/toode\/valisvalgustid\/valis-suvisvalgustid\/suvisvalgusti-patta-i-ip65-ii\/","sku":"SLV21134","image":{"@type":"ImageObject","url":"https:\/\/light24.lt\/wp-content\/uploads\/2017\/10\/patta14.jpg","@id":"https:\/\/light24.lt\/lv\/toode\/valisvalgustid\/valis-suvisvalgustid\/suvisvalgusti-patta-i-ip65-ii\/#productImage","width":1050,"height":1050},"offers":{"@type":"Offer","url":"https:\/\/light24.lt\/lv\/toode\/valisvalgustid\/valis-suvisvalgustid\/suvisvalgusti-patta-i-ip65-ii\/#wooCommerceOffer","price":82.8,"priceCurrency":"EUR","category":"\u0100ra gaismek\u013ci","availability":"https:\/\/schema.org\/InStock","priceSpecification":{"@type":"PriceSpecification","price":82.8,"priceCurrency":"EUR","valueAddedTaxIncluded":"true"}}}]},{"@type":"WebPage","@id":"https:\/\/light24.lt\/lv\/toode\/valisvalgustid\/valis-suvisvalgustid\/suvisvalgusti-patta-i-ip65-ii\/#webpage","url":"https:\/\/light24.lt\/lv\/toode\/valisvalgustid\/valis-suvisvalgustid\/suvisvalgusti-patta-i-ip65-ii\/","name":"Slv PATTA-I LED 9W 3000K DIM \u2022 Light24","description":"Atvainojiet, \u0161is ieraksts ir pieejams tikai Eesti.","inLanguage":"lv","isPartOf":{"@id":"https:\/\/light24.lt\/lv\/#website"},"breadcrumb":{"@id":"https:\/\/light24.lt\/lv\/toode\/valisvalgustid\/valis-suvisvalgustid\/suvisvalgusti-patta-i-ip65-ii\/#breadcrumblist"},"image":{"@type":"ImageObject","url":"https:\/\/light24.lt\/wp-content\/uploads\/2017\/10\/patta10.jpg","@id":"https:\/\/light24.lt\/lv\/toode\/valisvalgustid\/valis-suvisvalgustid\/suvisvalgusti-patta-i-ip65-ii\/#mainImage","width":800,"height":800},"primaryImageOfPage":{"@id":"https:\/\/light24.lt\/lv\/toode\/valisvalgustid\/valis-suvisvalgustid\/suvisvalgusti-patta-i-ip65-ii\/#mainImage"},"datePublished":"2017-10-22T10:31:18+03:00","dateModified":"2025-01-14T11:38:26+02:00"},{"@type":"WebSite","@id":"https:\/\/light24.lt\/lv\/#website","url":"https:\/\/light24.lt\/lv\/","name":"Light24","description":"Apgaismojums | E-veikals","inLanguage":"lv","publisher":{"@id":"https:\/\/light24.lt\/lv\/#organization"}}]},"og:locale":"lv_LV","og:site_name":"Light24 \u2022 Apgaismojums | E-veikals","og:type":"article","og:title":"Slv PATTA-I LED 9W 3000K DIM \u2022 Light24","og:description":"Atvainojiet, \u0161is ieraksts ir pieejams tikai Eesti.","og:url":"https:\/\/light24.lt\/lv\/toode\/valisvalgustid\/valis-suvisvalgustid\/suvisvalgusti-patta-i-ip65-ii\/","og:image":"https:\/\/light24.lt\/wp-content\/uploads\/2017\/10\/patta10.jpg","og:image:secure_url":"https:\/\/light24.lt\/wp-content\/uploads\/2017\/10\/patta10.jpg","og:image:width":800,"og:image:height":800,"article:published_time":"2017-10-22T07:31:18+00:00","article:modified_time":"2025-01-14T09:38:26+00:00","article:publisher":"https:\/\/www.facebook.com\/light24.ee","twitter:card":"summary","twitter:title":"Slv PATTA-I LED 9W 3000K DIM \u2022 Light24","twitter:description":"Atvainojiet, \u0161is ieraksts ir pieejams tikai Eesti.","twitter:image":"https:\/\/light24.lt\/wp-content\/uploads\/2017\/10\/patta10.jpg"},"aioseo_meta_data":{"post_id":"39276","title":null,"description":null,"keywords":null,"keyphrases":{"focus":{"keyphrase":"","score":0,"analysis":{"keyphraseInTitle":{"score":0,"maxScore":9,"error":1}}},"additional":[]},"primary_term":null,"canonical_url":null,"og_title":null,"og_description":null,"og_object_type":"default","og_image_type":"default","og_image_url":null,"og_image_width":null,"og_image_height":null,"og_image_custom_url":null,"og_image_custom_fields":null,"og_video":"","og_custom_url":null,"og_article_section":null,"og_article_tags":null,"twitter_use_og":false,"twitter_card":"default","twitter_image_type":"default","twitter_image_url":null,"twitter_image_custom_url":null,"twitter_image_custom_fields":null,"twitter_title":null,"twitter_description":null,"schema":{"blockGraphs":[],"customGraphs":[],"default":{"data":{"Article":[],"Course":[],"Dataset":[],"FAQPage":[],"Movie":[],"Person":[],"Product":[],"ProductReview":[],"Car":[],"Recipe":[],"Service":[],"SoftwareApplication":[],"WebPage":[]},"graphName":"Product","isEnabled":true},"graphs":[],"defaultGraph":"WebPage","defaultPostTypeGraph":""},"schema_type":"default","schema_type_options":"{\"article\":{\"articleType\":\"BlogPosting\"},\"course\":{\"name\":\"\",\"description\":\"\",\"provider\":\"\"},\"faq\":{\"pages\":[]},\"product\":{\"reviews\":[]},\"recipe\":{\"ingredients\":[],\"instructions\":[],\"keywords\":[]},\"software\":{\"reviews\":[],\"operatingSystems\":[]},\"webPage\":{\"webPageType\":\"WebPage\"}}","pillar_content":false,"robots_default":true,"robots_noindex":false,"robots_noarchive":false,"robots_nosnippet":false,"robots_nofollow":false,"robots_noimageindex":false,"robots_noodp":false,"robots_notranslate":false,"robots_max_snippet":"-1","robots_max_videopreview":"-1","robots_max_imagepreview":"large","priority":null,"frequency":"default","local_seo":null,"seo_analyzer_scan_date":"2025-10-26 21:04:20","breadcrumb_settings":null,"limit_modified_date":false,"reviewed_by":null,"open_ai":"{\"title\":{\"suggestions\":[],\"usage\":0},\"description\":{\"suggestions\":[],\"usage\":0}}","ai":null,"created":"2022-02-17 13:23:35","updated":"2025-10-26 21:04:20"},"aioseo_breadcrumb":"<div class=\"aioseo-breadcrumbs\"><span class=\"aioseo-breadcrumb\">\n\t<a href=\"https:\/\/light24.lt\/lv\" title=\"Home\">Home<\/a>\n<\/span><span class=\"aioseo-breadcrumb-separator\">&raquo;<\/span><span class=\"aioseo-breadcrumb\">\n\t<a href=\"https:\/\/light24.lt\/lv\/shop\/\" title=\"E-veikals\">E-veikals<\/a>\n<\/span><span class=\"aioseo-breadcrumb-separator\">&raquo;<\/span><span class=\"aioseo-breadcrumb\">\n\t<a href=\"https:\/\/light24.lt\/lv\/product-category\/valisvalgustid\/\" title=\"\u0100ra gaismek\u013ci\">\u0100ra gaismek\u013ci<\/a>\n<\/span><span class=\"aioseo-breadcrumb-separator\">&raquo;<\/span><span class=\"aioseo-breadcrumb\">\n\t<a href=\"https:\/\/light24.lt\/lv\/product-category\/valisvalgustid\/valis-suvisvalgustid\/\" title=\"\u0100ra ieb\u016bv\u0113tie gaismek\u013ci\">\u0100ra ieb\u016bv\u0113tie gaismek\u013ci<\/a>\n<\/span><span class=\"aioseo-breadcrumb-separator\">&raquo;<\/span><span class=\"aioseo-breadcrumb\">\n\tSlv PATTA-I LED 9W 3000K DIM\n<\/span><\/div>","aioseo_breadcrumb_json":[{"label":"Home","link":"https:\/\/light24.lt\/lv"},{"label":"E-veikals","link":"https:\/\/light24.lt\/lv\/shop\/"},{"label":"\u0100ra gaismek\u013ci","link":"https:\/\/light24.lt\/lv\/product-category\/valisvalgustid\/"},{"label":"\u0100ra ieb\u016bv\u0113tie gaismek\u013ci","link":"https:\/\/light24.lt\/lv\/product-category\/valisvalgustid\/valis-suvisvalgustid\/"},{"label":"Slv PATTA-I LED 9W 3000K DIM","link":"https:\/\/light24.lt\/lv\/toode\/valisvalgustid\/valis-suvisvalgustid\/suvisvalgusti-patta-i-ip65-ii\/"}],"_links":{"self":[{"href":"https:\/\/light24.lt\/lv\/wp-json\/wp\/v2\/product\/39276","targetHints":{"allow":["GET"]}}],"collection":[{"href":"https:\/\/light24.lt\/lv\/wp-json\/wp\/v2\/product"}],"about":[{"href":"https:\/\/light24.lt\/lv\/wp-json\/wp\/v2\/types\/product"}],"replies":[{"embeddable":true,"href":"https:\/\/light24.lt\/lv\/wp-json\/wp\/v2\/comments?post=39276"}],"wp:featuredmedia":[{"embeddable":true,"href":"https:\/\/light24.lt\/lv\/wp-json\/wp\/v2\/media\/39283"}],"wp:attachment":[{"href":"https:\/\/light24.lt\/lv\/wp-json\/wp\/v2\/media?parent=39276"}],"wp:term":[{"taxonomy":"product_cat","embeddable":true,"href":"https:\/\/light24.lt\/lv\/wp-json\/wp\/v2\/product_cat?post=39276"},{"taxonomy":"product_tag","embeddable":true,"href":"https:\/\/light24.lt\/lv\/wp-json\/wp\/v2\/product_tag?post=39276"}],"curies":[{"name":"wp","href":"https:\/\/api.w.org\/{rel}","templated":true}]}}