{"id":111869,"date":"2024-01-12T18:34:03","date_gmt":"2024-01-12T16:34:03","guid":{"rendered":"https:\/\/www.light24.ee\/?post_type=product&#038;p=111869"},"modified":"2025-04-03T22:06:00","modified_gmt":"2025-04-03T19:06:00","slug":"totem-285-concrete","status":"publish","type":"product","link":"https:\/\/light24.lt\/lv\/toode\/valisvalgustid\/postvalgustid\/totem-285-concrete\/","title":{"rendered":"Faro TOTEM 285 6,5W 3000K IP55 IK05"},"content":{"rendered":"<p class=\"qtranxs-available-languages-message qtranxs-available-languages-message-lv\">Atvainojiet, \u0161is ieraksts ir pieejams tikai <a href=\"https:\/\/light24.lt\/lt\/wp-json\/wp\/v2\/product\/111869\" class=\"qtranxs-available-language-link qtranxs-available-language-link-lt\" title=\"Lietuvi\u0173\">Lietuvi\u0173<\/a>, <a href=\"https:\/\/light24.lt\/de\/wp-json\/wp\/v2\/product\/111869\" class=\"qtranxs-available-language-link qtranxs-available-language-link-de\" title=\"Deutsch\">Deutsch<\/a>, <a href=\"https:\/\/light24.lt\/fr\/wp-json\/wp\/v2\/product\/111869\" class=\"qtranxs-available-language-link qtranxs-available-language-link-fr\" title=\"Fran\u00e7ais\">Fran\u00e7ais<\/a> un <a href=\"https:\/\/light24.lt\/es\/wp-json\/wp\/v2\/product\/111869\" class=\"qtranxs-available-language-link qtranxs-available-language-link-es\" title=\"Espa\u00f1ol\">Espa\u00f1ol<\/a>.<\/p>","protected":false},"excerpt":{"rendered":"<p>Atvainojiet, \u0161is ieraksts ir pieejams tikai Lietuvi\u0173, Deutsch, Fran\u00e7ais un Espa\u00f1ol.<\/p>\n","protected":false},"featured_media":129634,"comment_status":"closed","ping_status":"closed","template":"","meta":{"_acf_changed":false},"product_cat":[2903,2025],"product_tag":[379],"class_list":{"0":"post-111869","1":"product","2":"type-product","3":"status-publish","4":"has-post-thumbnail","6":"product_cat-valisvalgustid","7":"product_cat-postvalgustid","8":"product_tag-faro","9":"product_shipping_class-standard","10":"pa_ip-kaitseklass-ik06","11":"pa_ip-kaitseklass-ip55","12":"pa_materjal-betoon","13":"pa_tarneaeg-10-paeva","14":"pa_varv-hall","16":"first","17":"instock","18":"sale","19":"taxable","20":"shipping-taxable","21":"purchasable","22":"product-type-simple"},"acf":[],"aioseo_notices":[],"aioseo_head":"\n\t\t<!-- All in One SEO Pro 4.9.5.2 - aioseo.com -->\n\t<meta name=\"description\" content=\"Atvainojiet, \u0161is ieraksts ir pieejams tikai Lietuvi\u0173, Deutsch, Fran\u00e7ais un Espa\u00f1ol.\" \/>\n\t<meta name=\"robots\" content=\"max-image-preview:large\" \/>\n\t<meta name=\"google-site-verification\" content=\"nxgDPK3Ouk6bwvuxlwlzeMOKszmf-8m57RDu5zAgN-Y\" \/>\n\t<link rel=\"canonical\" href=\"https:\/\/light24.lt\/lv\/toode\/valisvalgustid\/postvalgustid\/totem-285-concrete\/\" \/>\n\t<meta name=\"generator\" content=\"All in One SEO Pro (AIOSEO) 4.9.5.2\" \/>\n\t\t<meta property=\"og:locale\" content=\"lv_LV\" \/>\n\t\t<meta property=\"og:site_name\" content=\"Light24 \u2022 Apgaismojums | E-veikals\" \/>\n\t\t<meta property=\"og:type\" content=\"article\" \/>\n\t\t<meta property=\"og:title\" content=\"Faro TOTEM 285 6,5W 3000K IP55 IK05 \u2022 Light24\" \/>\n\t\t<meta property=\"og:description\" content=\"Atvainojiet, \u0161is ieraksts ir pieejams tikai Lietuvi\u0173, Deutsch, Fran\u00e7ais un Espa\u00f1ol.\" \/>\n\t\t<meta property=\"og:url\" content=\"https:\/\/light24.lt\/lv\/toode\/valisvalgustid\/postvalgustid\/totem-285-concrete\/\" \/>\n\t\t<meta property=\"og:image\" content=\"https:\/\/light24.lt\/wp-content\/uploads\/2023\/01\/totem__2.jpg\" \/>\n\t\t<meta property=\"og:image:secure_url\" content=\"https:\/\/light24.lt\/wp-content\/uploads\/2023\/01\/totem__2.jpg\" \/>\n\t\t<meta property=\"og:image:width\" content=\"900\" \/>\n\t\t<meta property=\"og:image:height\" content=\"900\" \/>\n\t\t<meta property=\"article:published_time\" content=\"2024-01-12T16:34:03+00:00\" \/>\n\t\t<meta property=\"article:modified_time\" content=\"2025-04-03T19:06:00+00:00\" \/>\n\t\t<meta property=\"article:publisher\" content=\"https:\/\/www.facebook.com\/light24.ee\" \/>\n\t\t<meta name=\"twitter:card\" content=\"summary\" \/>\n\t\t<meta name=\"twitter:title\" content=\"Faro TOTEM 285 6,5W 3000K IP55 IK05 \u2022 Light24\" \/>\n\t\t<meta name=\"twitter:description\" content=\"Atvainojiet, \u0161is ieraksts ir pieejams tikai Lietuvi\u0173, Deutsch, Fran\u00e7ais un Espa\u00f1ol.\" \/>\n\t\t<meta name=\"twitter:image\" content=\"https:\/\/light24.lt\/wp-content\/uploads\/2023\/01\/totem__2.jpg\" \/>\n\t\t<script type=\"application\/ld+json\" class=\"aioseo-schema\">\n\t\t\t{\"@context\":\"https:\\\/\\\/schema.org\",\"@graph\":[{\"@type\":\"BreadcrumbList\",\"@id\":\"https:\\\/\\\/light24.lt\\\/lv\\\/toode\\\/valisvalgustid\\\/postvalgustid\\\/totem-285-concrete\\\/#breadcrumblist\",\"itemListElement\":[{\"@type\":\"ListItem\",\"@id\":\"https:\\\/\\\/light24.lt\\\/lv#listItem\",\"position\":1,\"name\":\"Home\",\"item\":\"https:\\\/\\\/light24.lt\\\/lv\",\"nextItem\":{\"@type\":\"ListItem\",\"@id\":\"https:\\\/\\\/light24.lt\\\/lv\\\/shop\\\/#listItem\",\"name\":\"E-veikals\"}},{\"@type\":\"ListItem\",\"@id\":\"https:\\\/\\\/light24.lt\\\/lv\\\/shop\\\/#listItem\",\"position\":2,\"name\":\"E-veikals\",\"item\":\"https:\\\/\\\/light24.lt\\\/lv\\\/shop\\\/\",\"nextItem\":{\"@type\":\"ListItem\",\"@id\":\"https:\\\/\\\/light24.lt\\\/lv\\\/product-category\\\/valisvalgustid\\\/#listItem\",\"name\":\"\\u0100ra gaismek\\u013ci\"},\"previousItem\":{\"@type\":\"ListItem\",\"@id\":\"https:\\\/\\\/light24.lt\\\/lv#listItem\",\"name\":\"Home\"}},{\"@type\":\"ListItem\",\"@id\":\"https:\\\/\\\/light24.lt\\\/lv\\\/product-category\\\/valisvalgustid\\\/#listItem\",\"position\":3,\"name\":\"\\u0100ra gaismek\\u013ci\",\"item\":\"https:\\\/\\\/light24.lt\\\/lv\\\/product-category\\\/valisvalgustid\\\/\",\"nextItem\":{\"@type\":\"ListItem\",\"@id\":\"https:\\\/\\\/light24.lt\\\/lv\\\/product-category\\\/valisvalgustid\\\/postvalgustid\\\/#listItem\",\"name\":\"P\\u0101\\u013cu gaismek\\u013ci\"},\"previousItem\":{\"@type\":\"ListItem\",\"@id\":\"https:\\\/\\\/light24.lt\\\/lv\\\/shop\\\/#listItem\",\"name\":\"E-veikals\"}},{\"@type\":\"ListItem\",\"@id\":\"https:\\\/\\\/light24.lt\\\/lv\\\/product-category\\\/valisvalgustid\\\/postvalgustid\\\/#listItem\",\"position\":4,\"name\":\"P\\u0101\\u013cu gaismek\\u013ci\",\"item\":\"https:\\\/\\\/light24.lt\\\/lv\\\/product-category\\\/valisvalgustid\\\/postvalgustid\\\/\",\"nextItem\":{\"@type\":\"ListItem\",\"@id\":\"https:\\\/\\\/light24.lt\\\/lv\\\/toode\\\/valisvalgustid\\\/postvalgustid\\\/totem-285-concrete\\\/#listItem\",\"name\":\"Faro TOTEM 285 6,5W 3000K IP55 IK05\"},\"previousItem\":{\"@type\":\"ListItem\",\"@id\":\"https:\\\/\\\/light24.lt\\\/lv\\\/product-category\\\/valisvalgustid\\\/#listItem\",\"name\":\"\\u0100ra gaismek\\u013ci\"}},{\"@type\":\"ListItem\",\"@id\":\"https:\\\/\\\/light24.lt\\\/lv\\\/toode\\\/valisvalgustid\\\/postvalgustid\\\/totem-285-concrete\\\/#listItem\",\"position\":5,\"name\":\"Faro TOTEM 285 6,5W 3000K IP55 IK05\",\"previousItem\":{\"@type\":\"ListItem\",\"@id\":\"https:\\\/\\\/light24.lt\\\/lv\\\/product-category\\\/valisvalgustid\\\/postvalgustid\\\/#listItem\",\"name\":\"P\\u0101\\u013cu gaismek\\u013ci\"}}]},{\"@type\":\"Organization\",\"@id\":\"https:\\\/\\\/light24.lt\\\/lv\\\/#organization\",\"name\":\"Light24\",\"description\":\"Apgaismojums | E-veikals\",\"url\":\"https:\\\/\\\/light24.lt\\\/lv\\\/\",\"telephone\":\"+3725184133\",\"logo\":{\"@type\":\"ImageObject\",\"url\":\"https:\\\/\\\/www.light24.ee\\\/wp-content\\\/uploads\\\/2022\\\/03\\\/Shape-2-3.svg\",\"@id\":\"https:\\\/\\\/light24.lt\\\/lv\\\/toode\\\/valisvalgustid\\\/postvalgustid\\\/totem-285-concrete\\\/#organizationLogo\"},\"image\":{\"@id\":\"https:\\\/\\\/light24.lt\\\/lv\\\/toode\\\/valisvalgustid\\\/postvalgustid\\\/totem-285-concrete\\\/#organizationLogo\"},\"sameAs\":[\"https:\\\/\\\/www.facebook.com\\\/light24.ee\",\"https:\\\/\\\/www.instagram.com\\\/light24official\\\/\"]},{\"@type\":\"Product\",\"@id\":\"https:\\\/\\\/light24.lt\\\/lv\\\/toode\\\/valisvalgustid\\\/postvalgustid\\\/totem-285-concrete\\\/#wooCommerceProduct\",\"name\":\"Faro TOTEM 285 6,5W 3000K IP55 IK05\",\"url\":\"https:\\\/\\\/light24.lt\\\/lv\\\/toode\\\/valisvalgustid\\\/postvalgustid\\\/totem-285-concrete\\\/\",\"sku\":\"FAR11939-1\",\"image\":{\"@type\":\"ImageObject\",\"url\":\"https:\\\/\\\/light24.lt\\\/wp-content\\\/uploads\\\/2023\\\/01\\\/totem__2.jpg\",\"@id\":\"https:\\\/\\\/light24.lt\\\/lv\\\/toode\\\/valisvalgustid\\\/postvalgustid\\\/totem-285-concrete\\\/#productImage\",\"width\":900,\"height\":900},\"offers\":{\"@type\":\"Offer\",\"url\":\"https:\\\/\\\/light24.lt\\\/lv\\\/toode\\\/valisvalgustid\\\/postvalgustid\\\/totem-285-concrete\\\/#wooCommerceOffer\",\"price\":230,\"priceCurrency\":\"EUR\",\"category\":\"\\u0100ra gaismek\\u013ci\",\"availability\":\"https:\\\/\\\/schema.org\\\/InStock\",\"priceSpecification\":{\"@type\":\"PriceSpecification\",\"price\":230,\"priceCurrency\":\"EUR\",\"valueAddedTaxIncluded\":\"true\"},\"seller\":{\"@type\":\"Organization\",\"@id\":\"https:\\\/\\\/light24.lt\\\/lv\\\/#organization\"}}},{\"@type\":\"WebPage\",\"@id\":\"https:\\\/\\\/light24.lt\\\/lv\\\/toode\\\/valisvalgustid\\\/postvalgustid\\\/totem-285-concrete\\\/#webpage\",\"url\":\"https:\\\/\\\/light24.lt\\\/lv\\\/toode\\\/valisvalgustid\\\/postvalgustid\\\/totem-285-concrete\\\/\",\"name\":\"Faro TOTEM 285 6,5W 3000K IP55 IK05 \\u2022 Light24\",\"description\":\"Atvainojiet, \\u0161is ieraksts ir pieejams tikai Lietuvi\\u0173, Deutsch, Fran\\u00e7ais un Espa\\u00f1ol.\",\"inLanguage\":\"lv\",\"isPartOf\":{\"@id\":\"https:\\\/\\\/light24.lt\\\/lv\\\/#website\"},\"breadcrumb\":{\"@id\":\"https:\\\/\\\/light24.lt\\\/lv\\\/toode\\\/valisvalgustid\\\/postvalgustid\\\/totem-285-concrete\\\/#breadcrumblist\"},\"image\":{\"@type\":\"ImageObject\",\"url\":\"https:\\\/\\\/light24.lt\\\/wp-content\\\/uploads\\\/2023\\\/01\\\/totem__2.jpg\",\"@id\":\"https:\\\/\\\/light24.lt\\\/lv\\\/toode\\\/valisvalgustid\\\/postvalgustid\\\/totem-285-concrete\\\/#mainImage\",\"width\":900,\"height\":900},\"primaryImageOfPage\":{\"@id\":\"https:\\\/\\\/light24.lt\\\/lv\\\/toode\\\/valisvalgustid\\\/postvalgustid\\\/totem-285-concrete\\\/#mainImage\"},\"datePublished\":\"2024-01-12T18:34:03+02:00\",\"dateModified\":\"2025-04-03T22:06:00+03:00\"},{\"@type\":\"WebSite\",\"@id\":\"https:\\\/\\\/light24.lt\\\/lv\\\/#website\",\"url\":\"https:\\\/\\\/light24.lt\\\/lv\\\/\",\"name\":\"Light24\",\"description\":\"Apgaismojums | E-veikals\",\"inLanguage\":\"lv\",\"publisher\":{\"@id\":\"https:\\\/\\\/light24.lt\\\/lv\\\/#organization\"}}]}\n\t\t<\/script>\n\t\t<!-- All in One SEO Pro -->\r\n\t\t<title>Faro TOTEM 285 6,5W 3000K IP55 IK05 \u2022 Light24<\/title>\n\n","aioseo_head_json":{"title":"Faro TOTEM 285 6,5W 3000K IP55 IK05 \u2022 Light24","description":"Atvainojiet, \u0161is ieraksts ir pieejams tikai Lietuvi\u0173, Deutsch, Fran\u00e7ais un Espa\u00f1ol.","canonical_url":"https:\/\/light24.lt\/lv\/toode\/valisvalgustid\/postvalgustid\/totem-285-concrete\/","robots":"max-image-preview:large","keywords":"","webmasterTools":{"google-site-verification":"nxgDPK3Ouk6bwvuxlwlzeMOKszmf-8m57RDu5zAgN-Y","miscellaneous":""},"schema":{"@context":"https:\/\/schema.org","@graph":[{"@type":"BreadcrumbList","@id":"https:\/\/light24.lt\/lv\/toode\/valisvalgustid\/postvalgustid\/totem-285-concrete\/#breadcrumblist","itemListElement":[{"@type":"ListItem","@id":"https:\/\/light24.lt\/lv#listItem","position":1,"name":"Home","item":"https:\/\/light24.lt\/lv","nextItem":{"@type":"ListItem","@id":"https:\/\/light24.lt\/lv\/shop\/#listItem","name":"E-veikals"}},{"@type":"ListItem","@id":"https:\/\/light24.lt\/lv\/shop\/#listItem","position":2,"name":"E-veikals","item":"https:\/\/light24.lt\/lv\/shop\/","nextItem":{"@type":"ListItem","@id":"https:\/\/light24.lt\/lv\/product-category\/valisvalgustid\/#listItem","name":"\u0100ra gaismek\u013ci"},"previousItem":{"@type":"ListItem","@id":"https:\/\/light24.lt\/lv#listItem","name":"Home"}},{"@type":"ListItem","@id":"https:\/\/light24.lt\/lv\/product-category\/valisvalgustid\/#listItem","position":3,"name":"\u0100ra gaismek\u013ci","item":"https:\/\/light24.lt\/lv\/product-category\/valisvalgustid\/","nextItem":{"@type":"ListItem","@id":"https:\/\/light24.lt\/lv\/product-category\/valisvalgustid\/postvalgustid\/#listItem","name":"P\u0101\u013cu gaismek\u013ci"},"previousItem":{"@type":"ListItem","@id":"https:\/\/light24.lt\/lv\/shop\/#listItem","name":"E-veikals"}},{"@type":"ListItem","@id":"https:\/\/light24.lt\/lv\/product-category\/valisvalgustid\/postvalgustid\/#listItem","position":4,"name":"P\u0101\u013cu gaismek\u013ci","item":"https:\/\/light24.lt\/lv\/product-category\/valisvalgustid\/postvalgustid\/","nextItem":{"@type":"ListItem","@id":"https:\/\/light24.lt\/lv\/toode\/valisvalgustid\/postvalgustid\/totem-285-concrete\/#listItem","name":"Faro TOTEM 285 6,5W 3000K IP55 IK05"},"previousItem":{"@type":"ListItem","@id":"https:\/\/light24.lt\/lv\/product-category\/valisvalgustid\/#listItem","name":"\u0100ra gaismek\u013ci"}},{"@type":"ListItem","@id":"https:\/\/light24.lt\/lv\/toode\/valisvalgustid\/postvalgustid\/totem-285-concrete\/#listItem","position":5,"name":"Faro TOTEM 285 6,5W 3000K IP55 IK05","previousItem":{"@type":"ListItem","@id":"https:\/\/light24.lt\/lv\/product-category\/valisvalgustid\/postvalgustid\/#listItem","name":"P\u0101\u013cu gaismek\u013ci"}}]},{"@type":"Organization","@id":"https:\/\/light24.lt\/lv\/#organization","name":"Light24","description":"Apgaismojums | E-veikals","url":"https:\/\/light24.lt\/lv\/","telephone":"+3725184133","logo":{"@type":"ImageObject","url":"https:\/\/www.light24.ee\/wp-content\/uploads\/2022\/03\/Shape-2-3.svg","@id":"https:\/\/light24.lt\/lv\/toode\/valisvalgustid\/postvalgustid\/totem-285-concrete\/#organizationLogo"},"image":{"@id":"https:\/\/light24.lt\/lv\/toode\/valisvalgustid\/postvalgustid\/totem-285-concrete\/#organizationLogo"},"sameAs":["https:\/\/www.facebook.com\/light24.ee","https:\/\/www.instagram.com\/light24official\/"]},{"@type":"Product","@id":"https:\/\/light24.lt\/lv\/toode\/valisvalgustid\/postvalgustid\/totem-285-concrete\/#wooCommerceProduct","name":"Faro TOTEM 285 6,5W 3000K IP55 IK05","url":"https:\/\/light24.lt\/lv\/toode\/valisvalgustid\/postvalgustid\/totem-285-concrete\/","sku":"FAR11939-1","image":{"@type":"ImageObject","url":"https:\/\/light24.lt\/wp-content\/uploads\/2023\/01\/totem__2.jpg","@id":"https:\/\/light24.lt\/lv\/toode\/valisvalgustid\/postvalgustid\/totem-285-concrete\/#productImage","width":900,"height":900},"offers":{"@type":"Offer","url":"https:\/\/light24.lt\/lv\/toode\/valisvalgustid\/postvalgustid\/totem-285-concrete\/#wooCommerceOffer","price":230,"priceCurrency":"EUR","category":"\u0100ra gaismek\u013ci","availability":"https:\/\/schema.org\/InStock","priceSpecification":{"@type":"PriceSpecification","price":230,"priceCurrency":"EUR","valueAddedTaxIncluded":"true"},"seller":{"@type":"Organization","@id":"https:\/\/light24.lt\/lv\/#organization"}}},{"@type":"WebPage","@id":"https:\/\/light24.lt\/lv\/toode\/valisvalgustid\/postvalgustid\/totem-285-concrete\/#webpage","url":"https:\/\/light24.lt\/lv\/toode\/valisvalgustid\/postvalgustid\/totem-285-concrete\/","name":"Faro TOTEM 285 6,5W 3000K IP55 IK05 \u2022 Light24","description":"Atvainojiet, \u0161is ieraksts ir pieejams tikai Lietuvi\u0173, Deutsch, Fran\u00e7ais un Espa\u00f1ol.","inLanguage":"lv","isPartOf":{"@id":"https:\/\/light24.lt\/lv\/#website"},"breadcrumb":{"@id":"https:\/\/light24.lt\/lv\/toode\/valisvalgustid\/postvalgustid\/totem-285-concrete\/#breadcrumblist"},"image":{"@type":"ImageObject","url":"https:\/\/light24.lt\/wp-content\/uploads\/2023\/01\/totem__2.jpg","@id":"https:\/\/light24.lt\/lv\/toode\/valisvalgustid\/postvalgustid\/totem-285-concrete\/#mainImage","width":900,"height":900},"primaryImageOfPage":{"@id":"https:\/\/light24.lt\/lv\/toode\/valisvalgustid\/postvalgustid\/totem-285-concrete\/#mainImage"},"datePublished":"2024-01-12T18:34:03+02:00","dateModified":"2025-04-03T22:06:00+03:00"},{"@type":"WebSite","@id":"https:\/\/light24.lt\/lv\/#website","url":"https:\/\/light24.lt\/lv\/","name":"Light24","description":"Apgaismojums | E-veikals","inLanguage":"lv","publisher":{"@id":"https:\/\/light24.lt\/lv\/#organization"}}]},"og:locale":"lv_LV","og:site_name":"Light24 \u2022 Apgaismojums | E-veikals","og:type":"article","og:title":"Faro TOTEM 285 6,5W 3000K IP55 IK05 \u2022 Light24","og:description":"Atvainojiet, \u0161is ieraksts ir pieejams tikai Lietuvi\u0173, Deutsch, Fran\u00e7ais un Espa\u00f1ol.","og:url":"https:\/\/light24.lt\/lv\/toode\/valisvalgustid\/postvalgustid\/totem-285-concrete\/","og:image":"https:\/\/light24.lt\/wp-content\/uploads\/2023\/01\/totem__2.jpg","og:image:secure_url":"https:\/\/light24.lt\/wp-content\/uploads\/2023\/01\/totem__2.jpg","og:image:width":900,"og:image:height":900,"article:published_time":"2024-01-12T16:34:03+00:00","article:modified_time":"2025-04-03T19:06:00+00:00","article:publisher":"https:\/\/www.facebook.com\/light24.ee","twitter:card":"summary","twitter:title":"Faro TOTEM 285 6,5W 3000K IP55 IK05 \u2022 Light24","twitter:description":"Atvainojiet, \u0161is ieraksts ir pieejams tikai Lietuvi\u0173, Deutsch, Fran\u00e7ais un Espa\u00f1ol.","twitter:image":"https:\/\/light24.lt\/wp-content\/uploads\/2023\/01\/totem__2.jpg"},"aioseo_meta_data":{"post_id":"111869","title":null,"description":null,"keywords":null,"keyphrases":{"focus":{"keyphrase":"","score":0,"analysis":{"keyphraseInTitle":{"score":0,"maxScore":9,"error":1}}},"additional":[]},"primary_term":null,"canonical_url":null,"og_title":null,"og_description":null,"og_object_type":"default","og_image_type":"default","og_image_url":null,"og_image_width":null,"og_image_height":null,"og_image_custom_url":null,"og_image_custom_fields":null,"og_video":"","og_custom_url":null,"og_article_section":null,"og_article_tags":null,"twitter_use_og":false,"twitter_card":"default","twitter_image_type":"default","twitter_image_url":null,"twitter_image_custom_url":null,"twitter_image_custom_fields":null,"twitter_title":null,"twitter_description":null,"schema":{"blockGraphs":[],"customGraphs":[],"default":{"data":{"Article":[],"Course":[],"Dataset":[],"FAQPage":[],"Movie":[],"Person":[],"Product":[],"ProductReview":[],"Car":[],"Recipe":[],"Service":[],"SoftwareApplication":[],"WebPage":[]},"graphName":"Product","isEnabled":true},"graphs":[]},"schema_type":"default","schema_type_options":null,"pillar_content":false,"robots_default":true,"robots_noindex":false,"robots_noarchive":false,"robots_nosnippet":false,"robots_nofollow":false,"robots_noimageindex":false,"robots_noodp":false,"robots_notranslate":false,"robots_max_snippet":"-1","robots_max_videopreview":"-1","robots_max_imagepreview":"large","priority":null,"frequency":"default","local_seo":null,"seo_analyzer_scan_date":"2025-10-27 11:14:20","breadcrumb_settings":null,"limit_modified_date":false,"reviewed_by":null,"open_ai":"{\"title\":{\"suggestions\":[],\"usage\":0},\"description\":{\"suggestions\":[],\"usage\":0}}","ai":null,"created":"2023-01-12 16:34:03","updated":"2025-10-27 11:14:20"},"aioseo_breadcrumb":"<div class=\"aioseo-breadcrumbs\"><span class=\"aioseo-breadcrumb\">\n\t<a href=\"https:\/\/light24.lt\/lv\" title=\"Home\">Home<\/a>\n<\/span><span class=\"aioseo-breadcrumb-separator\">&raquo;<\/span><span class=\"aioseo-breadcrumb\">\n\t<a href=\"https:\/\/light24.lt\/lv\/shop\/\" title=\"E-veikals\">E-veikals<\/a>\n<\/span><span class=\"aioseo-breadcrumb-separator\">&raquo;<\/span><span class=\"aioseo-breadcrumb\">\n\t<a href=\"https:\/\/light24.lt\/lv\/product-category\/valisvalgustid\/\" title=\"\u0100ra gaismek\u013ci\">\u0100ra gaismek\u013ci<\/a>\n<\/span><span class=\"aioseo-breadcrumb-separator\">&raquo;<\/span><span class=\"aioseo-breadcrumb\">\n\t<a href=\"https:\/\/light24.lt\/lv\/product-category\/valisvalgustid\/postvalgustid\/\" title=\"P\u0101\u013cu gaismek\u013ci\">P\u0101\u013cu gaismek\u013ci<\/a>\n<\/span><span class=\"aioseo-breadcrumb-separator\">&raquo;<\/span><span class=\"aioseo-breadcrumb\">\n\tFaro TOTEM 285 6,5W 3000K IP55 IK05\n<\/span><\/div>","aioseo_breadcrumb_json":[{"label":"Home","link":"https:\/\/light24.lt\/lv"},{"label":"E-veikals","link":"https:\/\/light24.lt\/lv\/shop\/"},{"label":"\u0100ra gaismek\u013ci","link":"https:\/\/light24.lt\/lv\/product-category\/valisvalgustid\/"},{"label":"P\u0101\u013cu gaismek\u013ci","link":"https:\/\/light24.lt\/lv\/product-category\/valisvalgustid\/postvalgustid\/"},{"label":"Faro TOTEM 285 6,5W 3000K IP55 IK05","link":"https:\/\/light24.lt\/lv\/toode\/valisvalgustid\/postvalgustid\/totem-285-concrete\/"}],"_links":{"self":[{"href":"https:\/\/light24.lt\/lv\/wp-json\/wp\/v2\/product\/111869","targetHints":{"allow":["GET"]}}],"collection":[{"href":"https:\/\/light24.lt\/lv\/wp-json\/wp\/v2\/product"}],"about":[{"href":"https:\/\/light24.lt\/lv\/wp-json\/wp\/v2\/types\/product"}],"replies":[{"embeddable":true,"href":"https:\/\/light24.lt\/lv\/wp-json\/wp\/v2\/comments?post=111869"}],"wp:featuredmedia":[{"embeddable":true,"href":"https:\/\/light24.lt\/lv\/wp-json\/wp\/v2\/media\/129634"}],"wp:attachment":[{"href":"https:\/\/light24.lt\/lv\/wp-json\/wp\/v2\/media?parent=111869"}],"wp:term":[{"taxonomy":"product_cat","embeddable":true,"href":"https:\/\/light24.lt\/lv\/wp-json\/wp\/v2\/product_cat?post=111869"},{"taxonomy":"product_tag","embeddable":true,"href":"https:\/\/light24.lt\/lv\/wp-json\/wp\/v2\/product_tag?post=111869"}],"curies":[{"name":"wp","href":"https:\/\/api.w.org\/{rel}","templated":true}]}}