{"id":93280,"date":"2021-10-30T20:32:38","date_gmt":"2021-10-30T17:32:38","guid":{"rendered":"https:\/\/www.light24.ee\/?post_type=product&#038;p=93280"},"modified":"2022-04-28T21:06:33","modified_gmt":"2022-04-28T18:06:33","slug":"rippvalgusti-vetola-12","status":"publish","type":"product","link":"https:\/\/light24.lt\/lt\/toode\/siseruumide_valgustid\/rippvalgustid\/rippvalgusti-vetola-12\/","title":{"rendered":"Vetola 12"},"content":{"rendered":"<p><img decoding=\"async\" class=\"alignnone size-full wp-image-92823\" src=\"https:\/\/www.light24.ee\/wp-content\/uploads\/2021\/10\/Berella_.jpg\" alt=\"\" width=\"189\" height=\"69\" \/><\/p>\n","protected":false},"excerpt":{"rendered":"","protected":false},"featured_media":93281,"comment_status":"closed","ping_status":"closed","template":"","meta":{"_acf_changed":false},"product_cat":[7280,248],"product_tag":[7128],"class_list":{"0":"post-93280","1":"product","2":"type-product","3":"status-publish","4":"has-post-thumbnail","6":"product_cat-siseruumide_valgustid","7":"product_cat-rippvalgustid","8":"product_tag-berella","9":"product_shipping_class-standard","10":"pa_materjal-metall","11":"pa_materjal-klaas","12":"pa_ruumid-elutuba","13":"pa_ruumid-soogituba","14":"pa_ruumid-magamistuba","15":"pa_ruumid-kook","16":"pa_ruumid-esik_ja_trepihall","17":"pa_ruumid-hotellid-ja-restoranid","18":"pa_tarneaeg-10-paeva","19":"pa_tehnilised-andmed-12-max-8w-led-g9","20":"pa_varv-kuldne","21":"pa_varv-labipaistev","23":"first","24":"instock","25":"taxable","26":"shipping-taxable","27":"purchasable","28":"product-type-simple"},"acf":[],"aioseo_notices":[],"aioseo_head":"\n\t\t<!-- All in One SEO Pro 4.9.5.2 - aioseo.com -->\n\t<meta name=\"robots\" content=\"max-image-preview:large\" \/>\n\t<meta name=\"google-site-verification\" content=\"nxgDPK3Ouk6bwvuxlwlzeMOKszmf-8m57RDu5zAgN-Y\" \/>\n\t<link rel=\"canonical\" href=\"https:\/\/light24.lt\/lt\/toode\/siseruumide_valgustid\/rippvalgustid\/rippvalgusti-vetola-12\/\" \/>\n\t<meta name=\"generator\" content=\"All in One SEO Pro (AIOSEO) 4.9.5.2\" \/>\n\t\t<meta property=\"og:locale\" content=\"lt_LT\" \/>\n\t\t<meta property=\"og:site_name\" content=\"Light24 \u2022 \u0160viestuvai elektronin\u0117 parduotuv\u0117 | Profesional\u016bs ap\u0161vietimo sprendimai\" \/>\n\t\t<meta property=\"og:type\" content=\"article\" \/>\n\t\t<meta property=\"og:title\" content=\"Vetola 12 \u2022 Light24\" \/>\n\t\t<meta property=\"og:url\" content=\"https:\/\/light24.lt\/lt\/toode\/siseruumide_valgustid\/rippvalgustid\/rippvalgusti-vetola-12\/\" \/>\n\t\t<meta property=\"og:image\" content=\"https:\/\/light24.lt\/wp-content\/uploads\/2021\/10\/vetola.jpg\" \/>\n\t\t<meta property=\"og:image:secure_url\" content=\"https:\/\/light24.lt\/wp-content\/uploads\/2021\/10\/vetola.jpg\" \/>\n\t\t<meta property=\"og:image:width\" content=\"632\" \/>\n\t\t<meta property=\"og:image:height\" content=\"633\" \/>\n\t\t<meta property=\"article:published_time\" content=\"2021-10-30T17:32:38+00:00\" \/>\n\t\t<meta property=\"article:modified_time\" content=\"2022-04-28T18:06:33+00:00\" \/>\n\t\t<meta property=\"article:publisher\" content=\"https:\/\/www.facebook.com\/light24.ee\" \/>\n\t\t<meta name=\"twitter:card\" content=\"summary\" \/>\n\t\t<meta name=\"twitter:title\" content=\"Vetola 12 \u2022 Light24\" \/>\n\t\t<meta name=\"twitter:image\" content=\"https:\/\/light24.lt\/wp-content\/uploads\/2021\/10\/vetola.jpg\" \/>\n\t\t<script type=\"application\/ld+json\" class=\"aioseo-schema\">\n\t\t\t{\"@context\":\"https:\\\/\\\/schema.org\",\"@graph\":[{\"@type\":\"BreadcrumbList\",\"@id\":\"https:\\\/\\\/light24.lt\\\/lt\\\/toode\\\/siseruumide_valgustid\\\/rippvalgustid\\\/rippvalgusti-vetola-12\\\/#breadcrumblist\",\"itemListElement\":[{\"@type\":\"ListItem\",\"@id\":\"https:\\\/\\\/light24.lt\\\/lt#listItem\",\"position\":1,\"name\":\"Home\",\"item\":\"https:\\\/\\\/light24.lt\\\/lt\",\"nextItem\":{\"@type\":\"ListItem\",\"@id\":\"https:\\\/\\\/light24.lt\\\/lt\\\/shop\\\/#listItem\",\"name\":\"Parduotuv\\u0117\"}},{\"@type\":\"ListItem\",\"@id\":\"https:\\\/\\\/light24.lt\\\/lt\\\/shop\\\/#listItem\",\"position\":2,\"name\":\"Parduotuv\\u0117\",\"item\":\"https:\\\/\\\/light24.lt\\\/lt\\\/shop\\\/\",\"nextItem\":{\"@type\":\"ListItem\",\"@id\":\"https:\\\/\\\/light24.lt\\\/lt\\\/product-category\\\/siseruumide_valgustid\\\/#listItem\",\"name\":\"Vidaus patalp\\u0173 \\u0161viestuvai\"},\"previousItem\":{\"@type\":\"ListItem\",\"@id\":\"https:\\\/\\\/light24.lt\\\/lt#listItem\",\"name\":\"Home\"}},{\"@type\":\"ListItem\",\"@id\":\"https:\\\/\\\/light24.lt\\\/lt\\\/product-category\\\/siseruumide_valgustid\\\/#listItem\",\"position\":3,\"name\":\"Vidaus patalp\\u0173 \\u0161viestuvai\",\"item\":\"https:\\\/\\\/light24.lt\\\/lt\\\/product-category\\\/siseruumide_valgustid\\\/\",\"nextItem\":{\"@type\":\"ListItem\",\"@id\":\"https:\\\/\\\/light24.lt\\\/lt\\\/product-category\\\/siseruumide_valgustid\\\/rippvalgustid\\\/#listItem\",\"name\":\"Pakabinami \\u0161viestuvai\"},\"previousItem\":{\"@type\":\"ListItem\",\"@id\":\"https:\\\/\\\/light24.lt\\\/lt\\\/shop\\\/#listItem\",\"name\":\"Parduotuv\\u0117\"}},{\"@type\":\"ListItem\",\"@id\":\"https:\\\/\\\/light24.lt\\\/lt\\\/product-category\\\/siseruumide_valgustid\\\/rippvalgustid\\\/#listItem\",\"position\":4,\"name\":\"Pakabinami \\u0161viestuvai\",\"item\":\"https:\\\/\\\/light24.lt\\\/lt\\\/product-category\\\/siseruumide_valgustid\\\/rippvalgustid\\\/\",\"nextItem\":{\"@type\":\"ListItem\",\"@id\":\"https:\\\/\\\/light24.lt\\\/lt\\\/toode\\\/siseruumide_valgustid\\\/rippvalgustid\\\/rippvalgusti-vetola-12\\\/#listItem\",\"name\":\"Vetola 12\"},\"previousItem\":{\"@type\":\"ListItem\",\"@id\":\"https:\\\/\\\/light24.lt\\\/lt\\\/product-category\\\/siseruumide_valgustid\\\/#listItem\",\"name\":\"Vidaus patalp\\u0173 \\u0161viestuvai\"}},{\"@type\":\"ListItem\",\"@id\":\"https:\\\/\\\/light24.lt\\\/lt\\\/toode\\\/siseruumide_valgustid\\\/rippvalgustid\\\/rippvalgusti-vetola-12\\\/#listItem\",\"position\":5,\"name\":\"Vetola 12\",\"previousItem\":{\"@type\":\"ListItem\",\"@id\":\"https:\\\/\\\/light24.lt\\\/lt\\\/product-category\\\/siseruumide_valgustid\\\/rippvalgustid\\\/#listItem\",\"name\":\"Pakabinami \\u0161viestuvai\"}}]},{\"@type\":\"Organization\",\"@id\":\"https:\\\/\\\/light24.lt\\\/lt\\\/#organization\",\"name\":\"Light24\",\"description\":\"\\u0160viestuvai elektronin\\u0117 parduotuv\\u0117 | Profesional\\u016bs ap\\u0161vietimo sprendimai\",\"url\":\"https:\\\/\\\/light24.lt\\\/lt\\\/\",\"telephone\":\"+3725184133\",\"logo\":{\"@type\":\"ImageObject\",\"url\":\"https:\\\/\\\/www.light24.ee\\\/wp-content\\\/uploads\\\/2022\\\/03\\\/Shape-2-3.svg\",\"@id\":\"https:\\\/\\\/light24.lt\\\/lt\\\/toode\\\/siseruumide_valgustid\\\/rippvalgustid\\\/rippvalgusti-vetola-12\\\/#organizationLogo\"},\"image\":{\"@id\":\"https:\\\/\\\/light24.lt\\\/lt\\\/toode\\\/siseruumide_valgustid\\\/rippvalgustid\\\/rippvalgusti-vetola-12\\\/#organizationLogo\"},\"sameAs\":[\"https:\\\/\\\/www.facebook.com\\\/light24.ee\",\"https:\\\/\\\/www.instagram.com\\\/light24official\\\/\"]},{\"@type\":\"Product\",\"@id\":\"https:\\\/\\\/light24.lt\\\/lt\\\/toode\\\/siseruumide_valgustid\\\/rippvalgustid\\\/rippvalgusti-vetola-12\\\/#wooCommerceProduct\",\"name\":\"Vetola 12\",\"url\":\"https:\\\/\\\/light24.lt\\\/lt\\\/toode\\\/siseruumide_valgustid\\\/rippvalgustid\\\/rippvalgusti-vetola-12\\\/\",\"sku\":\"BER11007\",\"image\":{\"@type\":\"ImageObject\",\"url\":\"https:\\\/\\\/light24.lt\\\/wp-content\\\/uploads\\\/2021\\\/10\\\/vetola.jpg\",\"@id\":\"https:\\\/\\\/light24.lt\\\/lt\\\/toode\\\/siseruumide_valgustid\\\/rippvalgustid\\\/rippvalgusti-vetola-12\\\/#productImage\",\"width\":632,\"height\":633},\"offers\":{\"@type\":\"Offer\",\"url\":\"https:\\\/\\\/light24.lt\\\/lt\\\/toode\\\/siseruumide_valgustid\\\/rippvalgustid\\\/rippvalgusti-vetola-12\\\/#wooCommerceOffer\",\"price\":545,\"priceCurrency\":\"EUR\",\"category\":\"Vidaus patalp\\u0173 \\u0161viestuvai\",\"availability\":\"https:\\\/\\\/schema.org\\\/InStock\",\"priceSpecification\":{\"@type\":\"PriceSpecification\",\"price\":545,\"priceCurrency\":\"EUR\",\"valueAddedTaxIncluded\":\"true\"},\"seller\":{\"@type\":\"Organization\",\"@id\":\"https:\\\/\\\/light24.lt\\\/lt\\\/#organization\"}}},{\"@type\":\"WebPage\",\"@id\":\"https:\\\/\\\/light24.lt\\\/lt\\\/toode\\\/siseruumide_valgustid\\\/rippvalgustid\\\/rippvalgusti-vetola-12\\\/#webpage\",\"url\":\"https:\\\/\\\/light24.lt\\\/lt\\\/toode\\\/siseruumide_valgustid\\\/rippvalgustid\\\/rippvalgusti-vetola-12\\\/\",\"name\":\"Vetola 12 \\u2022 Light24\",\"inLanguage\":\"lt-LT\",\"isPartOf\":{\"@id\":\"https:\\\/\\\/light24.lt\\\/lt\\\/#website\"},\"breadcrumb\":{\"@id\":\"https:\\\/\\\/light24.lt\\\/lt\\\/toode\\\/siseruumide_valgustid\\\/rippvalgustid\\\/rippvalgusti-vetola-12\\\/#breadcrumblist\"},\"image\":{\"@type\":\"ImageObject\",\"url\":\"https:\\\/\\\/light24.lt\\\/wp-content\\\/uploads\\\/2021\\\/10\\\/vetola.jpg\",\"@id\":\"https:\\\/\\\/light24.lt\\\/lt\\\/toode\\\/siseruumide_valgustid\\\/rippvalgustid\\\/rippvalgusti-vetola-12\\\/#mainImage\",\"width\":632,\"height\":633},\"primaryImageOfPage\":{\"@id\":\"https:\\\/\\\/light24.lt\\\/lt\\\/toode\\\/siseruumide_valgustid\\\/rippvalgustid\\\/rippvalgusti-vetola-12\\\/#mainImage\"},\"datePublished\":\"2021-10-30T20:32:38+03:00\",\"dateModified\":\"2022-04-28T21:06:33+03:00\"},{\"@type\":\"WebSite\",\"@id\":\"https:\\\/\\\/light24.lt\\\/lt\\\/#website\",\"url\":\"https:\\\/\\\/light24.lt\\\/lt\\\/\",\"name\":\"Light24\",\"description\":\"\\u0160viestuvai elektronin\\u0117 parduotuv\\u0117 | Profesional\\u016bs ap\\u0161vietimo sprendimai\",\"inLanguage\":\"lt-LT\",\"publisher\":{\"@id\":\"https:\\\/\\\/light24.lt\\\/lt\\\/#organization\"}}]}\n\t\t<\/script>\n\t\t<!-- All in One SEO Pro -->\r\n\t\t<title>Vetola 12 \u2022 Light24<\/title>\n\n","aioseo_head_json":{"title":"Vetola 12 \u2022 Light24","description":"","canonical_url":"https:\/\/light24.lt\/lt\/toode\/siseruumide_valgustid\/rippvalgustid\/rippvalgusti-vetola-12\/","robots":"max-image-preview:large","keywords":"","webmasterTools":{"google-site-verification":"nxgDPK3Ouk6bwvuxlwlzeMOKszmf-8m57RDu5zAgN-Y","miscellaneous":""},"schema":{"@context":"https:\/\/schema.org","@graph":[{"@type":"BreadcrumbList","@id":"https:\/\/light24.lt\/lt\/toode\/siseruumide_valgustid\/rippvalgustid\/rippvalgusti-vetola-12\/#breadcrumblist","itemListElement":[{"@type":"ListItem","@id":"https:\/\/light24.lt\/lt#listItem","position":1,"name":"Home","item":"https:\/\/light24.lt\/lt","nextItem":{"@type":"ListItem","@id":"https:\/\/light24.lt\/lt\/shop\/#listItem","name":"Parduotuv\u0117"}},{"@type":"ListItem","@id":"https:\/\/light24.lt\/lt\/shop\/#listItem","position":2,"name":"Parduotuv\u0117","item":"https:\/\/light24.lt\/lt\/shop\/","nextItem":{"@type":"ListItem","@id":"https:\/\/light24.lt\/lt\/product-category\/siseruumide_valgustid\/#listItem","name":"Vidaus patalp\u0173 \u0161viestuvai"},"previousItem":{"@type":"ListItem","@id":"https:\/\/light24.lt\/lt#listItem","name":"Home"}},{"@type":"ListItem","@id":"https:\/\/light24.lt\/lt\/product-category\/siseruumide_valgustid\/#listItem","position":3,"name":"Vidaus patalp\u0173 \u0161viestuvai","item":"https:\/\/light24.lt\/lt\/product-category\/siseruumide_valgustid\/","nextItem":{"@type":"ListItem","@id":"https:\/\/light24.lt\/lt\/product-category\/siseruumide_valgustid\/rippvalgustid\/#listItem","name":"Pakabinami \u0161viestuvai"},"previousItem":{"@type":"ListItem","@id":"https:\/\/light24.lt\/lt\/shop\/#listItem","name":"Parduotuv\u0117"}},{"@type":"ListItem","@id":"https:\/\/light24.lt\/lt\/product-category\/siseruumide_valgustid\/rippvalgustid\/#listItem","position":4,"name":"Pakabinami \u0161viestuvai","item":"https:\/\/light24.lt\/lt\/product-category\/siseruumide_valgustid\/rippvalgustid\/","nextItem":{"@type":"ListItem","@id":"https:\/\/light24.lt\/lt\/toode\/siseruumide_valgustid\/rippvalgustid\/rippvalgusti-vetola-12\/#listItem","name":"Vetola 12"},"previousItem":{"@type":"ListItem","@id":"https:\/\/light24.lt\/lt\/product-category\/siseruumide_valgustid\/#listItem","name":"Vidaus patalp\u0173 \u0161viestuvai"}},{"@type":"ListItem","@id":"https:\/\/light24.lt\/lt\/toode\/siseruumide_valgustid\/rippvalgustid\/rippvalgusti-vetola-12\/#listItem","position":5,"name":"Vetola 12","previousItem":{"@type":"ListItem","@id":"https:\/\/light24.lt\/lt\/product-category\/siseruumide_valgustid\/rippvalgustid\/#listItem","name":"Pakabinami \u0161viestuvai"}}]},{"@type":"Organization","@id":"https:\/\/light24.lt\/lt\/#organization","name":"Light24","description":"\u0160viestuvai elektronin\u0117 parduotuv\u0117 | Profesional\u016bs ap\u0161vietimo sprendimai","url":"https:\/\/light24.lt\/lt\/","telephone":"+3725184133","logo":{"@type":"ImageObject","url":"https:\/\/www.light24.ee\/wp-content\/uploads\/2022\/03\/Shape-2-3.svg","@id":"https:\/\/light24.lt\/lt\/toode\/siseruumide_valgustid\/rippvalgustid\/rippvalgusti-vetola-12\/#organizationLogo"},"image":{"@id":"https:\/\/light24.lt\/lt\/toode\/siseruumide_valgustid\/rippvalgustid\/rippvalgusti-vetola-12\/#organizationLogo"},"sameAs":["https:\/\/www.facebook.com\/light24.ee","https:\/\/www.instagram.com\/light24official\/"]},{"@type":"Product","@id":"https:\/\/light24.lt\/lt\/toode\/siseruumide_valgustid\/rippvalgustid\/rippvalgusti-vetola-12\/#wooCommerceProduct","name":"Vetola 12","url":"https:\/\/light24.lt\/lt\/toode\/siseruumide_valgustid\/rippvalgustid\/rippvalgusti-vetola-12\/","sku":"BER11007","image":{"@type":"ImageObject","url":"https:\/\/light24.lt\/wp-content\/uploads\/2021\/10\/vetola.jpg","@id":"https:\/\/light24.lt\/lt\/toode\/siseruumide_valgustid\/rippvalgustid\/rippvalgusti-vetola-12\/#productImage","width":632,"height":633},"offers":{"@type":"Offer","url":"https:\/\/light24.lt\/lt\/toode\/siseruumide_valgustid\/rippvalgustid\/rippvalgusti-vetola-12\/#wooCommerceOffer","price":545,"priceCurrency":"EUR","category":"Vidaus patalp\u0173 \u0161viestuvai","availability":"https:\/\/schema.org\/InStock","priceSpecification":{"@type":"PriceSpecification","price":545,"priceCurrency":"EUR","valueAddedTaxIncluded":"true"},"seller":{"@type":"Organization","@id":"https:\/\/light24.lt\/lt\/#organization"}}},{"@type":"WebPage","@id":"https:\/\/light24.lt\/lt\/toode\/siseruumide_valgustid\/rippvalgustid\/rippvalgusti-vetola-12\/#webpage","url":"https:\/\/light24.lt\/lt\/toode\/siseruumide_valgustid\/rippvalgustid\/rippvalgusti-vetola-12\/","name":"Vetola 12 \u2022 Light24","inLanguage":"lt-LT","isPartOf":{"@id":"https:\/\/light24.lt\/lt\/#website"},"breadcrumb":{"@id":"https:\/\/light24.lt\/lt\/toode\/siseruumide_valgustid\/rippvalgustid\/rippvalgusti-vetola-12\/#breadcrumblist"},"image":{"@type":"ImageObject","url":"https:\/\/light24.lt\/wp-content\/uploads\/2021\/10\/vetola.jpg","@id":"https:\/\/light24.lt\/lt\/toode\/siseruumide_valgustid\/rippvalgustid\/rippvalgusti-vetola-12\/#mainImage","width":632,"height":633},"primaryImageOfPage":{"@id":"https:\/\/light24.lt\/lt\/toode\/siseruumide_valgustid\/rippvalgustid\/rippvalgusti-vetola-12\/#mainImage"},"datePublished":"2021-10-30T20:32:38+03:00","dateModified":"2022-04-28T21:06:33+03:00"},{"@type":"WebSite","@id":"https:\/\/light24.lt\/lt\/#website","url":"https:\/\/light24.lt\/lt\/","name":"Light24","description":"\u0160viestuvai elektronin\u0117 parduotuv\u0117 | Profesional\u016bs ap\u0161vietimo sprendimai","inLanguage":"lt-LT","publisher":{"@id":"https:\/\/light24.lt\/lt\/#organization"}}]},"og:locale":"lt_LT","og:site_name":"Light24 \u2022 \u0160viestuvai elektronin\u0117 parduotuv\u0117 | Profesional\u016bs ap\u0161vietimo sprendimai","og:type":"article","og:title":"Vetola 12 \u2022 Light24","og:url":"https:\/\/light24.lt\/lt\/toode\/siseruumide_valgustid\/rippvalgustid\/rippvalgusti-vetola-12\/","og:image":"https:\/\/light24.lt\/wp-content\/uploads\/2021\/10\/vetola.jpg","og:image:secure_url":"https:\/\/light24.lt\/wp-content\/uploads\/2021\/10\/vetola.jpg","og:image:width":632,"og:image:height":633,"article:published_time":"2021-10-30T17:32:38+00:00","article:modified_time":"2022-04-28T18:06:33+00:00","article:publisher":"https:\/\/www.facebook.com\/light24.ee","twitter:card":"summary","twitter:title":"Vetola 12 \u2022 Light24","twitter:image":"https:\/\/light24.lt\/wp-content\/uploads\/2021\/10\/vetola.jpg"},"aioseo_meta_data":{"post_id":"93280","title":null,"description":null,"keywords":[],"keyphrases":{"focus":{"keyphrase":"","score":0,"analysis":{"keyphraseInTitle":{"score":0,"maxScore":9,"error":1}}},"additional":[]},"primary_term":null,"canonical_url":null,"og_title":null,"og_description":null,"og_object_type":"default","og_image_type":"default","og_image_url":null,"og_image_width":null,"og_image_height":null,"og_image_custom_url":null,"og_image_custom_fields":null,"og_video":"","og_custom_url":null,"og_article_section":null,"og_article_tags":[],"twitter_use_og":false,"twitter_card":"default","twitter_image_type":"default","twitter_image_url":null,"twitter_image_custom_url":null,"twitter_image_custom_fields":null,"twitter_title":null,"twitter_description":null,"schema":{"blockGraphs":[],"customGraphs":[],"default":{"data":{"Article":[],"Course":[],"Dataset":[],"FAQPage":[],"Movie":[],"Person":[],"Product":[],"ProductReview":[],"Car":[],"Recipe":[],"Service":[],"SoftwareApplication":[],"WebPage":[]},"graphName":"","isEnabled":true},"graphs":[],"defaultGraph":"WebPage","defaultPostTypeGraph":""},"schema_type":"default","schema_type_options":"{\"article\":{\"articleType\":\"BlogPosting\"},\"course\":{\"name\":\"\",\"description\":\"\",\"provider\":\"\"},\"faq\":{\"pages\":[]},\"product\":{\"reviews\":[]},\"recipe\":{\"ingredients\":[],\"instructions\":[],\"keywords\":[]},\"software\":{\"reviews\":[],\"operatingSystems\":[]},\"webPage\":{\"webPageType\":\"WebPage\"}}","pillar_content":false,"robots_default":true,"robots_noindex":false,"robots_noarchive":false,"robots_nosnippet":false,"robots_nofollow":false,"robots_noimageindex":false,"robots_noodp":false,"robots_notranslate":false,"robots_max_snippet":"-1","robots_max_videopreview":"-1","robots_max_imagepreview":"large","priority":null,"frequency":"default","local_seo":null,"seo_analyzer_scan_date":"2025-10-27 02:27:27","breadcrumb_settings":null,"limit_modified_date":false,"reviewed_by":null,"open_ai":null,"ai":null,"created":"2022-02-17 17:04:01","updated":"2025-10-27 02:27:27"},"aioseo_breadcrumb":"<div class=\"aioseo-breadcrumbs\"><span class=\"aioseo-breadcrumb\">\n\t<a href=\"https:\/\/light24.lt\/lt\" title=\"Home\">Home<\/a>\n<\/span><span class=\"aioseo-breadcrumb-separator\">&raquo;<\/span><span class=\"aioseo-breadcrumb\">\n\t<a href=\"https:\/\/light24.lt\/lt\/shop\/\" title=\"Parduotuv\u0117\">Parduotuv\u0117<\/a>\n<\/span><span class=\"aioseo-breadcrumb-separator\">&raquo;<\/span><span class=\"aioseo-breadcrumb\">\n\t<a href=\"https:\/\/light24.lt\/lt\/product-category\/siseruumide_valgustid\/\" title=\"Vidaus patalp\u0173 \u0161viestuvai\">Vidaus patalp\u0173 \u0161viestuvai<\/a>\n<\/span><span class=\"aioseo-breadcrumb-separator\">&raquo;<\/span><span class=\"aioseo-breadcrumb\">\n\t<a href=\"https:\/\/light24.lt\/lt\/product-category\/siseruumide_valgustid\/rippvalgustid\/\" title=\"Pakabinami \u0161viestuvai\">Pakabinami \u0161viestuvai<\/a>\n<\/span><span class=\"aioseo-breadcrumb-separator\">&raquo;<\/span><span class=\"aioseo-breadcrumb\">\n\tVetola 12\n<\/span><\/div>","aioseo_breadcrumb_json":[{"label":"Home","link":"https:\/\/light24.lt\/lt"},{"label":"Parduotuv\u0117","link":"https:\/\/light24.lt\/lt\/shop\/"},{"label":"Vidaus patalp\u0173 \u0161viestuvai","link":"https:\/\/light24.lt\/lt\/product-category\/siseruumide_valgustid\/"},{"label":"Pakabinami \u0161viestuvai","link":"https:\/\/light24.lt\/lt\/product-category\/siseruumide_valgustid\/rippvalgustid\/"},{"label":"Vetola 12","link":"https:\/\/light24.lt\/lt\/toode\/siseruumide_valgustid\/rippvalgustid\/rippvalgusti-vetola-12\/"}],"_links":{"self":[{"href":"https:\/\/light24.lt\/lt\/wp-json\/wp\/v2\/product\/93280","targetHints":{"allow":["GET"]}}],"collection":[{"href":"https:\/\/light24.lt\/lt\/wp-json\/wp\/v2\/product"}],"about":[{"href":"https:\/\/light24.lt\/lt\/wp-json\/wp\/v2\/types\/product"}],"replies":[{"embeddable":true,"href":"https:\/\/light24.lt\/lt\/wp-json\/wp\/v2\/comments?post=93280"}],"wp:featuredmedia":[{"embeddable":true,"href":"https:\/\/light24.lt\/lt\/wp-json\/wp\/v2\/media\/93281"}],"wp:attachment":[{"href":"https:\/\/light24.lt\/lt\/wp-json\/wp\/v2\/media?parent=93280"}],"wp:term":[{"taxonomy":"product_cat","embeddable":true,"href":"https:\/\/light24.lt\/lt\/wp-json\/wp\/v2\/product_cat?post=93280"},{"taxonomy":"product_tag","embeddable":true,"href":"https:\/\/light24.lt\/lt\/wp-json\/wp\/v2\/product_tag?post=93280"}],"curies":[{"name":"wp","href":"https:\/\/api.w.org\/{rel}","templated":true}]}}