{"id":77944,"date":"2021-02-04T12:31:51","date_gmt":"2021-02-04T10:31:51","guid":{"rendered":"https:\/\/www.light24.ee\/?post_type=product&#038;p=77944"},"modified":"2023-04-10T14:06:20","modified_gmt":"2023-04-10T11:06:20","slug":"siinivalgusti-marvel","status":"publish","type":"product","link":"https:\/\/light24.lt\/lt\/toode\/siseruumide_valgustid\/3f-siinivalgustid\/siinivalgusti-marvel\/","title":{"rendered":"MARVEL"},"content":{"rendered":"<p class=\"qtranxs-available-languages-message qtranxs-available-languages-message-lt\">Atsipra\u0161ome, \u0161is puslapis galimas tik <a href=\"https:\/\/light24.lt\/et\/wp-json\/wp\/v2\/product\/77944\" class=\"qtranxs-available-language-link qtranxs-available-language-link-et\" title=\"Eesti\">Eesti<\/a>, <a href=\"https:\/\/light24.lt\/en\/wp-json\/wp\/v2\/product\/77944\" class=\"qtranxs-available-language-link qtranxs-available-language-link-en\" title=\"English\">English<\/a>, <a href=\"https:\/\/light24.lt\/ru\/wp-json\/wp\/v2\/product\/77944\" class=\"qtranxs-available-language-link qtranxs-available-language-link-ru\" title=\"\u0420\u0443\u0441\u0441\u043a\u0438\u0439\">\u0420\u0443\u0441\u0441\u043a\u0438\u0439<\/a>, <a href=\"https:\/\/light24.lt\/fi\/wp-json\/wp\/v2\/product\/77944\" class=\"qtranxs-available-language-link qtranxs-available-language-link-fi\" title=\"Suomi\">Suomi<\/a> ir <a href=\"https:\/\/light24.lt\/lv\/wp-json\/wp\/v2\/product\/77944\" class=\"qtranxs-available-language-link qtranxs-available-language-link-lv\" title=\"Latvie\u0161u\">Latvie\u0161u<\/a>.<\/p>","protected":false},"excerpt":{"rendered":"<p>Atsipra\u0161ome, \u0161is puslapis galimas tik Eesti, English, \u0420\u0443\u0441\u0441\u043a\u0438\u0439, Suomi ir Latvie\u0161u.<\/p>\n","protected":false},"featured_media":77948,"comment_status":"closed","ping_status":"closed","template":"","meta":{"_acf_changed":false},"product_cat":[7280,3388],"product_tag":[1913],"class_list":{"0":"post-77944","1":"product","2":"type-product","3":"status-publish","4":"has-post-thumbnail","6":"product_cat-siseruumide_valgustid","7":"product_cat-3f-siinivalgustid","8":"product_tag-maxlight","9":"product_shipping_class-small","10":"pa_materjal-metall","11":"pa_ruumid-kaubanduspinnad","12":"pa_ruumid-buroo","13":"pa_ruumid-galerii","14":"pa_ruumid-laoruumid","15":"pa_ruumid-tootmisruumid","16":"pa_ruumid-hotellid-ja-restoranid","17":"pa_tarneaeg-10-paeva","18":"pa_tehnilised-andmed-12w-led-3000k-cri90","19":"pa_varv-valge","21":"first","22":"instock","23":"taxable","24":"shipping-taxable","25":"purchasable","26":"product-type-simple"},"acf":[],"aioseo_notices":[],"aioseo_head":"\n\t\t<!-- All in One SEO Pro 4.9.5.2 - aioseo.com -->\n\t<meta name=\"description\" content=\"Atsipra\u0161ome, \u0161is puslapis galimas tik Eesti.\" \/>\n\t<meta name=\"robots\" content=\"max-image-preview:large\" \/>\n\t<meta name=\"google-site-verification\" content=\"nxgDPK3Ouk6bwvuxlwlzeMOKszmf-8m57RDu5zAgN-Y\" \/>\n\t<link rel=\"canonical\" href=\"https:\/\/light24.lt\/lt\/toode\/siseruumide_valgustid\/3f-siinivalgustid\/siinivalgusti-marvel\/\" \/>\n\t<meta name=\"generator\" content=\"All in One SEO Pro (AIOSEO) 4.9.5.2\" \/>\n\t\t<meta property=\"og:locale\" content=\"lt_LT\" \/>\n\t\t<meta property=\"og:site_name\" content=\"Light24 \u2022 \u0160viestuvai elektronin\u0117 parduotuv\u0117 | Profesional\u016bs ap\u0161vietimo sprendimai\" \/>\n\t\t<meta property=\"og:type\" content=\"article\" \/>\n\t\t<meta property=\"og:title\" content=\"MARVEL \u2022 Light24\" \/>\n\t\t<meta property=\"og:description\" content=\"Atsipra\u0161ome, \u0161is puslapis galimas tik Eesti.\" \/>\n\t\t<meta property=\"og:url\" content=\"https:\/\/light24.lt\/lt\/toode\/siseruumide_valgustid\/3f-siinivalgustid\/siinivalgusti-marvel\/\" \/>\n\t\t<meta property=\"og:image\" content=\"https:\/\/light24.lt\/wp-content\/uploads\/2021\/02\/1-17.jpg\" \/>\n\t\t<meta property=\"og:image:secure_url\" content=\"https:\/\/light24.lt\/wp-content\/uploads\/2021\/02\/1-17.jpg\" \/>\n\t\t<meta property=\"og:image:width\" content=\"787\" \/>\n\t\t<meta property=\"og:image:height\" content=\"787\" \/>\n\t\t<meta property=\"article:published_time\" content=\"2021-02-04T10:31:51+00:00\" \/>\n\t\t<meta property=\"article:modified_time\" content=\"2023-04-10T11:06:20+00:00\" \/>\n\t\t<meta property=\"article:publisher\" content=\"https:\/\/www.facebook.com\/light24.ee\" \/>\n\t\t<meta name=\"twitter:card\" content=\"summary\" \/>\n\t\t<meta name=\"twitter:title\" content=\"MARVEL \u2022 Light24\" \/>\n\t\t<meta name=\"twitter:description\" content=\"Atsipra\u0161ome, \u0161is puslapis galimas tik Eesti.\" \/>\n\t\t<meta name=\"twitter:image\" content=\"https:\/\/light24.lt\/wp-content\/uploads\/2021\/02\/1-17.jpg\" \/>\n\t\t<script type=\"application\/ld+json\" class=\"aioseo-schema\">\n\t\t\t{\"@context\":\"https:\\\/\\\/schema.org\",\"@graph\":[{\"@type\":\"BreadcrumbList\",\"@id\":\"https:\\\/\\\/light24.lt\\\/lt\\\/toode\\\/siseruumide_valgustid\\\/3f-siinivalgustid\\\/siinivalgusti-marvel\\\/#breadcrumblist\",\"itemListElement\":[{\"@type\":\"ListItem\",\"@id\":\"https:\\\/\\\/light24.lt\\\/lt#listItem\",\"position\":1,\"name\":\"Home\",\"item\":\"https:\\\/\\\/light24.lt\\\/lt\",\"nextItem\":{\"@type\":\"ListItem\",\"@id\":\"https:\\\/\\\/light24.lt\\\/lt\\\/shop\\\/#listItem\",\"name\":\"Parduotuv\\u0117\"}},{\"@type\":\"ListItem\",\"@id\":\"https:\\\/\\\/light24.lt\\\/lt\\\/shop\\\/#listItem\",\"position\":2,\"name\":\"Parduotuv\\u0117\",\"item\":\"https:\\\/\\\/light24.lt\\\/lt\\\/shop\\\/\",\"nextItem\":{\"@type\":\"ListItem\",\"@id\":\"https:\\\/\\\/light24.lt\\\/lt\\\/product-category\\\/siseruumide_valgustid\\\/#listItem\",\"name\":\"Vidaus patalp\\u0173 \\u0161viestuvai\"},\"previousItem\":{\"@type\":\"ListItem\",\"@id\":\"https:\\\/\\\/light24.lt\\\/lt#listItem\",\"name\":\"Home\"}},{\"@type\":\"ListItem\",\"@id\":\"https:\\\/\\\/light24.lt\\\/lt\\\/product-category\\\/siseruumide_valgustid\\\/#listItem\",\"position\":3,\"name\":\"Vidaus patalp\\u0173 \\u0161viestuvai\",\"item\":\"https:\\\/\\\/light24.lt\\\/lt\\\/product-category\\\/siseruumide_valgustid\\\/\",\"nextItem\":{\"@type\":\"ListItem\",\"@id\":\"https:\\\/\\\/light24.lt\\\/lt\\\/product-category\\\/siseruumide_valgustid\\\/3f-siinivalgustid\\\/#listItem\",\"name\":\"3F B\\u0117giniai \\u0161viestuvai\"},\"previousItem\":{\"@type\":\"ListItem\",\"@id\":\"https:\\\/\\\/light24.lt\\\/lt\\\/shop\\\/#listItem\",\"name\":\"Parduotuv\\u0117\"}},{\"@type\":\"ListItem\",\"@id\":\"https:\\\/\\\/light24.lt\\\/lt\\\/product-category\\\/siseruumide_valgustid\\\/3f-siinivalgustid\\\/#listItem\",\"position\":4,\"name\":\"3F B\\u0117giniai \\u0161viestuvai\",\"item\":\"https:\\\/\\\/light24.lt\\\/lt\\\/product-category\\\/siseruumide_valgustid\\\/3f-siinivalgustid\\\/\",\"nextItem\":{\"@type\":\"ListItem\",\"@id\":\"https:\\\/\\\/light24.lt\\\/lt\\\/toode\\\/siseruumide_valgustid\\\/3f-siinivalgustid\\\/siinivalgusti-marvel\\\/#listItem\",\"name\":\"MARVEL\"},\"previousItem\":{\"@type\":\"ListItem\",\"@id\":\"https:\\\/\\\/light24.lt\\\/lt\\\/product-category\\\/siseruumide_valgustid\\\/#listItem\",\"name\":\"Vidaus patalp\\u0173 \\u0161viestuvai\"}},{\"@type\":\"ListItem\",\"@id\":\"https:\\\/\\\/light24.lt\\\/lt\\\/toode\\\/siseruumide_valgustid\\\/3f-siinivalgustid\\\/siinivalgusti-marvel\\\/#listItem\",\"position\":5,\"name\":\"MARVEL\",\"previousItem\":{\"@type\":\"ListItem\",\"@id\":\"https:\\\/\\\/light24.lt\\\/lt\\\/product-category\\\/siseruumide_valgustid\\\/3f-siinivalgustid\\\/#listItem\",\"name\":\"3F B\\u0117giniai \\u0161viestuvai\"}}]},{\"@type\":\"Organization\",\"@id\":\"https:\\\/\\\/light24.lt\\\/lt\\\/#organization\",\"name\":\"Light24\",\"description\":\"\\u0160viestuvai elektronin\\u0117 parduotuv\\u0117 | Profesional\\u016bs ap\\u0161vietimo sprendimai\",\"url\":\"https:\\\/\\\/light24.lt\\\/lt\\\/\",\"telephone\":\"+3725184133\",\"logo\":{\"@type\":\"ImageObject\",\"url\":\"https:\\\/\\\/www.light24.ee\\\/wp-content\\\/uploads\\\/2022\\\/03\\\/Shape-2-3.svg\",\"@id\":\"https:\\\/\\\/light24.lt\\\/lt\\\/toode\\\/siseruumide_valgustid\\\/3f-siinivalgustid\\\/siinivalgusti-marvel\\\/#organizationLogo\"},\"image\":{\"@id\":\"https:\\\/\\\/light24.lt\\\/lt\\\/toode\\\/siseruumide_valgustid\\\/3f-siinivalgustid\\\/siinivalgusti-marvel\\\/#organizationLogo\"},\"sameAs\":[\"https:\\\/\\\/www.facebook.com\\\/light24.ee\",\"https:\\\/\\\/www.instagram.com\\\/light24official\\\/\"]},{\"@type\":\"Product\",\"@id\":\"https:\\\/\\\/light24.lt\\\/lt\\\/toode\\\/siseruumide_valgustid\\\/3f-siinivalgustid\\\/siinivalgusti-marvel\\\/#wooCommerceProduct\",\"name\":\"MARVEL\",\"url\":\"https:\\\/\\\/light24.lt\\\/lt\\\/toode\\\/siseruumide_valgustid\\\/3f-siinivalgustid\\\/siinivalgusti-marvel\\\/\",\"sku\":\"MXL112849\",\"image\":{\"@type\":\"ImageObject\",\"url\":\"https:\\\/\\\/light24.lt\\\/wp-content\\\/uploads\\\/2021\\\/02\\\/1-17.jpg\",\"@id\":\"https:\\\/\\\/light24.lt\\\/lt\\\/toode\\\/siseruumide_valgustid\\\/3f-siinivalgustid\\\/siinivalgusti-marvel\\\/#productImage\",\"width\":787,\"height\":787},\"offers\":{\"@type\":\"Offer\",\"url\":\"https:\\\/\\\/light24.lt\\\/lt\\\/toode\\\/siseruumide_valgustid\\\/3f-siinivalgustid\\\/siinivalgusti-marvel\\\/#wooCommerceOffer\",\"price\":100,\"priceCurrency\":\"EUR\",\"category\":\"Vidaus patalp\\u0173 \\u0161viestuvai\",\"availability\":\"https:\\\/\\\/schema.org\\\/InStock\",\"priceSpecification\":{\"@type\":\"PriceSpecification\",\"price\":100,\"priceCurrency\":\"EUR\",\"valueAddedTaxIncluded\":\"true\"},\"seller\":{\"@type\":\"Organization\",\"@id\":\"https:\\\/\\\/light24.lt\\\/lt\\\/#organization\"}}},{\"@type\":\"WebPage\",\"@id\":\"https:\\\/\\\/light24.lt\\\/lt\\\/toode\\\/siseruumide_valgustid\\\/3f-siinivalgustid\\\/siinivalgusti-marvel\\\/#webpage\",\"url\":\"https:\\\/\\\/light24.lt\\\/lt\\\/toode\\\/siseruumide_valgustid\\\/3f-siinivalgustid\\\/siinivalgusti-marvel\\\/\",\"name\":\"MARVEL \\u2022 Light24\",\"description\":\"Atsipra\\u0161ome, \\u0161is puslapis galimas tik Eesti.\",\"inLanguage\":\"lt-LT\",\"isPartOf\":{\"@id\":\"https:\\\/\\\/light24.lt\\\/lt\\\/#website\"},\"breadcrumb\":{\"@id\":\"https:\\\/\\\/light24.lt\\\/lt\\\/toode\\\/siseruumide_valgustid\\\/3f-siinivalgustid\\\/siinivalgusti-marvel\\\/#breadcrumblist\"},\"image\":{\"@type\":\"ImageObject\",\"url\":\"https:\\\/\\\/light24.lt\\\/wp-content\\\/uploads\\\/2021\\\/02\\\/1-17.jpg\",\"@id\":\"https:\\\/\\\/light24.lt\\\/lt\\\/toode\\\/siseruumide_valgustid\\\/3f-siinivalgustid\\\/siinivalgusti-marvel\\\/#mainImage\",\"width\":787,\"height\":787},\"primaryImageOfPage\":{\"@id\":\"https:\\\/\\\/light24.lt\\\/lt\\\/toode\\\/siseruumide_valgustid\\\/3f-siinivalgustid\\\/siinivalgusti-marvel\\\/#mainImage\"},\"datePublished\":\"2021-02-04T12:31:51+02:00\",\"dateModified\":\"2023-04-10T14:06:20+03:00\"},{\"@type\":\"WebSite\",\"@id\":\"https:\\\/\\\/light24.lt\\\/lt\\\/#website\",\"url\":\"https:\\\/\\\/light24.lt\\\/lt\\\/\",\"name\":\"Light24\",\"description\":\"\\u0160viestuvai elektronin\\u0117 parduotuv\\u0117 | Profesional\\u016bs ap\\u0161vietimo sprendimai\",\"inLanguage\":\"lt-LT\",\"publisher\":{\"@id\":\"https:\\\/\\\/light24.lt\\\/lt\\\/#organization\"}}]}\n\t\t<\/script>\n\t\t<!-- All in One SEO Pro -->\r\n\t\t<title>MARVEL \u2022 Light24<\/title>\n\n","aioseo_head_json":{"title":"MARVEL \u2022 Light24","description":"Atsipra\u0161ome, \u0161is puslapis galimas tik Eesti.","canonical_url":"https:\/\/light24.lt\/lt\/toode\/siseruumide_valgustid\/3f-siinivalgustid\/siinivalgusti-marvel\/","robots":"max-image-preview:large","keywords":"","webmasterTools":{"google-site-verification":"nxgDPK3Ouk6bwvuxlwlzeMOKszmf-8m57RDu5zAgN-Y","miscellaneous":""},"schema":{"@context":"https:\/\/schema.org","@graph":[{"@type":"BreadcrumbList","@id":"https:\/\/light24.lt\/lt\/toode\/siseruumide_valgustid\/3f-siinivalgustid\/siinivalgusti-marvel\/#breadcrumblist","itemListElement":[{"@type":"ListItem","@id":"https:\/\/light24.lt\/lt#listItem","position":1,"name":"Home","item":"https:\/\/light24.lt\/lt","nextItem":{"@type":"ListItem","@id":"https:\/\/light24.lt\/lt\/shop\/#listItem","name":"Parduotuv\u0117"}},{"@type":"ListItem","@id":"https:\/\/light24.lt\/lt\/shop\/#listItem","position":2,"name":"Parduotuv\u0117","item":"https:\/\/light24.lt\/lt\/shop\/","nextItem":{"@type":"ListItem","@id":"https:\/\/light24.lt\/lt\/product-category\/siseruumide_valgustid\/#listItem","name":"Vidaus patalp\u0173 \u0161viestuvai"},"previousItem":{"@type":"ListItem","@id":"https:\/\/light24.lt\/lt#listItem","name":"Home"}},{"@type":"ListItem","@id":"https:\/\/light24.lt\/lt\/product-category\/siseruumide_valgustid\/#listItem","position":3,"name":"Vidaus patalp\u0173 \u0161viestuvai","item":"https:\/\/light24.lt\/lt\/product-category\/siseruumide_valgustid\/","nextItem":{"@type":"ListItem","@id":"https:\/\/light24.lt\/lt\/product-category\/siseruumide_valgustid\/3f-siinivalgustid\/#listItem","name":"3F B\u0117giniai \u0161viestuvai"},"previousItem":{"@type":"ListItem","@id":"https:\/\/light24.lt\/lt\/shop\/#listItem","name":"Parduotuv\u0117"}},{"@type":"ListItem","@id":"https:\/\/light24.lt\/lt\/product-category\/siseruumide_valgustid\/3f-siinivalgustid\/#listItem","position":4,"name":"3F B\u0117giniai \u0161viestuvai","item":"https:\/\/light24.lt\/lt\/product-category\/siseruumide_valgustid\/3f-siinivalgustid\/","nextItem":{"@type":"ListItem","@id":"https:\/\/light24.lt\/lt\/toode\/siseruumide_valgustid\/3f-siinivalgustid\/siinivalgusti-marvel\/#listItem","name":"MARVEL"},"previousItem":{"@type":"ListItem","@id":"https:\/\/light24.lt\/lt\/product-category\/siseruumide_valgustid\/#listItem","name":"Vidaus patalp\u0173 \u0161viestuvai"}},{"@type":"ListItem","@id":"https:\/\/light24.lt\/lt\/toode\/siseruumide_valgustid\/3f-siinivalgustid\/siinivalgusti-marvel\/#listItem","position":5,"name":"MARVEL","previousItem":{"@type":"ListItem","@id":"https:\/\/light24.lt\/lt\/product-category\/siseruumide_valgustid\/3f-siinivalgustid\/#listItem","name":"3F B\u0117giniai \u0161viestuvai"}}]},{"@type":"Organization","@id":"https:\/\/light24.lt\/lt\/#organization","name":"Light24","description":"\u0160viestuvai elektronin\u0117 parduotuv\u0117 | Profesional\u016bs ap\u0161vietimo sprendimai","url":"https:\/\/light24.lt\/lt\/","telephone":"+3725184133","logo":{"@type":"ImageObject","url":"https:\/\/www.light24.ee\/wp-content\/uploads\/2022\/03\/Shape-2-3.svg","@id":"https:\/\/light24.lt\/lt\/toode\/siseruumide_valgustid\/3f-siinivalgustid\/siinivalgusti-marvel\/#organizationLogo"},"image":{"@id":"https:\/\/light24.lt\/lt\/toode\/siseruumide_valgustid\/3f-siinivalgustid\/siinivalgusti-marvel\/#organizationLogo"},"sameAs":["https:\/\/www.facebook.com\/light24.ee","https:\/\/www.instagram.com\/light24official\/"]},{"@type":"Product","@id":"https:\/\/light24.lt\/lt\/toode\/siseruumide_valgustid\/3f-siinivalgustid\/siinivalgusti-marvel\/#wooCommerceProduct","name":"MARVEL","url":"https:\/\/light24.lt\/lt\/toode\/siseruumide_valgustid\/3f-siinivalgustid\/siinivalgusti-marvel\/","sku":"MXL112849","image":{"@type":"ImageObject","url":"https:\/\/light24.lt\/wp-content\/uploads\/2021\/02\/1-17.jpg","@id":"https:\/\/light24.lt\/lt\/toode\/siseruumide_valgustid\/3f-siinivalgustid\/siinivalgusti-marvel\/#productImage","width":787,"height":787},"offers":{"@type":"Offer","url":"https:\/\/light24.lt\/lt\/toode\/siseruumide_valgustid\/3f-siinivalgustid\/siinivalgusti-marvel\/#wooCommerceOffer","price":100,"priceCurrency":"EUR","category":"Vidaus patalp\u0173 \u0161viestuvai","availability":"https:\/\/schema.org\/InStock","priceSpecification":{"@type":"PriceSpecification","price":100,"priceCurrency":"EUR","valueAddedTaxIncluded":"true"},"seller":{"@type":"Organization","@id":"https:\/\/light24.lt\/lt\/#organization"}}},{"@type":"WebPage","@id":"https:\/\/light24.lt\/lt\/toode\/siseruumide_valgustid\/3f-siinivalgustid\/siinivalgusti-marvel\/#webpage","url":"https:\/\/light24.lt\/lt\/toode\/siseruumide_valgustid\/3f-siinivalgustid\/siinivalgusti-marvel\/","name":"MARVEL \u2022 Light24","description":"Atsipra\u0161ome, \u0161is puslapis galimas tik Eesti.","inLanguage":"lt-LT","isPartOf":{"@id":"https:\/\/light24.lt\/lt\/#website"},"breadcrumb":{"@id":"https:\/\/light24.lt\/lt\/toode\/siseruumide_valgustid\/3f-siinivalgustid\/siinivalgusti-marvel\/#breadcrumblist"},"image":{"@type":"ImageObject","url":"https:\/\/light24.lt\/wp-content\/uploads\/2021\/02\/1-17.jpg","@id":"https:\/\/light24.lt\/lt\/toode\/siseruumide_valgustid\/3f-siinivalgustid\/siinivalgusti-marvel\/#mainImage","width":787,"height":787},"primaryImageOfPage":{"@id":"https:\/\/light24.lt\/lt\/toode\/siseruumide_valgustid\/3f-siinivalgustid\/siinivalgusti-marvel\/#mainImage"},"datePublished":"2021-02-04T12:31:51+02:00","dateModified":"2023-04-10T14:06:20+03:00"},{"@type":"WebSite","@id":"https:\/\/light24.lt\/lt\/#website","url":"https:\/\/light24.lt\/lt\/","name":"Light24","description":"\u0160viestuvai elektronin\u0117 parduotuv\u0117 | Profesional\u016bs ap\u0161vietimo sprendimai","inLanguage":"lt-LT","publisher":{"@id":"https:\/\/light24.lt\/lt\/#organization"}}]},"og:locale":"lt_LT","og:site_name":"Light24 \u2022 \u0160viestuvai elektronin\u0117 parduotuv\u0117 | Profesional\u016bs ap\u0161vietimo sprendimai","og:type":"article","og:title":"MARVEL \u2022 Light24","og:description":"Atsipra\u0161ome, \u0161is puslapis galimas tik Eesti.","og:url":"https:\/\/light24.lt\/lt\/toode\/siseruumide_valgustid\/3f-siinivalgustid\/siinivalgusti-marvel\/","og:image":"https:\/\/light24.lt\/wp-content\/uploads\/2021\/02\/1-17.jpg","og:image:secure_url":"https:\/\/light24.lt\/wp-content\/uploads\/2021\/02\/1-17.jpg","og:image:width":787,"og:image:height":787,"article:published_time":"2021-02-04T10:31:51+00:00","article:modified_time":"2023-04-10T11:06:20+00:00","article:publisher":"https:\/\/www.facebook.com\/light24.ee","twitter:card":"summary","twitter:title":"MARVEL \u2022 Light24","twitter:description":"Atsipra\u0161ome, \u0161is puslapis galimas tik Eesti.","twitter:image":"https:\/\/light24.lt\/wp-content\/uploads\/2021\/02\/1-17.jpg"},"aioseo_meta_data":{"post_id":"77944","title":null,"description":null,"keywords":[],"keyphrases":{"focus":{"keyphrase":"","score":0,"analysis":{"keyphraseInTitle":{"score":0,"maxScore":9,"error":1}}},"additional":[]},"primary_term":null,"canonical_url":null,"og_title":null,"og_description":null,"og_object_type":"default","og_image_type":"default","og_image_url":null,"og_image_width":null,"og_image_height":null,"og_image_custom_url":null,"og_image_custom_fields":null,"og_video":"","og_custom_url":null,"og_article_section":null,"og_article_tags":[],"twitter_use_og":false,"twitter_card":"default","twitter_image_type":"default","twitter_image_url":null,"twitter_image_custom_url":null,"twitter_image_custom_fields":null,"twitter_title":null,"twitter_description":null,"schema":{"blockGraphs":[],"customGraphs":[],"default":{"data":{"Article":[],"Course":[],"Dataset":[],"FAQPage":[],"Movie":[],"Person":[],"Product":[],"ProductReview":[],"Car":[],"Recipe":[],"Service":[],"SoftwareApplication":[],"WebPage":[]},"graphName":"ItemPage","isEnabled":true},"graphs":[],"defaultGraph":"","defaultPostTypeGraph":""},"schema_type":"default","schema_type_options":null,"pillar_content":false,"robots_default":true,"robots_noindex":false,"robots_noarchive":false,"robots_nosnippet":false,"robots_nofollow":false,"robots_noimageindex":false,"robots_noodp":false,"robots_notranslate":false,"robots_max_snippet":"-1","robots_max_videopreview":"-1","robots_max_imagepreview":"large","priority":null,"frequency":"default","local_seo":null,"seo_analyzer_scan_date":"2025-10-26 23:12:42","breadcrumb_settings":null,"limit_modified_date":false,"reviewed_by":null,"open_ai":"{\"title\":{\"suggestions\":[],\"usage\":0},\"description\":{\"suggestions\":[],\"usage\":0}}","ai":null,"created":"2022-02-17 16:58:44","updated":"2025-10-26 23:12:42"},"aioseo_breadcrumb":"<div class=\"aioseo-breadcrumbs\"><span class=\"aioseo-breadcrumb\">\n\t<a href=\"https:\/\/light24.lt\/lt\" title=\"Home\">Home<\/a>\n<\/span><span class=\"aioseo-breadcrumb-separator\">&raquo;<\/span><span class=\"aioseo-breadcrumb\">\n\t<a href=\"https:\/\/light24.lt\/lt\/shop\/\" title=\"Parduotuv\u0117\">Parduotuv\u0117<\/a>\n<\/span><span class=\"aioseo-breadcrumb-separator\">&raquo;<\/span><span class=\"aioseo-breadcrumb\">\n\t<a href=\"https:\/\/light24.lt\/lt\/product-category\/siseruumide_valgustid\/\" title=\"Vidaus patalp\u0173 \u0161viestuvai\">Vidaus patalp\u0173 \u0161viestuvai<\/a>\n<\/span><span class=\"aioseo-breadcrumb-separator\">&raquo;<\/span><span class=\"aioseo-breadcrumb\">\n\t<a href=\"https:\/\/light24.lt\/lt\/product-category\/siseruumide_valgustid\/3f-siinivalgustid\/\" title=\"3F B\u0117giniai \u0161viestuvai\">3F B\u0117giniai \u0161viestuvai<\/a>\n<\/span><span class=\"aioseo-breadcrumb-separator\">&raquo;<\/span><span class=\"aioseo-breadcrumb\">\n\tMARVEL\n<\/span><\/div>","aioseo_breadcrumb_json":[{"label":"Home","link":"https:\/\/light24.lt\/lt"},{"label":"Parduotuv\u0117","link":"https:\/\/light24.lt\/lt\/shop\/"},{"label":"Vidaus patalp\u0173 \u0161viestuvai","link":"https:\/\/light24.lt\/lt\/product-category\/siseruumide_valgustid\/"},{"label":"3F B\u0117giniai \u0161viestuvai","link":"https:\/\/light24.lt\/lt\/product-category\/siseruumide_valgustid\/3f-siinivalgustid\/"},{"label":"MARVEL","link":"https:\/\/light24.lt\/lt\/toode\/siseruumide_valgustid\/3f-siinivalgustid\/siinivalgusti-marvel\/"}],"_links":{"self":[{"href":"https:\/\/light24.lt\/lt\/wp-json\/wp\/v2\/product\/77944","targetHints":{"allow":["GET"]}}],"collection":[{"href":"https:\/\/light24.lt\/lt\/wp-json\/wp\/v2\/product"}],"about":[{"href":"https:\/\/light24.lt\/lt\/wp-json\/wp\/v2\/types\/product"}],"replies":[{"embeddable":true,"href":"https:\/\/light24.lt\/lt\/wp-json\/wp\/v2\/comments?post=77944"}],"wp:featuredmedia":[{"embeddable":true,"href":"https:\/\/light24.lt\/lt\/wp-json\/wp\/v2\/media\/77948"}],"wp:attachment":[{"href":"https:\/\/light24.lt\/lt\/wp-json\/wp\/v2\/media?parent=77944"}],"wp:term":[{"taxonomy":"product_cat","embeddable":true,"href":"https:\/\/light24.lt\/lt\/wp-json\/wp\/v2\/product_cat?post=77944"},{"taxonomy":"product_tag","embeddable":true,"href":"https:\/\/light24.lt\/lt\/wp-json\/wp\/v2\/product_tag?post=77944"}],"curies":[{"name":"wp","href":"https:\/\/api.w.org\/{rel}","templated":true}]}}