{"id":75230,"date":"2023-01-25T06:38:27","date_gmt":"2023-01-25T04:38:27","guid":{"rendered":"https:\/\/www.light24.ee\/?post_type=product&#038;p=75230"},"modified":"2025-03-28T21:33:12","modified_gmt":"2025-03-28T19:33:12","slug":"valis-suundvalgusti-slot-led","status":"publish","type":"product","link":"https:\/\/light24.lt\/lt\/toode\/valisvalgustid\/teisaldatavad_valisvalgustid\/valis-suundvalgusti-slot-led\/","title":{"rendered":"FARO SLOT 14W 3000K IP65"},"content":{"rendered":"","protected":false},"excerpt":{"rendered":"","protected":false},"featured_media":113025,"comment_status":"closed","ping_status":"closed","template":"","meta":{"_acf_changed":false},"product_cat":[2903,2923],"product_tag":[379],"class_list":{"0":"post-75230","1":"product","2":"type-product","3":"status-publish","4":"has-post-thumbnail","6":"product_cat-valisvalgustid","7":"product_cat-teisaldatavad_valisvalgustid","8":"product_tag-faro","9":"product_shipping_class-small","10":"pa_ip-kaitseklass-1819","11":"pa_materjal-alumiinium","12":"pa_materjal-klaas","13":"pa_moodud-l692cm","14":"pa_moodud-l35-cm","15":"pa_otstarve-valis-suundvalgustid","16":"pa_ruumid-oueala","17":"pa_ruumid-terrass","18":"pa_ruumid-fassaad","19":"pa_ruumid-aed","20":"pa_ruumid-aiatee","21":"pa_ruumid-hoone","22":"pa_ruumid-haljasala","23":"pa_tarneaeg-3-paeva","24":"pa_tehnilised-andmed-14w-led-3000k","25":"pa_varv-must","27":"first","28":"instock","29":"sale","30":"taxable","31":"shipping-taxable","32":"purchasable","33":"product-type-variable"},"acf":[],"aioseo_notices":[],"aioseo_head":"\n\t\t<!-- All in One SEO Pro 4.9.6.1 - aioseo.com -->\n\t<meta name=\"robots\" content=\"max-image-preview:large\" \/>\n\t<meta name=\"google-site-verification\" content=\"nxgDPK3Ouk6bwvuxlwlzeMOKszmf-8m57RDu5zAgN-Y\" \/>\n\t<link rel=\"canonical\" href=\"https:\/\/light24.lt\/lt\/toode\/valisvalgustid\/teisaldatavad_valisvalgustid\/valis-suundvalgusti-slot-led\/\" \/>\n\t<meta name=\"generator\" content=\"All in One SEO Pro (AIOSEO) 4.9.6.1\" \/>\n\t\t<meta property=\"og:locale\" content=\"lt_LT\" \/>\n\t\t<meta property=\"og:site_name\" content=\"Light24 \u2022 \u0160viestuvai elektronin\u0117 parduotuv\u0117 | Profesional\u016bs ap\u0161vietimo sprendimai\" \/>\n\t\t<meta property=\"og:type\" content=\"article\" \/>\n\t\t<meta property=\"og:title\" content=\"FARO SLOT 14W 3000K IP65 \u2022 Light24\" \/>\n\t\t<meta property=\"og:url\" content=\"https:\/\/light24.lt\/lt\/toode\/valisvalgustid\/teisaldatavad_valisvalgustid\/valis-suundvalgusti-slot-led\/\" \/>\n\t\t<meta property=\"og:image\" content=\"https:\/\/light24.lt\/wp-content\/uploads\/2023\/01\/Slot.jpg\" \/>\n\t\t<meta property=\"og:image:secure_url\" content=\"https:\/\/light24.lt\/wp-content\/uploads\/2023\/01\/Slot.jpg\" \/>\n\t\t<meta property=\"og:image:width\" content=\"1400\" \/>\n\t\t<meta property=\"og:image:height\" content=\"1400\" \/>\n\t\t<meta property=\"article:published_time\" content=\"2023-01-25T04:38:27+00:00\" \/>\n\t\t<meta property=\"article:modified_time\" content=\"2025-03-28T19:33:12+00:00\" \/>\n\t\t<meta property=\"article:publisher\" content=\"https:\/\/www.facebook.com\/light24.ee\" \/>\n\t\t<meta name=\"twitter:card\" content=\"summary\" \/>\n\t\t<meta name=\"twitter:title\" content=\"FARO SLOT 14W 3000K IP65 \u2022 Light24\" \/>\n\t\t<meta name=\"twitter:image\" content=\"https:\/\/light24.lt\/wp-content\/uploads\/2023\/01\/Slot.jpg\" \/>\n\t\t<script type=\"application\/ld+json\" class=\"aioseo-schema\">\n\t\t\t{\"@context\":\"https:\\\/\\\/schema.org\",\"@graph\":[{\"@type\":\"BreadcrumbList\",\"@id\":\"https:\\\/\\\/light24.lt\\\/lt\\\/toode\\\/valisvalgustid\\\/teisaldatavad_valisvalgustid\\\/valis-suundvalgusti-slot-led\\\/#breadcrumblist\",\"itemListElement\":[{\"@type\":\"ListItem\",\"@id\":\"https:\\\/\\\/light24.lt\\\/lt#listItem\",\"position\":1,\"name\":\"Home\",\"item\":\"https:\\\/\\\/light24.lt\\\/lt\",\"nextItem\":{\"@type\":\"ListItem\",\"@id\":\"https:\\\/\\\/light24.lt\\\/lt\\\/shop\\\/#listItem\",\"name\":\"Parduotuv\\u0117\"}},{\"@type\":\"ListItem\",\"@id\":\"https:\\\/\\\/light24.lt\\\/lt\\\/shop\\\/#listItem\",\"position\":2,\"name\":\"Parduotuv\\u0117\",\"item\":\"https:\\\/\\\/light24.lt\\\/lt\\\/shop\\\/\",\"nextItem\":{\"@type\":\"ListItem\",\"@id\":\"https:\\\/\\\/light24.lt\\\/lt\\\/product-category\\\/valisvalgustid\\\/#listItem\",\"name\":\"Lauko \\u0161viestuvai\"},\"previousItem\":{\"@type\":\"ListItem\",\"@id\":\"https:\\\/\\\/light24.lt\\\/lt#listItem\",\"name\":\"Home\"}},{\"@type\":\"ListItem\",\"@id\":\"https:\\\/\\\/light24.lt\\\/lt\\\/product-category\\\/valisvalgustid\\\/#listItem\",\"position\":3,\"name\":\"Lauko \\u0161viestuvai\",\"item\":\"https:\\\/\\\/light24.lt\\\/lt\\\/product-category\\\/valisvalgustid\\\/\",\"nextItem\":{\"@type\":\"ListItem\",\"@id\":\"https:\\\/\\\/light24.lt\\\/lt\\\/product-category\\\/valisvalgustid\\\/teisaldatavad_valisvalgustid\\\/#listItem\",\"name\":\"Perkeliami lauko \\u0161viestuvai\"},\"previousItem\":{\"@type\":\"ListItem\",\"@id\":\"https:\\\/\\\/light24.lt\\\/lt\\\/shop\\\/#listItem\",\"name\":\"Parduotuv\\u0117\"}},{\"@type\":\"ListItem\",\"@id\":\"https:\\\/\\\/light24.lt\\\/lt\\\/product-category\\\/valisvalgustid\\\/teisaldatavad_valisvalgustid\\\/#listItem\",\"position\":4,\"name\":\"Perkeliami lauko \\u0161viestuvai\",\"item\":\"https:\\\/\\\/light24.lt\\\/lt\\\/product-category\\\/valisvalgustid\\\/teisaldatavad_valisvalgustid\\\/\",\"nextItem\":{\"@type\":\"ListItem\",\"@id\":\"https:\\\/\\\/light24.lt\\\/lt\\\/toode\\\/valisvalgustid\\\/teisaldatavad_valisvalgustid\\\/valis-suundvalgusti-slot-led\\\/#listItem\",\"name\":\"FARO SLOT 14W 3000K IP65\"},\"previousItem\":{\"@type\":\"ListItem\",\"@id\":\"https:\\\/\\\/light24.lt\\\/lt\\\/product-category\\\/valisvalgustid\\\/#listItem\",\"name\":\"Lauko \\u0161viestuvai\"}},{\"@type\":\"ListItem\",\"@id\":\"https:\\\/\\\/light24.lt\\\/lt\\\/toode\\\/valisvalgustid\\\/teisaldatavad_valisvalgustid\\\/valis-suundvalgusti-slot-led\\\/#listItem\",\"position\":5,\"name\":\"FARO SLOT 14W 3000K IP65\",\"previousItem\":{\"@type\":\"ListItem\",\"@id\":\"https:\\\/\\\/light24.lt\\\/lt\\\/product-category\\\/valisvalgustid\\\/teisaldatavad_valisvalgustid\\\/#listItem\",\"name\":\"Perkeliami lauko \\u0161viestuvai\"}}]},{\"@type\":\"Organization\",\"@id\":\"https:\\\/\\\/light24.lt\\\/lt\\\/#organization\",\"name\":\"Light24\",\"description\":\"\\u0160viestuvai elektronin\\u0117 parduotuv\\u0117 | Profesional\\u016bs ap\\u0161vietimo sprendimai\",\"url\":\"https:\\\/\\\/light24.lt\\\/lt\\\/\",\"telephone\":\"+3725184133\",\"logo\":{\"@type\":\"ImageObject\",\"url\":\"https:\\\/\\\/www.light24.ee\\\/wp-content\\\/uploads\\\/2022\\\/03\\\/Shape-2-3.svg\",\"@id\":\"https:\\\/\\\/light24.lt\\\/lt\\\/toode\\\/valisvalgustid\\\/teisaldatavad_valisvalgustid\\\/valis-suundvalgusti-slot-led\\\/#organizationLogo\"},\"image\":{\"@id\":\"https:\\\/\\\/light24.lt\\\/lt\\\/toode\\\/valisvalgustid\\\/teisaldatavad_valisvalgustid\\\/valis-suundvalgusti-slot-led\\\/#organizationLogo\"},\"sameAs\":[\"https:\\\/\\\/www.facebook.com\\\/light24.ee\",\"https:\\\/\\\/www.instagram.com\\\/light24official\\\/\"]},{\"@type\":\"ProductGroup\",\"@id\":\"https:\\\/\\\/light24.lt\\\/lt\\\/toode\\\/valisvalgustid\\\/teisaldatavad_valisvalgustid\\\/valis-suundvalgusti-slot-led\\\/#wooCommerceProduct\",\"name\":\"FARO SLOT 14W 3000K IP65\",\"url\":\"https:\\\/\\\/light24.lt\\\/lt\\\/toode\\\/valisvalgustid\\\/teisaldatavad_valisvalgustid\\\/valis-suundvalgusti-slot-led\\\/\",\"sku\":\"FAR11769\",\"image\":{\"@type\":\"ImageObject\",\"url\":\"https:\\\/\\\/light24.lt\\\/wp-content\\\/uploads\\\/2023\\\/01\\\/Slot.jpg\",\"@id\":\"https:\\\/\\\/light24.lt\\\/lt\\\/toode\\\/valisvalgustid\\\/teisaldatavad_valisvalgustid\\\/valis-suundvalgusti-slot-led\\\/#productImage\",\"width\":1400,\"height\":1400},\"productGroupID\":75230,\"hasVariant\":[{\"@type\":\"Product\",\"@id\":\"https:\\\/\\\/light24.lt\\\/lt\\\/toode\\\/valisvalgustid\\\/teisaldatavad_valisvalgustid\\\/valis-suundvalgusti-slot-led\\\/#wooCommerceProduct\",\"name\":\"FARO SLOT 14W 3000K IP65 - l692cm\",\"url\":\"https:\\\/\\\/light24.lt\\\/lt\\\/toode\\\/valisvalgustid\\\/teisaldatavad_valisvalgustid\\\/valis-suundvalgusti-slot-led\\\/\",\"sku\":\"FAR11769\",\"image\":{\"@type\":\"ImageObject\",\"url\":\"https:\\\/\\\/light24.lt\\\/wp-content\\\/uploads\\\/2020\\\/12\\\/slot2.jpg\",\"@id\":\"https:\\\/\\\/light24.lt\\\/lt\\\/toode\\\/valisvalgustid\\\/teisaldatavad_valisvalgustid\\\/valis-suundvalgusti-slot-led\\\/#productImage\",\"width\":636,\"height\":638},\"offers\":{\"@type\":\"Offer\",\"url\":\"https:\\\/\\\/light24.lt\\\/lt\\\/toode\\\/valisvalgustid\\\/teisaldatavad_valisvalgustid\\\/valis-suundvalgusti-slot-led\\\/#wooCommerceOffer\",\"price\":139.84,\"priceCurrency\":\"EUR\",\"category\":\"Lauko \\u0161viestuvai\",\"availability\":\"https:\\\/\\\/schema.org\\\/InStock\",\"priceSpecification\":{\"@type\":\"PriceSpecification\",\"price\":139.84,\"priceCurrency\":\"EUR\",\"valueAddedTaxIncluded\":\"true\"}}},{\"@type\":\"Product\",\"@id\":\"https:\\\/\\\/light24.lt\\\/lt\\\/toode\\\/valisvalgustid\\\/teisaldatavad_valisvalgustid\\\/valis-suundvalgusti-slot-led\\\/#wooCommerceProduct\",\"name\":\"FARO SLOT 14W 3000K IP65 - l35-cm\",\"url\":\"https:\\\/\\\/light24.lt\\\/lt\\\/toode\\\/valisvalgustid\\\/teisaldatavad_valisvalgustid\\\/valis-suundvalgusti-slot-led\\\/\",\"sku\":\"FAR11769\",\"image\":{\"@type\":\"ImageObject\",\"url\":\"https:\\\/\\\/light24.lt\\\/wp-content\\\/uploads\\\/2020\\\/12\\\/slot4.jpg\",\"@id\":\"https:\\\/\\\/light24.lt\\\/lt\\\/toode\\\/valisvalgustid\\\/teisaldatavad_valisvalgustid\\\/valis-suundvalgusti-slot-led\\\/#productImage\",\"width\":660,\"height\":659},\"offers\":{\"@type\":\"Offer\",\"url\":\"https:\\\/\\\/light24.lt\\\/lt\\\/toode\\\/valisvalgustid\\\/teisaldatavad_valisvalgustid\\\/valis-suundvalgusti-slot-led\\\/#wooCommerceOffer\",\"price\":126.04,\"priceCurrency\":\"EUR\",\"category\":\"Lauko \\u0161viestuvai\",\"availability\":\"https:\\\/\\\/schema.org\\\/InStock\",\"priceSpecification\":{\"@type\":\"PriceSpecification\",\"price\":126.04,\"priceCurrency\":\"EUR\",\"valueAddedTaxIncluded\":\"true\"}}}]},{\"@type\":\"WebPage\",\"@id\":\"https:\\\/\\\/light24.lt\\\/lt\\\/toode\\\/valisvalgustid\\\/teisaldatavad_valisvalgustid\\\/valis-suundvalgusti-slot-led\\\/#webpage\",\"url\":\"https:\\\/\\\/light24.lt\\\/lt\\\/toode\\\/valisvalgustid\\\/teisaldatavad_valisvalgustid\\\/valis-suundvalgusti-slot-led\\\/\",\"name\":\"FARO SLOT 14W 3000K IP65 \\u2022 Light24\",\"inLanguage\":\"lt-LT\",\"isPartOf\":{\"@id\":\"https:\\\/\\\/light24.lt\\\/lt\\\/#website\"},\"breadcrumb\":{\"@id\":\"https:\\\/\\\/light24.lt\\\/lt\\\/toode\\\/valisvalgustid\\\/teisaldatavad_valisvalgustid\\\/valis-suundvalgusti-slot-led\\\/#breadcrumblist\"},\"image\":{\"@type\":\"ImageObject\",\"url\":\"https:\\\/\\\/light24.lt\\\/wp-content\\\/uploads\\\/2023\\\/01\\\/Slot.jpg\",\"@id\":\"https:\\\/\\\/light24.lt\\\/lt\\\/toode\\\/valisvalgustid\\\/teisaldatavad_valisvalgustid\\\/valis-suundvalgusti-slot-led\\\/#mainImage\",\"width\":1400,\"height\":1400},\"primaryImageOfPage\":{\"@id\":\"https:\\\/\\\/light24.lt\\\/lt\\\/toode\\\/valisvalgustid\\\/teisaldatavad_valisvalgustid\\\/valis-suundvalgusti-slot-led\\\/#mainImage\"},\"datePublished\":\"2023-01-25T06:38:27+02:00\",\"dateModified\":\"2025-03-28T21:33:12+02:00\"},{\"@type\":\"WebSite\",\"@id\":\"https:\\\/\\\/light24.lt\\\/lt\\\/#website\",\"url\":\"https:\\\/\\\/light24.lt\\\/lt\\\/\",\"name\":\"Light24\",\"description\":\"\\u0160viestuvai elektronin\\u0117 parduotuv\\u0117 | Profesional\\u016bs ap\\u0161vietimo sprendimai\",\"inLanguage\":\"lt-LT\",\"publisher\":{\"@id\":\"https:\\\/\\\/light24.lt\\\/lt\\\/#organization\"}}]}\n\t\t<\/script>\n\t\t<!-- All in One SEO Pro -->\r\n\t\t<title>FARO SLOT 14W 3000K IP65 \u2022 Light24<\/title>\n\n","aioseo_head_json":{"title":"FARO SLOT 14W 3000K IP65 \u2022 Light24","description":"","canonical_url":"https:\/\/light24.lt\/lt\/toode\/valisvalgustid\/teisaldatavad_valisvalgustid\/valis-suundvalgusti-slot-led\/","robots":"max-image-preview:large","keywords":"","webmasterTools":{"google-site-verification":"nxgDPK3Ouk6bwvuxlwlzeMOKszmf-8m57RDu5zAgN-Y","miscellaneous":""},"schema":{"@context":"https:\/\/schema.org","@graph":[{"@type":"BreadcrumbList","@id":"https:\/\/light24.lt\/lt\/toode\/valisvalgustid\/teisaldatavad_valisvalgustid\/valis-suundvalgusti-slot-led\/#breadcrumblist","itemListElement":[{"@type":"ListItem","@id":"https:\/\/light24.lt\/lt#listItem","position":1,"name":"Home","item":"https:\/\/light24.lt\/lt","nextItem":{"@type":"ListItem","@id":"https:\/\/light24.lt\/lt\/shop\/#listItem","name":"Parduotuv\u0117"}},{"@type":"ListItem","@id":"https:\/\/light24.lt\/lt\/shop\/#listItem","position":2,"name":"Parduotuv\u0117","item":"https:\/\/light24.lt\/lt\/shop\/","nextItem":{"@type":"ListItem","@id":"https:\/\/light24.lt\/lt\/product-category\/valisvalgustid\/#listItem","name":"Lauko \u0161viestuvai"},"previousItem":{"@type":"ListItem","@id":"https:\/\/light24.lt\/lt#listItem","name":"Home"}},{"@type":"ListItem","@id":"https:\/\/light24.lt\/lt\/product-category\/valisvalgustid\/#listItem","position":3,"name":"Lauko \u0161viestuvai","item":"https:\/\/light24.lt\/lt\/product-category\/valisvalgustid\/","nextItem":{"@type":"ListItem","@id":"https:\/\/light24.lt\/lt\/product-category\/valisvalgustid\/teisaldatavad_valisvalgustid\/#listItem","name":"Perkeliami lauko \u0161viestuvai"},"previousItem":{"@type":"ListItem","@id":"https:\/\/light24.lt\/lt\/shop\/#listItem","name":"Parduotuv\u0117"}},{"@type":"ListItem","@id":"https:\/\/light24.lt\/lt\/product-category\/valisvalgustid\/teisaldatavad_valisvalgustid\/#listItem","position":4,"name":"Perkeliami lauko \u0161viestuvai","item":"https:\/\/light24.lt\/lt\/product-category\/valisvalgustid\/teisaldatavad_valisvalgustid\/","nextItem":{"@type":"ListItem","@id":"https:\/\/light24.lt\/lt\/toode\/valisvalgustid\/teisaldatavad_valisvalgustid\/valis-suundvalgusti-slot-led\/#listItem","name":"FARO SLOT 14W 3000K IP65"},"previousItem":{"@type":"ListItem","@id":"https:\/\/light24.lt\/lt\/product-category\/valisvalgustid\/#listItem","name":"Lauko \u0161viestuvai"}},{"@type":"ListItem","@id":"https:\/\/light24.lt\/lt\/toode\/valisvalgustid\/teisaldatavad_valisvalgustid\/valis-suundvalgusti-slot-led\/#listItem","position":5,"name":"FARO SLOT 14W 3000K IP65","previousItem":{"@type":"ListItem","@id":"https:\/\/light24.lt\/lt\/product-category\/valisvalgustid\/teisaldatavad_valisvalgustid\/#listItem","name":"Perkeliami lauko \u0161viestuvai"}}]},{"@type":"Organization","@id":"https:\/\/light24.lt\/lt\/#organization","name":"Light24","description":"\u0160viestuvai elektronin\u0117 parduotuv\u0117 | Profesional\u016bs ap\u0161vietimo sprendimai","url":"https:\/\/light24.lt\/lt\/","telephone":"+3725184133","logo":{"@type":"ImageObject","url":"https:\/\/www.light24.ee\/wp-content\/uploads\/2022\/03\/Shape-2-3.svg","@id":"https:\/\/light24.lt\/lt\/toode\/valisvalgustid\/teisaldatavad_valisvalgustid\/valis-suundvalgusti-slot-led\/#organizationLogo"},"image":{"@id":"https:\/\/light24.lt\/lt\/toode\/valisvalgustid\/teisaldatavad_valisvalgustid\/valis-suundvalgusti-slot-led\/#organizationLogo"},"sameAs":["https:\/\/www.facebook.com\/light24.ee","https:\/\/www.instagram.com\/light24official\/"]},{"@type":"ProductGroup","@id":"https:\/\/light24.lt\/lt\/toode\/valisvalgustid\/teisaldatavad_valisvalgustid\/valis-suundvalgusti-slot-led\/#wooCommerceProduct","name":"FARO SLOT 14W 3000K IP65","url":"https:\/\/light24.lt\/lt\/toode\/valisvalgustid\/teisaldatavad_valisvalgustid\/valis-suundvalgusti-slot-led\/","sku":"FAR11769","image":{"@type":"ImageObject","url":"https:\/\/light24.lt\/wp-content\/uploads\/2023\/01\/Slot.jpg","@id":"https:\/\/light24.lt\/lt\/toode\/valisvalgustid\/teisaldatavad_valisvalgustid\/valis-suundvalgusti-slot-led\/#productImage","width":1400,"height":1400},"productGroupID":75230,"hasVariant":[{"@type":"Product","@id":"https:\/\/light24.lt\/lt\/toode\/valisvalgustid\/teisaldatavad_valisvalgustid\/valis-suundvalgusti-slot-led\/#wooCommerceProduct","name":"FARO SLOT 14W 3000K IP65 - l692cm","url":"https:\/\/light24.lt\/lt\/toode\/valisvalgustid\/teisaldatavad_valisvalgustid\/valis-suundvalgusti-slot-led\/","sku":"FAR11769","image":{"@type":"ImageObject","url":"https:\/\/light24.lt\/wp-content\/uploads\/2020\/12\/slot2.jpg","@id":"https:\/\/light24.lt\/lt\/toode\/valisvalgustid\/teisaldatavad_valisvalgustid\/valis-suundvalgusti-slot-led\/#productImage","width":636,"height":638},"offers":{"@type":"Offer","url":"https:\/\/light24.lt\/lt\/toode\/valisvalgustid\/teisaldatavad_valisvalgustid\/valis-suundvalgusti-slot-led\/#wooCommerceOffer","price":139.84,"priceCurrency":"EUR","category":"Lauko \u0161viestuvai","availability":"https:\/\/schema.org\/InStock","priceSpecification":{"@type":"PriceSpecification","price":139.84,"priceCurrency":"EUR","valueAddedTaxIncluded":"true"}}},{"@type":"Product","@id":"https:\/\/light24.lt\/lt\/toode\/valisvalgustid\/teisaldatavad_valisvalgustid\/valis-suundvalgusti-slot-led\/#wooCommerceProduct","name":"FARO SLOT 14W 3000K IP65 - l35-cm","url":"https:\/\/light24.lt\/lt\/toode\/valisvalgustid\/teisaldatavad_valisvalgustid\/valis-suundvalgusti-slot-led\/","sku":"FAR11769","image":{"@type":"ImageObject","url":"https:\/\/light24.lt\/wp-content\/uploads\/2020\/12\/slot4.jpg","@id":"https:\/\/light24.lt\/lt\/toode\/valisvalgustid\/teisaldatavad_valisvalgustid\/valis-suundvalgusti-slot-led\/#productImage","width":660,"height":659},"offers":{"@type":"Offer","url":"https:\/\/light24.lt\/lt\/toode\/valisvalgustid\/teisaldatavad_valisvalgustid\/valis-suundvalgusti-slot-led\/#wooCommerceOffer","price":126.04,"priceCurrency":"EUR","category":"Lauko \u0161viestuvai","availability":"https:\/\/schema.org\/InStock","priceSpecification":{"@type":"PriceSpecification","price":126.04,"priceCurrency":"EUR","valueAddedTaxIncluded":"true"}}}]},{"@type":"WebPage","@id":"https:\/\/light24.lt\/lt\/toode\/valisvalgustid\/teisaldatavad_valisvalgustid\/valis-suundvalgusti-slot-led\/#webpage","url":"https:\/\/light24.lt\/lt\/toode\/valisvalgustid\/teisaldatavad_valisvalgustid\/valis-suundvalgusti-slot-led\/","name":"FARO SLOT 14W 3000K IP65 \u2022 Light24","inLanguage":"lt-LT","isPartOf":{"@id":"https:\/\/light24.lt\/lt\/#website"},"breadcrumb":{"@id":"https:\/\/light24.lt\/lt\/toode\/valisvalgustid\/teisaldatavad_valisvalgustid\/valis-suundvalgusti-slot-led\/#breadcrumblist"},"image":{"@type":"ImageObject","url":"https:\/\/light24.lt\/wp-content\/uploads\/2023\/01\/Slot.jpg","@id":"https:\/\/light24.lt\/lt\/toode\/valisvalgustid\/teisaldatavad_valisvalgustid\/valis-suundvalgusti-slot-led\/#mainImage","width":1400,"height":1400},"primaryImageOfPage":{"@id":"https:\/\/light24.lt\/lt\/toode\/valisvalgustid\/teisaldatavad_valisvalgustid\/valis-suundvalgusti-slot-led\/#mainImage"},"datePublished":"2023-01-25T06:38:27+02:00","dateModified":"2025-03-28T21:33:12+02:00"},{"@type":"WebSite","@id":"https:\/\/light24.lt\/lt\/#website","url":"https:\/\/light24.lt\/lt\/","name":"Light24","description":"\u0160viestuvai elektronin\u0117 parduotuv\u0117 | Profesional\u016bs ap\u0161vietimo sprendimai","inLanguage":"lt-LT","publisher":{"@id":"https:\/\/light24.lt\/lt\/#organization"}}]},"og:locale":"lt_LT","og:site_name":"Light24 \u2022 \u0160viestuvai elektronin\u0117 parduotuv\u0117 | Profesional\u016bs ap\u0161vietimo sprendimai","og:type":"article","og:title":"FARO SLOT 14W 3000K IP65 \u2022 Light24","og:url":"https:\/\/light24.lt\/lt\/toode\/valisvalgustid\/teisaldatavad_valisvalgustid\/valis-suundvalgusti-slot-led\/","og:image":"https:\/\/light24.lt\/wp-content\/uploads\/2023\/01\/Slot.jpg","og:image:secure_url":"https:\/\/light24.lt\/wp-content\/uploads\/2023\/01\/Slot.jpg","og:image:width":1400,"og:image:height":1400,"article:published_time":"2023-01-25T04:38:27+00:00","article:modified_time":"2025-03-28T19:33:12+00:00","article:publisher":"https:\/\/www.facebook.com\/light24.ee","twitter:card":"summary","twitter:title":"FARO SLOT 14W 3000K IP65 \u2022 Light24","twitter:image":"https:\/\/light24.lt\/wp-content\/uploads\/2023\/01\/Slot.jpg"},"aioseo_meta_data":{"post_id":"75230","title":null,"description":null,"keywords":null,"keyphrases":{"focus":{"keyphrase":"","score":0,"analysis":{"keyphraseInTitle":{"score":0,"maxScore":9,"error":1}}},"additional":[]},"primary_term":null,"canonical_url":null,"og_title":null,"og_description":null,"og_object_type":"default","og_image_type":"default","og_image_url":null,"og_image_width":null,"og_image_height":null,"og_image_custom_url":null,"og_image_custom_fields":null,"og_video":"","og_custom_url":null,"og_article_section":null,"og_article_tags":null,"twitter_use_og":false,"twitter_card":"default","twitter_image_type":"default","twitter_image_url":null,"twitter_image_custom_url":null,"twitter_image_custom_fields":null,"twitter_title":null,"twitter_description":null,"schema":{"blockGraphs":[],"customGraphs":[],"default":{"data":{"Article":[],"Course":[],"Dataset":[],"FAQPage":[],"Movie":[],"Person":[],"Product":[],"ProductReview":[],"Car":[],"Recipe":[],"Service":[],"SoftwareApplication":[],"WebPage":[]},"graphName":"Product","isEnabled":true},"graphs":[],"defaultGraph":"","defaultPostTypeGraph":""},"schema_type":"default","schema_type_options":null,"pillar_content":false,"robots_default":true,"robots_noindex":false,"robots_noarchive":false,"robots_nosnippet":false,"robots_nofollow":false,"robots_noimageindex":false,"robots_noodp":false,"robots_notranslate":false,"robots_max_snippet":"-1","robots_max_videopreview":"-1","robots_max_imagepreview":"large","priority":null,"frequency":"default","local_seo":null,"seo_analyzer_scan_date":"2025-10-27 06:38:55","breadcrumb_settings":null,"limit_modified_date":false,"reviewed_by":null,"open_ai":"{\"title\":{\"suggestions\":[],\"usage\":0},\"description\":{\"suggestions\":[],\"usage\":0}}","ai":null,"created":"2022-02-17 16:30:51","updated":"2025-10-27 06:38:55"},"aioseo_breadcrumb":"<div class=\"aioseo-breadcrumbs\"><span class=\"aioseo-breadcrumb\">\n\t<a href=\"https:\/\/light24.lt\/lt\" title=\"Home\">Home<\/a>\n<\/span><span class=\"aioseo-breadcrumb-separator\">&raquo;<\/span><span class=\"aioseo-breadcrumb\">\n\t<a href=\"https:\/\/light24.lt\/lt\/shop\/\" title=\"Parduotuv\u0117\">Parduotuv\u0117<\/a>\n<\/span><span class=\"aioseo-breadcrumb-separator\">&raquo;<\/span><span class=\"aioseo-breadcrumb\">\n\t<a href=\"https:\/\/light24.lt\/lt\/product-category\/valisvalgustid\/\" title=\"Lauko \u0161viestuvai\">Lauko \u0161viestuvai<\/a>\n<\/span><span class=\"aioseo-breadcrumb-separator\">&raquo;<\/span><span class=\"aioseo-breadcrumb\">\n\t<a href=\"https:\/\/light24.lt\/lt\/product-category\/valisvalgustid\/teisaldatavad_valisvalgustid\/\" title=\"Perkeliami lauko \u0161viestuvai\">Perkeliami lauko \u0161viestuvai<\/a>\n<\/span><span class=\"aioseo-breadcrumb-separator\">&raquo;<\/span><span class=\"aioseo-breadcrumb\">\n\tFARO SLOT 14W 3000K IP65\n<\/span><\/div>","aioseo_breadcrumb_json":[{"label":"Home","link":"https:\/\/light24.lt\/lt"},{"label":"Parduotuv\u0117","link":"https:\/\/light24.lt\/lt\/shop\/"},{"label":"Lauko \u0161viestuvai","link":"https:\/\/light24.lt\/lt\/product-category\/valisvalgustid\/"},{"label":"Perkeliami lauko \u0161viestuvai","link":"https:\/\/light24.lt\/lt\/product-category\/valisvalgustid\/teisaldatavad_valisvalgustid\/"},{"label":"FARO SLOT 14W 3000K IP65","link":"https:\/\/light24.lt\/lt\/toode\/valisvalgustid\/teisaldatavad_valisvalgustid\/valis-suundvalgusti-slot-led\/"}],"_links":{"self":[{"href":"https:\/\/light24.lt\/lt\/wp-json\/wp\/v2\/product\/75230","targetHints":{"allow":["GET"]}}],"collection":[{"href":"https:\/\/light24.lt\/lt\/wp-json\/wp\/v2\/product"}],"about":[{"href":"https:\/\/light24.lt\/lt\/wp-json\/wp\/v2\/types\/product"}],"replies":[{"embeddable":true,"href":"https:\/\/light24.lt\/lt\/wp-json\/wp\/v2\/comments?post=75230"}],"wp:featuredmedia":[{"embeddable":true,"href":"https:\/\/light24.lt\/lt\/wp-json\/wp\/v2\/media\/113025"}],"wp:attachment":[{"href":"https:\/\/light24.lt\/lt\/wp-json\/wp\/v2\/media?parent=75230"}],"wp:term":[{"taxonomy":"product_cat","embeddable":true,"href":"https:\/\/light24.lt\/lt\/wp-json\/wp\/v2\/product_cat?post=75230"},{"taxonomy":"product_tag","embeddable":true,"href":"https:\/\/light24.lt\/lt\/wp-json\/wp\/v2\/product_tag?post=75230"}],"curies":[{"name":"wp","href":"https:\/\/api.w.org\/{rel}","templated":true}]}}