{"id":68017,"date":"2016-03-25T09:29:45","date_gmt":"2016-03-25T07:29:45","guid":{"rendered":"https:\/\/www.light24.ee\/?post_type=product&#038;p=68017"},"modified":"2022-02-19T20:56:07","modified_gmt":"2022-02-19T18:56:07","slug":"rippvalgusti-amur-5050cm","status":"publish","type":"product","link":"https:\/\/light24.lt\/lt\/toode\/outlet\/rippvalgusti-amur-5050cm\/","title":{"rendered":"AMUR"},"content":{"rendered":"","protected":false},"excerpt":{"rendered":"","protected":false},"featured_media":68019,"comment_status":"closed","ping_status":"closed","template":"","meta":{"_acf_changed":false},"product_cat":[1591],"product_tag":[608],"class_list":{"0":"post-68017","1":"product","2":"type-product","3":"status-publish","4":"has-post-thumbnail","6":"product_cat-outlet","7":"product_tag-cleoni","8":"product_shipping_class-standard","9":"pa_ip-kaitseklass-1123","10":"pa_kogus-outletis-2321","11":"pa_materjal-metall","12":"pa_materjal-klaas","13":"pa_materjal-puit","14":"pa_ruumid-elutuba","15":"pa_ruumid-soogituba","16":"pa_ruumid-magamistuba","17":"pa_ruumid-kook","18":"pa_ruumid-esik_ja_trepihall","19":"pa_ruumid-kodukontor","20":"pa_ruumid-lastetuba","21":"pa_ruumid-hotellid-ja-restoranid","22":"pa_tarneaeg-3-paeva","23":"pa_tehnilised-andmed-315w-led-e27","24":"pa_valgusallikas-komplektis-ei","25":"pa_varv-valge","26":"pa_varv-tume-puit","28":"first","29":"instock","30":"sale","31":"taxable","32":"shipping-taxable","33":"purchasable","34":"product-type-simple"},"acf":[],"aioseo_notices":[],"aioseo_head":"\n\t\t<!-- All in One SEO Pro 4.9.5.2 - aioseo.com -->\n\t<meta name=\"robots\" content=\"max-image-preview:large\" \/>\n\t<meta name=\"google-site-verification\" content=\"nxgDPK3Ouk6bwvuxlwlzeMOKszmf-8m57RDu5zAgN-Y\" \/>\n\t<link rel=\"canonical\" href=\"https:\/\/light24.lt\/lt\/toode\/outlet\/rippvalgusti-amur-5050cm\/\" \/>\n\t<meta name=\"generator\" content=\"All in One SEO Pro (AIOSEO) 4.9.5.2\" \/>\n\t\t<meta property=\"og:locale\" content=\"lt_LT\" \/>\n\t\t<meta property=\"og:site_name\" content=\"Light24 \u2022 \u0160viestuvai elektronin\u0117 parduotuv\u0117 | Profesional\u016bs ap\u0161vietimo sprendimai\" \/>\n\t\t<meta property=\"og:type\" content=\"article\" \/>\n\t\t<meta property=\"og:title\" content=\"AMUR \u2022 Light24\" \/>\n\t\t<meta property=\"og:url\" content=\"https:\/\/light24.lt\/lt\/toode\/outlet\/rippvalgusti-amur-5050cm\/\" \/>\n\t\t<meta property=\"og:image\" content=\"https:\/\/light24.lt\/wp-content\/uploads\/2020\/03\/amur2.jpg\" \/>\n\t\t<meta property=\"og:image:secure_url\" content=\"https:\/\/light24.lt\/wp-content\/uploads\/2020\/03\/amur2.jpg\" \/>\n\t\t<meta property=\"og:image:width\" content=\"799\" \/>\n\t\t<meta property=\"og:image:height\" content=\"781\" \/>\n\t\t<meta property=\"article:published_time\" content=\"2016-03-25T07:29:45+00:00\" \/>\n\t\t<meta property=\"article:modified_time\" content=\"2022-02-19T18:56:07+00:00\" \/>\n\t\t<meta property=\"article:publisher\" content=\"https:\/\/www.facebook.com\/light24.ee\" \/>\n\t\t<meta name=\"twitter:card\" content=\"summary\" \/>\n\t\t<meta name=\"twitter:title\" content=\"AMUR \u2022 Light24\" \/>\n\t\t<meta name=\"twitter:image\" content=\"https:\/\/light24.lt\/wp-content\/uploads\/2020\/03\/amur2.jpg\" \/>\n\t\t<script type=\"application\/ld+json\" class=\"aioseo-schema\">\n\t\t\t{\"@context\":\"https:\\\/\\\/schema.org\",\"@graph\":[{\"@type\":\"BreadcrumbList\",\"@id\":\"https:\\\/\\\/light24.lt\\\/lt\\\/toode\\\/outlet\\\/rippvalgusti-amur-5050cm\\\/#breadcrumblist\",\"itemListElement\":[{\"@type\":\"ListItem\",\"@id\":\"https:\\\/\\\/light24.lt\\\/lt#listItem\",\"position\":1,\"name\":\"Home\",\"item\":\"https:\\\/\\\/light24.lt\\\/lt\",\"nextItem\":{\"@type\":\"ListItem\",\"@id\":\"https:\\\/\\\/light24.lt\\\/lt\\\/shop\\\/#listItem\",\"name\":\"Parduotuv\\u0117\"}},{\"@type\":\"ListItem\",\"@id\":\"https:\\\/\\\/light24.lt\\\/lt\\\/shop\\\/#listItem\",\"position\":2,\"name\":\"Parduotuv\\u0117\",\"item\":\"https:\\\/\\\/light24.lt\\\/lt\\\/shop\\\/\",\"nextItem\":{\"@type\":\"ListItem\",\"@id\":\"https:\\\/\\\/light24.lt\\\/lt\\\/product-category\\\/outlet\\\/#listItem\",\"name\":\"OUTLET\"},\"previousItem\":{\"@type\":\"ListItem\",\"@id\":\"https:\\\/\\\/light24.lt\\\/lt#listItem\",\"name\":\"Home\"}},{\"@type\":\"ListItem\",\"@id\":\"https:\\\/\\\/light24.lt\\\/lt\\\/product-category\\\/outlet\\\/#listItem\",\"position\":3,\"name\":\"OUTLET\",\"item\":\"https:\\\/\\\/light24.lt\\\/lt\\\/product-category\\\/outlet\\\/\",\"nextItem\":{\"@type\":\"ListItem\",\"@id\":\"https:\\\/\\\/light24.lt\\\/lt\\\/toode\\\/outlet\\\/rippvalgusti-amur-5050cm\\\/#listItem\",\"name\":\"AMUR\"},\"previousItem\":{\"@type\":\"ListItem\",\"@id\":\"https:\\\/\\\/light24.lt\\\/lt\\\/shop\\\/#listItem\",\"name\":\"Parduotuv\\u0117\"}},{\"@type\":\"ListItem\",\"@id\":\"https:\\\/\\\/light24.lt\\\/lt\\\/toode\\\/outlet\\\/rippvalgusti-amur-5050cm\\\/#listItem\",\"position\":4,\"name\":\"AMUR\",\"previousItem\":{\"@type\":\"ListItem\",\"@id\":\"https:\\\/\\\/light24.lt\\\/lt\\\/product-category\\\/outlet\\\/#listItem\",\"name\":\"OUTLET\"}}]},{\"@type\":\"Organization\",\"@id\":\"https:\\\/\\\/light24.lt\\\/lt\\\/#organization\",\"name\":\"Light24\",\"description\":\"\\u0160viestuvai elektronin\\u0117 parduotuv\\u0117 | Profesional\\u016bs ap\\u0161vietimo sprendimai\",\"url\":\"https:\\\/\\\/light24.lt\\\/lt\\\/\",\"telephone\":\"+3725184133\",\"logo\":{\"@type\":\"ImageObject\",\"url\":\"https:\\\/\\\/www.light24.ee\\\/wp-content\\\/uploads\\\/2022\\\/03\\\/Shape-2-3.svg\",\"@id\":\"https:\\\/\\\/light24.lt\\\/lt\\\/toode\\\/outlet\\\/rippvalgusti-amur-5050cm\\\/#organizationLogo\"},\"image\":{\"@id\":\"https:\\\/\\\/light24.lt\\\/lt\\\/toode\\\/outlet\\\/rippvalgusti-amur-5050cm\\\/#organizationLogo\"},\"sameAs\":[\"https:\\\/\\\/www.facebook.com\\\/light24.ee\",\"https:\\\/\\\/www.instagram.com\\\/light24official\\\/\"]},{\"@type\":\"Product\",\"@id\":\"https:\\\/\\\/light24.lt\\\/lt\\\/toode\\\/outlet\\\/rippvalgusti-amur-5050cm\\\/#wooCommerceProduct\",\"name\":\"AMUR\",\"url\":\"https:\\\/\\\/light24.lt\\\/lt\\\/toode\\\/outlet\\\/rippvalgusti-amur-5050cm\\\/\",\"sku\":\"CLE21008S_1-1\",\"image\":{\"@type\":\"ImageObject\",\"url\":\"https:\\\/\\\/light24.lt\\\/wp-content\\\/uploads\\\/2020\\\/03\\\/amur2.jpg\",\"@id\":\"https:\\\/\\\/light24.lt\\\/lt\\\/toode\\\/outlet\\\/rippvalgusti-amur-5050cm\\\/#productImage\",\"width\":799,\"height\":781},\"offers\":{\"@type\":\"Offer\",\"url\":\"https:\\\/\\\/light24.lt\\\/lt\\\/toode\\\/outlet\\\/rippvalgusti-amur-5050cm\\\/#wooCommerceOffer\",\"price\":115,\"priceCurrency\":\"EUR\",\"category\":\"OUTLET\",\"availability\":\"https:\\\/\\\/schema.org\\\/InStock\",\"priceSpecification\":{\"@type\":\"PriceSpecification\",\"price\":115,\"priceCurrency\":\"EUR\",\"valueAddedTaxIncluded\":\"true\"},\"seller\":{\"@type\":\"Organization\",\"@id\":\"https:\\\/\\\/light24.lt\\\/lt\\\/#organization\"}}},{\"@type\":\"WebPage\",\"@id\":\"https:\\\/\\\/light24.lt\\\/lt\\\/toode\\\/outlet\\\/rippvalgusti-amur-5050cm\\\/#webpage\",\"url\":\"https:\\\/\\\/light24.lt\\\/lt\\\/toode\\\/outlet\\\/rippvalgusti-amur-5050cm\\\/\",\"name\":\"AMUR \\u2022 Light24\",\"inLanguage\":\"lt-LT\",\"isPartOf\":{\"@id\":\"https:\\\/\\\/light24.lt\\\/lt\\\/#website\"},\"breadcrumb\":{\"@id\":\"https:\\\/\\\/light24.lt\\\/lt\\\/toode\\\/outlet\\\/rippvalgusti-amur-5050cm\\\/#breadcrumblist\"},\"image\":{\"@type\":\"ImageObject\",\"url\":\"https:\\\/\\\/light24.lt\\\/wp-content\\\/uploads\\\/2020\\\/03\\\/amur2.jpg\",\"@id\":\"https:\\\/\\\/light24.lt\\\/lt\\\/toode\\\/outlet\\\/rippvalgusti-amur-5050cm\\\/#mainImage\",\"width\":799,\"height\":781},\"primaryImageOfPage\":{\"@id\":\"https:\\\/\\\/light24.lt\\\/lt\\\/toode\\\/outlet\\\/rippvalgusti-amur-5050cm\\\/#mainImage\"},\"datePublished\":\"2016-03-25T09:29:45+02:00\",\"dateModified\":\"2022-02-19T20:56:07+02:00\"},{\"@type\":\"WebSite\",\"@id\":\"https:\\\/\\\/light24.lt\\\/lt\\\/#website\",\"url\":\"https:\\\/\\\/light24.lt\\\/lt\\\/\",\"name\":\"Light24\",\"description\":\"\\u0160viestuvai elektronin\\u0117 parduotuv\\u0117 | Profesional\\u016bs ap\\u0161vietimo sprendimai\",\"inLanguage\":\"lt-LT\",\"publisher\":{\"@id\":\"https:\\\/\\\/light24.lt\\\/lt\\\/#organization\"}}]}\n\t\t<\/script>\n\t\t<!-- All in One SEO Pro -->\r\n\t\t<title>AMUR \u2022 Light24<\/title>\n\n","aioseo_head_json":{"title":"AMUR \u2022 Light24","description":"","canonical_url":"https:\/\/light24.lt\/lt\/toode\/outlet\/rippvalgusti-amur-5050cm\/","robots":"max-image-preview:large","keywords":"","webmasterTools":{"google-site-verification":"nxgDPK3Ouk6bwvuxlwlzeMOKszmf-8m57RDu5zAgN-Y","miscellaneous":""},"schema":{"@context":"https:\/\/schema.org","@graph":[{"@type":"BreadcrumbList","@id":"https:\/\/light24.lt\/lt\/toode\/outlet\/rippvalgusti-amur-5050cm\/#breadcrumblist","itemListElement":[{"@type":"ListItem","@id":"https:\/\/light24.lt\/lt#listItem","position":1,"name":"Home","item":"https:\/\/light24.lt\/lt","nextItem":{"@type":"ListItem","@id":"https:\/\/light24.lt\/lt\/shop\/#listItem","name":"Parduotuv\u0117"}},{"@type":"ListItem","@id":"https:\/\/light24.lt\/lt\/shop\/#listItem","position":2,"name":"Parduotuv\u0117","item":"https:\/\/light24.lt\/lt\/shop\/","nextItem":{"@type":"ListItem","@id":"https:\/\/light24.lt\/lt\/product-category\/outlet\/#listItem","name":"OUTLET"},"previousItem":{"@type":"ListItem","@id":"https:\/\/light24.lt\/lt#listItem","name":"Home"}},{"@type":"ListItem","@id":"https:\/\/light24.lt\/lt\/product-category\/outlet\/#listItem","position":3,"name":"OUTLET","item":"https:\/\/light24.lt\/lt\/product-category\/outlet\/","nextItem":{"@type":"ListItem","@id":"https:\/\/light24.lt\/lt\/toode\/outlet\/rippvalgusti-amur-5050cm\/#listItem","name":"AMUR"},"previousItem":{"@type":"ListItem","@id":"https:\/\/light24.lt\/lt\/shop\/#listItem","name":"Parduotuv\u0117"}},{"@type":"ListItem","@id":"https:\/\/light24.lt\/lt\/toode\/outlet\/rippvalgusti-amur-5050cm\/#listItem","position":4,"name":"AMUR","previousItem":{"@type":"ListItem","@id":"https:\/\/light24.lt\/lt\/product-category\/outlet\/#listItem","name":"OUTLET"}}]},{"@type":"Organization","@id":"https:\/\/light24.lt\/lt\/#organization","name":"Light24","description":"\u0160viestuvai elektronin\u0117 parduotuv\u0117 | Profesional\u016bs ap\u0161vietimo sprendimai","url":"https:\/\/light24.lt\/lt\/","telephone":"+3725184133","logo":{"@type":"ImageObject","url":"https:\/\/www.light24.ee\/wp-content\/uploads\/2022\/03\/Shape-2-3.svg","@id":"https:\/\/light24.lt\/lt\/toode\/outlet\/rippvalgusti-amur-5050cm\/#organizationLogo"},"image":{"@id":"https:\/\/light24.lt\/lt\/toode\/outlet\/rippvalgusti-amur-5050cm\/#organizationLogo"},"sameAs":["https:\/\/www.facebook.com\/light24.ee","https:\/\/www.instagram.com\/light24official\/"]},{"@type":"Product","@id":"https:\/\/light24.lt\/lt\/toode\/outlet\/rippvalgusti-amur-5050cm\/#wooCommerceProduct","name":"AMUR","url":"https:\/\/light24.lt\/lt\/toode\/outlet\/rippvalgusti-amur-5050cm\/","sku":"CLE21008S_1-1","image":{"@type":"ImageObject","url":"https:\/\/light24.lt\/wp-content\/uploads\/2020\/03\/amur2.jpg","@id":"https:\/\/light24.lt\/lt\/toode\/outlet\/rippvalgusti-amur-5050cm\/#productImage","width":799,"height":781},"offers":{"@type":"Offer","url":"https:\/\/light24.lt\/lt\/toode\/outlet\/rippvalgusti-amur-5050cm\/#wooCommerceOffer","price":115,"priceCurrency":"EUR","category":"OUTLET","availability":"https:\/\/schema.org\/InStock","priceSpecification":{"@type":"PriceSpecification","price":115,"priceCurrency":"EUR","valueAddedTaxIncluded":"true"},"seller":{"@type":"Organization","@id":"https:\/\/light24.lt\/lt\/#organization"}}},{"@type":"WebPage","@id":"https:\/\/light24.lt\/lt\/toode\/outlet\/rippvalgusti-amur-5050cm\/#webpage","url":"https:\/\/light24.lt\/lt\/toode\/outlet\/rippvalgusti-amur-5050cm\/","name":"AMUR \u2022 Light24","inLanguage":"lt-LT","isPartOf":{"@id":"https:\/\/light24.lt\/lt\/#website"},"breadcrumb":{"@id":"https:\/\/light24.lt\/lt\/toode\/outlet\/rippvalgusti-amur-5050cm\/#breadcrumblist"},"image":{"@type":"ImageObject","url":"https:\/\/light24.lt\/wp-content\/uploads\/2020\/03\/amur2.jpg","@id":"https:\/\/light24.lt\/lt\/toode\/outlet\/rippvalgusti-amur-5050cm\/#mainImage","width":799,"height":781},"primaryImageOfPage":{"@id":"https:\/\/light24.lt\/lt\/toode\/outlet\/rippvalgusti-amur-5050cm\/#mainImage"},"datePublished":"2016-03-25T09:29:45+02:00","dateModified":"2022-02-19T20:56:07+02:00"},{"@type":"WebSite","@id":"https:\/\/light24.lt\/lt\/#website","url":"https:\/\/light24.lt\/lt\/","name":"Light24","description":"\u0160viestuvai elektronin\u0117 parduotuv\u0117 | Profesional\u016bs ap\u0161vietimo sprendimai","inLanguage":"lt-LT","publisher":{"@id":"https:\/\/light24.lt\/lt\/#organization"}}]},"og:locale":"lt_LT","og:site_name":"Light24 \u2022 \u0160viestuvai elektronin\u0117 parduotuv\u0117 | Profesional\u016bs ap\u0161vietimo sprendimai","og:type":"article","og:title":"AMUR \u2022 Light24","og:url":"https:\/\/light24.lt\/lt\/toode\/outlet\/rippvalgusti-amur-5050cm\/","og:image":"https:\/\/light24.lt\/wp-content\/uploads\/2020\/03\/amur2.jpg","og:image:secure_url":"https:\/\/light24.lt\/wp-content\/uploads\/2020\/03\/amur2.jpg","og:image:width":799,"og:image:height":781,"article:published_time":"2016-03-25T07:29:45+00:00","article:modified_time":"2022-02-19T18:56:07+00:00","article:publisher":"https:\/\/www.facebook.com\/light24.ee","twitter:card":"summary","twitter:title":"AMUR \u2022 Light24","twitter:image":"https:\/\/light24.lt\/wp-content\/uploads\/2020\/03\/amur2.jpg"},"aioseo_meta_data":{"post_id":"68017","title":null,"description":null,"keywords":[],"keyphrases":{"focus":{"keyphrase":"","score":0,"analysis":{"keyphraseInTitle":{"score":0,"maxScore":9,"error":1}}},"additional":[]},"primary_term":null,"canonical_url":null,"og_title":null,"og_description":null,"og_object_type":"default","og_image_type":"default","og_image_url":null,"og_image_width":null,"og_image_height":null,"og_image_custom_url":null,"og_image_custom_fields":null,"og_video":"","og_custom_url":null,"og_article_section":null,"og_article_tags":[],"twitter_use_og":false,"twitter_card":"default","twitter_image_type":"default","twitter_image_url":null,"twitter_image_custom_url":null,"twitter_image_custom_fields":null,"twitter_title":null,"twitter_description":null,"schema":{"blockGraphs":[],"customGraphs":[],"default":{"data":{"Article":[],"Course":[],"Dataset":[],"FAQPage":[],"Movie":[],"Person":[],"Product":[],"ProductReview":[],"Car":[],"Recipe":[],"Service":[],"SoftwareApplication":[],"WebPage":[]},"graphName":"","isEnabled":true},"graphs":[]},"schema_type":"default","schema_type_options":"{\"article\":{\"articleType\":\"BlogPosting\"},\"course\":{\"name\":\"\",\"description\":\"\",\"provider\":\"\"},\"faq\":{\"pages\":[]},\"product\":{\"reviews\":[]},\"recipe\":{\"ingredients\":[],\"instructions\":[],\"keywords\":[]},\"software\":{\"reviews\":[],\"operatingSystems\":[]},\"webPage\":{\"webPageType\":\"WebPage\"}}","pillar_content":false,"robots_default":true,"robots_noindex":false,"robots_noarchive":false,"robots_nosnippet":false,"robots_nofollow":false,"robots_noimageindex":false,"robots_noodp":false,"robots_notranslate":false,"robots_max_snippet":"-1","robots_max_videopreview":"-1","robots_max_imagepreview":"large","priority":null,"frequency":"default","local_seo":null,"seo_analyzer_scan_date":"2025-10-26 20:47:27","breadcrumb_settings":null,"limit_modified_date":false,"reviewed_by":null,"open_ai":null,"ai":null,"created":"2022-02-17 13:01:46","updated":"2025-10-26 20:47:27"},"aioseo_breadcrumb":"<div class=\"aioseo-breadcrumbs\"><span class=\"aioseo-breadcrumb\">\n\t<a href=\"https:\/\/light24.lt\/lt\" title=\"Home\">Home<\/a>\n<\/span><span class=\"aioseo-breadcrumb-separator\">&raquo;<\/span><span class=\"aioseo-breadcrumb\">\n\t<a href=\"https:\/\/light24.lt\/lt\/shop\/\" title=\"Parduotuv\u0117\">Parduotuv\u0117<\/a>\n<\/span><span class=\"aioseo-breadcrumb-separator\">&raquo;<\/span><span class=\"aioseo-breadcrumb\">\n\t<a href=\"https:\/\/light24.lt\/lt\/product-category\/outlet\/\" title=\"OUTLET\">OUTLET<\/a>\n<\/span><span class=\"aioseo-breadcrumb-separator\">&raquo;<\/span><span class=\"aioseo-breadcrumb\">\n\tAMUR\n<\/span><\/div>","aioseo_breadcrumb_json":[{"label":"Home","link":"https:\/\/light24.lt\/lt"},{"label":"Parduotuv\u0117","link":"https:\/\/light24.lt\/lt\/shop\/"},{"label":"OUTLET","link":"https:\/\/light24.lt\/lt\/product-category\/outlet\/"},{"label":"AMUR","link":"https:\/\/light24.lt\/lt\/toode\/outlet\/rippvalgusti-amur-5050cm\/"}],"_links":{"self":[{"href":"https:\/\/light24.lt\/lt\/wp-json\/wp\/v2\/product\/68017","targetHints":{"allow":["GET"]}}],"collection":[{"href":"https:\/\/light24.lt\/lt\/wp-json\/wp\/v2\/product"}],"about":[{"href":"https:\/\/light24.lt\/lt\/wp-json\/wp\/v2\/types\/product"}],"replies":[{"embeddable":true,"href":"https:\/\/light24.lt\/lt\/wp-json\/wp\/v2\/comments?post=68017"}],"wp:featuredmedia":[{"embeddable":true,"href":"https:\/\/light24.lt\/lt\/wp-json\/wp\/v2\/media\/68019"}],"wp:attachment":[{"href":"https:\/\/light24.lt\/lt\/wp-json\/wp\/v2\/media?parent=68017"}],"wp:term":[{"taxonomy":"product_cat","embeddable":true,"href":"https:\/\/light24.lt\/lt\/wp-json\/wp\/v2\/product_cat?post=68017"},{"taxonomy":"product_tag","embeddable":true,"href":"https:\/\/light24.lt\/lt\/wp-json\/wp\/v2\/product_tag?post=68017"}],"curies":[{"name":"wp","href":"https:\/\/api.w.org\/{rel}","templated":true}]}}