{"id":146996,"date":"2025-04-23T14:40:58","date_gmt":"2025-04-23T11:40:58","guid":{"rendered":"https:\/\/light24.ee\/?post_type=product&#038;p=146996"},"modified":"2025-04-23T15:08:20","modified_gmt":"2025-04-23T12:08:20","slug":"onelight-12107k-b-w","status":"publish","type":"product","link":"https:\/\/light24.lt\/lt\/toode\/siseruumide_valgustid\/pinnapealsed-allvalgustid\/onelight-12107k-b-w\/","title":{"rendered":"OneLight 12107K 7W 3000K"},"content":{"rendered":"<p class=\"qtranxs-available-languages-message qtranxs-available-languages-message-lt\">Atsipra\u0161ome, \u0161is puslapis galimas tik <a href=\"https:\/\/light24.lt\/fi\/wp-json\/wp\/v2\/product\/146996\" class=\"qtranxs-available-language-link qtranxs-available-language-link-fi\" title=\"Suomi\">Suomi<\/a> ir <a href=\"https:\/\/light24.lt\/lv\/wp-json\/wp\/v2\/product\/146996\" class=\"qtranxs-available-language-link qtranxs-available-language-link-lv\" title=\"Latvie\u0161u\">Latvie\u0161u<\/a>.<\/p>","protected":false},"excerpt":{"rendered":"<p>Atsipra\u0161ome, \u0161is puslapis galimas tik Suomi ir Latvie\u0161u.<\/p>\n","protected":false},"featured_media":147001,"comment_status":"closed","ping_status":"closed","template":"","meta":{"_acf_changed":false},"product_cat":[7280,2739],"product_tag":[7389],"class_list":{"0":"post-146996","1":"product","2":"type-product","3":"status-publish","4":"has-post-thumbnail","6":"product_cat-siseruumide_valgustid","7":"product_cat-pinnapealsed-allvalgustid","8":"product_tag-onelight","9":"product_shipping_class-standard","10":"pa_ip-kaitseklass-1123","11":"pa_materjal-alumiinium","12":"pa_ruumid-elutuba","13":"pa_ruumid-soogituba","14":"pa_ruumid-magamistuba","15":"pa_ruumid-kook","16":"pa_ruumid-esik_ja_trepihall","17":"pa_ruumid-kodukontor","18":"pa_tarneaeg-10-paeva","19":"pa_varv-must","20":"pa_varv-valge","22":"first","23":"instock","24":"taxable","25":"shipping-taxable","26":"purchasable","27":"product-type-variable"},"acf":[],"aioseo_notices":[],"aioseo_head":"\n\t\t<!-- All in One SEO Pro 4.9.5.2 - aioseo.com -->\n\t<meta name=\"description\" content=\"Atsipra\u0161ome, \u0161is puslapis galimas tik Latvie\u0161u.\" \/>\n\t<meta name=\"robots\" content=\"max-image-preview:large\" \/>\n\t<meta name=\"google-site-verification\" content=\"nxgDPK3Ouk6bwvuxlwlzeMOKszmf-8m57RDu5zAgN-Y\" \/>\n\t<link rel=\"canonical\" href=\"https:\/\/light24.lt\/lt\/toode\/siseruumide_valgustid\/pinnapealsed-allvalgustid\/onelight-12107k-b-w\/\" \/>\n\t<meta name=\"generator\" content=\"All in One SEO Pro (AIOSEO) 4.9.5.2\" \/>\n\t\t<meta property=\"og:locale\" content=\"lt_LT\" \/>\n\t\t<meta property=\"og:site_name\" content=\"Light24 \u2022 \u0160viestuvai elektronin\u0117 parduotuv\u0117 | Profesional\u016bs ap\u0161vietimo sprendimai\" \/>\n\t\t<meta property=\"og:type\" content=\"article\" \/>\n\t\t<meta property=\"og:title\" content=\"OneLight 12107K 7W 3000K \u2022 Light24\" \/>\n\t\t<meta property=\"og:description\" content=\"Atsipra\u0161ome, \u0161is puslapis galimas tik Latvie\u0161u.\" \/>\n\t\t<meta property=\"og:url\" content=\"https:\/\/light24.lt\/lt\/toode\/siseruumide_valgustid\/pinnapealsed-allvalgustid\/onelight-12107k-b-w\/\" \/>\n\t\t<meta property=\"og:image\" content=\"https:\/\/light24.lt\/wp-content\/uploads\/2025\/04\/12107K-W.jpg\" \/>\n\t\t<meta property=\"og:image:secure_url\" content=\"https:\/\/light24.lt\/wp-content\/uploads\/2025\/04\/12107K-W.jpg\" \/>\n\t\t<meta property=\"og:image:width\" content=\"1000\" \/>\n\t\t<meta property=\"og:image:height\" content=\"1000\" \/>\n\t\t<meta property=\"article:published_time\" content=\"2025-04-23T11:40:58+00:00\" \/>\n\t\t<meta property=\"article:modified_time\" content=\"2025-04-23T12:08:20+00:00\" \/>\n\t\t<meta property=\"article:publisher\" content=\"https:\/\/www.facebook.com\/light24.ee\" \/>\n\t\t<meta name=\"twitter:card\" content=\"summary\" \/>\n\t\t<meta name=\"twitter:title\" content=\"OneLight 12107K 7W 3000K \u2022 Light24\" \/>\n\t\t<meta name=\"twitter:description\" content=\"Atsipra\u0161ome, \u0161is puslapis galimas tik Latvie\u0161u.\" \/>\n\t\t<meta name=\"twitter:image\" content=\"https:\/\/light24.lt\/wp-content\/uploads\/2025\/04\/12107K-W.jpg\" \/>\n\t\t<script type=\"application\/ld+json\" class=\"aioseo-schema\">\n\t\t\t{\"@context\":\"https:\\\/\\\/schema.org\",\"@graph\":[{\"@type\":\"BreadcrumbList\",\"@id\":\"https:\\\/\\\/light24.lt\\\/lt\\\/toode\\\/siseruumide_valgustid\\\/pinnapealsed-allvalgustid\\\/onelight-12107k-b-w\\\/#breadcrumblist\",\"itemListElement\":[{\"@type\":\"ListItem\",\"@id\":\"https:\\\/\\\/light24.lt\\\/lt#listItem\",\"position\":1,\"name\":\"Home\",\"item\":\"https:\\\/\\\/light24.lt\\\/lt\",\"nextItem\":{\"@type\":\"ListItem\",\"@id\":\"https:\\\/\\\/light24.lt\\\/lt\\\/shop\\\/#listItem\",\"name\":\"Parduotuv\\u0117\"}},{\"@type\":\"ListItem\",\"@id\":\"https:\\\/\\\/light24.lt\\\/lt\\\/shop\\\/#listItem\",\"position\":2,\"name\":\"Parduotuv\\u0117\",\"item\":\"https:\\\/\\\/light24.lt\\\/lt\\\/shop\\\/\",\"nextItem\":{\"@type\":\"ListItem\",\"@id\":\"https:\\\/\\\/light24.lt\\\/lt\\\/product-category\\\/siseruumide_valgustid\\\/#listItem\",\"name\":\"Vidaus patalp\\u0173 \\u0161viestuvai\"},\"previousItem\":{\"@type\":\"ListItem\",\"@id\":\"https:\\\/\\\/light24.lt\\\/lt#listItem\",\"name\":\"Home\"}},{\"@type\":\"ListItem\",\"@id\":\"https:\\\/\\\/light24.lt\\\/lt\\\/product-category\\\/siseruumide_valgustid\\\/#listItem\",\"position\":3,\"name\":\"Vidaus patalp\\u0173 \\u0161viestuvai\",\"item\":\"https:\\\/\\\/light24.lt\\\/lt\\\/product-category\\\/siseruumide_valgustid\\\/\",\"nextItem\":{\"@type\":\"ListItem\",\"@id\":\"https:\\\/\\\/light24.lt\\\/lt\\\/product-category\\\/siseruumide_valgustid\\\/pinnapealsed-allvalgustid\\\/#listItem\",\"name\":\"Pavir\\u0161iniai \\u017eemyn \\u0161vie\\u010diantys \\u0161viestuvai\"},\"previousItem\":{\"@type\":\"ListItem\",\"@id\":\"https:\\\/\\\/light24.lt\\\/lt\\\/shop\\\/#listItem\",\"name\":\"Parduotuv\\u0117\"}},{\"@type\":\"ListItem\",\"@id\":\"https:\\\/\\\/light24.lt\\\/lt\\\/product-category\\\/siseruumide_valgustid\\\/pinnapealsed-allvalgustid\\\/#listItem\",\"position\":4,\"name\":\"Pavir\\u0161iniai \\u017eemyn \\u0161vie\\u010diantys \\u0161viestuvai\",\"item\":\"https:\\\/\\\/light24.lt\\\/lt\\\/product-category\\\/siseruumide_valgustid\\\/pinnapealsed-allvalgustid\\\/\",\"nextItem\":{\"@type\":\"ListItem\",\"@id\":\"https:\\\/\\\/light24.lt\\\/lt\\\/toode\\\/siseruumide_valgustid\\\/pinnapealsed-allvalgustid\\\/onelight-12107k-b-w\\\/#listItem\",\"name\":\"OneLight 12107K 7W 3000K\"},\"previousItem\":{\"@type\":\"ListItem\",\"@id\":\"https:\\\/\\\/light24.lt\\\/lt\\\/product-category\\\/siseruumide_valgustid\\\/#listItem\",\"name\":\"Vidaus patalp\\u0173 \\u0161viestuvai\"}},{\"@type\":\"ListItem\",\"@id\":\"https:\\\/\\\/light24.lt\\\/lt\\\/toode\\\/siseruumide_valgustid\\\/pinnapealsed-allvalgustid\\\/onelight-12107k-b-w\\\/#listItem\",\"position\":5,\"name\":\"OneLight 12107K 7W 3000K\",\"previousItem\":{\"@type\":\"ListItem\",\"@id\":\"https:\\\/\\\/light24.lt\\\/lt\\\/product-category\\\/siseruumide_valgustid\\\/pinnapealsed-allvalgustid\\\/#listItem\",\"name\":\"Pavir\\u0161iniai \\u017eemyn \\u0161vie\\u010diantys \\u0161viestuvai\"}}]},{\"@type\":\"Organization\",\"@id\":\"https:\\\/\\\/light24.lt\\\/lt\\\/#organization\",\"name\":\"Light24\",\"description\":\"\\u0160viestuvai elektronin\\u0117 parduotuv\\u0117 | Profesional\\u016bs ap\\u0161vietimo sprendimai\",\"url\":\"https:\\\/\\\/light24.lt\\\/lt\\\/\",\"telephone\":\"+3725184133\",\"logo\":{\"@type\":\"ImageObject\",\"url\":\"https:\\\/\\\/www.light24.ee\\\/wp-content\\\/uploads\\\/2022\\\/03\\\/Shape-2-3.svg\",\"@id\":\"https:\\\/\\\/light24.lt\\\/lt\\\/toode\\\/siseruumide_valgustid\\\/pinnapealsed-allvalgustid\\\/onelight-12107k-b-w\\\/#organizationLogo\"},\"image\":{\"@id\":\"https:\\\/\\\/light24.lt\\\/lt\\\/toode\\\/siseruumide_valgustid\\\/pinnapealsed-allvalgustid\\\/onelight-12107k-b-w\\\/#organizationLogo\"},\"sameAs\":[\"https:\\\/\\\/www.facebook.com\\\/light24.ee\",\"https:\\\/\\\/www.instagram.com\\\/light24official\\\/\"]},{\"@type\":\"ProductGroup\",\"@id\":\"https:\\\/\\\/light24.lt\\\/lt\\\/toode\\\/siseruumide_valgustid\\\/pinnapealsed-allvalgustid\\\/onelight-12107k-b-w\\\/#wooCommerceProduct\",\"name\":\"OneLight 12107K 7W 3000K\",\"url\":\"https:\\\/\\\/light24.lt\\\/lt\\\/toode\\\/siseruumide_valgustid\\\/pinnapealsed-allvalgustid\\\/onelight-12107k-b-w\\\/\",\"sku\":\"1L100440-1\",\"image\":{\"@type\":\"ImageObject\",\"url\":\"https:\\\/\\\/light24.lt\\\/wp-content\\\/uploads\\\/2025\\\/04\\\/12107K-W.jpg\",\"@id\":\"https:\\\/\\\/light24.lt\\\/lt\\\/toode\\\/siseruumide_valgustid\\\/pinnapealsed-allvalgustid\\\/onelight-12107k-b-w\\\/#productImage\",\"width\":1000,\"height\":1000},\"productGroupID\":146996,\"hasVariant\":[{\"@type\":\"Product\",\"@id\":\"https:\\\/\\\/light24.lt\\\/lt\\\/toode\\\/siseruumide_valgustid\\\/pinnapealsed-allvalgustid\\\/onelight-12107k-b-w\\\/#wooCommerceProduct\",\"name\":\"OneLight 12107K 7W 3000K - must\",\"url\":\"https:\\\/\\\/light24.lt\\\/lt\\\/toode\\\/siseruumide_valgustid\\\/pinnapealsed-allvalgustid\\\/onelight-12107k-b-w\\\/\",\"sku\":\"1L100440-1\",\"image\":{\"@type\":\"ImageObject\",\"url\":\"https:\\\/\\\/light24.lt\\\/wp-content\\\/uploads\\\/2025\\\/04\\\/12107K-B.jpg\",\"@id\":\"https:\\\/\\\/light24.lt\\\/lt\\\/toode\\\/siseruumide_valgustid\\\/pinnapealsed-allvalgustid\\\/onelight-12107k-b-w\\\/#productImage\",\"width\":1000,\"height\":1000},\"offers\":{\"@type\":\"Offer\",\"url\":\"https:\\\/\\\/light24.lt\\\/lt\\\/toode\\\/siseruumide_valgustid\\\/pinnapealsed-allvalgustid\\\/onelight-12107k-b-w\\\/#wooCommerceOffer\",\"price\":\"32\",\"priceCurrency\":\"EUR\",\"category\":\"Vidaus patalp\\u0173 \\u0161viestuvai\",\"availability\":\"https:\\\/\\\/schema.org\\\/InStock\",\"priceSpecification\":{\"@type\":\"PriceSpecification\",\"price\":32,\"priceCurrency\":\"EUR\",\"valueAddedTaxIncluded\":\"true\"}}},{\"@type\":\"Product\",\"@id\":\"https:\\\/\\\/light24.lt\\\/lt\\\/toode\\\/siseruumide_valgustid\\\/pinnapealsed-allvalgustid\\\/onelight-12107k-b-w\\\/#wooCommerceProduct\",\"name\":\"OneLight 12107K 7W 3000K - valge\",\"url\":\"https:\\\/\\\/light24.lt\\\/lt\\\/toode\\\/siseruumide_valgustid\\\/pinnapealsed-allvalgustid\\\/onelight-12107k-b-w\\\/\",\"sku\":\"1L100440-1\",\"image\":{\"@type\":\"ImageObject\",\"url\":\"https:\\\/\\\/light24.lt\\\/wp-content\\\/uploads\\\/2025\\\/04\\\/12107K-W.jpg\",\"@id\":\"https:\\\/\\\/light24.lt\\\/lt\\\/toode\\\/siseruumide_valgustid\\\/pinnapealsed-allvalgustid\\\/onelight-12107k-b-w\\\/#productImage\",\"width\":1000,\"height\":1000},\"offers\":{\"@type\":\"Offer\",\"url\":\"https:\\\/\\\/light24.lt\\\/lt\\\/toode\\\/siseruumide_valgustid\\\/pinnapealsed-allvalgustid\\\/onelight-12107k-b-w\\\/#wooCommerceOffer\",\"price\":\"32\",\"priceCurrency\":\"EUR\",\"category\":\"Vidaus patalp\\u0173 \\u0161viestuvai\",\"availability\":\"https:\\\/\\\/schema.org\\\/InStock\",\"priceSpecification\":{\"@type\":\"PriceSpecification\",\"price\":32,\"priceCurrency\":\"EUR\",\"valueAddedTaxIncluded\":\"true\"}}}]},{\"@type\":\"WebPage\",\"@id\":\"https:\\\/\\\/light24.lt\\\/lt\\\/toode\\\/siseruumide_valgustid\\\/pinnapealsed-allvalgustid\\\/onelight-12107k-b-w\\\/#webpage\",\"url\":\"https:\\\/\\\/light24.lt\\\/lt\\\/toode\\\/siseruumide_valgustid\\\/pinnapealsed-allvalgustid\\\/onelight-12107k-b-w\\\/\",\"name\":\"OneLight 12107K 7W 3000K \\u2022 Light24\",\"description\":\"Atsipra\\u0161ome, \\u0161is puslapis galimas tik Latvie\\u0161u.\",\"inLanguage\":\"lt-LT\",\"isPartOf\":{\"@id\":\"https:\\\/\\\/light24.lt\\\/lt\\\/#website\"},\"breadcrumb\":{\"@id\":\"https:\\\/\\\/light24.lt\\\/lt\\\/toode\\\/siseruumide_valgustid\\\/pinnapealsed-allvalgustid\\\/onelight-12107k-b-w\\\/#breadcrumblist\"},\"image\":{\"@type\":\"ImageObject\",\"url\":\"https:\\\/\\\/light24.lt\\\/wp-content\\\/uploads\\\/2025\\\/04\\\/12107K-W.jpg\",\"@id\":\"https:\\\/\\\/light24.lt\\\/lt\\\/toode\\\/siseruumide_valgustid\\\/pinnapealsed-allvalgustid\\\/onelight-12107k-b-w\\\/#mainImage\",\"width\":1000,\"height\":1000},\"primaryImageOfPage\":{\"@id\":\"https:\\\/\\\/light24.lt\\\/lt\\\/toode\\\/siseruumide_valgustid\\\/pinnapealsed-allvalgustid\\\/onelight-12107k-b-w\\\/#mainImage\"},\"datePublished\":\"2025-04-23T14:40:58+03:00\",\"dateModified\":\"2025-04-23T15:08:20+03:00\"},{\"@type\":\"WebSite\",\"@id\":\"https:\\\/\\\/light24.lt\\\/lt\\\/#website\",\"url\":\"https:\\\/\\\/light24.lt\\\/lt\\\/\",\"name\":\"Light24\",\"description\":\"\\u0160viestuvai elektronin\\u0117 parduotuv\\u0117 | Profesional\\u016bs ap\\u0161vietimo sprendimai\",\"inLanguage\":\"lt-LT\",\"publisher\":{\"@id\":\"https:\\\/\\\/light24.lt\\\/lt\\\/#organization\"}}]}\n\t\t<\/script>\n\t\t<!-- All in One SEO Pro -->\r\n\t\t<title>OneLight 12107K 7W 3000K \u2022 Light24<\/title>\n\n","aioseo_head_json":{"title":"OneLight 12107K 7W 3000K \u2022 Light24","description":"Atsipra\u0161ome, \u0161is puslapis galimas tik Latvie\u0161u.","canonical_url":"https:\/\/light24.lt\/lt\/toode\/siseruumide_valgustid\/pinnapealsed-allvalgustid\/onelight-12107k-b-w\/","robots":"max-image-preview:large","keywords":"","webmasterTools":{"google-site-verification":"nxgDPK3Ouk6bwvuxlwlzeMOKszmf-8m57RDu5zAgN-Y","miscellaneous":""},"schema":{"@context":"https:\/\/schema.org","@graph":[{"@type":"BreadcrumbList","@id":"https:\/\/light24.lt\/lt\/toode\/siseruumide_valgustid\/pinnapealsed-allvalgustid\/onelight-12107k-b-w\/#breadcrumblist","itemListElement":[{"@type":"ListItem","@id":"https:\/\/light24.lt\/lt#listItem","position":1,"name":"Home","item":"https:\/\/light24.lt\/lt","nextItem":{"@type":"ListItem","@id":"https:\/\/light24.lt\/lt\/shop\/#listItem","name":"Parduotuv\u0117"}},{"@type":"ListItem","@id":"https:\/\/light24.lt\/lt\/shop\/#listItem","position":2,"name":"Parduotuv\u0117","item":"https:\/\/light24.lt\/lt\/shop\/","nextItem":{"@type":"ListItem","@id":"https:\/\/light24.lt\/lt\/product-category\/siseruumide_valgustid\/#listItem","name":"Vidaus patalp\u0173 \u0161viestuvai"},"previousItem":{"@type":"ListItem","@id":"https:\/\/light24.lt\/lt#listItem","name":"Home"}},{"@type":"ListItem","@id":"https:\/\/light24.lt\/lt\/product-category\/siseruumide_valgustid\/#listItem","position":3,"name":"Vidaus patalp\u0173 \u0161viestuvai","item":"https:\/\/light24.lt\/lt\/product-category\/siseruumide_valgustid\/","nextItem":{"@type":"ListItem","@id":"https:\/\/light24.lt\/lt\/product-category\/siseruumide_valgustid\/pinnapealsed-allvalgustid\/#listItem","name":"Pavir\u0161iniai \u017eemyn \u0161vie\u010diantys \u0161viestuvai"},"previousItem":{"@type":"ListItem","@id":"https:\/\/light24.lt\/lt\/shop\/#listItem","name":"Parduotuv\u0117"}},{"@type":"ListItem","@id":"https:\/\/light24.lt\/lt\/product-category\/siseruumide_valgustid\/pinnapealsed-allvalgustid\/#listItem","position":4,"name":"Pavir\u0161iniai \u017eemyn \u0161vie\u010diantys \u0161viestuvai","item":"https:\/\/light24.lt\/lt\/product-category\/siseruumide_valgustid\/pinnapealsed-allvalgustid\/","nextItem":{"@type":"ListItem","@id":"https:\/\/light24.lt\/lt\/toode\/siseruumide_valgustid\/pinnapealsed-allvalgustid\/onelight-12107k-b-w\/#listItem","name":"OneLight 12107K 7W 3000K"},"previousItem":{"@type":"ListItem","@id":"https:\/\/light24.lt\/lt\/product-category\/siseruumide_valgustid\/#listItem","name":"Vidaus patalp\u0173 \u0161viestuvai"}},{"@type":"ListItem","@id":"https:\/\/light24.lt\/lt\/toode\/siseruumide_valgustid\/pinnapealsed-allvalgustid\/onelight-12107k-b-w\/#listItem","position":5,"name":"OneLight 12107K 7W 3000K","previousItem":{"@type":"ListItem","@id":"https:\/\/light24.lt\/lt\/product-category\/siseruumide_valgustid\/pinnapealsed-allvalgustid\/#listItem","name":"Pavir\u0161iniai \u017eemyn \u0161vie\u010diantys \u0161viestuvai"}}]},{"@type":"Organization","@id":"https:\/\/light24.lt\/lt\/#organization","name":"Light24","description":"\u0160viestuvai elektronin\u0117 parduotuv\u0117 | Profesional\u016bs ap\u0161vietimo sprendimai","url":"https:\/\/light24.lt\/lt\/","telephone":"+3725184133","logo":{"@type":"ImageObject","url":"https:\/\/www.light24.ee\/wp-content\/uploads\/2022\/03\/Shape-2-3.svg","@id":"https:\/\/light24.lt\/lt\/toode\/siseruumide_valgustid\/pinnapealsed-allvalgustid\/onelight-12107k-b-w\/#organizationLogo"},"image":{"@id":"https:\/\/light24.lt\/lt\/toode\/siseruumide_valgustid\/pinnapealsed-allvalgustid\/onelight-12107k-b-w\/#organizationLogo"},"sameAs":["https:\/\/www.facebook.com\/light24.ee","https:\/\/www.instagram.com\/light24official\/"]},{"@type":"ProductGroup","@id":"https:\/\/light24.lt\/lt\/toode\/siseruumide_valgustid\/pinnapealsed-allvalgustid\/onelight-12107k-b-w\/#wooCommerceProduct","name":"OneLight 12107K 7W 3000K","url":"https:\/\/light24.lt\/lt\/toode\/siseruumide_valgustid\/pinnapealsed-allvalgustid\/onelight-12107k-b-w\/","sku":"1L100440-1","image":{"@type":"ImageObject","url":"https:\/\/light24.lt\/wp-content\/uploads\/2025\/04\/12107K-W.jpg","@id":"https:\/\/light24.lt\/lt\/toode\/siseruumide_valgustid\/pinnapealsed-allvalgustid\/onelight-12107k-b-w\/#productImage","width":1000,"height":1000},"productGroupID":146996,"hasVariant":[{"@type":"Product","@id":"https:\/\/light24.lt\/lt\/toode\/siseruumide_valgustid\/pinnapealsed-allvalgustid\/onelight-12107k-b-w\/#wooCommerceProduct","name":"OneLight 12107K 7W 3000K - must","url":"https:\/\/light24.lt\/lt\/toode\/siseruumide_valgustid\/pinnapealsed-allvalgustid\/onelight-12107k-b-w\/","sku":"1L100440-1","image":{"@type":"ImageObject","url":"https:\/\/light24.lt\/wp-content\/uploads\/2025\/04\/12107K-B.jpg","@id":"https:\/\/light24.lt\/lt\/toode\/siseruumide_valgustid\/pinnapealsed-allvalgustid\/onelight-12107k-b-w\/#productImage","width":1000,"height":1000},"offers":{"@type":"Offer","url":"https:\/\/light24.lt\/lt\/toode\/siseruumide_valgustid\/pinnapealsed-allvalgustid\/onelight-12107k-b-w\/#wooCommerceOffer","price":"32","priceCurrency":"EUR","category":"Vidaus patalp\u0173 \u0161viestuvai","availability":"https:\/\/schema.org\/InStock","priceSpecification":{"@type":"PriceSpecification","price":32,"priceCurrency":"EUR","valueAddedTaxIncluded":"true"}}},{"@type":"Product","@id":"https:\/\/light24.lt\/lt\/toode\/siseruumide_valgustid\/pinnapealsed-allvalgustid\/onelight-12107k-b-w\/#wooCommerceProduct","name":"OneLight 12107K 7W 3000K - valge","url":"https:\/\/light24.lt\/lt\/toode\/siseruumide_valgustid\/pinnapealsed-allvalgustid\/onelight-12107k-b-w\/","sku":"1L100440-1","image":{"@type":"ImageObject","url":"https:\/\/light24.lt\/wp-content\/uploads\/2025\/04\/12107K-W.jpg","@id":"https:\/\/light24.lt\/lt\/toode\/siseruumide_valgustid\/pinnapealsed-allvalgustid\/onelight-12107k-b-w\/#productImage","width":1000,"height":1000},"offers":{"@type":"Offer","url":"https:\/\/light24.lt\/lt\/toode\/siseruumide_valgustid\/pinnapealsed-allvalgustid\/onelight-12107k-b-w\/#wooCommerceOffer","price":"32","priceCurrency":"EUR","category":"Vidaus patalp\u0173 \u0161viestuvai","availability":"https:\/\/schema.org\/InStock","priceSpecification":{"@type":"PriceSpecification","price":32,"priceCurrency":"EUR","valueAddedTaxIncluded":"true"}}}]},{"@type":"WebPage","@id":"https:\/\/light24.lt\/lt\/toode\/siseruumide_valgustid\/pinnapealsed-allvalgustid\/onelight-12107k-b-w\/#webpage","url":"https:\/\/light24.lt\/lt\/toode\/siseruumide_valgustid\/pinnapealsed-allvalgustid\/onelight-12107k-b-w\/","name":"OneLight 12107K 7W 3000K \u2022 Light24","description":"Atsipra\u0161ome, \u0161is puslapis galimas tik Latvie\u0161u.","inLanguage":"lt-LT","isPartOf":{"@id":"https:\/\/light24.lt\/lt\/#website"},"breadcrumb":{"@id":"https:\/\/light24.lt\/lt\/toode\/siseruumide_valgustid\/pinnapealsed-allvalgustid\/onelight-12107k-b-w\/#breadcrumblist"},"image":{"@type":"ImageObject","url":"https:\/\/light24.lt\/wp-content\/uploads\/2025\/04\/12107K-W.jpg","@id":"https:\/\/light24.lt\/lt\/toode\/siseruumide_valgustid\/pinnapealsed-allvalgustid\/onelight-12107k-b-w\/#mainImage","width":1000,"height":1000},"primaryImageOfPage":{"@id":"https:\/\/light24.lt\/lt\/toode\/siseruumide_valgustid\/pinnapealsed-allvalgustid\/onelight-12107k-b-w\/#mainImage"},"datePublished":"2025-04-23T14:40:58+03:00","dateModified":"2025-04-23T15:08:20+03:00"},{"@type":"WebSite","@id":"https:\/\/light24.lt\/lt\/#website","url":"https:\/\/light24.lt\/lt\/","name":"Light24","description":"\u0160viestuvai elektronin\u0117 parduotuv\u0117 | Profesional\u016bs ap\u0161vietimo sprendimai","inLanguage":"lt-LT","publisher":{"@id":"https:\/\/light24.lt\/lt\/#organization"}}]},"og:locale":"lt_LT","og:site_name":"Light24 \u2022 \u0160viestuvai elektronin\u0117 parduotuv\u0117 | Profesional\u016bs ap\u0161vietimo sprendimai","og:type":"article","og:title":"OneLight 12107K 7W 3000K \u2022 Light24","og:description":"Atsipra\u0161ome, \u0161is puslapis galimas tik Latvie\u0161u.","og:url":"https:\/\/light24.lt\/lt\/toode\/siseruumide_valgustid\/pinnapealsed-allvalgustid\/onelight-12107k-b-w\/","og:image":"https:\/\/light24.lt\/wp-content\/uploads\/2025\/04\/12107K-W.jpg","og:image:secure_url":"https:\/\/light24.lt\/wp-content\/uploads\/2025\/04\/12107K-W.jpg","og:image:width":1000,"og:image:height":1000,"article:published_time":"2025-04-23T11:40:58+00:00","article:modified_time":"2025-04-23T12:08:20+00:00","article:publisher":"https:\/\/www.facebook.com\/light24.ee","twitter:card":"summary","twitter:title":"OneLight 12107K 7W 3000K \u2022 Light24","twitter:description":"Atsipra\u0161ome, \u0161is puslapis galimas tik Latvie\u0161u.","twitter:image":"https:\/\/light24.lt\/wp-content\/uploads\/2025\/04\/12107K-W.jpg"},"aioseo_meta_data":{"post_id":"146996","title":null,"description":null,"keywords":null,"keyphrases":{"focus":{"keyphrase":"","score":0,"analysis":{"keyphraseInTitle":{"score":0,"maxScore":9,"error":1}}},"additional":[]},"primary_term":null,"canonical_url":null,"og_title":null,"og_description":null,"og_object_type":"default","og_image_type":"default","og_image_url":null,"og_image_width":null,"og_image_height":null,"og_image_custom_url":null,"og_image_custom_fields":null,"og_video":"","og_custom_url":null,"og_article_section":null,"og_article_tags":null,"twitter_use_og":false,"twitter_card":"default","twitter_image_type":"default","twitter_image_url":null,"twitter_image_custom_url":null,"twitter_image_custom_fields":null,"twitter_title":null,"twitter_description":null,"schema":{"blockGraphs":[],"customGraphs":[],"default":{"data":{"Article":[],"Course":[],"Dataset":[],"FAQPage":[],"Movie":[],"Person":[],"Product":[],"ProductReview":[],"Car":[],"Recipe":[],"Service":[],"SoftwareApplication":[],"WebPage":[]},"graphName":"Product","isEnabled":true},"graphs":[]},"schema_type":"default","schema_type_options":"{\"article\":{\"articleType\":\"BlogPosting\"},\"course\":{\"name\":\"\",\"description\":\"\",\"provider\":\"\"},\"faq\":{\"pages\":[]},\"product\":{\"reviews\":[]},\"recipe\":{\"ingredients\":[],\"instructions\":[],\"keywords\":[]},\"software\":{\"reviews\":[],\"operatingSystems\":[]},\"webPage\":{\"webPageType\":\"WebPage\"},\"blockGraphs\":[]}","pillar_content":false,"robots_default":true,"robots_noindex":false,"robots_noarchive":false,"robots_nosnippet":false,"robots_nofollow":false,"robots_noimageindex":false,"robots_noodp":false,"robots_notranslate":false,"robots_max_snippet":"-1","robots_max_videopreview":"-1","robots_max_imagepreview":"large","priority":null,"frequency":"default","local_seo":null,"seo_analyzer_scan_date":"2025-10-27 16:01:26","breadcrumb_settings":null,"limit_modified_date":false,"reviewed_by":null,"open_ai":"{\"title\":{\"suggestions\":[],\"usage\":0},\"description\":{\"suggestions\":[],\"usage\":0}}","ai":null,"created":"2025-04-23 11:40:58","updated":"2025-10-27 16:01:26"},"aioseo_breadcrumb":"<div class=\"aioseo-breadcrumbs\"><span class=\"aioseo-breadcrumb\">\n\t<a href=\"https:\/\/light24.lt\/lt\" title=\"Home\">Home<\/a>\n<\/span><span class=\"aioseo-breadcrumb-separator\">&raquo;<\/span><span class=\"aioseo-breadcrumb\">\n\t<a href=\"https:\/\/light24.lt\/lt\/shop\/\" title=\"Parduotuv\u0117\">Parduotuv\u0117<\/a>\n<\/span><span class=\"aioseo-breadcrumb-separator\">&raquo;<\/span><span class=\"aioseo-breadcrumb\">\n\t<a href=\"https:\/\/light24.lt\/lt\/product-category\/siseruumide_valgustid\/\" title=\"Vidaus patalp\u0173 \u0161viestuvai\">Vidaus patalp\u0173 \u0161viestuvai<\/a>\n<\/span><span class=\"aioseo-breadcrumb-separator\">&raquo;<\/span><span class=\"aioseo-breadcrumb\">\n\t<a href=\"https:\/\/light24.lt\/lt\/product-category\/siseruumide_valgustid\/pinnapealsed-allvalgustid\/\" title=\"Pavir\u0161iniai \u017eemyn \u0161vie\u010diantys \u0161viestuvai\">Pavir\u0161iniai \u017eemyn \u0161vie\u010diantys \u0161viestuvai<\/a>\n<\/span><span class=\"aioseo-breadcrumb-separator\">&raquo;<\/span><span class=\"aioseo-breadcrumb\">\n\tOneLight 12107K 7W 3000K\n<\/span><\/div>","aioseo_breadcrumb_json":[{"label":"Home","link":"https:\/\/light24.lt\/lt"},{"label":"Parduotuv\u0117","link":"https:\/\/light24.lt\/lt\/shop\/"},{"label":"Vidaus patalp\u0173 \u0161viestuvai","link":"https:\/\/light24.lt\/lt\/product-category\/siseruumide_valgustid\/"},{"label":"Pavir\u0161iniai \u017eemyn \u0161vie\u010diantys \u0161viestuvai","link":"https:\/\/light24.lt\/lt\/product-category\/siseruumide_valgustid\/pinnapealsed-allvalgustid\/"},{"label":"OneLight 12107K 7W 3000K","link":"https:\/\/light24.lt\/lt\/toode\/siseruumide_valgustid\/pinnapealsed-allvalgustid\/onelight-12107k-b-w\/"}],"_links":{"self":[{"href":"https:\/\/light24.lt\/lt\/wp-json\/wp\/v2\/product\/146996","targetHints":{"allow":["GET"]}}],"collection":[{"href":"https:\/\/light24.lt\/lt\/wp-json\/wp\/v2\/product"}],"about":[{"href":"https:\/\/light24.lt\/lt\/wp-json\/wp\/v2\/types\/product"}],"replies":[{"embeddable":true,"href":"https:\/\/light24.lt\/lt\/wp-json\/wp\/v2\/comments?post=146996"}],"wp:featuredmedia":[{"embeddable":true,"href":"https:\/\/light24.lt\/lt\/wp-json\/wp\/v2\/media\/147001"}],"wp:attachment":[{"href":"https:\/\/light24.lt\/lt\/wp-json\/wp\/v2\/media?parent=146996"}],"wp:term":[{"taxonomy":"product_cat","embeddable":true,"href":"https:\/\/light24.lt\/lt\/wp-json\/wp\/v2\/product_cat?post=146996"},{"taxonomy":"product_tag","embeddable":true,"href":"https:\/\/light24.lt\/lt\/wp-json\/wp\/v2\/product_tag?post=146996"}],"curies":[{"name":"wp","href":"https:\/\/api.w.org\/{rel}","templated":true}]}}