{"id":144097,"date":"2025-02-27T18:14:24","date_gmt":"2025-02-27T16:14:24","guid":{"rendered":"https:\/\/light24.ee\/?post_type=product&#038;p=144097"},"modified":"2025-03-03T13:55:09","modified_gmt":"2025-03-03T11:55:09","slug":"slv-rusty-slot-h50-1e27-ip44","status":"publish","type":"product","link":"https:\/\/light24.lt\/lt\/toode\/valisvalgustid\/postvalgustid\/slv-rusty-slot-h50-1e27-ip44\/","title":{"rendered":"Slv RUSTY SLOT H50 1*E27 IP44"},"content":{"rendered":"<p class=\"qtranxs-available-languages-message qtranxs-available-languages-message-lt\">Atsipra\u0161ome, \u0161is puslapis galimas tik <a href=\"https:\/\/light24.lt\/et\/wp-json\/wp\/v2\/product\/144097\" class=\"qtranxs-available-language-link qtranxs-available-language-link-et\" title=\"Eesti\">Eesti<\/a>, <a href=\"https:\/\/light24.lt\/en\/wp-json\/wp\/v2\/product\/144097\" class=\"qtranxs-available-language-link qtranxs-available-language-link-en\" title=\"English\">English<\/a>, <a href=\"https:\/\/light24.lt\/ru\/wp-json\/wp\/v2\/product\/144097\" class=\"qtranxs-available-language-link qtranxs-available-language-link-ru\" title=\"\u0420\u0443\u0441\u0441\u043a\u0438\u0439\">\u0420\u0443\u0441\u0441\u043a\u0438\u0439<\/a>, <a href=\"https:\/\/light24.lt\/fi\/wp-json\/wp\/v2\/product\/144097\" class=\"qtranxs-available-language-link qtranxs-available-language-link-fi\" title=\"Suomi\">Suomi<\/a> ir <a href=\"https:\/\/light24.lt\/lv\/wp-json\/wp\/v2\/product\/144097\" class=\"qtranxs-available-language-link qtranxs-available-language-link-lv\" title=\"Latvie\u0161u\">Latvie\u0161u<\/a>.<\/p>","protected":false},"excerpt":{"rendered":"<p>Atsipra\u0161ome, \u0161is puslapis galimas tik Eesti, English, \u0420\u0443\u0441\u0441\u043a\u0438\u0439, Suomi ir Latvie\u0161u.<\/p>\n","protected":false},"featured_media":144098,"comment_status":"closed","ping_status":"closed","template":"","meta":{"_acf_changed":false},"product_cat":[2903,2025],"product_tag":[521],"class_list":{"0":"post-144097","1":"product","2":"type-product","3":"status-publish","4":"has-post-thumbnail","6":"product_cat-valisvalgustid","7":"product_cat-postvalgustid","8":"product_tag-slv","9":"product_shipping_class-standard","10":"pa_ip-kaitseklass-1586","11":"pa_materjal-roostevaba-teras","12":"pa_ruumid-oueala","13":"pa_ruumid-aed","14":"pa_ruumid-aiatee","15":"pa_tarneaeg-10-paeva","16":"pa_tehnilised-andmed-115w-led-e27","17":"pa_valgusallikas-komplektis-ei","18":"pa_varv-rooste","20":"first","21":"instock","22":"sale","23":"taxable","24":"shipping-taxable","25":"purchasable","26":"product-type-simple"},"acf":[],"aioseo_notices":[],"aioseo_head":"\n\t\t<!-- All in One SEO Pro 4.9.5.2 - aioseo.com -->\n\t<meta name=\"description\" content=\"Atsipra\u0161ome, \u0161is puslapis galimas tik Eesti.\" \/>\n\t<meta name=\"robots\" content=\"max-image-preview:large\" \/>\n\t<meta name=\"google-site-verification\" content=\"nxgDPK3Ouk6bwvuxlwlzeMOKszmf-8m57RDu5zAgN-Y\" \/>\n\t<link rel=\"canonical\" href=\"https:\/\/light24.lt\/lt\/toode\/valisvalgustid\/postvalgustid\/slv-rusty-slot-h50-1e27-ip44\/\" \/>\n\t<meta name=\"generator\" content=\"All in One SEO Pro (AIOSEO) 4.9.5.2\" \/>\n\t\t<meta property=\"og:locale\" content=\"lt_LT\" \/>\n\t\t<meta property=\"og:site_name\" content=\"Light24 \u2022 \u0160viestuvai elektronin\u0117 parduotuv\u0117 | Profesional\u016bs ap\u0161vietimo sprendimai\" \/>\n\t\t<meta property=\"og:type\" content=\"article\" \/>\n\t\t<meta property=\"og:title\" content=\"Slv RUSTY SLOT H50 1*E27 IP44 \u2022 Light24\" \/>\n\t\t<meta property=\"og:description\" content=\"Atsipra\u0161ome, \u0161is puslapis galimas tik Eesti.\" \/>\n\t\t<meta property=\"og:url\" content=\"https:\/\/light24.lt\/lt\/toode\/valisvalgustid\/postvalgustid\/slv-rusty-slot-h50-1e27-ip44\/\" \/>\n\t\t<meta property=\"og:image\" content=\"https:\/\/light24.lt\/wp-content\/uploads\/2025\/02\/slv_229410.jpg\" \/>\n\t\t<meta property=\"og:image:secure_url\" content=\"https:\/\/light24.lt\/wp-content\/uploads\/2025\/02\/slv_229410.jpg\" \/>\n\t\t<meta property=\"og:image:width\" content=\"900\" \/>\n\t\t<meta property=\"og:image:height\" content=\"900\" \/>\n\t\t<meta property=\"article:published_time\" content=\"2025-02-27T16:14:24+00:00\" \/>\n\t\t<meta property=\"article:modified_time\" content=\"2025-03-03T11:55:09+00:00\" \/>\n\t\t<meta property=\"article:publisher\" content=\"https:\/\/www.facebook.com\/light24.ee\" \/>\n\t\t<meta name=\"twitter:card\" content=\"summary\" \/>\n\t\t<meta name=\"twitter:title\" content=\"Slv RUSTY SLOT H50 1*E27 IP44 \u2022 Light24\" \/>\n\t\t<meta name=\"twitter:description\" content=\"Atsipra\u0161ome, \u0161is puslapis galimas tik Eesti.\" \/>\n\t\t<meta name=\"twitter:image\" content=\"https:\/\/light24.lt\/wp-content\/uploads\/2025\/02\/slv_229410.jpg\" \/>\n\t\t<script type=\"application\/ld+json\" class=\"aioseo-schema\">\n\t\t\t{\"@context\":\"https:\\\/\\\/schema.org\",\"@graph\":[{\"@type\":\"BreadcrumbList\",\"@id\":\"https:\\\/\\\/light24.lt\\\/lt\\\/toode\\\/valisvalgustid\\\/postvalgustid\\\/slv-rusty-slot-h50-1e27-ip44\\\/#breadcrumblist\",\"itemListElement\":[{\"@type\":\"ListItem\",\"@id\":\"https:\\\/\\\/light24.lt\\\/lt#listItem\",\"position\":1,\"name\":\"Home\",\"item\":\"https:\\\/\\\/light24.lt\\\/lt\",\"nextItem\":{\"@type\":\"ListItem\",\"@id\":\"https:\\\/\\\/light24.lt\\\/lt\\\/shop\\\/#listItem\",\"name\":\"Parduotuv\\u0117\"}},{\"@type\":\"ListItem\",\"@id\":\"https:\\\/\\\/light24.lt\\\/lt\\\/shop\\\/#listItem\",\"position\":2,\"name\":\"Parduotuv\\u0117\",\"item\":\"https:\\\/\\\/light24.lt\\\/lt\\\/shop\\\/\",\"nextItem\":{\"@type\":\"ListItem\",\"@id\":\"https:\\\/\\\/light24.lt\\\/lt\\\/product-category\\\/valisvalgustid\\\/#listItem\",\"name\":\"Lauko \\u0161viestuvai\"},\"previousItem\":{\"@type\":\"ListItem\",\"@id\":\"https:\\\/\\\/light24.lt\\\/lt#listItem\",\"name\":\"Home\"}},{\"@type\":\"ListItem\",\"@id\":\"https:\\\/\\\/light24.lt\\\/lt\\\/product-category\\\/valisvalgustid\\\/#listItem\",\"position\":3,\"name\":\"Lauko \\u0161viestuvai\",\"item\":\"https:\\\/\\\/light24.lt\\\/lt\\\/product-category\\\/valisvalgustid\\\/\",\"nextItem\":{\"@type\":\"ListItem\",\"@id\":\"https:\\\/\\\/light24.lt\\\/lt\\\/product-category\\\/valisvalgustid\\\/postvalgustid\\\/#listItem\",\"name\":\"Lauko \\u0161viestuvai-stulpeliai\"},\"previousItem\":{\"@type\":\"ListItem\",\"@id\":\"https:\\\/\\\/light24.lt\\\/lt\\\/shop\\\/#listItem\",\"name\":\"Parduotuv\\u0117\"}},{\"@type\":\"ListItem\",\"@id\":\"https:\\\/\\\/light24.lt\\\/lt\\\/product-category\\\/valisvalgustid\\\/postvalgustid\\\/#listItem\",\"position\":4,\"name\":\"Lauko \\u0161viestuvai-stulpeliai\",\"item\":\"https:\\\/\\\/light24.lt\\\/lt\\\/product-category\\\/valisvalgustid\\\/postvalgustid\\\/\",\"nextItem\":{\"@type\":\"ListItem\",\"@id\":\"https:\\\/\\\/light24.lt\\\/lt\\\/toode\\\/valisvalgustid\\\/postvalgustid\\\/slv-rusty-slot-h50-1e27-ip44\\\/#listItem\",\"name\":\"Slv RUSTY SLOT H50 1*E27 IP44\"},\"previousItem\":{\"@type\":\"ListItem\",\"@id\":\"https:\\\/\\\/light24.lt\\\/lt\\\/product-category\\\/valisvalgustid\\\/#listItem\",\"name\":\"Lauko \\u0161viestuvai\"}},{\"@type\":\"ListItem\",\"@id\":\"https:\\\/\\\/light24.lt\\\/lt\\\/toode\\\/valisvalgustid\\\/postvalgustid\\\/slv-rusty-slot-h50-1e27-ip44\\\/#listItem\",\"position\":5,\"name\":\"Slv RUSTY SLOT H50 1*E27 IP44\",\"previousItem\":{\"@type\":\"ListItem\",\"@id\":\"https:\\\/\\\/light24.lt\\\/lt\\\/product-category\\\/valisvalgustid\\\/postvalgustid\\\/#listItem\",\"name\":\"Lauko \\u0161viestuvai-stulpeliai\"}}]},{\"@type\":\"Organization\",\"@id\":\"https:\\\/\\\/light24.lt\\\/lt\\\/#organization\",\"name\":\"Light24\",\"description\":\"\\u0160viestuvai elektronin\\u0117 parduotuv\\u0117 | Profesional\\u016bs ap\\u0161vietimo sprendimai\",\"url\":\"https:\\\/\\\/light24.lt\\\/lt\\\/\",\"telephone\":\"+3725184133\",\"logo\":{\"@type\":\"ImageObject\",\"url\":\"https:\\\/\\\/www.light24.ee\\\/wp-content\\\/uploads\\\/2022\\\/03\\\/Shape-2-3.svg\",\"@id\":\"https:\\\/\\\/light24.lt\\\/lt\\\/toode\\\/valisvalgustid\\\/postvalgustid\\\/slv-rusty-slot-h50-1e27-ip44\\\/#organizationLogo\"},\"image\":{\"@id\":\"https:\\\/\\\/light24.lt\\\/lt\\\/toode\\\/valisvalgustid\\\/postvalgustid\\\/slv-rusty-slot-h50-1e27-ip44\\\/#organizationLogo\"},\"sameAs\":[\"https:\\\/\\\/www.facebook.com\\\/light24.ee\",\"https:\\\/\\\/www.instagram.com\\\/light24official\\\/\"]},{\"@type\":\"Product\",\"@id\":\"https:\\\/\\\/light24.lt\\\/lt\\\/toode\\\/valisvalgustid\\\/postvalgustid\\\/slv-rusty-slot-h50-1e27-ip44\\\/#wooCommerceProduct\",\"name\":\"Slv RUSTY SLOT H50 1*E27 IP44\",\"url\":\"https:\\\/\\\/light24.lt\\\/lt\\\/toode\\\/valisvalgustid\\\/postvalgustid\\\/slv-rusty-slot-h50-1e27-ip44\\\/\",\"sku\":\"SLV211258\",\"image\":{\"@type\":\"ImageObject\",\"url\":\"https:\\\/\\\/light24.lt\\\/wp-content\\\/uploads\\\/2025\\\/02\\\/slv_229410.jpg\",\"@id\":\"https:\\\/\\\/light24.lt\\\/lt\\\/toode\\\/valisvalgustid\\\/postvalgustid\\\/slv-rusty-slot-h50-1e27-ip44\\\/#productImage\",\"width\":900,\"height\":900},\"offers\":{\"@type\":\"Offer\",\"url\":\"https:\\\/\\\/light24.lt\\\/lt\\\/toode\\\/valisvalgustid\\\/postvalgustid\\\/slv-rusty-slot-h50-1e27-ip44\\\/#wooCommerceOffer\",\"price\":263.12,\"priceCurrency\":\"EUR\",\"category\":\"Lauko \\u0161viestuvai\",\"availability\":\"https:\\\/\\\/schema.org\\\/InStock\",\"priceSpecification\":{\"@type\":\"PriceSpecification\",\"price\":263.12,\"priceCurrency\":\"EUR\",\"valueAddedTaxIncluded\":\"true\"},\"seller\":{\"@type\":\"Organization\",\"@id\":\"https:\\\/\\\/light24.lt\\\/lt\\\/#organization\"}}},{\"@type\":\"WebPage\",\"@id\":\"https:\\\/\\\/light24.lt\\\/lt\\\/toode\\\/valisvalgustid\\\/postvalgustid\\\/slv-rusty-slot-h50-1e27-ip44\\\/#webpage\",\"url\":\"https:\\\/\\\/light24.lt\\\/lt\\\/toode\\\/valisvalgustid\\\/postvalgustid\\\/slv-rusty-slot-h50-1e27-ip44\\\/\",\"name\":\"Slv RUSTY SLOT H50 1*E27 IP44 \\u2022 Light24\",\"description\":\"Atsipra\\u0161ome, \\u0161is puslapis galimas tik Eesti.\",\"inLanguage\":\"lt-LT\",\"isPartOf\":{\"@id\":\"https:\\\/\\\/light24.lt\\\/lt\\\/#website\"},\"breadcrumb\":{\"@id\":\"https:\\\/\\\/light24.lt\\\/lt\\\/toode\\\/valisvalgustid\\\/postvalgustid\\\/slv-rusty-slot-h50-1e27-ip44\\\/#breadcrumblist\"},\"image\":{\"@type\":\"ImageObject\",\"url\":\"https:\\\/\\\/light24.lt\\\/wp-content\\\/uploads\\\/2025\\\/02\\\/slv_229410.jpg\",\"@id\":\"https:\\\/\\\/light24.lt\\\/lt\\\/toode\\\/valisvalgustid\\\/postvalgustid\\\/slv-rusty-slot-h50-1e27-ip44\\\/#mainImage\",\"width\":900,\"height\":900},\"primaryImageOfPage\":{\"@id\":\"https:\\\/\\\/light24.lt\\\/lt\\\/toode\\\/valisvalgustid\\\/postvalgustid\\\/slv-rusty-slot-h50-1e27-ip44\\\/#mainImage\"},\"datePublished\":\"2025-02-27T18:14:24+02:00\",\"dateModified\":\"2025-03-03T13:55:09+02:00\"},{\"@type\":\"WebSite\",\"@id\":\"https:\\\/\\\/light24.lt\\\/lt\\\/#website\",\"url\":\"https:\\\/\\\/light24.lt\\\/lt\\\/\",\"name\":\"Light24\",\"description\":\"\\u0160viestuvai elektronin\\u0117 parduotuv\\u0117 | Profesional\\u016bs ap\\u0161vietimo sprendimai\",\"inLanguage\":\"lt-LT\",\"publisher\":{\"@id\":\"https:\\\/\\\/light24.lt\\\/lt\\\/#organization\"}}]}\n\t\t<\/script>\n\t\t<!-- All in One SEO Pro -->\r\n\t\t<title>Slv RUSTY SLOT H50 1*E27 IP44 \u2022 Light24<\/title>\n\n","aioseo_head_json":{"title":"Slv RUSTY SLOT H50 1*E27 IP44 \u2022 Light24","description":"Atsipra\u0161ome, \u0161is puslapis galimas tik Eesti.","canonical_url":"https:\/\/light24.lt\/lt\/toode\/valisvalgustid\/postvalgustid\/slv-rusty-slot-h50-1e27-ip44\/","robots":"max-image-preview:large","keywords":"","webmasterTools":{"google-site-verification":"nxgDPK3Ouk6bwvuxlwlzeMOKszmf-8m57RDu5zAgN-Y","miscellaneous":""},"schema":{"@context":"https:\/\/schema.org","@graph":[{"@type":"BreadcrumbList","@id":"https:\/\/light24.lt\/lt\/toode\/valisvalgustid\/postvalgustid\/slv-rusty-slot-h50-1e27-ip44\/#breadcrumblist","itemListElement":[{"@type":"ListItem","@id":"https:\/\/light24.lt\/lt#listItem","position":1,"name":"Home","item":"https:\/\/light24.lt\/lt","nextItem":{"@type":"ListItem","@id":"https:\/\/light24.lt\/lt\/shop\/#listItem","name":"Parduotuv\u0117"}},{"@type":"ListItem","@id":"https:\/\/light24.lt\/lt\/shop\/#listItem","position":2,"name":"Parduotuv\u0117","item":"https:\/\/light24.lt\/lt\/shop\/","nextItem":{"@type":"ListItem","@id":"https:\/\/light24.lt\/lt\/product-category\/valisvalgustid\/#listItem","name":"Lauko \u0161viestuvai"},"previousItem":{"@type":"ListItem","@id":"https:\/\/light24.lt\/lt#listItem","name":"Home"}},{"@type":"ListItem","@id":"https:\/\/light24.lt\/lt\/product-category\/valisvalgustid\/#listItem","position":3,"name":"Lauko \u0161viestuvai","item":"https:\/\/light24.lt\/lt\/product-category\/valisvalgustid\/","nextItem":{"@type":"ListItem","@id":"https:\/\/light24.lt\/lt\/product-category\/valisvalgustid\/postvalgustid\/#listItem","name":"Lauko \u0161viestuvai-stulpeliai"},"previousItem":{"@type":"ListItem","@id":"https:\/\/light24.lt\/lt\/shop\/#listItem","name":"Parduotuv\u0117"}},{"@type":"ListItem","@id":"https:\/\/light24.lt\/lt\/product-category\/valisvalgustid\/postvalgustid\/#listItem","position":4,"name":"Lauko \u0161viestuvai-stulpeliai","item":"https:\/\/light24.lt\/lt\/product-category\/valisvalgustid\/postvalgustid\/","nextItem":{"@type":"ListItem","@id":"https:\/\/light24.lt\/lt\/toode\/valisvalgustid\/postvalgustid\/slv-rusty-slot-h50-1e27-ip44\/#listItem","name":"Slv RUSTY SLOT H50 1*E27 IP44"},"previousItem":{"@type":"ListItem","@id":"https:\/\/light24.lt\/lt\/product-category\/valisvalgustid\/#listItem","name":"Lauko \u0161viestuvai"}},{"@type":"ListItem","@id":"https:\/\/light24.lt\/lt\/toode\/valisvalgustid\/postvalgustid\/slv-rusty-slot-h50-1e27-ip44\/#listItem","position":5,"name":"Slv RUSTY SLOT H50 1*E27 IP44","previousItem":{"@type":"ListItem","@id":"https:\/\/light24.lt\/lt\/product-category\/valisvalgustid\/postvalgustid\/#listItem","name":"Lauko \u0161viestuvai-stulpeliai"}}]},{"@type":"Organization","@id":"https:\/\/light24.lt\/lt\/#organization","name":"Light24","description":"\u0160viestuvai elektronin\u0117 parduotuv\u0117 | Profesional\u016bs ap\u0161vietimo sprendimai","url":"https:\/\/light24.lt\/lt\/","telephone":"+3725184133","logo":{"@type":"ImageObject","url":"https:\/\/www.light24.ee\/wp-content\/uploads\/2022\/03\/Shape-2-3.svg","@id":"https:\/\/light24.lt\/lt\/toode\/valisvalgustid\/postvalgustid\/slv-rusty-slot-h50-1e27-ip44\/#organizationLogo"},"image":{"@id":"https:\/\/light24.lt\/lt\/toode\/valisvalgustid\/postvalgustid\/slv-rusty-slot-h50-1e27-ip44\/#organizationLogo"},"sameAs":["https:\/\/www.facebook.com\/light24.ee","https:\/\/www.instagram.com\/light24official\/"]},{"@type":"Product","@id":"https:\/\/light24.lt\/lt\/toode\/valisvalgustid\/postvalgustid\/slv-rusty-slot-h50-1e27-ip44\/#wooCommerceProduct","name":"Slv RUSTY SLOT H50 1*E27 IP44","url":"https:\/\/light24.lt\/lt\/toode\/valisvalgustid\/postvalgustid\/slv-rusty-slot-h50-1e27-ip44\/","sku":"SLV211258","image":{"@type":"ImageObject","url":"https:\/\/light24.lt\/wp-content\/uploads\/2025\/02\/slv_229410.jpg","@id":"https:\/\/light24.lt\/lt\/toode\/valisvalgustid\/postvalgustid\/slv-rusty-slot-h50-1e27-ip44\/#productImage","width":900,"height":900},"offers":{"@type":"Offer","url":"https:\/\/light24.lt\/lt\/toode\/valisvalgustid\/postvalgustid\/slv-rusty-slot-h50-1e27-ip44\/#wooCommerceOffer","price":263.12,"priceCurrency":"EUR","category":"Lauko \u0161viestuvai","availability":"https:\/\/schema.org\/InStock","priceSpecification":{"@type":"PriceSpecification","price":263.12,"priceCurrency":"EUR","valueAddedTaxIncluded":"true"},"seller":{"@type":"Organization","@id":"https:\/\/light24.lt\/lt\/#organization"}}},{"@type":"WebPage","@id":"https:\/\/light24.lt\/lt\/toode\/valisvalgustid\/postvalgustid\/slv-rusty-slot-h50-1e27-ip44\/#webpage","url":"https:\/\/light24.lt\/lt\/toode\/valisvalgustid\/postvalgustid\/slv-rusty-slot-h50-1e27-ip44\/","name":"Slv RUSTY SLOT H50 1*E27 IP44 \u2022 Light24","description":"Atsipra\u0161ome, \u0161is puslapis galimas tik Eesti.","inLanguage":"lt-LT","isPartOf":{"@id":"https:\/\/light24.lt\/lt\/#website"},"breadcrumb":{"@id":"https:\/\/light24.lt\/lt\/toode\/valisvalgustid\/postvalgustid\/slv-rusty-slot-h50-1e27-ip44\/#breadcrumblist"},"image":{"@type":"ImageObject","url":"https:\/\/light24.lt\/wp-content\/uploads\/2025\/02\/slv_229410.jpg","@id":"https:\/\/light24.lt\/lt\/toode\/valisvalgustid\/postvalgustid\/slv-rusty-slot-h50-1e27-ip44\/#mainImage","width":900,"height":900},"primaryImageOfPage":{"@id":"https:\/\/light24.lt\/lt\/toode\/valisvalgustid\/postvalgustid\/slv-rusty-slot-h50-1e27-ip44\/#mainImage"},"datePublished":"2025-02-27T18:14:24+02:00","dateModified":"2025-03-03T13:55:09+02:00"},{"@type":"WebSite","@id":"https:\/\/light24.lt\/lt\/#website","url":"https:\/\/light24.lt\/lt\/","name":"Light24","description":"\u0160viestuvai elektronin\u0117 parduotuv\u0117 | Profesional\u016bs ap\u0161vietimo sprendimai","inLanguage":"lt-LT","publisher":{"@id":"https:\/\/light24.lt\/lt\/#organization"}}]},"og:locale":"lt_LT","og:site_name":"Light24 \u2022 \u0160viestuvai elektronin\u0117 parduotuv\u0117 | Profesional\u016bs ap\u0161vietimo sprendimai","og:type":"article","og:title":"Slv RUSTY SLOT H50 1*E27 IP44 \u2022 Light24","og:description":"Atsipra\u0161ome, \u0161is puslapis galimas tik Eesti.","og:url":"https:\/\/light24.lt\/lt\/toode\/valisvalgustid\/postvalgustid\/slv-rusty-slot-h50-1e27-ip44\/","og:image":"https:\/\/light24.lt\/wp-content\/uploads\/2025\/02\/slv_229410.jpg","og:image:secure_url":"https:\/\/light24.lt\/wp-content\/uploads\/2025\/02\/slv_229410.jpg","og:image:width":900,"og:image:height":900,"article:published_time":"2025-02-27T16:14:24+00:00","article:modified_time":"2025-03-03T11:55:09+00:00","article:publisher":"https:\/\/www.facebook.com\/light24.ee","twitter:card":"summary","twitter:title":"Slv RUSTY SLOT H50 1*E27 IP44 \u2022 Light24","twitter:description":"Atsipra\u0161ome, \u0161is puslapis galimas tik Eesti.","twitter:image":"https:\/\/light24.lt\/wp-content\/uploads\/2025\/02\/slv_229410.jpg"},"aioseo_meta_data":{"post_id":"144097","title":null,"description":null,"keywords":null,"keyphrases":{"focus":{"keyphrase":"","score":0,"analysis":{"keyphraseInTitle":{"score":0,"maxScore":9,"error":1}}},"additional":[]},"primary_term":null,"canonical_url":null,"og_title":null,"og_description":null,"og_object_type":"default","og_image_type":"default","og_image_url":null,"og_image_width":null,"og_image_height":null,"og_image_custom_url":null,"og_image_custom_fields":null,"og_video":"","og_custom_url":null,"og_article_section":null,"og_article_tags":null,"twitter_use_og":false,"twitter_card":"default","twitter_image_type":"default","twitter_image_url":null,"twitter_image_custom_url":null,"twitter_image_custom_fields":null,"twitter_title":null,"twitter_description":null,"schema":{"blockGraphs":[],"customGraphs":[],"default":{"data":{"Article":[],"Course":[],"Dataset":[],"FAQPage":[],"Movie":[],"Person":[],"Product":[],"ProductReview":[],"Car":[],"Recipe":[],"Service":[],"SoftwareApplication":[],"WebPage":[]},"graphName":"Product","isEnabled":true},"graphs":[]},"schema_type":"default","schema_type_options":"{\"article\":{\"articleType\":\"BlogPosting\"},\"course\":{\"name\":\"\",\"description\":\"\",\"provider\":\"\"},\"faq\":{\"pages\":[]},\"product\":{\"reviews\":[]},\"recipe\":{\"ingredients\":[],\"instructions\":[],\"keywords\":[]},\"software\":{\"reviews\":[],\"operatingSystems\":[]},\"webPage\":{\"webPageType\":\"WebPage\"}}","pillar_content":false,"robots_default":true,"robots_noindex":false,"robots_noarchive":false,"robots_nosnippet":false,"robots_nofollow":false,"robots_noimageindex":false,"robots_noodp":false,"robots_notranslate":false,"robots_max_snippet":"-1","robots_max_videopreview":"-1","robots_max_imagepreview":"large","priority":null,"frequency":"default","local_seo":null,"seo_analyzer_scan_date":"2025-10-27 15:10:06","breadcrumb_settings":null,"limit_modified_date":false,"reviewed_by":null,"open_ai":"{\"title\":{\"suggestions\":[],\"usage\":0},\"description\":{\"suggestions\":[],\"usage\":0}}","ai":null,"created":"2025-02-27 16:14:25","updated":"2025-10-27 15:10:06"},"aioseo_breadcrumb":"<div class=\"aioseo-breadcrumbs\"><span class=\"aioseo-breadcrumb\">\n\t<a href=\"https:\/\/light24.lt\/lt\" title=\"Home\">Home<\/a>\n<\/span><span class=\"aioseo-breadcrumb-separator\">&raquo;<\/span><span class=\"aioseo-breadcrumb\">\n\t<a href=\"https:\/\/light24.lt\/lt\/shop\/\" title=\"Parduotuv\u0117\">Parduotuv\u0117<\/a>\n<\/span><span class=\"aioseo-breadcrumb-separator\">&raquo;<\/span><span class=\"aioseo-breadcrumb\">\n\t<a href=\"https:\/\/light24.lt\/lt\/product-category\/valisvalgustid\/\" title=\"Lauko \u0161viestuvai\">Lauko \u0161viestuvai<\/a>\n<\/span><span class=\"aioseo-breadcrumb-separator\">&raquo;<\/span><span class=\"aioseo-breadcrumb\">\n\t<a href=\"https:\/\/light24.lt\/lt\/product-category\/valisvalgustid\/postvalgustid\/\" title=\"Lauko \u0161viestuvai-stulpeliai\">Lauko \u0161viestuvai-stulpeliai<\/a>\n<\/span><span class=\"aioseo-breadcrumb-separator\">&raquo;<\/span><span class=\"aioseo-breadcrumb\">\n\tSlv RUSTY SLOT H50 1*E27 IP44\n<\/span><\/div>","aioseo_breadcrumb_json":[{"label":"Home","link":"https:\/\/light24.lt\/lt"},{"label":"Parduotuv\u0117","link":"https:\/\/light24.lt\/lt\/shop\/"},{"label":"Lauko \u0161viestuvai","link":"https:\/\/light24.lt\/lt\/product-category\/valisvalgustid\/"},{"label":"Lauko \u0161viestuvai-stulpeliai","link":"https:\/\/light24.lt\/lt\/product-category\/valisvalgustid\/postvalgustid\/"},{"label":"Slv RUSTY SLOT H50 1*E27 IP44","link":"https:\/\/light24.lt\/lt\/toode\/valisvalgustid\/postvalgustid\/slv-rusty-slot-h50-1e27-ip44\/"}],"_links":{"self":[{"href":"https:\/\/light24.lt\/lt\/wp-json\/wp\/v2\/product\/144097","targetHints":{"allow":["GET"]}}],"collection":[{"href":"https:\/\/light24.lt\/lt\/wp-json\/wp\/v2\/product"}],"about":[{"href":"https:\/\/light24.lt\/lt\/wp-json\/wp\/v2\/types\/product"}],"replies":[{"embeddable":true,"href":"https:\/\/light24.lt\/lt\/wp-json\/wp\/v2\/comments?post=144097"}],"wp:featuredmedia":[{"embeddable":true,"href":"https:\/\/light24.lt\/lt\/wp-json\/wp\/v2\/media\/144098"}],"wp:attachment":[{"href":"https:\/\/light24.lt\/lt\/wp-json\/wp\/v2\/media?parent=144097"}],"wp:term":[{"taxonomy":"product_cat","embeddable":true,"href":"https:\/\/light24.lt\/lt\/wp-json\/wp\/v2\/product_cat?post=144097"},{"taxonomy":"product_tag","embeddable":true,"href":"https:\/\/light24.lt\/lt\/wp-json\/wp\/v2\/product_tag?post=144097"}],"curies":[{"name":"wp","href":"https:\/\/api.w.org\/{rel}","templated":true}]}}