{"id":143582,"date":"2025-02-14T10:52:35","date_gmt":"2025-02-14T08:52:35","guid":{"rendered":"https:\/\/light24.ee\/?post_type=product&#038;p=143582"},"modified":"2025-02-14T11:06:32","modified_gmt":"2025-02-14T09:06:32","slug":"nordlux-nobu-8w-2700k-dim-diam-10-cm","status":"publish","type":"product","link":"https:\/\/light24.lt\/lt\/toode\/siseruumide_valgustid\/kirjutuslaua-valgustid\/nordlux-nobu-8w-2700k-dim-diam-10-cm\/","title":{"rendered":"Nordlux Nobu 8W 2700K DIM diam 10 cm"},"content":{"rendered":"","protected":false},"excerpt":{"rendered":"","protected":false},"featured_media":143586,"comment_status":"closed","ping_status":"closed","template":"","meta":{"_acf_changed":false},"product_cat":[7280,7333],"product_tag":[9395],"class_list":{"0":"post-143582","1":"product","2":"type-product","3":"status-publish","4":"has-post-thumbnail","6":"product_cat-siseruumide_valgustid","7":"product_cat-kirjutuslaua-valgustid","8":"product_tag-nordlux","9":"product_shipping_class-standard","10":"pa_ip-kaitseklass-ip-20","11":"pa_materjal-metall","12":"pa_materjal-pmma","13":"pa_ruumid-kaubanduspinnad","14":"pa_ruumid-elutuba","15":"pa_ruumid-soogituba","16":"pa_tarneaeg-2-3-nadalat","17":"pa_varv-must","18":"pa_varv-hall","20":"first","21":"instock","22":"taxable","23":"shipping-taxable","24":"purchasable","25":"product-type-variable"},"acf":[],"aioseo_notices":[],"aioseo_head":"\n\t\t<!-- All in One SEO Pro 4.9.6.1 - aioseo.com -->\n\t<meta name=\"robots\" content=\"max-image-preview:large\" \/>\n\t<meta name=\"google-site-verification\" content=\"nxgDPK3Ouk6bwvuxlwlzeMOKszmf-8m57RDu5zAgN-Y\" \/>\n\t<link rel=\"canonical\" href=\"https:\/\/light24.lt\/lt\/toode\/siseruumide_valgustid\/kirjutuslaua-valgustid\/nordlux-nobu-8w-2700k-dim-diam-10-cm\/\" \/>\n\t<meta name=\"generator\" content=\"All in One SEO Pro (AIOSEO) 4.9.6.1\" \/>\n\t\t<meta property=\"og:locale\" content=\"lt_LT\" \/>\n\t\t<meta property=\"og:site_name\" content=\"Light24 \u2022 \u0160viestuvai elektronin\u0117 parduotuv\u0117 | Profesional\u016bs ap\u0161vietimo sprendimai\" \/>\n\t\t<meta property=\"og:type\" content=\"article\" \/>\n\t\t<meta property=\"og:title\" content=\"Nordlux Nobu 8W 2700K DIM diam 10 cm \u2022 Light24\" \/>\n\t\t<meta property=\"og:url\" content=\"https:\/\/light24.lt\/lt\/toode\/siseruumide_valgustid\/kirjutuslaua-valgustid\/nordlux-nobu-8w-2700k-dim-diam-10-cm\/\" \/>\n\t\t<meta property=\"og:image\" content=\"https:\/\/light24.lt\/wp-content\/uploads\/2025\/02\/Nobu-2120405003_1tehtud.jpg\" \/>\n\t\t<meta property=\"og:image:secure_url\" content=\"https:\/\/light24.lt\/wp-content\/uploads\/2025\/02\/Nobu-2120405003_1tehtud.jpg\" \/>\n\t\t<meta property=\"og:image:width\" content=\"800\" \/>\n\t\t<meta property=\"og:image:height\" content=\"800\" \/>\n\t\t<meta property=\"article:published_time\" content=\"2025-02-14T08:52:35+00:00\" \/>\n\t\t<meta property=\"article:modified_time\" content=\"2025-02-14T09:06:32+00:00\" \/>\n\t\t<meta property=\"article:publisher\" content=\"https:\/\/www.facebook.com\/light24.ee\" \/>\n\t\t<meta name=\"twitter:card\" content=\"summary\" \/>\n\t\t<meta name=\"twitter:title\" content=\"Nordlux Nobu 8W 2700K DIM diam 10 cm \u2022 Light24\" \/>\n\t\t<meta name=\"twitter:image\" content=\"https:\/\/light24.lt\/wp-content\/uploads\/2025\/02\/Nobu-2120405003_1tehtud.jpg\" \/>\n\t\t<script type=\"application\/ld+json\" class=\"aioseo-schema\">\n\t\t\t{\"@context\":\"https:\\\/\\\/schema.org\",\"@graph\":[{\"@type\":\"BreadcrumbList\",\"@id\":\"https:\\\/\\\/light24.lt\\\/lt\\\/toode\\\/siseruumide_valgustid\\\/kirjutuslaua-valgustid\\\/nordlux-nobu-8w-2700k-dim-diam-10-cm\\\/#breadcrumblist\",\"itemListElement\":[{\"@type\":\"ListItem\",\"@id\":\"https:\\\/\\\/light24.lt\\\/lt#listItem\",\"position\":1,\"name\":\"Home\",\"item\":\"https:\\\/\\\/light24.lt\\\/lt\",\"nextItem\":{\"@type\":\"ListItem\",\"@id\":\"https:\\\/\\\/light24.lt\\\/lt\\\/shop\\\/#listItem\",\"name\":\"Parduotuv\\u0117\"}},{\"@type\":\"ListItem\",\"@id\":\"https:\\\/\\\/light24.lt\\\/lt\\\/shop\\\/#listItem\",\"position\":2,\"name\":\"Parduotuv\\u0117\",\"item\":\"https:\\\/\\\/light24.lt\\\/lt\\\/shop\\\/\",\"nextItem\":{\"@type\":\"ListItem\",\"@id\":\"https:\\\/\\\/light24.lt\\\/lt\\\/product-category\\\/siseruumide_valgustid\\\/#listItem\",\"name\":\"Vidaus patalp\\u0173 \\u0161viestuvai\"},\"previousItem\":{\"@type\":\"ListItem\",\"@id\":\"https:\\\/\\\/light24.lt\\\/lt#listItem\",\"name\":\"Home\"}},{\"@type\":\"ListItem\",\"@id\":\"https:\\\/\\\/light24.lt\\\/lt\\\/product-category\\\/siseruumide_valgustid\\\/#listItem\",\"position\":3,\"name\":\"Vidaus patalp\\u0173 \\u0161viestuvai\",\"item\":\"https:\\\/\\\/light24.lt\\\/lt\\\/product-category\\\/siseruumide_valgustid\\\/\",\"nextItem\":{\"@type\":\"ListItem\",\"@id\":\"https:\\\/\\\/light24.lt\\\/lt\\\/product-category\\\/siseruumide_valgustid\\\/kirjutuslaua-valgustid\\\/#listItem\",\"name\":\"\\u0160viestuvai ra\\u0161omajam stalui\"},\"previousItem\":{\"@type\":\"ListItem\",\"@id\":\"https:\\\/\\\/light24.lt\\\/lt\\\/shop\\\/#listItem\",\"name\":\"Parduotuv\\u0117\"}},{\"@type\":\"ListItem\",\"@id\":\"https:\\\/\\\/light24.lt\\\/lt\\\/product-category\\\/siseruumide_valgustid\\\/kirjutuslaua-valgustid\\\/#listItem\",\"position\":4,\"name\":\"\\u0160viestuvai ra\\u0161omajam stalui\",\"item\":\"https:\\\/\\\/light24.lt\\\/lt\\\/product-category\\\/siseruumide_valgustid\\\/kirjutuslaua-valgustid\\\/\",\"nextItem\":{\"@type\":\"ListItem\",\"@id\":\"https:\\\/\\\/light24.lt\\\/lt\\\/toode\\\/siseruumide_valgustid\\\/kirjutuslaua-valgustid\\\/nordlux-nobu-8w-2700k-dim-diam-10-cm\\\/#listItem\",\"name\":\"Nordlux Nobu 8W 2700K DIM diam 10 cm\"},\"previousItem\":{\"@type\":\"ListItem\",\"@id\":\"https:\\\/\\\/light24.lt\\\/lt\\\/product-category\\\/siseruumide_valgustid\\\/#listItem\",\"name\":\"Vidaus patalp\\u0173 \\u0161viestuvai\"}},{\"@type\":\"ListItem\",\"@id\":\"https:\\\/\\\/light24.lt\\\/lt\\\/toode\\\/siseruumide_valgustid\\\/kirjutuslaua-valgustid\\\/nordlux-nobu-8w-2700k-dim-diam-10-cm\\\/#listItem\",\"position\":5,\"name\":\"Nordlux Nobu 8W 2700K DIM diam 10 cm\",\"previousItem\":{\"@type\":\"ListItem\",\"@id\":\"https:\\\/\\\/light24.lt\\\/lt\\\/product-category\\\/siseruumide_valgustid\\\/kirjutuslaua-valgustid\\\/#listItem\",\"name\":\"\\u0160viestuvai ra\\u0161omajam stalui\"}}]},{\"@type\":\"Organization\",\"@id\":\"https:\\\/\\\/light24.lt\\\/lt\\\/#organization\",\"name\":\"Light24\",\"description\":\"\\u0160viestuvai elektronin\\u0117 parduotuv\\u0117 | Profesional\\u016bs ap\\u0161vietimo sprendimai\",\"url\":\"https:\\\/\\\/light24.lt\\\/lt\\\/\",\"telephone\":\"+3725184133\",\"logo\":{\"@type\":\"ImageObject\",\"url\":\"https:\\\/\\\/www.light24.ee\\\/wp-content\\\/uploads\\\/2022\\\/03\\\/Shape-2-3.svg\",\"@id\":\"https:\\\/\\\/light24.lt\\\/lt\\\/toode\\\/siseruumide_valgustid\\\/kirjutuslaua-valgustid\\\/nordlux-nobu-8w-2700k-dim-diam-10-cm\\\/#organizationLogo\"},\"image\":{\"@id\":\"https:\\\/\\\/light24.lt\\\/lt\\\/toode\\\/siseruumide_valgustid\\\/kirjutuslaua-valgustid\\\/nordlux-nobu-8w-2700k-dim-diam-10-cm\\\/#organizationLogo\"},\"sameAs\":[\"https:\\\/\\\/www.facebook.com\\\/light24.ee\",\"https:\\\/\\\/www.instagram.com\\\/light24official\\\/\"]},{\"@type\":\"ProductGroup\",\"@id\":\"https:\\\/\\\/light24.lt\\\/lt\\\/toode\\\/siseruumide_valgustid\\\/kirjutuslaua-valgustid\\\/nordlux-nobu-8w-2700k-dim-diam-10-cm\\\/#wooCommerceProduct\",\"name\":\"Nordlux Nobu 8W 2700K DIM diam 10 cm\",\"url\":\"https:\\\/\\\/light24.lt\\\/lt\\\/toode\\\/siseruumide_valgustid\\\/kirjutuslaua-valgustid\\\/nordlux-nobu-8w-2700k-dim-diam-10-cm\\\/\",\"sku\":\"NDL11075\",\"image\":{\"@type\":\"ImageObject\",\"url\":\"https:\\\/\\\/light24.lt\\\/wp-content\\\/uploads\\\/2025\\\/02\\\/Nobu-2120405003_1tehtud.jpg\",\"@id\":\"https:\\\/\\\/light24.lt\\\/lt\\\/toode\\\/siseruumide_valgustid\\\/kirjutuslaua-valgustid\\\/nordlux-nobu-8w-2700k-dim-diam-10-cm\\\/#productImage\",\"width\":800,\"height\":800},\"productGroupID\":143582,\"hasVariant\":[{\"@type\":\"Product\",\"@id\":\"https:\\\/\\\/light24.lt\\\/lt\\\/toode\\\/siseruumide_valgustid\\\/kirjutuslaua-valgustid\\\/nordlux-nobu-8w-2700k-dim-diam-10-cm\\\/#wooCommerceProduct\",\"name\":\"Nordlux Nobu 8W 2700K DIM diam 10 cm - must\",\"url\":\"https:\\\/\\\/light24.lt\\\/lt\\\/toode\\\/siseruumide_valgustid\\\/kirjutuslaua-valgustid\\\/nordlux-nobu-8w-2700k-dim-diam-10-cm\\\/\",\"sku\":\"NDL11075-1\",\"image\":{\"@type\":\"ImageObject\",\"url\":\"https:\\\/\\\/light24.lt\\\/wp-content\\\/uploads\\\/2025\\\/02\\\/Nobu-2120405003_1tehtud.jpg\",\"@id\":\"https:\\\/\\\/light24.lt\\\/lt\\\/toode\\\/siseruumide_valgustid\\\/kirjutuslaua-valgustid\\\/nordlux-nobu-8w-2700k-dim-diam-10-cm\\\/#productImage\",\"width\":800,\"height\":800},\"offers\":{\"@type\":\"Offer\",\"url\":\"https:\\\/\\\/light24.lt\\\/lt\\\/toode\\\/siseruumide_valgustid\\\/kirjutuslaua-valgustid\\\/nordlux-nobu-8w-2700k-dim-diam-10-cm\\\/#wooCommerceOffer\",\"price\":\"213\",\"priceCurrency\":\"EUR\",\"category\":\"Vidaus patalp\\u0173 \\u0161viestuvai\",\"availability\":\"https:\\\/\\\/schema.org\\\/InStock\",\"priceSpecification\":{\"@type\":\"PriceSpecification\",\"price\":213,\"priceCurrency\":\"EUR\",\"valueAddedTaxIncluded\":\"true\"}}},{\"@type\":\"Product\",\"@id\":\"https:\\\/\\\/light24.lt\\\/lt\\\/toode\\\/siseruumide_valgustid\\\/kirjutuslaua-valgustid\\\/nordlux-nobu-8w-2700k-dim-diam-10-cm\\\/#wooCommerceProduct\",\"name\":\"Nordlux Nobu 8W 2700K DIM diam 10 cm - hall\",\"url\":\"https:\\\/\\\/light24.lt\\\/lt\\\/toode\\\/siseruumide_valgustid\\\/kirjutuslaua-valgustid\\\/nordlux-nobu-8w-2700k-dim-diam-10-cm\\\/\",\"sku\":\"NDL11075-2\",\"image\":{\"@type\":\"ImageObject\",\"url\":\"https:\\\/\\\/light24.lt\\\/wp-content\\\/uploads\\\/2025\\\/02\\\/Nobu-2120405010_1tehtud.jpg\",\"@id\":\"https:\\\/\\\/light24.lt\\\/lt\\\/toode\\\/siseruumide_valgustid\\\/kirjutuslaua-valgustid\\\/nordlux-nobu-8w-2700k-dim-diam-10-cm\\\/#productImage\",\"width\":800,\"height\":800},\"offers\":{\"@type\":\"Offer\",\"url\":\"https:\\\/\\\/light24.lt\\\/lt\\\/toode\\\/siseruumide_valgustid\\\/kirjutuslaua-valgustid\\\/nordlux-nobu-8w-2700k-dim-diam-10-cm\\\/#wooCommerceOffer\",\"price\":\"213\",\"priceCurrency\":\"EUR\",\"category\":\"Vidaus patalp\\u0173 \\u0161viestuvai\",\"availability\":\"https:\\\/\\\/schema.org\\\/InStock\",\"priceSpecification\":{\"@type\":\"PriceSpecification\",\"price\":213,\"priceCurrency\":\"EUR\",\"valueAddedTaxIncluded\":\"true\"}}}]},{\"@type\":\"WebPage\",\"@id\":\"https:\\\/\\\/light24.lt\\\/lt\\\/toode\\\/siseruumide_valgustid\\\/kirjutuslaua-valgustid\\\/nordlux-nobu-8w-2700k-dim-diam-10-cm\\\/#webpage\",\"url\":\"https:\\\/\\\/light24.lt\\\/lt\\\/toode\\\/siseruumide_valgustid\\\/kirjutuslaua-valgustid\\\/nordlux-nobu-8w-2700k-dim-diam-10-cm\\\/\",\"name\":\"Nordlux Nobu 8W 2700K DIM diam 10 cm \\u2022 Light24\",\"inLanguage\":\"lt-LT\",\"isPartOf\":{\"@id\":\"https:\\\/\\\/light24.lt\\\/lt\\\/#website\"},\"breadcrumb\":{\"@id\":\"https:\\\/\\\/light24.lt\\\/lt\\\/toode\\\/siseruumide_valgustid\\\/kirjutuslaua-valgustid\\\/nordlux-nobu-8w-2700k-dim-diam-10-cm\\\/#breadcrumblist\"},\"image\":{\"@type\":\"ImageObject\",\"url\":\"https:\\\/\\\/light24.lt\\\/wp-content\\\/uploads\\\/2025\\\/02\\\/Nobu-2120405003_1tehtud.jpg\",\"@id\":\"https:\\\/\\\/light24.lt\\\/lt\\\/toode\\\/siseruumide_valgustid\\\/kirjutuslaua-valgustid\\\/nordlux-nobu-8w-2700k-dim-diam-10-cm\\\/#mainImage\",\"width\":800,\"height\":800},\"primaryImageOfPage\":{\"@id\":\"https:\\\/\\\/light24.lt\\\/lt\\\/toode\\\/siseruumide_valgustid\\\/kirjutuslaua-valgustid\\\/nordlux-nobu-8w-2700k-dim-diam-10-cm\\\/#mainImage\"},\"datePublished\":\"2025-02-14T10:52:35+02:00\",\"dateModified\":\"2025-02-14T11:06:32+02:00\"},{\"@type\":\"WebSite\",\"@id\":\"https:\\\/\\\/light24.lt\\\/lt\\\/#website\",\"url\":\"https:\\\/\\\/light24.lt\\\/lt\\\/\",\"name\":\"Light24\",\"description\":\"\\u0160viestuvai elektronin\\u0117 parduotuv\\u0117 | Profesional\\u016bs ap\\u0161vietimo sprendimai\",\"inLanguage\":\"lt-LT\",\"publisher\":{\"@id\":\"https:\\\/\\\/light24.lt\\\/lt\\\/#organization\"}}]}\n\t\t<\/script>\n\t\t<!-- All in One SEO Pro -->\r\n\t\t<title>Nordlux Nobu 8W 2700K DIM diam 10 cm \u2022 Light24<\/title>\n\n","aioseo_head_json":{"title":"Nordlux Nobu 8W 2700K DIM diam 10 cm \u2022 Light24","description":"","canonical_url":"https:\/\/light24.lt\/lt\/toode\/siseruumide_valgustid\/kirjutuslaua-valgustid\/nordlux-nobu-8w-2700k-dim-diam-10-cm\/","robots":"max-image-preview:large","keywords":"","webmasterTools":{"google-site-verification":"nxgDPK3Ouk6bwvuxlwlzeMOKszmf-8m57RDu5zAgN-Y","miscellaneous":""},"schema":{"@context":"https:\/\/schema.org","@graph":[{"@type":"BreadcrumbList","@id":"https:\/\/light24.lt\/lt\/toode\/siseruumide_valgustid\/kirjutuslaua-valgustid\/nordlux-nobu-8w-2700k-dim-diam-10-cm\/#breadcrumblist","itemListElement":[{"@type":"ListItem","@id":"https:\/\/light24.lt\/lt#listItem","position":1,"name":"Home","item":"https:\/\/light24.lt\/lt","nextItem":{"@type":"ListItem","@id":"https:\/\/light24.lt\/lt\/shop\/#listItem","name":"Parduotuv\u0117"}},{"@type":"ListItem","@id":"https:\/\/light24.lt\/lt\/shop\/#listItem","position":2,"name":"Parduotuv\u0117","item":"https:\/\/light24.lt\/lt\/shop\/","nextItem":{"@type":"ListItem","@id":"https:\/\/light24.lt\/lt\/product-category\/siseruumide_valgustid\/#listItem","name":"Vidaus patalp\u0173 \u0161viestuvai"},"previousItem":{"@type":"ListItem","@id":"https:\/\/light24.lt\/lt#listItem","name":"Home"}},{"@type":"ListItem","@id":"https:\/\/light24.lt\/lt\/product-category\/siseruumide_valgustid\/#listItem","position":3,"name":"Vidaus patalp\u0173 \u0161viestuvai","item":"https:\/\/light24.lt\/lt\/product-category\/siseruumide_valgustid\/","nextItem":{"@type":"ListItem","@id":"https:\/\/light24.lt\/lt\/product-category\/siseruumide_valgustid\/kirjutuslaua-valgustid\/#listItem","name":"\u0160viestuvai ra\u0161omajam stalui"},"previousItem":{"@type":"ListItem","@id":"https:\/\/light24.lt\/lt\/shop\/#listItem","name":"Parduotuv\u0117"}},{"@type":"ListItem","@id":"https:\/\/light24.lt\/lt\/product-category\/siseruumide_valgustid\/kirjutuslaua-valgustid\/#listItem","position":4,"name":"\u0160viestuvai ra\u0161omajam stalui","item":"https:\/\/light24.lt\/lt\/product-category\/siseruumide_valgustid\/kirjutuslaua-valgustid\/","nextItem":{"@type":"ListItem","@id":"https:\/\/light24.lt\/lt\/toode\/siseruumide_valgustid\/kirjutuslaua-valgustid\/nordlux-nobu-8w-2700k-dim-diam-10-cm\/#listItem","name":"Nordlux Nobu 8W 2700K DIM diam 10 cm"},"previousItem":{"@type":"ListItem","@id":"https:\/\/light24.lt\/lt\/product-category\/siseruumide_valgustid\/#listItem","name":"Vidaus patalp\u0173 \u0161viestuvai"}},{"@type":"ListItem","@id":"https:\/\/light24.lt\/lt\/toode\/siseruumide_valgustid\/kirjutuslaua-valgustid\/nordlux-nobu-8w-2700k-dim-diam-10-cm\/#listItem","position":5,"name":"Nordlux Nobu 8W 2700K DIM diam 10 cm","previousItem":{"@type":"ListItem","@id":"https:\/\/light24.lt\/lt\/product-category\/siseruumide_valgustid\/kirjutuslaua-valgustid\/#listItem","name":"\u0160viestuvai ra\u0161omajam stalui"}}]},{"@type":"Organization","@id":"https:\/\/light24.lt\/lt\/#organization","name":"Light24","description":"\u0160viestuvai elektronin\u0117 parduotuv\u0117 | Profesional\u016bs ap\u0161vietimo sprendimai","url":"https:\/\/light24.lt\/lt\/","telephone":"+3725184133","logo":{"@type":"ImageObject","url":"https:\/\/www.light24.ee\/wp-content\/uploads\/2022\/03\/Shape-2-3.svg","@id":"https:\/\/light24.lt\/lt\/toode\/siseruumide_valgustid\/kirjutuslaua-valgustid\/nordlux-nobu-8w-2700k-dim-diam-10-cm\/#organizationLogo"},"image":{"@id":"https:\/\/light24.lt\/lt\/toode\/siseruumide_valgustid\/kirjutuslaua-valgustid\/nordlux-nobu-8w-2700k-dim-diam-10-cm\/#organizationLogo"},"sameAs":["https:\/\/www.facebook.com\/light24.ee","https:\/\/www.instagram.com\/light24official\/"]},{"@type":"ProductGroup","@id":"https:\/\/light24.lt\/lt\/toode\/siseruumide_valgustid\/kirjutuslaua-valgustid\/nordlux-nobu-8w-2700k-dim-diam-10-cm\/#wooCommerceProduct","name":"Nordlux Nobu 8W 2700K DIM diam 10 cm","url":"https:\/\/light24.lt\/lt\/toode\/siseruumide_valgustid\/kirjutuslaua-valgustid\/nordlux-nobu-8w-2700k-dim-diam-10-cm\/","sku":"NDL11075","image":{"@type":"ImageObject","url":"https:\/\/light24.lt\/wp-content\/uploads\/2025\/02\/Nobu-2120405003_1tehtud.jpg","@id":"https:\/\/light24.lt\/lt\/toode\/siseruumide_valgustid\/kirjutuslaua-valgustid\/nordlux-nobu-8w-2700k-dim-diam-10-cm\/#productImage","width":800,"height":800},"productGroupID":143582,"hasVariant":[{"@type":"Product","@id":"https:\/\/light24.lt\/lt\/toode\/siseruumide_valgustid\/kirjutuslaua-valgustid\/nordlux-nobu-8w-2700k-dim-diam-10-cm\/#wooCommerceProduct","name":"Nordlux Nobu 8W 2700K DIM diam 10 cm - must","url":"https:\/\/light24.lt\/lt\/toode\/siseruumide_valgustid\/kirjutuslaua-valgustid\/nordlux-nobu-8w-2700k-dim-diam-10-cm\/","sku":"NDL11075-1","image":{"@type":"ImageObject","url":"https:\/\/light24.lt\/wp-content\/uploads\/2025\/02\/Nobu-2120405003_1tehtud.jpg","@id":"https:\/\/light24.lt\/lt\/toode\/siseruumide_valgustid\/kirjutuslaua-valgustid\/nordlux-nobu-8w-2700k-dim-diam-10-cm\/#productImage","width":800,"height":800},"offers":{"@type":"Offer","url":"https:\/\/light24.lt\/lt\/toode\/siseruumide_valgustid\/kirjutuslaua-valgustid\/nordlux-nobu-8w-2700k-dim-diam-10-cm\/#wooCommerceOffer","price":"213","priceCurrency":"EUR","category":"Vidaus patalp\u0173 \u0161viestuvai","availability":"https:\/\/schema.org\/InStock","priceSpecification":{"@type":"PriceSpecification","price":213,"priceCurrency":"EUR","valueAddedTaxIncluded":"true"}}},{"@type":"Product","@id":"https:\/\/light24.lt\/lt\/toode\/siseruumide_valgustid\/kirjutuslaua-valgustid\/nordlux-nobu-8w-2700k-dim-diam-10-cm\/#wooCommerceProduct","name":"Nordlux Nobu 8W 2700K DIM diam 10 cm - hall","url":"https:\/\/light24.lt\/lt\/toode\/siseruumide_valgustid\/kirjutuslaua-valgustid\/nordlux-nobu-8w-2700k-dim-diam-10-cm\/","sku":"NDL11075-2","image":{"@type":"ImageObject","url":"https:\/\/light24.lt\/wp-content\/uploads\/2025\/02\/Nobu-2120405010_1tehtud.jpg","@id":"https:\/\/light24.lt\/lt\/toode\/siseruumide_valgustid\/kirjutuslaua-valgustid\/nordlux-nobu-8w-2700k-dim-diam-10-cm\/#productImage","width":800,"height":800},"offers":{"@type":"Offer","url":"https:\/\/light24.lt\/lt\/toode\/siseruumide_valgustid\/kirjutuslaua-valgustid\/nordlux-nobu-8w-2700k-dim-diam-10-cm\/#wooCommerceOffer","price":"213","priceCurrency":"EUR","category":"Vidaus patalp\u0173 \u0161viestuvai","availability":"https:\/\/schema.org\/InStock","priceSpecification":{"@type":"PriceSpecification","price":213,"priceCurrency":"EUR","valueAddedTaxIncluded":"true"}}}]},{"@type":"WebPage","@id":"https:\/\/light24.lt\/lt\/toode\/siseruumide_valgustid\/kirjutuslaua-valgustid\/nordlux-nobu-8w-2700k-dim-diam-10-cm\/#webpage","url":"https:\/\/light24.lt\/lt\/toode\/siseruumide_valgustid\/kirjutuslaua-valgustid\/nordlux-nobu-8w-2700k-dim-diam-10-cm\/","name":"Nordlux Nobu 8W 2700K DIM diam 10 cm \u2022 Light24","inLanguage":"lt-LT","isPartOf":{"@id":"https:\/\/light24.lt\/lt\/#website"},"breadcrumb":{"@id":"https:\/\/light24.lt\/lt\/toode\/siseruumide_valgustid\/kirjutuslaua-valgustid\/nordlux-nobu-8w-2700k-dim-diam-10-cm\/#breadcrumblist"},"image":{"@type":"ImageObject","url":"https:\/\/light24.lt\/wp-content\/uploads\/2025\/02\/Nobu-2120405003_1tehtud.jpg","@id":"https:\/\/light24.lt\/lt\/toode\/siseruumide_valgustid\/kirjutuslaua-valgustid\/nordlux-nobu-8w-2700k-dim-diam-10-cm\/#mainImage","width":800,"height":800},"primaryImageOfPage":{"@id":"https:\/\/light24.lt\/lt\/toode\/siseruumide_valgustid\/kirjutuslaua-valgustid\/nordlux-nobu-8w-2700k-dim-diam-10-cm\/#mainImage"},"datePublished":"2025-02-14T10:52:35+02:00","dateModified":"2025-02-14T11:06:32+02:00"},{"@type":"WebSite","@id":"https:\/\/light24.lt\/lt\/#website","url":"https:\/\/light24.lt\/lt\/","name":"Light24","description":"\u0160viestuvai elektronin\u0117 parduotuv\u0117 | Profesional\u016bs ap\u0161vietimo sprendimai","inLanguage":"lt-LT","publisher":{"@id":"https:\/\/light24.lt\/lt\/#organization"}}]},"og:locale":"lt_LT","og:site_name":"Light24 \u2022 \u0160viestuvai elektronin\u0117 parduotuv\u0117 | Profesional\u016bs ap\u0161vietimo sprendimai","og:type":"article","og:title":"Nordlux Nobu 8W 2700K DIM diam 10 cm \u2022 Light24","og:url":"https:\/\/light24.lt\/lt\/toode\/siseruumide_valgustid\/kirjutuslaua-valgustid\/nordlux-nobu-8w-2700k-dim-diam-10-cm\/","og:image":"https:\/\/light24.lt\/wp-content\/uploads\/2025\/02\/Nobu-2120405003_1tehtud.jpg","og:image:secure_url":"https:\/\/light24.lt\/wp-content\/uploads\/2025\/02\/Nobu-2120405003_1tehtud.jpg","og:image:width":800,"og:image:height":800,"article:published_time":"2025-02-14T08:52:35+00:00","article:modified_time":"2025-02-14T09:06:32+00:00","article:publisher":"https:\/\/www.facebook.com\/light24.ee","twitter:card":"summary","twitter:title":"Nordlux Nobu 8W 2700K DIM diam 10 cm \u2022 Light24","twitter:image":"https:\/\/light24.lt\/wp-content\/uploads\/2025\/02\/Nobu-2120405003_1tehtud.jpg"},"aioseo_meta_data":{"post_id":"143582","title":null,"description":null,"keywords":null,"keyphrases":{"focus":{"keyphrase":"","score":0,"analysis":{"keyphraseInTitle":{"score":0,"maxScore":9,"error":1}}},"additional":[]},"primary_term":null,"canonical_url":null,"og_title":null,"og_description":null,"og_object_type":"default","og_image_type":"default","og_image_url":null,"og_image_width":null,"og_image_height":null,"og_image_custom_url":null,"og_image_custom_fields":null,"og_video":"","og_custom_url":null,"og_article_section":null,"og_article_tags":null,"twitter_use_og":false,"twitter_card":"default","twitter_image_type":"default","twitter_image_url":null,"twitter_image_custom_url":null,"twitter_image_custom_fields":null,"twitter_title":null,"twitter_description":null,"schema":{"blockGraphs":[],"customGraphs":[],"default":{"data":{"Article":[],"Course":[],"Dataset":[],"FAQPage":[],"Movie":[],"Person":[],"Product":[],"ProductReview":[],"Car":[],"Recipe":[],"Service":[],"SoftwareApplication":[],"WebPage":[]},"graphName":"Product","isEnabled":true},"graphs":[]},"schema_type":"default","schema_type_options":null,"pillar_content":false,"robots_default":true,"robots_noindex":false,"robots_noarchive":false,"robots_nosnippet":false,"robots_nofollow":false,"robots_noimageindex":false,"robots_noodp":false,"robots_notranslate":false,"robots_max_snippet":"-1","robots_max_videopreview":"-1","robots_max_imagepreview":"large","priority":null,"frequency":"default","local_seo":null,"seo_analyzer_scan_date":"2025-10-27 15:04:04","breadcrumb_settings":null,"limit_modified_date":false,"reviewed_by":null,"open_ai":"{\"title\":{\"suggestions\":[],\"usage\":0},\"description\":{\"suggestions\":[],\"usage\":0}}","ai":null,"created":"2025-02-14 08:52:35","updated":"2025-10-27 15:04:04"},"aioseo_breadcrumb":"<div class=\"aioseo-breadcrumbs\"><span class=\"aioseo-breadcrumb\">\n\t<a href=\"https:\/\/light24.lt\/lt\" title=\"Home\">Home<\/a>\n<\/span><span class=\"aioseo-breadcrumb-separator\">&raquo;<\/span><span class=\"aioseo-breadcrumb\">\n\t<a href=\"https:\/\/light24.lt\/lt\/shop\/\" title=\"Parduotuv\u0117\">Parduotuv\u0117<\/a>\n<\/span><span class=\"aioseo-breadcrumb-separator\">&raquo;<\/span><span class=\"aioseo-breadcrumb\">\n\t<a href=\"https:\/\/light24.lt\/lt\/product-category\/siseruumide_valgustid\/\" title=\"Vidaus patalp\u0173 \u0161viestuvai\">Vidaus patalp\u0173 \u0161viestuvai<\/a>\n<\/span><span class=\"aioseo-breadcrumb-separator\">&raquo;<\/span><span class=\"aioseo-breadcrumb\">\n\t<a href=\"https:\/\/light24.lt\/lt\/product-category\/siseruumide_valgustid\/kirjutuslaua-valgustid\/\" title=\"\u0160viestuvai ra\u0161omajam stalui\">\u0160viestuvai ra\u0161omajam stalui<\/a>\n<\/span><span class=\"aioseo-breadcrumb-separator\">&raquo;<\/span><span class=\"aioseo-breadcrumb\">\n\tNordlux Nobu 8W 2700K DIM diam 10 cm\n<\/span><\/div>","aioseo_breadcrumb_json":[{"label":"Home","link":"https:\/\/light24.lt\/lt"},{"label":"Parduotuv\u0117","link":"https:\/\/light24.lt\/lt\/shop\/"},{"label":"Vidaus patalp\u0173 \u0161viestuvai","link":"https:\/\/light24.lt\/lt\/product-category\/siseruumide_valgustid\/"},{"label":"\u0160viestuvai ra\u0161omajam stalui","link":"https:\/\/light24.lt\/lt\/product-category\/siseruumide_valgustid\/kirjutuslaua-valgustid\/"},{"label":"Nordlux Nobu 8W 2700K DIM diam 10 cm","link":"https:\/\/light24.lt\/lt\/toode\/siseruumide_valgustid\/kirjutuslaua-valgustid\/nordlux-nobu-8w-2700k-dim-diam-10-cm\/"}],"_links":{"self":[{"href":"https:\/\/light24.lt\/lt\/wp-json\/wp\/v2\/product\/143582","targetHints":{"allow":["GET"]}}],"collection":[{"href":"https:\/\/light24.lt\/lt\/wp-json\/wp\/v2\/product"}],"about":[{"href":"https:\/\/light24.lt\/lt\/wp-json\/wp\/v2\/types\/product"}],"replies":[{"embeddable":true,"href":"https:\/\/light24.lt\/lt\/wp-json\/wp\/v2\/comments?post=143582"}],"wp:featuredmedia":[{"embeddable":true,"href":"https:\/\/light24.lt\/lt\/wp-json\/wp\/v2\/media\/143586"}],"wp:attachment":[{"href":"https:\/\/light24.lt\/lt\/wp-json\/wp\/v2\/media?parent=143582"}],"wp:term":[{"taxonomy":"product_cat","embeddable":true,"href":"https:\/\/light24.lt\/lt\/wp-json\/wp\/v2\/product_cat?post=143582"},{"taxonomy":"product_tag","embeddable":true,"href":"https:\/\/light24.lt\/lt\/wp-json\/wp\/v2\/product_tag?post=143582"}],"curies":[{"name":"wp","href":"https:\/\/api.w.org\/{rel}","templated":true}]}}