{"id":83151,"date":"2023-12-23T22:23:46","date_gmt":"2023-12-23T20:23:46","guid":{"rendered":"https:\/\/www.light24.ee\/?post_type=product&#038;p=83151"},"modified":"2024-04-07T21:46:31","modified_gmt":"2024-04-07T18:46:31","slug":"valis-seinavalgusti-boden-led-dim","status":"publish","type":"product","link":"https:\/\/light24.lt\/fr\/toode\/valisvalgustid\/valis-seinavalgustid\/valis-seinavalgusti-boden-led-dim\/","title":{"rendered":"NORLYS BODEN 8W 3000K DIM"},"content":{"rendered":"<p class=\"qtranxs-available-languages-message qtranxs-available-languages-message-fr\">D\u00e9sol\u00e9, cet article est seulement disponible en <a href=\"https:\/\/light24.lt\/et\/wp-json\/wp\/v2\/product\/83151\" class=\"qtranxs-available-language-link qtranxs-available-language-link-et\" title=\"Eesti\">Eesti<\/a>, <a href=\"https:\/\/light24.lt\/fi\/wp-json\/wp\/v2\/product\/83151\" class=\"qtranxs-available-language-link qtranxs-available-language-link-fi\" title=\"Suomi\">Suomi<\/a> et <a href=\"https:\/\/light24.lt\/lv\/wp-json\/wp\/v2\/product\/83151\" class=\"qtranxs-available-language-link qtranxs-available-language-link-lv\" title=\"Latvie\u0161u\">Latvie\u0161u<\/a>.<\/p>","protected":false},"excerpt":{"rendered":"<p>D\u00e9sol\u00e9, cet article est seulement disponible en Eesti, Suomi et Latvie\u0161u.<\/p>\n","protected":false},"featured_media":83156,"comment_status":"closed","ping_status":"closed","template":"","meta":{"_acf_changed":false},"product_cat":[2903,2919],"product_tag":[1557],"class_list":{"0":"post-83151","1":"product","2":"type-product","3":"status-publish","4":"has-post-thumbnail","6":"product_cat-valisvalgustid","7":"product_cat-valis-seinavalgustid","8":"product_tag-norlys","9":"product_shipping_class-small","10":"pa_ip-kaitseklass-1613","11":"pa_materjal-alumiinium","12":"pa_materjal-polukarbonaat","13":"pa_materjal-roostevaba-teras","14":"pa_otstarve-valis-seinavalgustid","15":"pa_ruumid-oueala","16":"pa_ruumid-terrass","17":"pa_ruumid-hoone","18":"pa_tarneaeg-10-paeva","19":"pa_varv-galvaniseeritud-metall","20":"pa_varv-must","22":"first","23":"instock","24":"sale","25":"taxable","26":"shipping-taxable","27":"purchasable","28":"product-type-variable"},"acf":[],"aioseo_notices":[],"aioseo_head":"\n\t\t<!-- All in One SEO Pro 4.9.5.2 - aioseo.com -->\n\t<meta name=\"description\" content=\"D\u00e9sol\u00e9, cet article est seulement disponible en Eesti, Suomi et Latvie\u0161u.\" \/>\n\t<meta name=\"robots\" content=\"max-image-preview:large\" \/>\n\t<meta name=\"google-site-verification\" content=\"nxgDPK3Ouk6bwvuxlwlzeMOKszmf-8m57RDu5zAgN-Y\" \/>\n\t<link rel=\"canonical\" href=\"https:\/\/light24.lt\/fr\/toode\/valisvalgustid\/valis-seinavalgustid\/valis-seinavalgusti-boden-led-dim\/\" \/>\n\t<meta name=\"generator\" content=\"All in One SEO Pro (AIOSEO) 4.9.5.2\" \/>\n\t\t<meta property=\"og:locale\" content=\"fr_FR\" \/>\n\t\t<meta property=\"og:site_name\" content=\"Light24 \u2022 Lighting E-Shop | Solutions d&#039;\u00e9clairage professionnelles\" \/>\n\t\t<meta property=\"og:type\" content=\"article\" \/>\n\t\t<meta property=\"og:title\" content=\"NORLYS BODEN 8W 3000K DIM \u2022 Light24\" \/>\n\t\t<meta property=\"og:description\" content=\"D\u00e9sol\u00e9, cet article est seulement disponible en Eesti, Suomi et Latvie\u0161u.\" \/>\n\t\t<meta property=\"og:url\" content=\"https:\/\/light24.lt\/fr\/toode\/valisvalgustid\/valis-seinavalgustid\/valis-seinavalgusti-boden-led-dim\/\" \/>\n\t\t<meta property=\"og:image\" content=\"https:\/\/light24.lt\/wp-content\/uploads\/2021\/03\/boden.jpg\" \/>\n\t\t<meta property=\"og:image:secure_url\" content=\"https:\/\/light24.lt\/wp-content\/uploads\/2021\/03\/boden.jpg\" \/>\n\t\t<meta property=\"og:image:width\" content=\"750\" \/>\n\t\t<meta property=\"og:image:height\" content=\"750\" \/>\n\t\t<meta property=\"article:published_time\" content=\"2023-12-23T20:23:46+00:00\" \/>\n\t\t<meta property=\"article:modified_time\" content=\"2024-04-07T18:46:31+00:00\" \/>\n\t\t<meta property=\"article:publisher\" content=\"https:\/\/www.facebook.com\/light24.ee\" \/>\n\t\t<meta name=\"twitter:card\" content=\"summary\" \/>\n\t\t<meta name=\"twitter:title\" content=\"NORLYS BODEN 8W 3000K DIM \u2022 Light24\" \/>\n\t\t<meta name=\"twitter:description\" content=\"D\u00e9sol\u00e9, cet article est seulement disponible en Eesti, Suomi et Latvie\u0161u.\" \/>\n\t\t<meta name=\"twitter:image\" content=\"https:\/\/light24.lt\/wp-content\/uploads\/2021\/03\/boden.jpg\" \/>\n\t\t<script type=\"application\/ld+json\" class=\"aioseo-schema\">\n\t\t\t{\"@context\":\"https:\\\/\\\/schema.org\",\"@graph\":[{\"@type\":\"BreadcrumbList\",\"@id\":\"https:\\\/\\\/light24.lt\\\/fr\\\/toode\\\/valisvalgustid\\\/valis-seinavalgustid\\\/valis-seinavalgusti-boden-led-dim\\\/#breadcrumblist\",\"itemListElement\":[{\"@type\":\"ListItem\",\"@id\":\"https:\\\/\\\/light24.lt\\\/fr#listItem\",\"position\":1,\"name\":\"Home\",\"item\":\"https:\\\/\\\/light24.lt\\\/fr\",\"nextItem\":{\"@type\":\"ListItem\",\"@id\":\"https:\\\/\\\/light24.lt\\\/fr\\\/shop\\\/#listItem\",\"name\":\"Boutique en ligne\"}},{\"@type\":\"ListItem\",\"@id\":\"https:\\\/\\\/light24.lt\\\/fr\\\/shop\\\/#listItem\",\"position\":2,\"name\":\"Boutique en ligne\",\"item\":\"https:\\\/\\\/light24.lt\\\/fr\\\/shop\\\/\",\"nextItem\":{\"@type\":\"ListItem\",\"@id\":\"https:\\\/\\\/light24.lt\\\/fr\\\/product-category\\\/valisvalgustid\\\/#listItem\",\"name\":\"Luminaires d\\u2019ext\\u00e9rieur\"},\"previousItem\":{\"@type\":\"ListItem\",\"@id\":\"https:\\\/\\\/light24.lt\\\/fr#listItem\",\"name\":\"Home\"}},{\"@type\":\"ListItem\",\"@id\":\"https:\\\/\\\/light24.lt\\\/fr\\\/product-category\\\/valisvalgustid\\\/#listItem\",\"position\":3,\"name\":\"Luminaires d\\u2019ext\\u00e9rieur\",\"item\":\"https:\\\/\\\/light24.lt\\\/fr\\\/product-category\\\/valisvalgustid\\\/\",\"nextItem\":{\"@type\":\"ListItem\",\"@id\":\"https:\\\/\\\/light24.lt\\\/fr\\\/product-category\\\/valisvalgustid\\\/valis-seinavalgustid\\\/#listItem\",\"name\":\"Appliques murales ext\\u00e9rieures\"},\"previousItem\":{\"@type\":\"ListItem\",\"@id\":\"https:\\\/\\\/light24.lt\\\/fr\\\/shop\\\/#listItem\",\"name\":\"Boutique en ligne\"}},{\"@type\":\"ListItem\",\"@id\":\"https:\\\/\\\/light24.lt\\\/fr\\\/product-category\\\/valisvalgustid\\\/valis-seinavalgustid\\\/#listItem\",\"position\":4,\"name\":\"Appliques murales ext\\u00e9rieures\",\"item\":\"https:\\\/\\\/light24.lt\\\/fr\\\/product-category\\\/valisvalgustid\\\/valis-seinavalgustid\\\/\",\"nextItem\":{\"@type\":\"ListItem\",\"@id\":\"https:\\\/\\\/light24.lt\\\/fr\\\/toode\\\/valisvalgustid\\\/valis-seinavalgustid\\\/valis-seinavalgusti-boden-led-dim\\\/#listItem\",\"name\":\"NORLYS BODEN 8W 3000K DIM\"},\"previousItem\":{\"@type\":\"ListItem\",\"@id\":\"https:\\\/\\\/light24.lt\\\/fr\\\/product-category\\\/valisvalgustid\\\/#listItem\",\"name\":\"Luminaires d\\u2019ext\\u00e9rieur\"}},{\"@type\":\"ListItem\",\"@id\":\"https:\\\/\\\/light24.lt\\\/fr\\\/toode\\\/valisvalgustid\\\/valis-seinavalgustid\\\/valis-seinavalgusti-boden-led-dim\\\/#listItem\",\"position\":5,\"name\":\"NORLYS BODEN 8W 3000K DIM\",\"previousItem\":{\"@type\":\"ListItem\",\"@id\":\"https:\\\/\\\/light24.lt\\\/fr\\\/product-category\\\/valisvalgustid\\\/valis-seinavalgustid\\\/#listItem\",\"name\":\"Appliques murales ext\\u00e9rieures\"}}]},{\"@type\":\"Organization\",\"@id\":\"https:\\\/\\\/light24.lt\\\/fr\\\/#organization\",\"name\":\"Light24\",\"description\":\"Lighting E-Shop | Solutions d'\\u00e9clairage professionnelles\",\"url\":\"https:\\\/\\\/light24.lt\\\/fr\\\/\",\"telephone\":\"+3725184133\",\"logo\":{\"@type\":\"ImageObject\",\"url\":\"https:\\\/\\\/www.light24.ee\\\/wp-content\\\/uploads\\\/2022\\\/03\\\/Shape-2-3.svg\",\"@id\":\"https:\\\/\\\/light24.lt\\\/fr\\\/toode\\\/valisvalgustid\\\/valis-seinavalgustid\\\/valis-seinavalgusti-boden-led-dim\\\/#organizationLogo\"},\"image\":{\"@id\":\"https:\\\/\\\/light24.lt\\\/fr\\\/toode\\\/valisvalgustid\\\/valis-seinavalgustid\\\/valis-seinavalgusti-boden-led-dim\\\/#organizationLogo\"},\"sameAs\":[\"https:\\\/\\\/www.facebook.com\\\/light24.ee\",\"https:\\\/\\\/www.instagram.com\\\/light24official\\\/\"]},{\"@type\":\"ProductGroup\",\"@id\":\"https:\\\/\\\/light24.lt\\\/fr\\\/toode\\\/valisvalgustid\\\/valis-seinavalgustid\\\/valis-seinavalgusti-boden-led-dim\\\/#wooCommerceProduct\",\"name\":\"NORLYS BODEN 8W 3000K DIM\",\"url\":\"https:\\\/\\\/light24.lt\\\/fr\\\/toode\\\/valisvalgustid\\\/valis-seinavalgustid\\\/valis-seinavalgusti-boden-led-dim\\\/\",\"sku\":\"NOR11041-1\",\"image\":{\"@type\":\"ImageObject\",\"url\":\"https:\\\/\\\/light24.lt\\\/wp-content\\\/uploads\\\/2021\\\/03\\\/boden.jpg\",\"@id\":\"https:\\\/\\\/light24.lt\\\/fr\\\/toode\\\/valisvalgustid\\\/valis-seinavalgustid\\\/valis-seinavalgusti-boden-led-dim\\\/#productImage\",\"width\":750,\"height\":750},\"productGroupID\":83151,\"hasVariant\":[{\"@type\":\"Product\",\"@id\":\"https:\\\/\\\/light24.lt\\\/fr\\\/toode\\\/valisvalgustid\\\/valis-seinavalgustid\\\/valis-seinavalgusti-boden-led-dim\\\/#wooCommerceProduct\",\"name\":\"NORLYS BODEN 8W 3000K DIM - galvaniseeritud-metall\",\"url\":\"https:\\\/\\\/light24.lt\\\/fr\\\/toode\\\/valisvalgustid\\\/valis-seinavalgustid\\\/valis-seinavalgusti-boden-led-dim\\\/\",\"sku\":\"NOR11041-1\",\"image\":{\"@type\":\"ImageObject\",\"url\":\"https:\\\/\\\/light24.lt\\\/wp-content\\\/uploads\\\/2021\\\/03\\\/boden.jpg\",\"@id\":\"https:\\\/\\\/light24.lt\\\/fr\\\/toode\\\/valisvalgustid\\\/valis-seinavalgustid\\\/valis-seinavalgusti-boden-led-dim\\\/#productImage\",\"width\":750,\"height\":750},\"offers\":{\"@type\":\"Offer\",\"url\":\"https:\\\/\\\/light24.lt\\\/fr\\\/toode\\\/valisvalgustid\\\/valis-seinavalgustid\\\/valis-seinavalgusti-boden-led-dim\\\/#wooCommerceOffer\",\"price\":109.48,\"priceCurrency\":\"EUR\",\"category\":\"Luminaires d\\u2019ext\\u00e9rieur\",\"availability\":\"https:\\\/\\\/schema.org\\\/InStock\",\"priceSpecification\":{\"@type\":\"PriceSpecification\",\"price\":109.48,\"priceCurrency\":\"EUR\",\"valueAddedTaxIncluded\":\"true\"}}},{\"@type\":\"Product\",\"@id\":\"https:\\\/\\\/light24.lt\\\/fr\\\/toode\\\/valisvalgustid\\\/valis-seinavalgustid\\\/valis-seinavalgusti-boden-led-dim\\\/#wooCommerceProduct\",\"name\":\"NORLYS BODEN 8W 3000K DIM - must\",\"url\":\"https:\\\/\\\/light24.lt\\\/fr\\\/toode\\\/valisvalgustid\\\/valis-seinavalgustid\\\/valis-seinavalgusti-boden-led-dim\\\/\",\"sku\":\"NOR11041-1\",\"image\":{\"@type\":\"ImageObject\",\"url\":\"https:\\\/\\\/light24.lt\\\/wp-content\\\/uploads\\\/2021\\\/03\\\/boden.jpg\",\"@id\":\"https:\\\/\\\/light24.lt\\\/fr\\\/toode\\\/valisvalgustid\\\/valis-seinavalgustid\\\/valis-seinavalgusti-boden-led-dim\\\/#productImage\",\"width\":750,\"height\":750},\"offers\":{\"@type\":\"Offer\",\"url\":\"https:\\\/\\\/light24.lt\\\/fr\\\/toode\\\/valisvalgustid\\\/valis-seinavalgustid\\\/valis-seinavalgusti-boden-led-dim\\\/#wooCommerceOffer\",\"price\":109.48,\"priceCurrency\":\"EUR\",\"category\":\"Luminaires d\\u2019ext\\u00e9rieur\",\"availability\":\"https:\\\/\\\/schema.org\\\/InStock\",\"priceSpecification\":{\"@type\":\"PriceSpecification\",\"price\":109.48,\"priceCurrency\":\"EUR\",\"valueAddedTaxIncluded\":\"true\"}}}]},{\"@type\":\"WebPage\",\"@id\":\"https:\\\/\\\/light24.lt\\\/fr\\\/toode\\\/valisvalgustid\\\/valis-seinavalgustid\\\/valis-seinavalgusti-boden-led-dim\\\/#webpage\",\"url\":\"https:\\\/\\\/light24.lt\\\/fr\\\/toode\\\/valisvalgustid\\\/valis-seinavalgustid\\\/valis-seinavalgusti-boden-led-dim\\\/\",\"name\":\"NORLYS BODEN 8W 3000K DIM \\u2022 Light24\",\"description\":\"D\\u00e9sol\\u00e9, cet article est seulement disponible en Eesti, Suomi et Latvie\\u0161u.\",\"inLanguage\":\"fr-FR\",\"isPartOf\":{\"@id\":\"https:\\\/\\\/light24.lt\\\/fr\\\/#website\"},\"breadcrumb\":{\"@id\":\"https:\\\/\\\/light24.lt\\\/fr\\\/toode\\\/valisvalgustid\\\/valis-seinavalgustid\\\/valis-seinavalgusti-boden-led-dim\\\/#breadcrumblist\"},\"image\":{\"@type\":\"ImageObject\",\"url\":\"https:\\\/\\\/light24.lt\\\/wp-content\\\/uploads\\\/2021\\\/03\\\/boden.jpg\",\"@id\":\"https:\\\/\\\/light24.lt\\\/fr\\\/toode\\\/valisvalgustid\\\/valis-seinavalgustid\\\/valis-seinavalgusti-boden-led-dim\\\/#mainImage\",\"width\":750,\"height\":750},\"primaryImageOfPage\":{\"@id\":\"https:\\\/\\\/light24.lt\\\/fr\\\/toode\\\/valisvalgustid\\\/valis-seinavalgustid\\\/valis-seinavalgusti-boden-led-dim\\\/#mainImage\"},\"datePublished\":\"2023-12-23T22:23:46+02:00\",\"dateModified\":\"2024-04-07T21:46:31+03:00\"},{\"@type\":\"WebSite\",\"@id\":\"https:\\\/\\\/light24.lt\\\/fr\\\/#website\",\"url\":\"https:\\\/\\\/light24.lt\\\/fr\\\/\",\"name\":\"Light24\",\"description\":\"Lighting E-Shop | Solutions d'\\u00e9clairage professionnelles\",\"inLanguage\":\"fr-FR\",\"publisher\":{\"@id\":\"https:\\\/\\\/light24.lt\\\/fr\\\/#organization\"}}]}\n\t\t<\/script>\n\t\t<!-- All in One SEO Pro -->\r\n\t\t<title>NORLYS BODEN 8W 3000K DIM \u2022 Light24<\/title>\n\n","aioseo_head_json":{"title":"NORLYS BODEN 8W 3000K DIM \u2022 Light24","description":"D\u00e9sol\u00e9, cet article est seulement disponible en Eesti, Suomi et Latvie\u0161u.","canonical_url":"https:\/\/light24.lt\/fr\/toode\/valisvalgustid\/valis-seinavalgustid\/valis-seinavalgusti-boden-led-dim\/","robots":"max-image-preview:large","keywords":"","webmasterTools":{"google-site-verification":"nxgDPK3Ouk6bwvuxlwlzeMOKszmf-8m57RDu5zAgN-Y","miscellaneous":""},"schema":{"@context":"https:\/\/schema.org","@graph":[{"@type":"BreadcrumbList","@id":"https:\/\/light24.lt\/fr\/toode\/valisvalgustid\/valis-seinavalgustid\/valis-seinavalgusti-boden-led-dim\/#breadcrumblist","itemListElement":[{"@type":"ListItem","@id":"https:\/\/light24.lt\/fr#listItem","position":1,"name":"Home","item":"https:\/\/light24.lt\/fr","nextItem":{"@type":"ListItem","@id":"https:\/\/light24.lt\/fr\/shop\/#listItem","name":"Boutique en ligne"}},{"@type":"ListItem","@id":"https:\/\/light24.lt\/fr\/shop\/#listItem","position":2,"name":"Boutique en ligne","item":"https:\/\/light24.lt\/fr\/shop\/","nextItem":{"@type":"ListItem","@id":"https:\/\/light24.lt\/fr\/product-category\/valisvalgustid\/#listItem","name":"Luminaires d\u2019ext\u00e9rieur"},"previousItem":{"@type":"ListItem","@id":"https:\/\/light24.lt\/fr#listItem","name":"Home"}},{"@type":"ListItem","@id":"https:\/\/light24.lt\/fr\/product-category\/valisvalgustid\/#listItem","position":3,"name":"Luminaires d\u2019ext\u00e9rieur","item":"https:\/\/light24.lt\/fr\/product-category\/valisvalgustid\/","nextItem":{"@type":"ListItem","@id":"https:\/\/light24.lt\/fr\/product-category\/valisvalgustid\/valis-seinavalgustid\/#listItem","name":"Appliques murales ext\u00e9rieures"},"previousItem":{"@type":"ListItem","@id":"https:\/\/light24.lt\/fr\/shop\/#listItem","name":"Boutique en ligne"}},{"@type":"ListItem","@id":"https:\/\/light24.lt\/fr\/product-category\/valisvalgustid\/valis-seinavalgustid\/#listItem","position":4,"name":"Appliques murales ext\u00e9rieures","item":"https:\/\/light24.lt\/fr\/product-category\/valisvalgustid\/valis-seinavalgustid\/","nextItem":{"@type":"ListItem","@id":"https:\/\/light24.lt\/fr\/toode\/valisvalgustid\/valis-seinavalgustid\/valis-seinavalgusti-boden-led-dim\/#listItem","name":"NORLYS BODEN 8W 3000K DIM"},"previousItem":{"@type":"ListItem","@id":"https:\/\/light24.lt\/fr\/product-category\/valisvalgustid\/#listItem","name":"Luminaires d\u2019ext\u00e9rieur"}},{"@type":"ListItem","@id":"https:\/\/light24.lt\/fr\/toode\/valisvalgustid\/valis-seinavalgustid\/valis-seinavalgusti-boden-led-dim\/#listItem","position":5,"name":"NORLYS BODEN 8W 3000K DIM","previousItem":{"@type":"ListItem","@id":"https:\/\/light24.lt\/fr\/product-category\/valisvalgustid\/valis-seinavalgustid\/#listItem","name":"Appliques murales ext\u00e9rieures"}}]},{"@type":"Organization","@id":"https:\/\/light24.lt\/fr\/#organization","name":"Light24","description":"Lighting E-Shop | Solutions d'\u00e9clairage professionnelles","url":"https:\/\/light24.lt\/fr\/","telephone":"+3725184133","logo":{"@type":"ImageObject","url":"https:\/\/www.light24.ee\/wp-content\/uploads\/2022\/03\/Shape-2-3.svg","@id":"https:\/\/light24.lt\/fr\/toode\/valisvalgustid\/valis-seinavalgustid\/valis-seinavalgusti-boden-led-dim\/#organizationLogo"},"image":{"@id":"https:\/\/light24.lt\/fr\/toode\/valisvalgustid\/valis-seinavalgustid\/valis-seinavalgusti-boden-led-dim\/#organizationLogo"},"sameAs":["https:\/\/www.facebook.com\/light24.ee","https:\/\/www.instagram.com\/light24official\/"]},{"@type":"ProductGroup","@id":"https:\/\/light24.lt\/fr\/toode\/valisvalgustid\/valis-seinavalgustid\/valis-seinavalgusti-boden-led-dim\/#wooCommerceProduct","name":"NORLYS BODEN 8W 3000K DIM","url":"https:\/\/light24.lt\/fr\/toode\/valisvalgustid\/valis-seinavalgustid\/valis-seinavalgusti-boden-led-dim\/","sku":"NOR11041-1","image":{"@type":"ImageObject","url":"https:\/\/light24.lt\/wp-content\/uploads\/2021\/03\/boden.jpg","@id":"https:\/\/light24.lt\/fr\/toode\/valisvalgustid\/valis-seinavalgustid\/valis-seinavalgusti-boden-led-dim\/#productImage","width":750,"height":750},"productGroupID":83151,"hasVariant":[{"@type":"Product","@id":"https:\/\/light24.lt\/fr\/toode\/valisvalgustid\/valis-seinavalgustid\/valis-seinavalgusti-boden-led-dim\/#wooCommerceProduct","name":"NORLYS BODEN 8W 3000K DIM - galvaniseeritud-metall","url":"https:\/\/light24.lt\/fr\/toode\/valisvalgustid\/valis-seinavalgustid\/valis-seinavalgusti-boden-led-dim\/","sku":"NOR11041-1","image":{"@type":"ImageObject","url":"https:\/\/light24.lt\/wp-content\/uploads\/2021\/03\/boden.jpg","@id":"https:\/\/light24.lt\/fr\/toode\/valisvalgustid\/valis-seinavalgustid\/valis-seinavalgusti-boden-led-dim\/#productImage","width":750,"height":750},"offers":{"@type":"Offer","url":"https:\/\/light24.lt\/fr\/toode\/valisvalgustid\/valis-seinavalgustid\/valis-seinavalgusti-boden-led-dim\/#wooCommerceOffer","price":109.48,"priceCurrency":"EUR","category":"Luminaires d\u2019ext\u00e9rieur","availability":"https:\/\/schema.org\/InStock","priceSpecification":{"@type":"PriceSpecification","price":109.48,"priceCurrency":"EUR","valueAddedTaxIncluded":"true"}}},{"@type":"Product","@id":"https:\/\/light24.lt\/fr\/toode\/valisvalgustid\/valis-seinavalgustid\/valis-seinavalgusti-boden-led-dim\/#wooCommerceProduct","name":"NORLYS BODEN 8W 3000K DIM - must","url":"https:\/\/light24.lt\/fr\/toode\/valisvalgustid\/valis-seinavalgustid\/valis-seinavalgusti-boden-led-dim\/","sku":"NOR11041-1","image":{"@type":"ImageObject","url":"https:\/\/light24.lt\/wp-content\/uploads\/2021\/03\/boden.jpg","@id":"https:\/\/light24.lt\/fr\/toode\/valisvalgustid\/valis-seinavalgustid\/valis-seinavalgusti-boden-led-dim\/#productImage","width":750,"height":750},"offers":{"@type":"Offer","url":"https:\/\/light24.lt\/fr\/toode\/valisvalgustid\/valis-seinavalgustid\/valis-seinavalgusti-boden-led-dim\/#wooCommerceOffer","price":109.48,"priceCurrency":"EUR","category":"Luminaires d\u2019ext\u00e9rieur","availability":"https:\/\/schema.org\/InStock","priceSpecification":{"@type":"PriceSpecification","price":109.48,"priceCurrency":"EUR","valueAddedTaxIncluded":"true"}}}]},{"@type":"WebPage","@id":"https:\/\/light24.lt\/fr\/toode\/valisvalgustid\/valis-seinavalgustid\/valis-seinavalgusti-boden-led-dim\/#webpage","url":"https:\/\/light24.lt\/fr\/toode\/valisvalgustid\/valis-seinavalgustid\/valis-seinavalgusti-boden-led-dim\/","name":"NORLYS BODEN 8W 3000K DIM \u2022 Light24","description":"D\u00e9sol\u00e9, cet article est seulement disponible en Eesti, Suomi et Latvie\u0161u.","inLanguage":"fr-FR","isPartOf":{"@id":"https:\/\/light24.lt\/fr\/#website"},"breadcrumb":{"@id":"https:\/\/light24.lt\/fr\/toode\/valisvalgustid\/valis-seinavalgustid\/valis-seinavalgusti-boden-led-dim\/#breadcrumblist"},"image":{"@type":"ImageObject","url":"https:\/\/light24.lt\/wp-content\/uploads\/2021\/03\/boden.jpg","@id":"https:\/\/light24.lt\/fr\/toode\/valisvalgustid\/valis-seinavalgustid\/valis-seinavalgusti-boden-led-dim\/#mainImage","width":750,"height":750},"primaryImageOfPage":{"@id":"https:\/\/light24.lt\/fr\/toode\/valisvalgustid\/valis-seinavalgustid\/valis-seinavalgusti-boden-led-dim\/#mainImage"},"datePublished":"2023-12-23T22:23:46+02:00","dateModified":"2024-04-07T21:46:31+03:00"},{"@type":"WebSite","@id":"https:\/\/light24.lt\/fr\/#website","url":"https:\/\/light24.lt\/fr\/","name":"Light24","description":"Lighting E-Shop | Solutions d'\u00e9clairage professionnelles","inLanguage":"fr-FR","publisher":{"@id":"https:\/\/light24.lt\/fr\/#organization"}}]},"og:locale":"fr_FR","og:site_name":"Light24 \u2022 Lighting E-Shop | Solutions d'\u00e9clairage professionnelles","og:type":"article","og:title":"NORLYS BODEN 8W 3000K DIM \u2022 Light24","og:description":"D\u00e9sol\u00e9, cet article est seulement disponible en Eesti, Suomi et Latvie\u0161u.","og:url":"https:\/\/light24.lt\/fr\/toode\/valisvalgustid\/valis-seinavalgustid\/valis-seinavalgusti-boden-led-dim\/","og:image":"https:\/\/light24.lt\/wp-content\/uploads\/2021\/03\/boden.jpg","og:image:secure_url":"https:\/\/light24.lt\/wp-content\/uploads\/2021\/03\/boden.jpg","og:image:width":750,"og:image:height":750,"article:published_time":"2023-12-23T20:23:46+00:00","article:modified_time":"2024-04-07T18:46:31+00:00","article:publisher":"https:\/\/www.facebook.com\/light24.ee","twitter:card":"summary","twitter:title":"NORLYS BODEN 8W 3000K DIM \u2022 Light24","twitter:description":"D\u00e9sol\u00e9, cet article est seulement disponible en Eesti, Suomi et Latvie\u0161u.","twitter:image":"https:\/\/light24.lt\/wp-content\/uploads\/2021\/03\/boden.jpg"},"aioseo_meta_data":{"post_id":"83151","title":null,"description":null,"keywords":[],"keyphrases":{"focus":{"keyphrase":"","score":0,"analysis":{"keyphraseInTitle":{"score":0,"maxScore":9,"error":1}}},"additional":[]},"primary_term":null,"canonical_url":null,"og_title":null,"og_description":null,"og_object_type":"default","og_image_type":"default","og_image_url":null,"og_image_width":null,"og_image_height":null,"og_image_custom_url":null,"og_image_custom_fields":null,"og_video":"","og_custom_url":null,"og_article_section":null,"og_article_tags":[],"twitter_use_og":false,"twitter_card":"default","twitter_image_type":"default","twitter_image_url":null,"twitter_image_custom_url":null,"twitter_image_custom_fields":null,"twitter_title":null,"twitter_description":null,"schema":{"blockGraphs":[],"customGraphs":[],"default":{"data":{"Article":[],"Course":[],"Dataset":[],"FAQPage":[],"Movie":[],"Person":[],"Product":[],"ProductReview":[],"Car":[],"Recipe":[],"Service":[],"SoftwareApplication":[],"WebPage":[]},"graphName":"ItemPage","isEnabled":true},"graphs":[]},"schema_type":"default","schema_type_options":null,"pillar_content":false,"robots_default":true,"robots_noindex":false,"robots_noarchive":false,"robots_nosnippet":false,"robots_nofollow":false,"robots_noimageindex":false,"robots_noodp":false,"robots_notranslate":false,"robots_max_snippet":"-1","robots_max_videopreview":"-1","robots_max_imagepreview":"large","priority":null,"frequency":"default","local_seo":null,"seo_analyzer_scan_date":"2025-10-27 10:58:40","breadcrumb_settings":null,"limit_modified_date":false,"reviewed_by":null,"open_ai":"{\"title\":{\"suggestions\":[],\"usage\":0},\"description\":{\"suggestions\":[],\"usage\":0}}","ai":null,"created":"2022-02-17 17:49:44","updated":"2025-10-27 10:58:40"},"aioseo_breadcrumb":"<div class=\"aioseo-breadcrumbs\"><span class=\"aioseo-breadcrumb\">\n\t<a href=\"https:\/\/light24.lt\/fr\" title=\"Home\">Home<\/a>\n<\/span><span class=\"aioseo-breadcrumb-separator\">&raquo;<\/span><span class=\"aioseo-breadcrumb\">\n\t<a href=\"https:\/\/light24.lt\/fr\/shop\/\" title=\"Boutique en ligne\">Boutique en ligne<\/a>\n<\/span><span class=\"aioseo-breadcrumb-separator\">&raquo;<\/span><span class=\"aioseo-breadcrumb\">\n\t<a href=\"https:\/\/light24.lt\/fr\/product-category\/valisvalgustid\/\" title=\"Luminaires d\u2019ext\u00e9rieur\">Luminaires d\u2019ext\u00e9rieur<\/a>\n<\/span><span class=\"aioseo-breadcrumb-separator\">&raquo;<\/span><span class=\"aioseo-breadcrumb\">\n\t<a href=\"https:\/\/light24.lt\/fr\/product-category\/valisvalgustid\/valis-seinavalgustid\/\" title=\"Appliques murales ext\u00e9rieures\">Appliques murales ext\u00e9rieures<\/a>\n<\/span><span class=\"aioseo-breadcrumb-separator\">&raquo;<\/span><span class=\"aioseo-breadcrumb\">\n\tNORLYS BODEN 8W 3000K DIM\n<\/span><\/div>","aioseo_breadcrumb_json":[{"label":"Home","link":"https:\/\/light24.lt\/fr"},{"label":"Boutique en ligne","link":"https:\/\/light24.lt\/fr\/shop\/"},{"label":"Luminaires d\u2019ext\u00e9rieur","link":"https:\/\/light24.lt\/fr\/product-category\/valisvalgustid\/"},{"label":"Appliques murales ext\u00e9rieures","link":"https:\/\/light24.lt\/fr\/product-category\/valisvalgustid\/valis-seinavalgustid\/"},{"label":"NORLYS BODEN 8W 3000K DIM","link":"https:\/\/light24.lt\/fr\/toode\/valisvalgustid\/valis-seinavalgustid\/valis-seinavalgusti-boden-led-dim\/"}],"_links":{"self":[{"href":"https:\/\/light24.lt\/fr\/wp-json\/wp\/v2\/product\/83151","targetHints":{"allow":["GET"]}}],"collection":[{"href":"https:\/\/light24.lt\/fr\/wp-json\/wp\/v2\/product"}],"about":[{"href":"https:\/\/light24.lt\/fr\/wp-json\/wp\/v2\/types\/product"}],"replies":[{"embeddable":true,"href":"https:\/\/light24.lt\/fr\/wp-json\/wp\/v2\/comments?post=83151"}],"wp:featuredmedia":[{"embeddable":true,"href":"https:\/\/light24.lt\/fr\/wp-json\/wp\/v2\/media\/83156"}],"wp:attachment":[{"href":"https:\/\/light24.lt\/fr\/wp-json\/wp\/v2\/media?parent=83151"}],"wp:term":[{"taxonomy":"product_cat","embeddable":true,"href":"https:\/\/light24.lt\/fr\/wp-json\/wp\/v2\/product_cat?post=83151"},{"taxonomy":"product_tag","embeddable":true,"href":"https:\/\/light24.lt\/fr\/wp-json\/wp\/v2\/product_tag?post=83151"}],"curies":[{"name":"wp","href":"https:\/\/api.w.org\/{rel}","templated":true}]}}