{"id":82053,"date":"2021-03-13T10:09:13","date_gmt":"2021-03-13T08:09:13","guid":{"rendered":"https:\/\/www.light24.ee\/?post_type=product&#038;p=82053"},"modified":"2025-02-06T09:48:51","modified_gmt":"2025-02-06T07:48:51","slug":"postvalgusti-rusty-cone-24","status":"publish","type":"product","link":"https:\/\/light24.lt\/fr\/toode\/valisvalgustid\/postvalgustid\/postvalgusti-rusty-cone-24\/","title":{"rendered":"SLV RUSTY CONE E14"},"content":{"rendered":"<p class=\"qtranxs-available-languages-message qtranxs-available-languages-message-fr\">D\u00e9sol\u00e9, cet article est seulement disponible en <a href=\"https:\/\/light24.lt\/et\/wp-json\/wp\/v2\/product\/82053\" class=\"qtranxs-available-language-link qtranxs-available-language-link-et\" title=\"Eesti\">Eesti<\/a>, <a href=\"https:\/\/light24.lt\/fi\/wp-json\/wp\/v2\/product\/82053\" class=\"qtranxs-available-language-link qtranxs-available-language-link-fi\" title=\"Suomi\">Suomi<\/a> et <a href=\"https:\/\/light24.lt\/lv\/wp-json\/wp\/v2\/product\/82053\" class=\"qtranxs-available-language-link qtranxs-available-language-link-lv\" title=\"Latvie\u0161u\">Latvie\u0161u<\/a>.<\/p>","protected":false},"excerpt":{"rendered":"<p>D\u00e9sol\u00e9, cet article est seulement disponible en Eesti, Suomi et Latvie\u0161u.<\/p>\n","protected":false},"featured_media":129265,"comment_status":"closed","ping_status":"closed","template":"","meta":{"_acf_changed":false},"product_cat":[2903,2025],"product_tag":[521],"class_list":{"0":"post-82053","1":"product","2":"type-product","3":"status-publish","4":"has-post-thumbnail","6":"product_cat-valisvalgustid","7":"product_cat-postvalgustid","8":"product_tag-slv","9":"product_shipping_class-standard","10":"pa_ip-kaitseklass-1613","11":"pa_materjal-polukarbonaat","12":"pa_materjal-roostevaba-teras","13":"pa_ruumid-oueala","14":"pa_ruumid-terrass","15":"pa_ruumid-fassaad","16":"pa_ruumid-aed","17":"pa_ruumid-aiatee","18":"pa_ruumid-linnatanav","19":"pa_ruumid-park","20":"pa_ruumid-haljasala","21":"pa_tarneaeg-10-paeva","22":"pa_tehnilised-andmed-max-8w-led-e14","23":"pa_valgusallikas-komplektis-ei","24":"pa_varv-rooste","26":"first","27":"instock","28":"sale","29":"taxable","30":"shipping-taxable","31":"purchasable","32":"product-type-simple"},"acf":[],"aioseo_notices":[],"aioseo_head":"\n\t\t<!-- All in One SEO Pro 4.9.5.2 - aioseo.com -->\n\t<meta name=\"description\" content=\"D\u00e9sol\u00e9, cet article est seulement disponible en Eesti.\" \/>\n\t<meta name=\"robots\" content=\"max-image-preview:large\" \/>\n\t<meta name=\"google-site-verification\" content=\"nxgDPK3Ouk6bwvuxlwlzeMOKszmf-8m57RDu5zAgN-Y\" \/>\n\t<link rel=\"canonical\" href=\"https:\/\/light24.lt\/fr\/toode\/valisvalgustid\/postvalgustid\/postvalgusti-rusty-cone-24\/\" \/>\n\t<meta name=\"generator\" content=\"All in One SEO Pro (AIOSEO) 4.9.5.2\" \/>\n\t\t<meta property=\"og:locale\" content=\"fr_FR\" \/>\n\t\t<meta property=\"og:site_name\" content=\"Light24 \u2022 Lighting E-Shop | Solutions d&#039;\u00e9clairage professionnelles\" \/>\n\t\t<meta property=\"og:type\" content=\"article\" \/>\n\t\t<meta property=\"og:title\" content=\"SLV RUSTY CONE E14 \u2022 Light24\" \/>\n\t\t<meta property=\"og:description\" content=\"D\u00e9sol\u00e9, cet article est seulement disponible en Eesti.\" \/>\n\t\t<meta property=\"og:url\" content=\"https:\/\/light24.lt\/fr\/toode\/valisvalgustid\/postvalgustid\/postvalgusti-rusty-cone-24\/\" \/>\n\t\t<meta property=\"og:image\" content=\"https:\/\/light24.lt\/wp-content\/uploads\/2021\/03\/rusty-cone.jpg\" \/>\n\t\t<meta property=\"og:image:secure_url\" content=\"https:\/\/light24.lt\/wp-content\/uploads\/2021\/03\/rusty-cone.jpg\" \/>\n\t\t<meta property=\"og:image:width\" content=\"900\" \/>\n\t\t<meta property=\"og:image:height\" content=\"900\" \/>\n\t\t<meta property=\"article:published_time\" content=\"2021-03-13T08:09:13+00:00\" \/>\n\t\t<meta property=\"article:modified_time\" content=\"2025-02-06T07:48:51+00:00\" \/>\n\t\t<meta property=\"article:publisher\" content=\"https:\/\/www.facebook.com\/light24.ee\" \/>\n\t\t<meta name=\"twitter:card\" content=\"summary\" \/>\n\t\t<meta name=\"twitter:title\" content=\"SLV RUSTY CONE E14 \u2022 Light24\" \/>\n\t\t<meta name=\"twitter:description\" content=\"D\u00e9sol\u00e9, cet article est seulement disponible en Eesti.\" \/>\n\t\t<meta name=\"twitter:image\" content=\"https:\/\/light24.lt\/wp-content\/uploads\/2021\/03\/rusty-cone.jpg\" \/>\n\t\t<script type=\"application\/ld+json\" class=\"aioseo-schema\">\n\t\t\t{\"@context\":\"https:\\\/\\\/schema.org\",\"@graph\":[{\"@type\":\"BreadcrumbList\",\"@id\":\"https:\\\/\\\/light24.lt\\\/fr\\\/toode\\\/valisvalgustid\\\/postvalgustid\\\/postvalgusti-rusty-cone-24\\\/#breadcrumblist\",\"itemListElement\":[{\"@type\":\"ListItem\",\"@id\":\"https:\\\/\\\/light24.lt\\\/fr#listItem\",\"position\":1,\"name\":\"Home\",\"item\":\"https:\\\/\\\/light24.lt\\\/fr\",\"nextItem\":{\"@type\":\"ListItem\",\"@id\":\"https:\\\/\\\/light24.lt\\\/fr\\\/shop\\\/#listItem\",\"name\":\"Boutique en ligne\"}},{\"@type\":\"ListItem\",\"@id\":\"https:\\\/\\\/light24.lt\\\/fr\\\/shop\\\/#listItem\",\"position\":2,\"name\":\"Boutique en ligne\",\"item\":\"https:\\\/\\\/light24.lt\\\/fr\\\/shop\\\/\",\"nextItem\":{\"@type\":\"ListItem\",\"@id\":\"https:\\\/\\\/light24.lt\\\/fr\\\/product-category\\\/valisvalgustid\\\/#listItem\",\"name\":\"Luminaires d\\u2019ext\\u00e9rieur\"},\"previousItem\":{\"@type\":\"ListItem\",\"@id\":\"https:\\\/\\\/light24.lt\\\/fr#listItem\",\"name\":\"Home\"}},{\"@type\":\"ListItem\",\"@id\":\"https:\\\/\\\/light24.lt\\\/fr\\\/product-category\\\/valisvalgustid\\\/#listItem\",\"position\":3,\"name\":\"Luminaires d\\u2019ext\\u00e9rieur\",\"item\":\"https:\\\/\\\/light24.lt\\\/fr\\\/product-category\\\/valisvalgustid\\\/\",\"nextItem\":{\"@type\":\"ListItem\",\"@id\":\"https:\\\/\\\/light24.lt\\\/fr\\\/product-category\\\/valisvalgustid\\\/postvalgustid\\\/#listItem\",\"name\":\"Bornes lumineuses\"},\"previousItem\":{\"@type\":\"ListItem\",\"@id\":\"https:\\\/\\\/light24.lt\\\/fr\\\/shop\\\/#listItem\",\"name\":\"Boutique en ligne\"}},{\"@type\":\"ListItem\",\"@id\":\"https:\\\/\\\/light24.lt\\\/fr\\\/product-category\\\/valisvalgustid\\\/postvalgustid\\\/#listItem\",\"position\":4,\"name\":\"Bornes lumineuses\",\"item\":\"https:\\\/\\\/light24.lt\\\/fr\\\/product-category\\\/valisvalgustid\\\/postvalgustid\\\/\",\"nextItem\":{\"@type\":\"ListItem\",\"@id\":\"https:\\\/\\\/light24.lt\\\/fr\\\/toode\\\/valisvalgustid\\\/postvalgustid\\\/postvalgusti-rusty-cone-24\\\/#listItem\",\"name\":\"SLV RUSTY CONE E14\"},\"previousItem\":{\"@type\":\"ListItem\",\"@id\":\"https:\\\/\\\/light24.lt\\\/fr\\\/product-category\\\/valisvalgustid\\\/#listItem\",\"name\":\"Luminaires d\\u2019ext\\u00e9rieur\"}},{\"@type\":\"ListItem\",\"@id\":\"https:\\\/\\\/light24.lt\\\/fr\\\/toode\\\/valisvalgustid\\\/postvalgustid\\\/postvalgusti-rusty-cone-24\\\/#listItem\",\"position\":5,\"name\":\"SLV RUSTY CONE E14\",\"previousItem\":{\"@type\":\"ListItem\",\"@id\":\"https:\\\/\\\/light24.lt\\\/fr\\\/product-category\\\/valisvalgustid\\\/postvalgustid\\\/#listItem\",\"name\":\"Bornes lumineuses\"}}]},{\"@type\":\"Organization\",\"@id\":\"https:\\\/\\\/light24.lt\\\/fr\\\/#organization\",\"name\":\"Light24\",\"description\":\"Lighting E-Shop | Solutions d'\\u00e9clairage professionnelles\",\"url\":\"https:\\\/\\\/light24.lt\\\/fr\\\/\",\"telephone\":\"+3725184133\",\"logo\":{\"@type\":\"ImageObject\",\"url\":\"https:\\\/\\\/www.light24.ee\\\/wp-content\\\/uploads\\\/2022\\\/03\\\/Shape-2-3.svg\",\"@id\":\"https:\\\/\\\/light24.lt\\\/fr\\\/toode\\\/valisvalgustid\\\/postvalgustid\\\/postvalgusti-rusty-cone-24\\\/#organizationLogo\"},\"image\":{\"@id\":\"https:\\\/\\\/light24.lt\\\/fr\\\/toode\\\/valisvalgustid\\\/postvalgustid\\\/postvalgusti-rusty-cone-24\\\/#organizationLogo\"},\"sameAs\":[\"https:\\\/\\\/www.facebook.com\\\/light24.ee\",\"https:\\\/\\\/www.instagram.com\\\/light24official\\\/\"]},{\"@type\":\"Product\",\"@id\":\"https:\\\/\\\/light24.lt\\\/fr\\\/toode\\\/valisvalgustid\\\/postvalgustid\\\/postvalgusti-rusty-cone-24\\\/#wooCommerceProduct\",\"name\":\"SLV RUSTY CONE E14\",\"url\":\"https:\\\/\\\/light24.lt\\\/fr\\\/toode\\\/valisvalgustid\\\/postvalgustid\\\/postvalgusti-rusty-cone-24\\\/\",\"sku\":\"SLV211129\",\"image\":{\"@type\":\"ImageObject\",\"url\":\"https:\\\/\\\/light24.lt\\\/wp-content\\\/uploads\\\/2021\\\/03\\\/rusty-cone.jpg\",\"@id\":\"https:\\\/\\\/light24.lt\\\/fr\\\/toode\\\/valisvalgustid\\\/postvalgustid\\\/postvalgusti-rusty-cone-24\\\/#productImage\",\"width\":900,\"height\":900},\"offers\":{\"@type\":\"Offer\",\"url\":\"https:\\\/\\\/light24.lt\\\/fr\\\/toode\\\/valisvalgustid\\\/postvalgustid\\\/postvalgusti-rusty-cone-24\\\/#wooCommerceOffer\",\"price\":252.08,\"priceCurrency\":\"EUR\",\"category\":\"Luminaires d\\u2019ext\\u00e9rieur\",\"availability\":\"https:\\\/\\\/schema.org\\\/InStock\",\"priceSpecification\":{\"@type\":\"PriceSpecification\",\"price\":252.08,\"priceCurrency\":\"EUR\",\"valueAddedTaxIncluded\":\"true\"},\"seller\":{\"@type\":\"Organization\",\"@id\":\"https:\\\/\\\/light24.lt\\\/fr\\\/#organization\"}}},{\"@type\":\"WebPage\",\"@id\":\"https:\\\/\\\/light24.lt\\\/fr\\\/toode\\\/valisvalgustid\\\/postvalgustid\\\/postvalgusti-rusty-cone-24\\\/#webpage\",\"url\":\"https:\\\/\\\/light24.lt\\\/fr\\\/toode\\\/valisvalgustid\\\/postvalgustid\\\/postvalgusti-rusty-cone-24\\\/\",\"name\":\"SLV RUSTY CONE E14 \\u2022 Light24\",\"description\":\"D\\u00e9sol\\u00e9, cet article est seulement disponible en Eesti.\",\"inLanguage\":\"fr-FR\",\"isPartOf\":{\"@id\":\"https:\\\/\\\/light24.lt\\\/fr\\\/#website\"},\"breadcrumb\":{\"@id\":\"https:\\\/\\\/light24.lt\\\/fr\\\/toode\\\/valisvalgustid\\\/postvalgustid\\\/postvalgusti-rusty-cone-24\\\/#breadcrumblist\"},\"image\":{\"@type\":\"ImageObject\",\"url\":\"https:\\\/\\\/light24.lt\\\/wp-content\\\/uploads\\\/2021\\\/03\\\/rusty-cone.jpg\",\"@id\":\"https:\\\/\\\/light24.lt\\\/fr\\\/toode\\\/valisvalgustid\\\/postvalgustid\\\/postvalgusti-rusty-cone-24\\\/#mainImage\",\"width\":900,\"height\":900},\"primaryImageOfPage\":{\"@id\":\"https:\\\/\\\/light24.lt\\\/fr\\\/toode\\\/valisvalgustid\\\/postvalgustid\\\/postvalgusti-rusty-cone-24\\\/#mainImage\"},\"datePublished\":\"2021-03-13T10:09:13+02:00\",\"dateModified\":\"2025-02-06T09:48:51+02:00\"},{\"@type\":\"WebSite\",\"@id\":\"https:\\\/\\\/light24.lt\\\/fr\\\/#website\",\"url\":\"https:\\\/\\\/light24.lt\\\/fr\\\/\",\"name\":\"Light24\",\"description\":\"Lighting E-Shop | Solutions d'\\u00e9clairage professionnelles\",\"inLanguage\":\"fr-FR\",\"publisher\":{\"@id\":\"https:\\\/\\\/light24.lt\\\/fr\\\/#organization\"}}]}\n\t\t<\/script>\n\t\t<!-- All in One SEO Pro -->\r\n\t\t<title>SLV RUSTY CONE E14 \u2022 Light24<\/title>\n\n","aioseo_head_json":{"title":"SLV RUSTY CONE E14 \u2022 Light24","description":"D\u00e9sol\u00e9, cet article est seulement disponible en Eesti.","canonical_url":"https:\/\/light24.lt\/fr\/toode\/valisvalgustid\/postvalgustid\/postvalgusti-rusty-cone-24\/","robots":"max-image-preview:large","keywords":"","webmasterTools":{"google-site-verification":"nxgDPK3Ouk6bwvuxlwlzeMOKszmf-8m57RDu5zAgN-Y","miscellaneous":""},"schema":{"@context":"https:\/\/schema.org","@graph":[{"@type":"BreadcrumbList","@id":"https:\/\/light24.lt\/fr\/toode\/valisvalgustid\/postvalgustid\/postvalgusti-rusty-cone-24\/#breadcrumblist","itemListElement":[{"@type":"ListItem","@id":"https:\/\/light24.lt\/fr#listItem","position":1,"name":"Home","item":"https:\/\/light24.lt\/fr","nextItem":{"@type":"ListItem","@id":"https:\/\/light24.lt\/fr\/shop\/#listItem","name":"Boutique en ligne"}},{"@type":"ListItem","@id":"https:\/\/light24.lt\/fr\/shop\/#listItem","position":2,"name":"Boutique en ligne","item":"https:\/\/light24.lt\/fr\/shop\/","nextItem":{"@type":"ListItem","@id":"https:\/\/light24.lt\/fr\/product-category\/valisvalgustid\/#listItem","name":"Luminaires d\u2019ext\u00e9rieur"},"previousItem":{"@type":"ListItem","@id":"https:\/\/light24.lt\/fr#listItem","name":"Home"}},{"@type":"ListItem","@id":"https:\/\/light24.lt\/fr\/product-category\/valisvalgustid\/#listItem","position":3,"name":"Luminaires d\u2019ext\u00e9rieur","item":"https:\/\/light24.lt\/fr\/product-category\/valisvalgustid\/","nextItem":{"@type":"ListItem","@id":"https:\/\/light24.lt\/fr\/product-category\/valisvalgustid\/postvalgustid\/#listItem","name":"Bornes lumineuses"},"previousItem":{"@type":"ListItem","@id":"https:\/\/light24.lt\/fr\/shop\/#listItem","name":"Boutique en ligne"}},{"@type":"ListItem","@id":"https:\/\/light24.lt\/fr\/product-category\/valisvalgustid\/postvalgustid\/#listItem","position":4,"name":"Bornes lumineuses","item":"https:\/\/light24.lt\/fr\/product-category\/valisvalgustid\/postvalgustid\/","nextItem":{"@type":"ListItem","@id":"https:\/\/light24.lt\/fr\/toode\/valisvalgustid\/postvalgustid\/postvalgusti-rusty-cone-24\/#listItem","name":"SLV RUSTY CONE E14"},"previousItem":{"@type":"ListItem","@id":"https:\/\/light24.lt\/fr\/product-category\/valisvalgustid\/#listItem","name":"Luminaires d\u2019ext\u00e9rieur"}},{"@type":"ListItem","@id":"https:\/\/light24.lt\/fr\/toode\/valisvalgustid\/postvalgustid\/postvalgusti-rusty-cone-24\/#listItem","position":5,"name":"SLV RUSTY CONE E14","previousItem":{"@type":"ListItem","@id":"https:\/\/light24.lt\/fr\/product-category\/valisvalgustid\/postvalgustid\/#listItem","name":"Bornes lumineuses"}}]},{"@type":"Organization","@id":"https:\/\/light24.lt\/fr\/#organization","name":"Light24","description":"Lighting E-Shop | Solutions d'\u00e9clairage professionnelles","url":"https:\/\/light24.lt\/fr\/","telephone":"+3725184133","logo":{"@type":"ImageObject","url":"https:\/\/www.light24.ee\/wp-content\/uploads\/2022\/03\/Shape-2-3.svg","@id":"https:\/\/light24.lt\/fr\/toode\/valisvalgustid\/postvalgustid\/postvalgusti-rusty-cone-24\/#organizationLogo"},"image":{"@id":"https:\/\/light24.lt\/fr\/toode\/valisvalgustid\/postvalgustid\/postvalgusti-rusty-cone-24\/#organizationLogo"},"sameAs":["https:\/\/www.facebook.com\/light24.ee","https:\/\/www.instagram.com\/light24official\/"]},{"@type":"Product","@id":"https:\/\/light24.lt\/fr\/toode\/valisvalgustid\/postvalgustid\/postvalgusti-rusty-cone-24\/#wooCommerceProduct","name":"SLV RUSTY CONE E14","url":"https:\/\/light24.lt\/fr\/toode\/valisvalgustid\/postvalgustid\/postvalgusti-rusty-cone-24\/","sku":"SLV211129","image":{"@type":"ImageObject","url":"https:\/\/light24.lt\/wp-content\/uploads\/2021\/03\/rusty-cone.jpg","@id":"https:\/\/light24.lt\/fr\/toode\/valisvalgustid\/postvalgustid\/postvalgusti-rusty-cone-24\/#productImage","width":900,"height":900},"offers":{"@type":"Offer","url":"https:\/\/light24.lt\/fr\/toode\/valisvalgustid\/postvalgustid\/postvalgusti-rusty-cone-24\/#wooCommerceOffer","price":252.08,"priceCurrency":"EUR","category":"Luminaires d\u2019ext\u00e9rieur","availability":"https:\/\/schema.org\/InStock","priceSpecification":{"@type":"PriceSpecification","price":252.08,"priceCurrency":"EUR","valueAddedTaxIncluded":"true"},"seller":{"@type":"Organization","@id":"https:\/\/light24.lt\/fr\/#organization"}}},{"@type":"WebPage","@id":"https:\/\/light24.lt\/fr\/toode\/valisvalgustid\/postvalgustid\/postvalgusti-rusty-cone-24\/#webpage","url":"https:\/\/light24.lt\/fr\/toode\/valisvalgustid\/postvalgustid\/postvalgusti-rusty-cone-24\/","name":"SLV RUSTY CONE E14 \u2022 Light24","description":"D\u00e9sol\u00e9, cet article est seulement disponible en Eesti.","inLanguage":"fr-FR","isPartOf":{"@id":"https:\/\/light24.lt\/fr\/#website"},"breadcrumb":{"@id":"https:\/\/light24.lt\/fr\/toode\/valisvalgustid\/postvalgustid\/postvalgusti-rusty-cone-24\/#breadcrumblist"},"image":{"@type":"ImageObject","url":"https:\/\/light24.lt\/wp-content\/uploads\/2021\/03\/rusty-cone.jpg","@id":"https:\/\/light24.lt\/fr\/toode\/valisvalgustid\/postvalgustid\/postvalgusti-rusty-cone-24\/#mainImage","width":900,"height":900},"primaryImageOfPage":{"@id":"https:\/\/light24.lt\/fr\/toode\/valisvalgustid\/postvalgustid\/postvalgusti-rusty-cone-24\/#mainImage"},"datePublished":"2021-03-13T10:09:13+02:00","dateModified":"2025-02-06T09:48:51+02:00"},{"@type":"WebSite","@id":"https:\/\/light24.lt\/fr\/#website","url":"https:\/\/light24.lt\/fr\/","name":"Light24","description":"Lighting E-Shop | Solutions d'\u00e9clairage professionnelles","inLanguage":"fr-FR","publisher":{"@id":"https:\/\/light24.lt\/fr\/#organization"}}]},"og:locale":"fr_FR","og:site_name":"Light24 \u2022 Lighting E-Shop | Solutions d'\u00e9clairage professionnelles","og:type":"article","og:title":"SLV RUSTY CONE E14 \u2022 Light24","og:description":"D\u00e9sol\u00e9, cet article est seulement disponible en Eesti.","og:url":"https:\/\/light24.lt\/fr\/toode\/valisvalgustid\/postvalgustid\/postvalgusti-rusty-cone-24\/","og:image":"https:\/\/light24.lt\/wp-content\/uploads\/2021\/03\/rusty-cone.jpg","og:image:secure_url":"https:\/\/light24.lt\/wp-content\/uploads\/2021\/03\/rusty-cone.jpg","og:image:width":900,"og:image:height":900,"article:published_time":"2021-03-13T08:09:13+00:00","article:modified_time":"2025-02-06T07:48:51+00:00","article:publisher":"https:\/\/www.facebook.com\/light24.ee","twitter:card":"summary","twitter:title":"SLV RUSTY CONE E14 \u2022 Light24","twitter:description":"D\u00e9sol\u00e9, cet article est seulement disponible en Eesti.","twitter:image":"https:\/\/light24.lt\/wp-content\/uploads\/2021\/03\/rusty-cone.jpg"},"aioseo_meta_data":{"post_id":"82053","title":null,"description":null,"keywords":null,"keyphrases":{"focus":{"keyphrase":"","score":0,"analysis":{"keyphraseInTitle":{"score":0,"maxScore":9,"error":1}}},"additional":[]},"primary_term":null,"canonical_url":null,"og_title":null,"og_description":null,"og_object_type":"default","og_image_type":"default","og_image_url":null,"og_image_width":null,"og_image_height":null,"og_image_custom_url":null,"og_image_custom_fields":null,"og_video":"","og_custom_url":null,"og_article_section":null,"og_article_tags":null,"twitter_use_og":false,"twitter_card":"default","twitter_image_type":"default","twitter_image_url":null,"twitter_image_custom_url":null,"twitter_image_custom_fields":null,"twitter_title":null,"twitter_description":null,"schema":{"blockGraphs":[],"customGraphs":[],"default":{"data":{"Article":[],"Course":[],"Dataset":[],"FAQPage":[],"Movie":[],"Person":[],"Product":[],"ProductReview":[],"Car":[],"Recipe":[],"Service":[],"SoftwareApplication":[],"WebPage":[]},"graphName":"Product","isEnabled":true},"graphs":[]},"schema_type":"default","schema_type_options":"{\"article\":{\"articleType\":\"BlogPosting\"},\"course\":{\"name\":\"\",\"description\":\"\",\"provider\":\"\"},\"faq\":{\"pages\":[]},\"product\":{\"reviews\":[]},\"recipe\":{\"ingredients\":[],\"instructions\":[],\"keywords\":[]},\"software\":{\"reviews\":[],\"operatingSystems\":[]},\"webPage\":{\"webPageType\":\"WebPage\"}}","pillar_content":false,"robots_default":true,"robots_noindex":false,"robots_noarchive":false,"robots_nosnippet":false,"robots_nofollow":false,"robots_noimageindex":false,"robots_noodp":false,"robots_notranslate":false,"robots_max_snippet":"-1","robots_max_videopreview":"-1","robots_max_imagepreview":"large","priority":null,"frequency":"default","local_seo":null,"seo_analyzer_scan_date":"2025-10-27 00:16:18","breadcrumb_settings":null,"limit_modified_date":false,"reviewed_by":null,"open_ai":"{\"title\":{\"suggestions\":[],\"usage\":0},\"description\":{\"suggestions\":[],\"usage\":0}}","ai":null,"created":"2022-02-17 17:40:27","updated":"2025-10-27 00:16:18"},"aioseo_breadcrumb":"<div class=\"aioseo-breadcrumbs\"><span class=\"aioseo-breadcrumb\">\n\t<a href=\"https:\/\/light24.lt\/fr\" title=\"Home\">Home<\/a>\n<\/span><span class=\"aioseo-breadcrumb-separator\">&raquo;<\/span><span class=\"aioseo-breadcrumb\">\n\t<a href=\"https:\/\/light24.lt\/fr\/shop\/\" title=\"Boutique en ligne\">Boutique en ligne<\/a>\n<\/span><span class=\"aioseo-breadcrumb-separator\">&raquo;<\/span><span class=\"aioseo-breadcrumb\">\n\t<a href=\"https:\/\/light24.lt\/fr\/product-category\/valisvalgustid\/\" title=\"Luminaires d\u2019ext\u00e9rieur\">Luminaires d\u2019ext\u00e9rieur<\/a>\n<\/span><span class=\"aioseo-breadcrumb-separator\">&raquo;<\/span><span class=\"aioseo-breadcrumb\">\n\t<a href=\"https:\/\/light24.lt\/fr\/product-category\/valisvalgustid\/postvalgustid\/\" title=\"Bornes lumineuses\">Bornes lumineuses<\/a>\n<\/span><span class=\"aioseo-breadcrumb-separator\">&raquo;<\/span><span class=\"aioseo-breadcrumb\">\n\tSLV RUSTY CONE E14\n<\/span><\/div>","aioseo_breadcrumb_json":[{"label":"Home","link":"https:\/\/light24.lt\/fr"},{"label":"Boutique en ligne","link":"https:\/\/light24.lt\/fr\/shop\/"},{"label":"Luminaires d\u2019ext\u00e9rieur","link":"https:\/\/light24.lt\/fr\/product-category\/valisvalgustid\/"},{"label":"Bornes lumineuses","link":"https:\/\/light24.lt\/fr\/product-category\/valisvalgustid\/postvalgustid\/"},{"label":"SLV RUSTY CONE E14","link":"https:\/\/light24.lt\/fr\/toode\/valisvalgustid\/postvalgustid\/postvalgusti-rusty-cone-24\/"}],"_links":{"self":[{"href":"https:\/\/light24.lt\/fr\/wp-json\/wp\/v2\/product\/82053","targetHints":{"allow":["GET"]}}],"collection":[{"href":"https:\/\/light24.lt\/fr\/wp-json\/wp\/v2\/product"}],"about":[{"href":"https:\/\/light24.lt\/fr\/wp-json\/wp\/v2\/types\/product"}],"replies":[{"embeddable":true,"href":"https:\/\/light24.lt\/fr\/wp-json\/wp\/v2\/comments?post=82053"}],"wp:featuredmedia":[{"embeddable":true,"href":"https:\/\/light24.lt\/fr\/wp-json\/wp\/v2\/media\/129265"}],"wp:attachment":[{"href":"https:\/\/light24.lt\/fr\/wp-json\/wp\/v2\/media?parent=82053"}],"wp:term":[{"taxonomy":"product_cat","embeddable":true,"href":"https:\/\/light24.lt\/fr\/wp-json\/wp\/v2\/product_cat?post=82053"},{"taxonomy":"product_tag","embeddable":true,"href":"https:\/\/light24.lt\/fr\/wp-json\/wp\/v2\/product_tag?post=82053"}],"curies":[{"name":"wp","href":"https:\/\/api.w.org\/{rel}","templated":true}]}}