{"id":146571,"date":"2025-02-02T10:37:46","date_gmt":"2025-02-02T08:37:46","guid":{"rendered":"https:\/\/light24.ee\/?post_type=product&#038;p=146571"},"modified":"2025-04-02T10:43:43","modified_gmt":"2025-04-02T07:43:43","slug":"globen-juni-11-frosted-e14","status":"publish","type":"product","link":"https:\/\/light24.lt\/fr\/toode\/siseruumide_valgustid\/rippvalgustid\/globen-juni-11-frosted-e14\/","title":{"rendered":"GLOBEN JUNI 11 frosted E14"},"content":{"rendered":"<p>Juni, avec son beau verre taill\u00e9 et ses pi\u00e8ces en laiton bross\u00e9, rappelle le d\u00e9but du XXe si\u00e8cle. Suspendue \u00e0 une fen\u00eatre dans un magnifique hall de manoir, dans une petite ville idyllique de Su\u00e8de. Ou pourquoi ne pas en suspendre plusieurs en ligne au-dessus de l\u2019\u00eelot de cuisine ? La lampe dispose d&rsquo;un c\u00e2ble textile noir de 350 cm avec interrupteur.<\/p>","protected":false},"excerpt":{"rendered":"<p>Juni, avec son beau verre taill\u00e9 et ses pi\u00e8ces en laiton bross\u00e9, rappelle le d\u00e9but du XXe si\u00e8cle. Suspendue \u00e0 une fen\u00eatre dans un magnifique hall de manoir, dans une petite ville idyllique de Su\u00e8de. Ou pourquoi ne pas en suspendre plusieurs en ligne au-dessus de l\u2019\u00eelot de cuisine ? La lampe dispose d&rsquo;un c\u00e2ble [&hellip;]<\/p>\n","protected":false},"featured_media":146575,"comment_status":"closed","ping_status":"closed","template":"","meta":{"_acf_changed":false},"product_cat":[7280,248],"product_tag":[5004],"class_list":{"0":"post-146571","1":"product","2":"type-product","3":"status-publish","4":"has-post-thumbnail","6":"product_cat-siseruumide_valgustid","7":"product_cat-rippvalgustid","8":"product_tag-globen","9":"product_shipping_class-small","10":"pa_ip-kaitseklass-ip20","11":"pa_materjal-metall","12":"pa_materjal-klaas","13":"pa_ruumid-elutuba","14":"pa_ruumid-magamistuba","15":"pa_ruumid-kook","16":"pa_tarneaeg-10-paeva","17":"pa_tehnilised-andmed-max-8w-led-e14","18":"pa_valgusallikas-komplektis-ei","19":"pa_varv-messing","21":"first","22":"instock","23":"taxable","24":"shipping-taxable","25":"purchasable","26":"product-type-simple"},"acf":[],"aioseo_notices":[],"aioseo_head":"\n\t\t<!-- All in One SEO Pro 4.9.5.2 - aioseo.com -->\n\t<meta name=\"description\" content=\"Juni, avec son beau verre taill\u00e9 et ses pi\u00e8ces en laiton bross\u00e9, rappelle le d\u00e9but du XXe si\u00e8cle. Suspendue \u00e0 une fen\u00eatre dans un magnifique hall de manoir, dans une petite ville idyllique de Su\u00e8de. Ou pourquoi ne pas en suspendre plusieurs en ligne au-dessus de l\u2019\u00eelot de cuisine ? La lampe dispose d&#039;un c\u00e2ble\" \/>\n\t<meta name=\"robots\" content=\"max-image-preview:large\" \/>\n\t<meta name=\"google-site-verification\" content=\"nxgDPK3Ouk6bwvuxlwlzeMOKszmf-8m57RDu5zAgN-Y\" \/>\n\t<link rel=\"canonical\" href=\"https:\/\/light24.lt\/fr\/toode\/siseruumide_valgustid\/rippvalgustid\/globen-juni-11-frosted-e14\/\" \/>\n\t<meta name=\"generator\" content=\"All in One SEO Pro (AIOSEO) 4.9.5.2\" \/>\n\t\t<meta property=\"og:locale\" content=\"fr_FR\" \/>\n\t\t<meta property=\"og:site_name\" content=\"Light24 \u2022 Lighting E-Shop | Solutions d&#039;\u00e9clairage professionnelles\" \/>\n\t\t<meta property=\"og:type\" content=\"article\" \/>\n\t\t<meta property=\"og:title\" content=\"GLOBEN JUNI 11 frosted E14 \u2022 Light24\" \/>\n\t\t<meta property=\"og:description\" content=\"Juni, avec son beau verre taill\u00e9 et ses pi\u00e8ces en laiton bross\u00e9, rappelle le d\u00e9but du XXe si\u00e8cle. Suspendue \u00e0 une fen\u00eatre dans un magnifique hall de manoir, dans une petite ville idyllique de Su\u00e8de. Ou pourquoi ne pas en suspendre plusieurs en ligne au-dessus de l\u2019\u00eelot de cuisine ? La lampe dispose d&#039;un c\u00e2ble\" \/>\n\t\t<meta property=\"og:url\" content=\"https:\/\/light24.lt\/fr\/toode\/siseruumide_valgustid\/rippvalgustid\/globen-juni-11-frosted-e14\/\" \/>\n\t\t<meta property=\"og:image\" content=\"https:\/\/light24.lt\/wp-content\/uploads\/2025\/04\/juni___6.jpg\" \/>\n\t\t<meta property=\"og:image:secure_url\" content=\"https:\/\/light24.lt\/wp-content\/uploads\/2025\/04\/juni___6.jpg\" \/>\n\t\t<meta property=\"og:image:width\" content=\"847\" \/>\n\t\t<meta property=\"og:image:height\" content=\"847\" \/>\n\t\t<meta property=\"article:published_time\" content=\"2025-02-02T08:37:46+00:00\" \/>\n\t\t<meta property=\"article:modified_time\" content=\"2025-04-02T07:43:43+00:00\" \/>\n\t\t<meta property=\"article:publisher\" content=\"https:\/\/www.facebook.com\/light24.ee\" \/>\n\t\t<meta name=\"twitter:card\" content=\"summary\" \/>\n\t\t<meta name=\"twitter:title\" content=\"GLOBEN JUNI 11 frosted E14 \u2022 Light24\" \/>\n\t\t<meta name=\"twitter:description\" content=\"Juni, avec son beau verre taill\u00e9 et ses pi\u00e8ces en laiton bross\u00e9, rappelle le d\u00e9but du XXe si\u00e8cle. Suspendue \u00e0 une fen\u00eatre dans un magnifique hall de manoir, dans une petite ville idyllique de Su\u00e8de. Ou pourquoi ne pas en suspendre plusieurs en ligne au-dessus de l\u2019\u00eelot de cuisine ? La lampe dispose d&#039;un c\u00e2ble\" \/>\n\t\t<meta name=\"twitter:image\" content=\"https:\/\/light24.lt\/wp-content\/uploads\/2025\/04\/juni___6.jpg\" \/>\n\t\t<script type=\"application\/ld+json\" class=\"aioseo-schema\">\n\t\t\t{\"@context\":\"https:\\\/\\\/schema.org\",\"@graph\":[{\"@type\":\"BreadcrumbList\",\"@id\":\"https:\\\/\\\/light24.lt\\\/fr\\\/toode\\\/siseruumide_valgustid\\\/rippvalgustid\\\/globen-juni-11-frosted-e14\\\/#breadcrumblist\",\"itemListElement\":[{\"@type\":\"ListItem\",\"@id\":\"https:\\\/\\\/light24.lt\\\/fr#listItem\",\"position\":1,\"name\":\"Home\",\"item\":\"https:\\\/\\\/light24.lt\\\/fr\",\"nextItem\":{\"@type\":\"ListItem\",\"@id\":\"https:\\\/\\\/light24.lt\\\/fr\\\/shop\\\/#listItem\",\"name\":\"Boutique en ligne\"}},{\"@type\":\"ListItem\",\"@id\":\"https:\\\/\\\/light24.lt\\\/fr\\\/shop\\\/#listItem\",\"position\":2,\"name\":\"Boutique en ligne\",\"item\":\"https:\\\/\\\/light24.lt\\\/fr\\\/shop\\\/\",\"nextItem\":{\"@type\":\"ListItem\",\"@id\":\"https:\\\/\\\/light24.lt\\\/fr\\\/product-category\\\/siseruumide_valgustid\\\/#listItem\",\"name\":\"Luminaires d'int\\u00e9rieur\"},\"previousItem\":{\"@type\":\"ListItem\",\"@id\":\"https:\\\/\\\/light24.lt\\\/fr#listItem\",\"name\":\"Home\"}},{\"@type\":\"ListItem\",\"@id\":\"https:\\\/\\\/light24.lt\\\/fr\\\/product-category\\\/siseruumide_valgustid\\\/#listItem\",\"position\":3,\"name\":\"Luminaires d'int\\u00e9rieur\",\"item\":\"https:\\\/\\\/light24.lt\\\/fr\\\/product-category\\\/siseruumide_valgustid\\\/\",\"nextItem\":{\"@type\":\"ListItem\",\"@id\":\"https:\\\/\\\/light24.lt\\\/fr\\\/product-category\\\/siseruumide_valgustid\\\/rippvalgustid\\\/#listItem\",\"name\":\"Luminaires suspendus\"},\"previousItem\":{\"@type\":\"ListItem\",\"@id\":\"https:\\\/\\\/light24.lt\\\/fr\\\/shop\\\/#listItem\",\"name\":\"Boutique en ligne\"}},{\"@type\":\"ListItem\",\"@id\":\"https:\\\/\\\/light24.lt\\\/fr\\\/product-category\\\/siseruumide_valgustid\\\/rippvalgustid\\\/#listItem\",\"position\":4,\"name\":\"Luminaires suspendus\",\"item\":\"https:\\\/\\\/light24.lt\\\/fr\\\/product-category\\\/siseruumide_valgustid\\\/rippvalgustid\\\/\",\"nextItem\":{\"@type\":\"ListItem\",\"@id\":\"https:\\\/\\\/light24.lt\\\/fr\\\/toode\\\/siseruumide_valgustid\\\/rippvalgustid\\\/globen-juni-11-frosted-e14\\\/#listItem\",\"name\":\"GLOBEN JUNI 11 frosted E14\"},\"previousItem\":{\"@type\":\"ListItem\",\"@id\":\"https:\\\/\\\/light24.lt\\\/fr\\\/product-category\\\/siseruumide_valgustid\\\/#listItem\",\"name\":\"Luminaires d'int\\u00e9rieur\"}},{\"@type\":\"ListItem\",\"@id\":\"https:\\\/\\\/light24.lt\\\/fr\\\/toode\\\/siseruumide_valgustid\\\/rippvalgustid\\\/globen-juni-11-frosted-e14\\\/#listItem\",\"position\":5,\"name\":\"GLOBEN JUNI 11 frosted E14\",\"previousItem\":{\"@type\":\"ListItem\",\"@id\":\"https:\\\/\\\/light24.lt\\\/fr\\\/product-category\\\/siseruumide_valgustid\\\/rippvalgustid\\\/#listItem\",\"name\":\"Luminaires suspendus\"}}]},{\"@type\":\"Organization\",\"@id\":\"https:\\\/\\\/light24.lt\\\/fr\\\/#organization\",\"name\":\"Light24\",\"description\":\"Lighting E-Shop | Solutions d'\\u00e9clairage professionnelles\",\"url\":\"https:\\\/\\\/light24.lt\\\/fr\\\/\",\"telephone\":\"+3725184133\",\"logo\":{\"@type\":\"ImageObject\",\"url\":\"https:\\\/\\\/www.light24.ee\\\/wp-content\\\/uploads\\\/2022\\\/03\\\/Shape-2-3.svg\",\"@id\":\"https:\\\/\\\/light24.lt\\\/fr\\\/toode\\\/siseruumide_valgustid\\\/rippvalgustid\\\/globen-juni-11-frosted-e14\\\/#organizationLogo\"},\"image\":{\"@id\":\"https:\\\/\\\/light24.lt\\\/fr\\\/toode\\\/siseruumide_valgustid\\\/rippvalgustid\\\/globen-juni-11-frosted-e14\\\/#organizationLogo\"},\"sameAs\":[\"https:\\\/\\\/www.facebook.com\\\/light24.ee\",\"https:\\\/\\\/www.instagram.com\\\/light24official\\\/\"]},{\"@type\":\"Product\",\"@id\":\"https:\\\/\\\/light24.lt\\\/fr\\\/toode\\\/siseruumide_valgustid\\\/rippvalgustid\\\/globen-juni-11-frosted-e14\\\/#wooCommerceProduct\",\"name\":\"GLOBEN JUNI 11 frosted E14\",\"url\":\"https:\\\/\\\/light24.lt\\\/fr\\\/toode\\\/siseruumide_valgustid\\\/rippvalgustid\\\/globen-juni-11-frosted-e14\\\/\",\"sku\":\"GLO1101374-1-1\",\"image\":{\"@type\":\"ImageObject\",\"url\":\"https:\\\/\\\/light24.lt\\\/wp-content\\\/uploads\\\/2025\\\/04\\\/juni___6.jpg\",\"@id\":\"https:\\\/\\\/light24.lt\\\/fr\\\/toode\\\/siseruumide_valgustid\\\/rippvalgustid\\\/globen-juni-11-frosted-e14\\\/#productImage\",\"width\":847,\"height\":847},\"offers\":{\"@type\":\"Offer\",\"url\":\"https:\\\/\\\/light24.lt\\\/fr\\\/toode\\\/siseruumide_valgustid\\\/rippvalgustid\\\/globen-juni-11-frosted-e14\\\/#wooCommerceOffer\",\"price\":120,\"priceCurrency\":\"EUR\",\"category\":\"Luminaires d'int\\u00e9rieur\",\"availability\":\"https:\\\/\\\/schema.org\\\/InStock\",\"priceSpecification\":{\"@type\":\"PriceSpecification\",\"price\":120,\"priceCurrency\":\"EUR\",\"valueAddedTaxIncluded\":\"true\"},\"seller\":{\"@type\":\"Organization\",\"@id\":\"https:\\\/\\\/light24.lt\\\/fr\\\/#organization\"}}},{\"@type\":\"WebPage\",\"@id\":\"https:\\\/\\\/light24.lt\\\/fr\\\/toode\\\/siseruumide_valgustid\\\/rippvalgustid\\\/globen-juni-11-frosted-e14\\\/#webpage\",\"url\":\"https:\\\/\\\/light24.lt\\\/fr\\\/toode\\\/siseruumide_valgustid\\\/rippvalgustid\\\/globen-juni-11-frosted-e14\\\/\",\"name\":\"GLOBEN JUNI 11 frosted E14 \\u2022 Light24\",\"description\":\"Juni, avec son beau verre taill\\u00e9 et ses pi\\u00e8ces en laiton bross\\u00e9, rappelle le d\\u00e9but du XXe si\\u00e8cle. Suspendue \\u00e0 une fen\\u00eatre dans un magnifique hall de manoir, dans une petite ville idyllique de Su\\u00e8de. Ou pourquoi ne pas en suspendre plusieurs en ligne au-dessus de l\\u2019\\u00eelot de cuisine ? La lampe dispose d'un c\\u00e2ble\",\"inLanguage\":\"fr-FR\",\"isPartOf\":{\"@id\":\"https:\\\/\\\/light24.lt\\\/fr\\\/#website\"},\"breadcrumb\":{\"@id\":\"https:\\\/\\\/light24.lt\\\/fr\\\/toode\\\/siseruumide_valgustid\\\/rippvalgustid\\\/globen-juni-11-frosted-e14\\\/#breadcrumblist\"},\"image\":{\"@type\":\"ImageObject\",\"url\":\"https:\\\/\\\/light24.lt\\\/wp-content\\\/uploads\\\/2025\\\/04\\\/juni___6.jpg\",\"@id\":\"https:\\\/\\\/light24.lt\\\/fr\\\/toode\\\/siseruumide_valgustid\\\/rippvalgustid\\\/globen-juni-11-frosted-e14\\\/#mainImage\",\"width\":847,\"height\":847},\"primaryImageOfPage\":{\"@id\":\"https:\\\/\\\/light24.lt\\\/fr\\\/toode\\\/siseruumide_valgustid\\\/rippvalgustid\\\/globen-juni-11-frosted-e14\\\/#mainImage\"},\"datePublished\":\"2025-02-02T10:37:46+02:00\",\"dateModified\":\"2025-04-02T10:43:43+03:00\"},{\"@type\":\"WebSite\",\"@id\":\"https:\\\/\\\/light24.lt\\\/fr\\\/#website\",\"url\":\"https:\\\/\\\/light24.lt\\\/fr\\\/\",\"name\":\"Light24\",\"description\":\"Lighting E-Shop | Solutions d'\\u00e9clairage professionnelles\",\"inLanguage\":\"fr-FR\",\"publisher\":{\"@id\":\"https:\\\/\\\/light24.lt\\\/fr\\\/#organization\"}}]}\n\t\t<\/script>\n\t\t<!-- All in One SEO Pro -->\r\n\t\t<title>GLOBEN JUNI 11 frosted E14 \u2022 Light24<\/title>\n\n","aioseo_head_json":{"title":"GLOBEN JUNI 11 frosted E14 \u2022 Light24","description":"Juni, avec son beau verre taill\u00e9 et ses pi\u00e8ces en laiton bross\u00e9, rappelle le d\u00e9but du XXe si\u00e8cle. Suspendue \u00e0 une fen\u00eatre dans un magnifique hall de manoir, dans une petite ville idyllique de Su\u00e8de. Ou pourquoi ne pas en suspendre plusieurs en ligne au-dessus de l\u2019\u00eelot de cuisine ? La lampe dispose d'un c\u00e2ble","canonical_url":"https:\/\/light24.lt\/fr\/toode\/siseruumide_valgustid\/rippvalgustid\/globen-juni-11-frosted-e14\/","robots":"max-image-preview:large","keywords":"","webmasterTools":{"google-site-verification":"nxgDPK3Ouk6bwvuxlwlzeMOKszmf-8m57RDu5zAgN-Y","miscellaneous":""},"schema":{"@context":"https:\/\/schema.org","@graph":[{"@type":"BreadcrumbList","@id":"https:\/\/light24.lt\/fr\/toode\/siseruumide_valgustid\/rippvalgustid\/globen-juni-11-frosted-e14\/#breadcrumblist","itemListElement":[{"@type":"ListItem","@id":"https:\/\/light24.lt\/fr#listItem","position":1,"name":"Home","item":"https:\/\/light24.lt\/fr","nextItem":{"@type":"ListItem","@id":"https:\/\/light24.lt\/fr\/shop\/#listItem","name":"Boutique en ligne"}},{"@type":"ListItem","@id":"https:\/\/light24.lt\/fr\/shop\/#listItem","position":2,"name":"Boutique en ligne","item":"https:\/\/light24.lt\/fr\/shop\/","nextItem":{"@type":"ListItem","@id":"https:\/\/light24.lt\/fr\/product-category\/siseruumide_valgustid\/#listItem","name":"Luminaires d'int\u00e9rieur"},"previousItem":{"@type":"ListItem","@id":"https:\/\/light24.lt\/fr#listItem","name":"Home"}},{"@type":"ListItem","@id":"https:\/\/light24.lt\/fr\/product-category\/siseruumide_valgustid\/#listItem","position":3,"name":"Luminaires d'int\u00e9rieur","item":"https:\/\/light24.lt\/fr\/product-category\/siseruumide_valgustid\/","nextItem":{"@type":"ListItem","@id":"https:\/\/light24.lt\/fr\/product-category\/siseruumide_valgustid\/rippvalgustid\/#listItem","name":"Luminaires suspendus"},"previousItem":{"@type":"ListItem","@id":"https:\/\/light24.lt\/fr\/shop\/#listItem","name":"Boutique en ligne"}},{"@type":"ListItem","@id":"https:\/\/light24.lt\/fr\/product-category\/siseruumide_valgustid\/rippvalgustid\/#listItem","position":4,"name":"Luminaires suspendus","item":"https:\/\/light24.lt\/fr\/product-category\/siseruumide_valgustid\/rippvalgustid\/","nextItem":{"@type":"ListItem","@id":"https:\/\/light24.lt\/fr\/toode\/siseruumide_valgustid\/rippvalgustid\/globen-juni-11-frosted-e14\/#listItem","name":"GLOBEN JUNI 11 frosted E14"},"previousItem":{"@type":"ListItem","@id":"https:\/\/light24.lt\/fr\/product-category\/siseruumide_valgustid\/#listItem","name":"Luminaires d'int\u00e9rieur"}},{"@type":"ListItem","@id":"https:\/\/light24.lt\/fr\/toode\/siseruumide_valgustid\/rippvalgustid\/globen-juni-11-frosted-e14\/#listItem","position":5,"name":"GLOBEN JUNI 11 frosted E14","previousItem":{"@type":"ListItem","@id":"https:\/\/light24.lt\/fr\/product-category\/siseruumide_valgustid\/rippvalgustid\/#listItem","name":"Luminaires suspendus"}}]},{"@type":"Organization","@id":"https:\/\/light24.lt\/fr\/#organization","name":"Light24","description":"Lighting E-Shop | Solutions d'\u00e9clairage professionnelles","url":"https:\/\/light24.lt\/fr\/","telephone":"+3725184133","logo":{"@type":"ImageObject","url":"https:\/\/www.light24.ee\/wp-content\/uploads\/2022\/03\/Shape-2-3.svg","@id":"https:\/\/light24.lt\/fr\/toode\/siseruumide_valgustid\/rippvalgustid\/globen-juni-11-frosted-e14\/#organizationLogo"},"image":{"@id":"https:\/\/light24.lt\/fr\/toode\/siseruumide_valgustid\/rippvalgustid\/globen-juni-11-frosted-e14\/#organizationLogo"},"sameAs":["https:\/\/www.facebook.com\/light24.ee","https:\/\/www.instagram.com\/light24official\/"]},{"@type":"Product","@id":"https:\/\/light24.lt\/fr\/toode\/siseruumide_valgustid\/rippvalgustid\/globen-juni-11-frosted-e14\/#wooCommerceProduct","name":"GLOBEN JUNI 11 frosted E14","url":"https:\/\/light24.lt\/fr\/toode\/siseruumide_valgustid\/rippvalgustid\/globen-juni-11-frosted-e14\/","sku":"GLO1101374-1-1","image":{"@type":"ImageObject","url":"https:\/\/light24.lt\/wp-content\/uploads\/2025\/04\/juni___6.jpg","@id":"https:\/\/light24.lt\/fr\/toode\/siseruumide_valgustid\/rippvalgustid\/globen-juni-11-frosted-e14\/#productImage","width":847,"height":847},"offers":{"@type":"Offer","url":"https:\/\/light24.lt\/fr\/toode\/siseruumide_valgustid\/rippvalgustid\/globen-juni-11-frosted-e14\/#wooCommerceOffer","price":120,"priceCurrency":"EUR","category":"Luminaires d'int\u00e9rieur","availability":"https:\/\/schema.org\/InStock","priceSpecification":{"@type":"PriceSpecification","price":120,"priceCurrency":"EUR","valueAddedTaxIncluded":"true"},"seller":{"@type":"Organization","@id":"https:\/\/light24.lt\/fr\/#organization"}}},{"@type":"WebPage","@id":"https:\/\/light24.lt\/fr\/toode\/siseruumide_valgustid\/rippvalgustid\/globen-juni-11-frosted-e14\/#webpage","url":"https:\/\/light24.lt\/fr\/toode\/siseruumide_valgustid\/rippvalgustid\/globen-juni-11-frosted-e14\/","name":"GLOBEN JUNI 11 frosted E14 \u2022 Light24","description":"Juni, avec son beau verre taill\u00e9 et ses pi\u00e8ces en laiton bross\u00e9, rappelle le d\u00e9but du XXe si\u00e8cle. Suspendue \u00e0 une fen\u00eatre dans un magnifique hall de manoir, dans une petite ville idyllique de Su\u00e8de. Ou pourquoi ne pas en suspendre plusieurs en ligne au-dessus de l\u2019\u00eelot de cuisine ? La lampe dispose d'un c\u00e2ble","inLanguage":"fr-FR","isPartOf":{"@id":"https:\/\/light24.lt\/fr\/#website"},"breadcrumb":{"@id":"https:\/\/light24.lt\/fr\/toode\/siseruumide_valgustid\/rippvalgustid\/globen-juni-11-frosted-e14\/#breadcrumblist"},"image":{"@type":"ImageObject","url":"https:\/\/light24.lt\/wp-content\/uploads\/2025\/04\/juni___6.jpg","@id":"https:\/\/light24.lt\/fr\/toode\/siseruumide_valgustid\/rippvalgustid\/globen-juni-11-frosted-e14\/#mainImage","width":847,"height":847},"primaryImageOfPage":{"@id":"https:\/\/light24.lt\/fr\/toode\/siseruumide_valgustid\/rippvalgustid\/globen-juni-11-frosted-e14\/#mainImage"},"datePublished":"2025-02-02T10:37:46+02:00","dateModified":"2025-04-02T10:43:43+03:00"},{"@type":"WebSite","@id":"https:\/\/light24.lt\/fr\/#website","url":"https:\/\/light24.lt\/fr\/","name":"Light24","description":"Lighting E-Shop | Solutions d'\u00e9clairage professionnelles","inLanguage":"fr-FR","publisher":{"@id":"https:\/\/light24.lt\/fr\/#organization"}}]},"og:locale":"fr_FR","og:site_name":"Light24 \u2022 Lighting E-Shop | Solutions d'\u00e9clairage professionnelles","og:type":"article","og:title":"GLOBEN JUNI 11 frosted E14 \u2022 Light24","og:description":"Juni, avec son beau verre taill\u00e9 et ses pi\u00e8ces en laiton bross\u00e9, rappelle le d\u00e9but du XXe si\u00e8cle. Suspendue \u00e0 une fen\u00eatre dans un magnifique hall de manoir, dans une petite ville idyllique de Su\u00e8de. Ou pourquoi ne pas en suspendre plusieurs en ligne au-dessus de l\u2019\u00eelot de cuisine ? La lampe dispose d'un c\u00e2ble","og:url":"https:\/\/light24.lt\/fr\/toode\/siseruumide_valgustid\/rippvalgustid\/globen-juni-11-frosted-e14\/","og:image":"https:\/\/light24.lt\/wp-content\/uploads\/2025\/04\/juni___6.jpg","og:image:secure_url":"https:\/\/light24.lt\/wp-content\/uploads\/2025\/04\/juni___6.jpg","og:image:width":847,"og:image:height":847,"article:published_time":"2025-02-02T08:37:46+00:00","article:modified_time":"2025-04-02T07:43:43+00:00","article:publisher":"https:\/\/www.facebook.com\/light24.ee","twitter:card":"summary","twitter:title":"GLOBEN JUNI 11 frosted E14 \u2022 Light24","twitter:description":"Juni, avec son beau verre taill\u00e9 et ses pi\u00e8ces en laiton bross\u00e9, rappelle le d\u00e9but du XXe si\u00e8cle. Suspendue \u00e0 une fen\u00eatre dans un magnifique hall de manoir, dans une petite ville idyllique de Su\u00e8de. Ou pourquoi ne pas en suspendre plusieurs en ligne au-dessus de l\u2019\u00eelot de cuisine ? La lampe dispose d'un c\u00e2ble","twitter:image":"https:\/\/light24.lt\/wp-content\/uploads\/2025\/04\/juni___6.jpg"},"aioseo_meta_data":{"post_id":"146571","title":null,"description":null,"keywords":null,"keyphrases":{"focus":{"keyphrase":"","score":0,"analysis":{"keyphraseInTitle":{"score":0,"maxScore":9,"error":1}}},"additional":[]},"primary_term":null,"canonical_url":null,"og_title":null,"og_description":null,"og_object_type":"default","og_image_type":"default","og_image_url":null,"og_image_width":null,"og_image_height":null,"og_image_custom_url":null,"og_image_custom_fields":null,"og_video":"","og_custom_url":null,"og_article_section":null,"og_article_tags":null,"twitter_use_og":false,"twitter_card":"default","twitter_image_type":"default","twitter_image_url":null,"twitter_image_custom_url":null,"twitter_image_custom_fields":null,"twitter_title":null,"twitter_description":null,"schema":{"blockGraphs":[],"customGraphs":[],"default":{"data":{"Article":[],"Course":[],"Dataset":[],"FAQPage":[],"Movie":[],"Person":[],"Product":[],"ProductReview":[],"Car":[],"Recipe":[],"Service":[],"SoftwareApplication":[],"WebPage":[]},"graphName":"Product","isEnabled":true},"graphs":[],"defaultGraph":"WebPage","defaultPostTypeGraph":""},"schema_type":"default","schema_type_options":"{\"article\":{\"articleType\":\"BlogPosting\"},\"course\":{\"name\":\"\",\"description\":\"\",\"provider\":\"\"},\"faq\":{\"pages\":[]},\"product\":{\"reviews\":[]},\"recipe\":{\"ingredients\":[],\"instructions\":[],\"keywords\":[]},\"software\":{\"reviews\":[],\"operatingSystems\":[]},\"webPage\":{\"webPageType\":\"WebPage\"}}","pillar_content":false,"robots_default":true,"robots_noindex":false,"robots_noarchive":false,"robots_nosnippet":false,"robots_nofollow":false,"robots_noimageindex":false,"robots_noodp":false,"robots_notranslate":false,"robots_max_snippet":"-1","robots_max_videopreview":"-1","robots_max_imagepreview":"large","priority":null,"frequency":"default","local_seo":null,"seo_analyzer_scan_date":"2025-10-27 14:50:41","breadcrumb_settings":null,"limit_modified_date":false,"reviewed_by":null,"open_ai":"{\"title\":{\"suggestions\":[],\"usage\":0},\"description\":{\"suggestions\":[],\"usage\":0}}","ai":null,"created":"2025-04-02 07:37:46","updated":"2025-10-27 14:50:41"},"aioseo_breadcrumb":"<div class=\"aioseo-breadcrumbs\"><span class=\"aioseo-breadcrumb\">\n\t<a href=\"https:\/\/light24.lt\/fr\" title=\"Home\">Home<\/a>\n<\/span><span class=\"aioseo-breadcrumb-separator\">&raquo;<\/span><span class=\"aioseo-breadcrumb\">\n\t<a href=\"https:\/\/light24.lt\/fr\/shop\/\" title=\"Boutique en ligne\">Boutique en ligne<\/a>\n<\/span><span class=\"aioseo-breadcrumb-separator\">&raquo;<\/span><span class=\"aioseo-breadcrumb\">\n\t<a href=\"https:\/\/light24.lt\/fr\/product-category\/siseruumide_valgustid\/\" title=\"Luminaires d&#039;int\u00e9rieur\">Luminaires d'int\u00e9rieur<\/a>\n<\/span><span class=\"aioseo-breadcrumb-separator\">&raquo;<\/span><span class=\"aioseo-breadcrumb\">\n\t<a href=\"https:\/\/light24.lt\/fr\/product-category\/siseruumide_valgustid\/rippvalgustid\/\" title=\"Luminaires suspendus\">Luminaires suspendus<\/a>\n<\/span><span class=\"aioseo-breadcrumb-separator\">&raquo;<\/span><span class=\"aioseo-breadcrumb\">\n\tGLOBEN JUNI 11 frosted E14\n<\/span><\/div>","aioseo_breadcrumb_json":[{"label":"Home","link":"https:\/\/light24.lt\/fr"},{"label":"Boutique en ligne","link":"https:\/\/light24.lt\/fr\/shop\/"},{"label":"Luminaires d'int\u00e9rieur","link":"https:\/\/light24.lt\/fr\/product-category\/siseruumide_valgustid\/"},{"label":"Luminaires suspendus","link":"https:\/\/light24.lt\/fr\/product-category\/siseruumide_valgustid\/rippvalgustid\/"},{"label":"GLOBEN JUNI 11 frosted E14","link":"https:\/\/light24.lt\/fr\/toode\/siseruumide_valgustid\/rippvalgustid\/globen-juni-11-frosted-e14\/"}],"_links":{"self":[{"href":"https:\/\/light24.lt\/fr\/wp-json\/wp\/v2\/product\/146571","targetHints":{"allow":["GET"]}}],"collection":[{"href":"https:\/\/light24.lt\/fr\/wp-json\/wp\/v2\/product"}],"about":[{"href":"https:\/\/light24.lt\/fr\/wp-json\/wp\/v2\/types\/product"}],"replies":[{"embeddable":true,"href":"https:\/\/light24.lt\/fr\/wp-json\/wp\/v2\/comments?post=146571"}],"wp:featuredmedia":[{"embeddable":true,"href":"https:\/\/light24.lt\/fr\/wp-json\/wp\/v2\/media\/146575"}],"wp:attachment":[{"href":"https:\/\/light24.lt\/fr\/wp-json\/wp\/v2\/media?parent=146571"}],"wp:term":[{"taxonomy":"product_cat","embeddable":true,"href":"https:\/\/light24.lt\/fr\/wp-json\/wp\/v2\/product_cat?post=146571"},{"taxonomy":"product_tag","embeddable":true,"href":"https:\/\/light24.lt\/fr\/wp-json\/wp\/v2\/product_tag?post=146571"}],"curies":[{"name":"wp","href":"https:\/\/api.w.org\/{rel}","templated":true}]}}