{"id":85886,"date":"2021-04-19T09:54:50","date_gmt":"2021-04-19T06:54:50","guid":{"rendered":"https:\/\/www.light24.ee\/?post_type=product&#038;p=85886"},"modified":"2025-02-17T17:29:49","modified_gmt":"2025-02-17T15:29:49","slug":"valis-laevalgusti-ruba-27-cw-led","status":"publish","type":"product","link":"https:\/\/light24.lt\/fi\/toode\/valisvalgustid\/valis-ripp-ja-laevalgustid\/valis-laevalgusti-ruba-27-cw-led\/","title":{"rendered":"Slv RUBA 27 CW LED 12W CCT 3000K\/4000K"},"content":{"rendered":"<p><a href=\"https:\/\/www.light24.ee\/wp-content\/uploads\/2021\/03\/CCT.jpg\"><img decoding=\"async\" class=\"alignnone size-full wp-image-82980\" src=\"https:\/\/www.light24.ee\/wp-content\/uploads\/2021\/03\/CCT.jpg\" alt=\"\" width=\"87\" height=\"87\" \/><\/a><a href=\"https:\/\/www.light24.ee\/fi\/brands\/slv\/\"><img decoding=\"async\" class=\"alignnone wp-image-34099 size-full\" src=\"https:\/\/www.light24.ee\/wp-content\/uploads\/2013\/10\/SLV-logo-II.jpg\" alt=\"\" width=\"183\" height=\"113\" \/><\/a><\/p>","protected":false},"excerpt":{"rendered":"","protected":false},"featured_media":85889,"comment_status":"closed","ping_status":"closed","template":"","meta":{"_acf_changed":false},"product_cat":[2903,2918,2919],"product_tag":[521],"class_list":{"0":"post-85886","1":"product","2":"type-product","3":"status-publish","4":"has-post-thumbnail","6":"product_cat-valisvalgustid","7":"product_cat-valis-ripp-ja-laevalgustid","8":"product_cat-valis-seinavalgustid","9":"product_tag-slv","10":"product_shipping_class-small","11":"pa_ip-kaitseklass-1819","12":"pa_materjal-polukarbonaat","13":"pa_ruumid-oueala","14":"pa_ruumid-terrass","15":"pa_ruumid-hoone","16":"pa_tarneaeg-10-paeva","17":"pa_varv-valge","19":"first","20":"instock","21":"sale","22":"taxable","23":"shipping-taxable","24":"purchasable","25":"product-type-simple"},"acf":[],"aioseo_notices":[],"aioseo_head":"\n\t\t<!-- All in One SEO Pro 4.9.5.2 - aioseo.com -->\n\t<meta name=\"description\" content=\"Anteeksi, mutta t\u00e4m\u00e4 kirjoitus on saatavana ainoastaan n\u00e4ill\u00e4 kielill\u00e4: Eesti.\" \/>\n\t<meta name=\"robots\" content=\"max-image-preview:large\" \/>\n\t<meta name=\"google-site-verification\" content=\"nxgDPK3Ouk6bwvuxlwlzeMOKszmf-8m57RDu5zAgN-Y\" \/>\n\t<link rel=\"canonical\" href=\"https:\/\/light24.lt\/fi\/toode\/valisvalgustid\/valis-ripp-ja-laevalgustid\/valis-laevalgusti-ruba-27-cw-led\/\" \/>\n\t<meta name=\"generator\" content=\"All in One SEO Pro (AIOSEO) 4.9.5.2\" \/>\n\t\t<meta property=\"og:locale\" content=\"fi_FI\" \/>\n\t\t<meta property=\"og:site_name\" content=\"Light24 \u2022 Valon tavaratalo | Ammatillinen valaistusratkaisut\" \/>\n\t\t<meta property=\"og:type\" content=\"article\" \/>\n\t\t<meta property=\"og:title\" content=\"Slv RUBA 27 CW LED 12W CCT 3000K\/4000K \u2022 Light24\" \/>\n\t\t<meta property=\"og:description\" content=\"Anteeksi, mutta t\u00e4m\u00e4 kirjoitus on saatavana ainoastaan n\u00e4ill\u00e4 kielill\u00e4: Eesti.\" \/>\n\t\t<meta property=\"og:url\" content=\"https:\/\/light24.lt\/fi\/toode\/valisvalgustid\/valis-ripp-ja-laevalgustid\/valis-laevalgusti-ruba-27-cw-led\/\" \/>\n\t\t<meta property=\"og:image\" content=\"https:\/\/light24.lt\/wp-content\/uploads\/2021\/04\/1005089.jpg\" \/>\n\t\t<meta property=\"og:image:secure_url\" content=\"https:\/\/light24.lt\/wp-content\/uploads\/2021\/04\/1005089.jpg\" \/>\n\t\t<meta property=\"og:image:width\" content=\"700\" \/>\n\t\t<meta property=\"og:image:height\" content=\"700\" \/>\n\t\t<meta property=\"article:published_time\" content=\"2021-04-19T06:54:50+00:00\" \/>\n\t\t<meta property=\"article:modified_time\" content=\"2025-02-17T15:29:49+00:00\" \/>\n\t\t<meta property=\"article:publisher\" content=\"https:\/\/www.facebook.com\/light24.ee\" \/>\n\t\t<meta name=\"twitter:card\" content=\"summary\" \/>\n\t\t<meta name=\"twitter:title\" content=\"Slv RUBA 27 CW LED 12W CCT 3000K\/4000K \u2022 Light24\" \/>\n\t\t<meta name=\"twitter:description\" content=\"Anteeksi, mutta t\u00e4m\u00e4 kirjoitus on saatavana ainoastaan n\u00e4ill\u00e4 kielill\u00e4: Eesti.\" \/>\n\t\t<meta name=\"twitter:image\" content=\"https:\/\/light24.lt\/wp-content\/uploads\/2021\/04\/1005089.jpg\" \/>\n\t\t<script type=\"application\/ld+json\" class=\"aioseo-schema\">\n\t\t\t{\"@context\":\"https:\\\/\\\/schema.org\",\"@graph\":[{\"@type\":\"BreadcrumbList\",\"@id\":\"https:\\\/\\\/light24.lt\\\/fi\\\/toode\\\/valisvalgustid\\\/valis-ripp-ja-laevalgustid\\\/valis-laevalgusti-ruba-27-cw-led\\\/#breadcrumblist\",\"itemListElement\":[{\"@type\":\"ListItem\",\"@id\":\"https:\\\/\\\/light24.lt\\\/fi#listItem\",\"position\":1,\"name\":\"Home\",\"item\":\"https:\\\/\\\/light24.lt\\\/fi\",\"nextItem\":{\"@type\":\"ListItem\",\"@id\":\"https:\\\/\\\/light24.lt\\\/fi\\\/shop\\\/#listItem\",\"name\":\"Verkkokauppa\"}},{\"@type\":\"ListItem\",\"@id\":\"https:\\\/\\\/light24.lt\\\/fi\\\/shop\\\/#listItem\",\"position\":2,\"name\":\"Verkkokauppa\",\"item\":\"https:\\\/\\\/light24.lt\\\/fi\\\/shop\\\/\",\"nextItem\":{\"@type\":\"ListItem\",\"@id\":\"https:\\\/\\\/light24.lt\\\/fi\\\/product-category\\\/valisvalgustid\\\/#listItem\",\"name\":\"Ulkovalaisimet\"},\"previousItem\":{\"@type\":\"ListItem\",\"@id\":\"https:\\\/\\\/light24.lt\\\/fi#listItem\",\"name\":\"Home\"}},{\"@type\":\"ListItem\",\"@id\":\"https:\\\/\\\/light24.lt\\\/fi\\\/product-category\\\/valisvalgustid\\\/#listItem\",\"position\":3,\"name\":\"Ulkovalaisimet\",\"item\":\"https:\\\/\\\/light24.lt\\\/fi\\\/product-category\\\/valisvalgustid\\\/\",\"nextItem\":{\"@type\":\"ListItem\",\"@id\":\"https:\\\/\\\/light24.lt\\\/fi\\\/product-category\\\/valisvalgustid\\\/valis-ripp-ja-laevalgustid\\\/#listItem\",\"name\":\"Ulko riippu- ja kattovalaisimet\"},\"previousItem\":{\"@type\":\"ListItem\",\"@id\":\"https:\\\/\\\/light24.lt\\\/fi\\\/shop\\\/#listItem\",\"name\":\"Verkkokauppa\"}},{\"@type\":\"ListItem\",\"@id\":\"https:\\\/\\\/light24.lt\\\/fi\\\/product-category\\\/valisvalgustid\\\/valis-ripp-ja-laevalgustid\\\/#listItem\",\"position\":4,\"name\":\"Ulko riippu- ja kattovalaisimet\",\"item\":\"https:\\\/\\\/light24.lt\\\/fi\\\/product-category\\\/valisvalgustid\\\/valis-ripp-ja-laevalgustid\\\/\",\"nextItem\":{\"@type\":\"ListItem\",\"@id\":\"https:\\\/\\\/light24.lt\\\/fi\\\/toode\\\/valisvalgustid\\\/valis-ripp-ja-laevalgustid\\\/valis-laevalgusti-ruba-27-cw-led\\\/#listItem\",\"name\":\"Slv RUBA 27 CW LED 12W CCT 3000K\\\/4000K\"},\"previousItem\":{\"@type\":\"ListItem\",\"@id\":\"https:\\\/\\\/light24.lt\\\/fi\\\/product-category\\\/valisvalgustid\\\/#listItem\",\"name\":\"Ulkovalaisimet\"}},{\"@type\":\"ListItem\",\"@id\":\"https:\\\/\\\/light24.lt\\\/fi\\\/toode\\\/valisvalgustid\\\/valis-ripp-ja-laevalgustid\\\/valis-laevalgusti-ruba-27-cw-led\\\/#listItem\",\"position\":5,\"name\":\"Slv RUBA 27 CW LED 12W CCT 3000K\\\/4000K\",\"previousItem\":{\"@type\":\"ListItem\",\"@id\":\"https:\\\/\\\/light24.lt\\\/fi\\\/product-category\\\/valisvalgustid\\\/valis-ripp-ja-laevalgustid\\\/#listItem\",\"name\":\"Ulko riippu- ja kattovalaisimet\"}}]},{\"@type\":\"Organization\",\"@id\":\"https:\\\/\\\/light24.lt\\\/fi\\\/#organization\",\"name\":\"Light24\",\"description\":\"Valon tavaratalo | Ammatillinen valaistusratkaisut\",\"url\":\"https:\\\/\\\/light24.lt\\\/fi\\\/\",\"telephone\":\"+3725184133\",\"logo\":{\"@type\":\"ImageObject\",\"url\":\"https:\\\/\\\/www.light24.ee\\\/wp-content\\\/uploads\\\/2022\\\/03\\\/Shape-2-3.svg\",\"@id\":\"https:\\\/\\\/light24.lt\\\/fi\\\/toode\\\/valisvalgustid\\\/valis-ripp-ja-laevalgustid\\\/valis-laevalgusti-ruba-27-cw-led\\\/#organizationLogo\"},\"image\":{\"@id\":\"https:\\\/\\\/light24.lt\\\/fi\\\/toode\\\/valisvalgustid\\\/valis-ripp-ja-laevalgustid\\\/valis-laevalgusti-ruba-27-cw-led\\\/#organizationLogo\"},\"sameAs\":[\"https:\\\/\\\/www.facebook.com\\\/light24.ee\",\"https:\\\/\\\/www.instagram.com\\\/light24official\\\/\"]},{\"@type\":\"Product\",\"@id\":\"https:\\\/\\\/light24.lt\\\/fi\\\/toode\\\/valisvalgustid\\\/valis-ripp-ja-laevalgustid\\\/valis-laevalgusti-ruba-27-cw-led\\\/#wooCommerceProduct\",\"name\":\"Slv RUBA 27 CW LED 12W CCT 3000K\\\/4000K\",\"url\":\"https:\\\/\\\/light24.lt\\\/fi\\\/toode\\\/valisvalgustid\\\/valis-ripp-ja-laevalgustid\\\/valis-laevalgusti-ruba-27-cw-led\\\/\",\"sku\":\"SLV211220\",\"image\":{\"@type\":\"ImageObject\",\"url\":\"https:\\\/\\\/light24.lt\\\/wp-content\\\/uploads\\\/2021\\\/04\\\/1005089.jpg\",\"@id\":\"https:\\\/\\\/light24.lt\\\/fi\\\/toode\\\/valisvalgustid\\\/valis-ripp-ja-laevalgustid\\\/valis-laevalgusti-ruba-27-cw-led\\\/#productImage\",\"width\":700,\"height\":700},\"offers\":{\"@type\":\"Offer\",\"url\":\"https:\\\/\\\/light24.lt\\\/fi\\\/toode\\\/valisvalgustid\\\/valis-ripp-ja-laevalgustid\\\/valis-laevalgusti-ruba-27-cw-led\\\/#wooCommerceOffer\",\"price\":102.12,\"priceCurrency\":\"EUR\",\"category\":\"Ulkovalaisimet\",\"availability\":\"https:\\\/\\\/schema.org\\\/InStock\",\"priceSpecification\":{\"@type\":\"PriceSpecification\",\"price\":102.12,\"priceCurrency\":\"EUR\",\"valueAddedTaxIncluded\":\"true\"},\"seller\":{\"@type\":\"Organization\",\"@id\":\"https:\\\/\\\/light24.lt\\\/fi\\\/#organization\"}}},{\"@type\":\"WebPage\",\"@id\":\"https:\\\/\\\/light24.lt\\\/fi\\\/toode\\\/valisvalgustid\\\/valis-ripp-ja-laevalgustid\\\/valis-laevalgusti-ruba-27-cw-led\\\/#webpage\",\"url\":\"https:\\\/\\\/light24.lt\\\/fi\\\/toode\\\/valisvalgustid\\\/valis-ripp-ja-laevalgustid\\\/valis-laevalgusti-ruba-27-cw-led\\\/\",\"name\":\"Slv RUBA 27 CW LED 12W CCT 3000K\\\/4000K \\u2022 Light24\",\"description\":\"Anteeksi, mutta t\\u00e4m\\u00e4 kirjoitus on saatavana ainoastaan n\\u00e4ill\\u00e4 kielill\\u00e4: Eesti.\",\"inLanguage\":\"fi\",\"isPartOf\":{\"@id\":\"https:\\\/\\\/light24.lt\\\/fi\\\/#website\"},\"breadcrumb\":{\"@id\":\"https:\\\/\\\/light24.lt\\\/fi\\\/toode\\\/valisvalgustid\\\/valis-ripp-ja-laevalgustid\\\/valis-laevalgusti-ruba-27-cw-led\\\/#breadcrumblist\"},\"image\":{\"@type\":\"ImageObject\",\"url\":\"https:\\\/\\\/light24.lt\\\/wp-content\\\/uploads\\\/2021\\\/04\\\/1005089.jpg\",\"@id\":\"https:\\\/\\\/light24.lt\\\/fi\\\/toode\\\/valisvalgustid\\\/valis-ripp-ja-laevalgustid\\\/valis-laevalgusti-ruba-27-cw-led\\\/#mainImage\",\"width\":700,\"height\":700},\"primaryImageOfPage\":{\"@id\":\"https:\\\/\\\/light24.lt\\\/fi\\\/toode\\\/valisvalgustid\\\/valis-ripp-ja-laevalgustid\\\/valis-laevalgusti-ruba-27-cw-led\\\/#mainImage\"},\"datePublished\":\"2021-04-19T09:54:50+03:00\",\"dateModified\":\"2025-02-17T17:29:49+02:00\"},{\"@type\":\"WebSite\",\"@id\":\"https:\\\/\\\/light24.lt\\\/fi\\\/#website\",\"url\":\"https:\\\/\\\/light24.lt\\\/fi\\\/\",\"name\":\"Light24\",\"description\":\"Valon tavaratalo | Ammatillinen valaistusratkaisut\",\"inLanguage\":\"fi\",\"publisher\":{\"@id\":\"https:\\\/\\\/light24.lt\\\/fi\\\/#organization\"}}]}\n\t\t<\/script>\n\t\t<!-- All in One SEO Pro -->\r\n\t\t<title>Slv RUBA 27 CW LED 12W CCT 3000K\/4000K \u2022 Light24<\/title>\n\n","aioseo_head_json":{"title":"Slv RUBA 27 CW LED 12W CCT 3000K\/4000K \u2022 Light24","description":"Anteeksi, mutta t\u00e4m\u00e4 kirjoitus on saatavana ainoastaan n\u00e4ill\u00e4 kielill\u00e4: Eesti.","canonical_url":"https:\/\/light24.lt\/fi\/toode\/valisvalgustid\/valis-ripp-ja-laevalgustid\/valis-laevalgusti-ruba-27-cw-led\/","robots":"max-image-preview:large","keywords":"","webmasterTools":{"google-site-verification":"nxgDPK3Ouk6bwvuxlwlzeMOKszmf-8m57RDu5zAgN-Y","miscellaneous":""},"schema":{"@context":"https:\/\/schema.org","@graph":[{"@type":"BreadcrumbList","@id":"https:\/\/light24.lt\/fi\/toode\/valisvalgustid\/valis-ripp-ja-laevalgustid\/valis-laevalgusti-ruba-27-cw-led\/#breadcrumblist","itemListElement":[{"@type":"ListItem","@id":"https:\/\/light24.lt\/fi#listItem","position":1,"name":"Home","item":"https:\/\/light24.lt\/fi","nextItem":{"@type":"ListItem","@id":"https:\/\/light24.lt\/fi\/shop\/#listItem","name":"Verkkokauppa"}},{"@type":"ListItem","@id":"https:\/\/light24.lt\/fi\/shop\/#listItem","position":2,"name":"Verkkokauppa","item":"https:\/\/light24.lt\/fi\/shop\/","nextItem":{"@type":"ListItem","@id":"https:\/\/light24.lt\/fi\/product-category\/valisvalgustid\/#listItem","name":"Ulkovalaisimet"},"previousItem":{"@type":"ListItem","@id":"https:\/\/light24.lt\/fi#listItem","name":"Home"}},{"@type":"ListItem","@id":"https:\/\/light24.lt\/fi\/product-category\/valisvalgustid\/#listItem","position":3,"name":"Ulkovalaisimet","item":"https:\/\/light24.lt\/fi\/product-category\/valisvalgustid\/","nextItem":{"@type":"ListItem","@id":"https:\/\/light24.lt\/fi\/product-category\/valisvalgustid\/valis-ripp-ja-laevalgustid\/#listItem","name":"Ulko riippu- ja kattovalaisimet"},"previousItem":{"@type":"ListItem","@id":"https:\/\/light24.lt\/fi\/shop\/#listItem","name":"Verkkokauppa"}},{"@type":"ListItem","@id":"https:\/\/light24.lt\/fi\/product-category\/valisvalgustid\/valis-ripp-ja-laevalgustid\/#listItem","position":4,"name":"Ulko riippu- ja kattovalaisimet","item":"https:\/\/light24.lt\/fi\/product-category\/valisvalgustid\/valis-ripp-ja-laevalgustid\/","nextItem":{"@type":"ListItem","@id":"https:\/\/light24.lt\/fi\/toode\/valisvalgustid\/valis-ripp-ja-laevalgustid\/valis-laevalgusti-ruba-27-cw-led\/#listItem","name":"Slv RUBA 27 CW LED 12W CCT 3000K\/4000K"},"previousItem":{"@type":"ListItem","@id":"https:\/\/light24.lt\/fi\/product-category\/valisvalgustid\/#listItem","name":"Ulkovalaisimet"}},{"@type":"ListItem","@id":"https:\/\/light24.lt\/fi\/toode\/valisvalgustid\/valis-ripp-ja-laevalgustid\/valis-laevalgusti-ruba-27-cw-led\/#listItem","position":5,"name":"Slv RUBA 27 CW LED 12W CCT 3000K\/4000K","previousItem":{"@type":"ListItem","@id":"https:\/\/light24.lt\/fi\/product-category\/valisvalgustid\/valis-ripp-ja-laevalgustid\/#listItem","name":"Ulko riippu- ja kattovalaisimet"}}]},{"@type":"Organization","@id":"https:\/\/light24.lt\/fi\/#organization","name":"Light24","description":"Valon tavaratalo | Ammatillinen valaistusratkaisut","url":"https:\/\/light24.lt\/fi\/","telephone":"+3725184133","logo":{"@type":"ImageObject","url":"https:\/\/www.light24.ee\/wp-content\/uploads\/2022\/03\/Shape-2-3.svg","@id":"https:\/\/light24.lt\/fi\/toode\/valisvalgustid\/valis-ripp-ja-laevalgustid\/valis-laevalgusti-ruba-27-cw-led\/#organizationLogo"},"image":{"@id":"https:\/\/light24.lt\/fi\/toode\/valisvalgustid\/valis-ripp-ja-laevalgustid\/valis-laevalgusti-ruba-27-cw-led\/#organizationLogo"},"sameAs":["https:\/\/www.facebook.com\/light24.ee","https:\/\/www.instagram.com\/light24official\/"]},{"@type":"Product","@id":"https:\/\/light24.lt\/fi\/toode\/valisvalgustid\/valis-ripp-ja-laevalgustid\/valis-laevalgusti-ruba-27-cw-led\/#wooCommerceProduct","name":"Slv RUBA 27 CW LED 12W CCT 3000K\/4000K","url":"https:\/\/light24.lt\/fi\/toode\/valisvalgustid\/valis-ripp-ja-laevalgustid\/valis-laevalgusti-ruba-27-cw-led\/","sku":"SLV211220","image":{"@type":"ImageObject","url":"https:\/\/light24.lt\/wp-content\/uploads\/2021\/04\/1005089.jpg","@id":"https:\/\/light24.lt\/fi\/toode\/valisvalgustid\/valis-ripp-ja-laevalgustid\/valis-laevalgusti-ruba-27-cw-led\/#productImage","width":700,"height":700},"offers":{"@type":"Offer","url":"https:\/\/light24.lt\/fi\/toode\/valisvalgustid\/valis-ripp-ja-laevalgustid\/valis-laevalgusti-ruba-27-cw-led\/#wooCommerceOffer","price":102.12,"priceCurrency":"EUR","category":"Ulkovalaisimet","availability":"https:\/\/schema.org\/InStock","priceSpecification":{"@type":"PriceSpecification","price":102.12,"priceCurrency":"EUR","valueAddedTaxIncluded":"true"},"seller":{"@type":"Organization","@id":"https:\/\/light24.lt\/fi\/#organization"}}},{"@type":"WebPage","@id":"https:\/\/light24.lt\/fi\/toode\/valisvalgustid\/valis-ripp-ja-laevalgustid\/valis-laevalgusti-ruba-27-cw-led\/#webpage","url":"https:\/\/light24.lt\/fi\/toode\/valisvalgustid\/valis-ripp-ja-laevalgustid\/valis-laevalgusti-ruba-27-cw-led\/","name":"Slv RUBA 27 CW LED 12W CCT 3000K\/4000K \u2022 Light24","description":"Anteeksi, mutta t\u00e4m\u00e4 kirjoitus on saatavana ainoastaan n\u00e4ill\u00e4 kielill\u00e4: Eesti.","inLanguage":"fi","isPartOf":{"@id":"https:\/\/light24.lt\/fi\/#website"},"breadcrumb":{"@id":"https:\/\/light24.lt\/fi\/toode\/valisvalgustid\/valis-ripp-ja-laevalgustid\/valis-laevalgusti-ruba-27-cw-led\/#breadcrumblist"},"image":{"@type":"ImageObject","url":"https:\/\/light24.lt\/wp-content\/uploads\/2021\/04\/1005089.jpg","@id":"https:\/\/light24.lt\/fi\/toode\/valisvalgustid\/valis-ripp-ja-laevalgustid\/valis-laevalgusti-ruba-27-cw-led\/#mainImage","width":700,"height":700},"primaryImageOfPage":{"@id":"https:\/\/light24.lt\/fi\/toode\/valisvalgustid\/valis-ripp-ja-laevalgustid\/valis-laevalgusti-ruba-27-cw-led\/#mainImage"},"datePublished":"2021-04-19T09:54:50+03:00","dateModified":"2025-02-17T17:29:49+02:00"},{"@type":"WebSite","@id":"https:\/\/light24.lt\/fi\/#website","url":"https:\/\/light24.lt\/fi\/","name":"Light24","description":"Valon tavaratalo | Ammatillinen valaistusratkaisut","inLanguage":"fi","publisher":{"@id":"https:\/\/light24.lt\/fi\/#organization"}}]},"og:locale":"fi_FI","og:site_name":"Light24 \u2022 Valon tavaratalo | Ammatillinen valaistusratkaisut","og:type":"article","og:title":"Slv RUBA 27 CW LED 12W CCT 3000K\/4000K \u2022 Light24","og:description":"Anteeksi, mutta t\u00e4m\u00e4 kirjoitus on saatavana ainoastaan n\u00e4ill\u00e4 kielill\u00e4: Eesti.","og:url":"https:\/\/light24.lt\/fi\/toode\/valisvalgustid\/valis-ripp-ja-laevalgustid\/valis-laevalgusti-ruba-27-cw-led\/","og:image":"https:\/\/light24.lt\/wp-content\/uploads\/2021\/04\/1005089.jpg","og:image:secure_url":"https:\/\/light24.lt\/wp-content\/uploads\/2021\/04\/1005089.jpg","og:image:width":700,"og:image:height":700,"article:published_time":"2021-04-19T06:54:50+00:00","article:modified_time":"2025-02-17T15:29:49+00:00","article:publisher":"https:\/\/www.facebook.com\/light24.ee","twitter:card":"summary","twitter:title":"Slv RUBA 27 CW LED 12W CCT 3000K\/4000K \u2022 Light24","twitter:description":"Anteeksi, mutta t\u00e4m\u00e4 kirjoitus on saatavana ainoastaan n\u00e4ill\u00e4 kielill\u00e4: Eesti.","twitter:image":"https:\/\/light24.lt\/wp-content\/uploads\/2021\/04\/1005089.jpg"},"aioseo_meta_data":{"post_id":"85886","title":null,"description":null,"keywords":null,"keyphrases":{"focus":{"keyphrase":"","score":0,"analysis":{"keyphraseInTitle":{"score":0,"maxScore":9,"error":1}}},"additional":[]},"primary_term":null,"canonical_url":null,"og_title":null,"og_description":null,"og_object_type":"default","og_image_type":"default","og_image_url":null,"og_image_width":null,"og_image_height":null,"og_image_custom_url":null,"og_image_custom_fields":null,"og_video":"","og_custom_url":null,"og_article_section":null,"og_article_tags":null,"twitter_use_og":false,"twitter_card":"default","twitter_image_type":"default","twitter_image_url":null,"twitter_image_custom_url":null,"twitter_image_custom_fields":null,"twitter_title":null,"twitter_description":null,"schema":{"blockGraphs":[],"customGraphs":[],"default":{"data":{"Article":[],"Course":[],"Dataset":[],"FAQPage":[],"Movie":[],"Person":[],"Product":[],"ProductReview":[],"Car":[],"Recipe":[],"Service":[],"SoftwareApplication":[],"WebPage":[]},"graphName":"Product","isEnabled":true},"graphs":[]},"schema_type":"default","schema_type_options":"{\"article\":{\"articleType\":\"BlogPosting\"},\"course\":{\"name\":\"\",\"description\":\"\",\"provider\":\"\"},\"faq\":{\"pages\":[]},\"product\":{\"reviews\":[]},\"recipe\":{\"ingredients\":[],\"instructions\":[],\"keywords\":[]},\"software\":{\"reviews\":[],\"operatingSystems\":[]},\"webPage\":{\"webPageType\":\"WebPage\"}}","pillar_content":false,"robots_default":true,"robots_noindex":false,"robots_noarchive":false,"robots_nosnippet":false,"robots_nofollow":false,"robots_noimageindex":false,"robots_noodp":false,"robots_notranslate":false,"robots_max_snippet":"-1","robots_max_videopreview":"-1","robots_max_imagepreview":"large","priority":null,"frequency":"default","local_seo":null,"seo_analyzer_scan_date":"2025-10-27 01:03:35","breadcrumb_settings":null,"limit_modified_date":false,"reviewed_by":null,"open_ai":"{\"title\":{\"suggestions\":[],\"usage\":0},\"description\":{\"suggestions\":[],\"usage\":0}}","ai":null,"created":"2022-02-17 17:03:58","updated":"2025-10-27 01:03:35"},"aioseo_breadcrumb":"<div class=\"aioseo-breadcrumbs\"><span class=\"aioseo-breadcrumb\">\n\t<a href=\"https:\/\/light24.lt\/fi\" title=\"Home\">Home<\/a>\n<\/span><span class=\"aioseo-breadcrumb-separator\">&raquo;<\/span><span class=\"aioseo-breadcrumb\">\n\t<a href=\"https:\/\/light24.lt\/fi\/shop\/\" title=\"Verkkokauppa\">Verkkokauppa<\/a>\n<\/span><span class=\"aioseo-breadcrumb-separator\">&raquo;<\/span><span class=\"aioseo-breadcrumb\">\n\t<a href=\"https:\/\/light24.lt\/fi\/product-category\/valisvalgustid\/\" title=\"Ulkovalaisimet\">Ulkovalaisimet<\/a>\n<\/span><span class=\"aioseo-breadcrumb-separator\">&raquo;<\/span><span class=\"aioseo-breadcrumb\">\n\t<a href=\"https:\/\/light24.lt\/fi\/product-category\/valisvalgustid\/valis-ripp-ja-laevalgustid\/\" title=\"Ulko riippu- ja kattovalaisimet\">Ulko riippu- ja kattovalaisimet<\/a>\n<\/span><span class=\"aioseo-breadcrumb-separator\">&raquo;<\/span><span class=\"aioseo-breadcrumb\">\n\tSlv RUBA 27 CW LED 12W CCT 3000K\/4000K\n<\/span><\/div>","aioseo_breadcrumb_json":[{"label":"Home","link":"https:\/\/light24.lt\/fi"},{"label":"Verkkokauppa","link":"https:\/\/light24.lt\/fi\/shop\/"},{"label":"Ulkovalaisimet","link":"https:\/\/light24.lt\/fi\/product-category\/valisvalgustid\/"},{"label":"Ulko riippu- ja kattovalaisimet","link":"https:\/\/light24.lt\/fi\/product-category\/valisvalgustid\/valis-ripp-ja-laevalgustid\/"},{"label":"Slv RUBA 27 CW LED 12W CCT 3000K\/4000K","link":"https:\/\/light24.lt\/fi\/toode\/valisvalgustid\/valis-ripp-ja-laevalgustid\/valis-laevalgusti-ruba-27-cw-led\/"}],"_links":{"self":[{"href":"https:\/\/light24.lt\/fi\/wp-json\/wp\/v2\/product\/85886","targetHints":{"allow":["GET"]}}],"collection":[{"href":"https:\/\/light24.lt\/fi\/wp-json\/wp\/v2\/product"}],"about":[{"href":"https:\/\/light24.lt\/fi\/wp-json\/wp\/v2\/types\/product"}],"replies":[{"embeddable":true,"href":"https:\/\/light24.lt\/fi\/wp-json\/wp\/v2\/comments?post=85886"}],"wp:featuredmedia":[{"embeddable":true,"href":"https:\/\/light24.lt\/fi\/wp-json\/wp\/v2\/media\/85889"}],"wp:attachment":[{"href":"https:\/\/light24.lt\/fi\/wp-json\/wp\/v2\/media?parent=85886"}],"wp:term":[{"taxonomy":"product_cat","embeddable":true,"href":"https:\/\/light24.lt\/fi\/wp-json\/wp\/v2\/product_cat?post=85886"},{"taxonomy":"product_tag","embeddable":true,"href":"https:\/\/light24.lt\/fi\/wp-json\/wp\/v2\/product_tag?post=85886"}],"curies":[{"name":"wp","href":"https:\/\/api.w.org\/{rel}","templated":true}]}}