{"id":80696,"date":"2021-03-01T17:25:17","date_gmt":"2021-03-01T15:25:17","guid":{"rendered":"https:\/\/www.light24.ee\/?post_type=product&#038;p=80696"},"modified":"2023-04-04T10:44:05","modified_gmt":"2023-04-04T07:44:05","slug":"rippvalgusti-vivaldi","status":"publish","type":"product","link":"https:\/\/light24.lt\/fi\/toode\/siseruumide_valgustid\/kristallvalgustid\/rippvalgusti-vivaldi\/","title":{"rendered":"VIVALDI"},"content":{"rendered":"<p><a title=\"MAXLIGHT\" href=\"https:\/\/www.light24.ee\/brands\/maxlight\/\" target=\"_blank\" rel=\"noopener noreferrer\"><img decoding=\"async\" class=\"alignnone size-full wp-image-58507\" src=\"https:\/\/www.light24.ee\/wp-content\/uploads\/2018\/10\/max-uus-logo.jpg\" alt=\"\" width=\"182\" height=\"118\" \/><\/a><\/p>","protected":false},"excerpt":{"rendered":"","protected":false},"featured_media":80699,"comment_status":"closed","ping_status":"closed","template":"","meta":{"_acf_changed":false},"product_cat":[7280,7773],"product_tag":[1913],"class_list":{"0":"post-80696","1":"product","2":"type-product","3":"status-publish","4":"has-post-thumbnail","6":"product_cat-siseruumide_valgustid","7":"product_cat-kristallvalgustid","8":"product_tag-maxlight","9":"product_shipping_class-standard","10":"pa_materjal-metall","11":"pa_materjal-klaas","12":"pa_ruumid-elutuba","13":"pa_ruumid-soogituba","14":"pa_ruumid-magamistuba","15":"pa_ruumid-kook","16":"pa_ruumid-esik_ja_trepihall","17":"pa_ruumid-hotellid-ja-restoranid","18":"pa_tarneaeg-10-paeva","19":"pa_tehnilised-andmed-306w-led-e14","20":"pa_valgusallikas-komplektis-ei","21":"pa_varv-kroom","22":"pa_varv-kuldne","24":"first","25":"instock","26":"taxable","27":"shipping-taxable","28":"purchasable","29":"product-type-variable"},"acf":[],"aioseo_notices":[],"aioseo_head":"\n\t\t<!-- All in One SEO Pro 4.9.6.1 - aioseo.com -->\n\t<meta name=\"description\" content=\"Anteeksi, mutta t\u00e4m\u00e4 kirjoitus on saatavana ainoastaan n\u00e4ill\u00e4 kielill\u00e4: Eesti.\" \/>\n\t<meta name=\"robots\" content=\"max-image-preview:large\" \/>\n\t<meta name=\"google-site-verification\" content=\"nxgDPK3Ouk6bwvuxlwlzeMOKszmf-8m57RDu5zAgN-Y\" \/>\n\t<link rel=\"canonical\" href=\"https:\/\/light24.lt\/fi\/toode\/siseruumide_valgustid\/kristallvalgustid\/rippvalgusti-vivaldi\/\" \/>\n\t<meta name=\"generator\" content=\"All in One SEO Pro (AIOSEO) 4.9.6.1\" \/>\n\t\t<meta property=\"og:locale\" content=\"fi_FI\" \/>\n\t\t<meta property=\"og:site_name\" content=\"Light24 \u2022 Valon tavaratalo | Ammatillinen valaistusratkaisut\" \/>\n\t\t<meta property=\"og:type\" content=\"article\" \/>\n\t\t<meta property=\"og:title\" content=\"VIVALDI \u2022 Light24\" \/>\n\t\t<meta property=\"og:description\" content=\"Anteeksi, mutta t\u00e4m\u00e4 kirjoitus on saatavana ainoastaan n\u00e4ill\u00e4 kielill\u00e4: Eesti.\" \/>\n\t\t<meta property=\"og:url\" content=\"https:\/\/light24.lt\/fi\/toode\/siseruumide_valgustid\/kristallvalgustid\/rippvalgusti-vivaldi\/\" \/>\n\t\t<meta property=\"og:image\" content=\"https:\/\/light24.lt\/wp-content\/uploads\/2021\/03\/1-4.jpg\" \/>\n\t\t<meta property=\"og:image:secure_url\" content=\"https:\/\/light24.lt\/wp-content\/uploads\/2021\/03\/1-4.jpg\" \/>\n\t\t<meta property=\"og:image:width\" content=\"786\" \/>\n\t\t<meta property=\"og:image:height\" content=\"786\" \/>\n\t\t<meta property=\"article:published_time\" content=\"2021-03-01T15:25:17+00:00\" \/>\n\t\t<meta property=\"article:modified_time\" content=\"2023-04-04T07:44:05+00:00\" \/>\n\t\t<meta property=\"article:publisher\" content=\"https:\/\/www.facebook.com\/light24.ee\" \/>\n\t\t<meta name=\"twitter:card\" content=\"summary\" \/>\n\t\t<meta name=\"twitter:title\" content=\"VIVALDI \u2022 Light24\" \/>\n\t\t<meta name=\"twitter:description\" content=\"Anteeksi, mutta t\u00e4m\u00e4 kirjoitus on saatavana ainoastaan n\u00e4ill\u00e4 kielill\u00e4: Eesti.\" \/>\n\t\t<meta name=\"twitter:image\" content=\"https:\/\/light24.lt\/wp-content\/uploads\/2021\/03\/1-4.jpg\" \/>\n\t\t<script type=\"application\/ld+json\" class=\"aioseo-schema\">\n\t\t\t{\"@context\":\"https:\\\/\\\/schema.org\",\"@graph\":[{\"@type\":\"BreadcrumbList\",\"@id\":\"https:\\\/\\\/light24.lt\\\/fi\\\/toode\\\/siseruumide_valgustid\\\/kristallvalgustid\\\/rippvalgusti-vivaldi\\\/#breadcrumblist\",\"itemListElement\":[{\"@type\":\"ListItem\",\"@id\":\"https:\\\/\\\/light24.lt\\\/fi#listItem\",\"position\":1,\"name\":\"Home\",\"item\":\"https:\\\/\\\/light24.lt\\\/fi\",\"nextItem\":{\"@type\":\"ListItem\",\"@id\":\"https:\\\/\\\/light24.lt\\\/fi\\\/shop\\\/#listItem\",\"name\":\"Verkkokauppa\"}},{\"@type\":\"ListItem\",\"@id\":\"https:\\\/\\\/light24.lt\\\/fi\\\/shop\\\/#listItem\",\"position\":2,\"name\":\"Verkkokauppa\",\"item\":\"https:\\\/\\\/light24.lt\\\/fi\\\/shop\\\/\",\"nextItem\":{\"@type\":\"ListItem\",\"@id\":\"https:\\\/\\\/light24.lt\\\/fi\\\/product-category\\\/siseruumide_valgustid\\\/#listItem\",\"name\":\"Sis\\u00e4valaisimet\"},\"previousItem\":{\"@type\":\"ListItem\",\"@id\":\"https:\\\/\\\/light24.lt\\\/fi#listItem\",\"name\":\"Home\"}},{\"@type\":\"ListItem\",\"@id\":\"https:\\\/\\\/light24.lt\\\/fi\\\/product-category\\\/siseruumide_valgustid\\\/#listItem\",\"position\":3,\"name\":\"Sis\\u00e4valaisimet\",\"item\":\"https:\\\/\\\/light24.lt\\\/fi\\\/product-category\\\/siseruumide_valgustid\\\/\",\"nextItem\":{\"@type\":\"ListItem\",\"@id\":\"https:\\\/\\\/light24.lt\\\/fi\\\/product-category\\\/siseruumide_valgustid\\\/kristallvalgustid\\\/#listItem\",\"name\":\"Kristallikruunut\"},\"previousItem\":{\"@type\":\"ListItem\",\"@id\":\"https:\\\/\\\/light24.lt\\\/fi\\\/shop\\\/#listItem\",\"name\":\"Verkkokauppa\"}},{\"@type\":\"ListItem\",\"@id\":\"https:\\\/\\\/light24.lt\\\/fi\\\/product-category\\\/siseruumide_valgustid\\\/kristallvalgustid\\\/#listItem\",\"position\":4,\"name\":\"Kristallikruunut\",\"item\":\"https:\\\/\\\/light24.lt\\\/fi\\\/product-category\\\/siseruumide_valgustid\\\/kristallvalgustid\\\/\",\"nextItem\":{\"@type\":\"ListItem\",\"@id\":\"https:\\\/\\\/light24.lt\\\/fi\\\/toode\\\/siseruumide_valgustid\\\/kristallvalgustid\\\/rippvalgusti-vivaldi\\\/#listItem\",\"name\":\"VIVALDI\"},\"previousItem\":{\"@type\":\"ListItem\",\"@id\":\"https:\\\/\\\/light24.lt\\\/fi\\\/product-category\\\/siseruumide_valgustid\\\/#listItem\",\"name\":\"Sis\\u00e4valaisimet\"}},{\"@type\":\"ListItem\",\"@id\":\"https:\\\/\\\/light24.lt\\\/fi\\\/toode\\\/siseruumide_valgustid\\\/kristallvalgustid\\\/rippvalgusti-vivaldi\\\/#listItem\",\"position\":5,\"name\":\"VIVALDI\",\"previousItem\":{\"@type\":\"ListItem\",\"@id\":\"https:\\\/\\\/light24.lt\\\/fi\\\/product-category\\\/siseruumide_valgustid\\\/kristallvalgustid\\\/#listItem\",\"name\":\"Kristallikruunut\"}}]},{\"@type\":\"Organization\",\"@id\":\"https:\\\/\\\/light24.lt\\\/fi\\\/#organization\",\"name\":\"Light24\",\"description\":\"Valon tavaratalo | Ammatillinen valaistusratkaisut\",\"url\":\"https:\\\/\\\/light24.lt\\\/fi\\\/\",\"telephone\":\"+3725184133\",\"logo\":{\"@type\":\"ImageObject\",\"url\":\"https:\\\/\\\/www.light24.ee\\\/wp-content\\\/uploads\\\/2022\\\/03\\\/Shape-2-3.svg\",\"@id\":\"https:\\\/\\\/light24.lt\\\/fi\\\/toode\\\/siseruumide_valgustid\\\/kristallvalgustid\\\/rippvalgusti-vivaldi\\\/#organizationLogo\"},\"image\":{\"@id\":\"https:\\\/\\\/light24.lt\\\/fi\\\/toode\\\/siseruumide_valgustid\\\/kristallvalgustid\\\/rippvalgusti-vivaldi\\\/#organizationLogo\"},\"sameAs\":[\"https:\\\/\\\/www.facebook.com\\\/light24.ee\",\"https:\\\/\\\/www.instagram.com\\\/light24official\\\/\"]},{\"@type\":\"ProductGroup\",\"@id\":\"https:\\\/\\\/light24.lt\\\/fi\\\/toode\\\/siseruumide_valgustid\\\/kristallvalgustid\\\/rippvalgusti-vivaldi\\\/#wooCommerceProduct\",\"name\":\"VIVALDI\",\"url\":\"https:\\\/\\\/light24.lt\\\/fi\\\/toode\\\/siseruumide_valgustid\\\/kristallvalgustid\\\/rippvalgusti-vivaldi\\\/\",\"sku\":\"MXL112947\",\"image\":{\"@type\":\"ImageObject\",\"url\":\"https:\\\/\\\/light24.lt\\\/wp-content\\\/uploads\\\/2021\\\/03\\\/1-4.jpg\",\"@id\":\"https:\\\/\\\/light24.lt\\\/fi\\\/toode\\\/siseruumide_valgustid\\\/kristallvalgustid\\\/rippvalgusti-vivaldi\\\/#productImage\",\"width\":786,\"height\":786},\"productGroupID\":80696,\"hasVariant\":[{\"@type\":\"Product\",\"@id\":\"https:\\\/\\\/light24.lt\\\/fi\\\/toode\\\/siseruumide_valgustid\\\/kristallvalgustid\\\/rippvalgusti-vivaldi\\\/#wooCommerceProduct\",\"name\":\"VIVALDI - kuldne\",\"url\":\"https:\\\/\\\/light24.lt\\\/fi\\\/toode\\\/siseruumide_valgustid\\\/kristallvalgustid\\\/rippvalgusti-vivaldi\\\/\",\"sku\":\"MXL112947\",\"image\":{\"@type\":\"ImageObject\",\"url\":\"https:\\\/\\\/light24.lt\\\/wp-content\\\/uploads\\\/2021\\\/03\\\/4-3.jpg\",\"@id\":\"https:\\\/\\\/light24.lt\\\/fi\\\/toode\\\/siseruumide_valgustid\\\/kristallvalgustid\\\/rippvalgusti-vivaldi\\\/#productImage\",\"width\":771,\"height\":771},\"offers\":{\"@type\":\"Offer\",\"url\":\"https:\\\/\\\/light24.lt\\\/fi\\\/toode\\\/siseruumide_valgustid\\\/kristallvalgustid\\\/rippvalgusti-vivaldi\\\/#wooCommerceOffer\",\"price\":\"1007\",\"priceCurrency\":\"EUR\",\"category\":\"Sis\\u00e4valaisimet\",\"availability\":\"https:\\\/\\\/schema.org\\\/InStock\",\"priceSpecification\":{\"@type\":\"PriceSpecification\",\"price\":1007,\"priceCurrency\":\"EUR\",\"valueAddedTaxIncluded\":\"true\"}}},{\"@type\":\"Product\",\"@id\":\"https:\\\/\\\/light24.lt\\\/fi\\\/toode\\\/siseruumide_valgustid\\\/kristallvalgustid\\\/rippvalgusti-vivaldi\\\/#wooCommerceProduct\",\"name\":\"VIVALDI - kroom\",\"url\":\"https:\\\/\\\/light24.lt\\\/fi\\\/toode\\\/siseruumide_valgustid\\\/kristallvalgustid\\\/rippvalgusti-vivaldi\\\/\",\"sku\":\"MXL112947\",\"image\":{\"@type\":\"ImageObject\",\"url\":\"https:\\\/\\\/light24.lt\\\/wp-content\\\/uploads\\\/2021\\\/03\\\/1-4.jpg\",\"@id\":\"https:\\\/\\\/light24.lt\\\/fi\\\/toode\\\/siseruumide_valgustid\\\/kristallvalgustid\\\/rippvalgusti-vivaldi\\\/#productImage\",\"width\":786,\"height\":786},\"offers\":{\"@type\":\"Offer\",\"url\":\"https:\\\/\\\/light24.lt\\\/fi\\\/toode\\\/siseruumide_valgustid\\\/kristallvalgustid\\\/rippvalgusti-vivaldi\\\/#wooCommerceOffer\",\"price\":\"1007\",\"priceCurrency\":\"EUR\",\"category\":\"Sis\\u00e4valaisimet\",\"availability\":\"https:\\\/\\\/schema.org\\\/InStock\",\"priceSpecification\":{\"@type\":\"PriceSpecification\",\"price\":1007,\"priceCurrency\":\"EUR\",\"valueAddedTaxIncluded\":\"true\"}}}]},{\"@type\":\"WebPage\",\"@id\":\"https:\\\/\\\/light24.lt\\\/fi\\\/toode\\\/siseruumide_valgustid\\\/kristallvalgustid\\\/rippvalgusti-vivaldi\\\/#webpage\",\"url\":\"https:\\\/\\\/light24.lt\\\/fi\\\/toode\\\/siseruumide_valgustid\\\/kristallvalgustid\\\/rippvalgusti-vivaldi\\\/\",\"name\":\"VIVALDI \\u2022 Light24\",\"description\":\"Anteeksi, mutta t\\u00e4m\\u00e4 kirjoitus on saatavana ainoastaan n\\u00e4ill\\u00e4 kielill\\u00e4: Eesti.\",\"inLanguage\":\"fi\",\"isPartOf\":{\"@id\":\"https:\\\/\\\/light24.lt\\\/fi\\\/#website\"},\"breadcrumb\":{\"@id\":\"https:\\\/\\\/light24.lt\\\/fi\\\/toode\\\/siseruumide_valgustid\\\/kristallvalgustid\\\/rippvalgusti-vivaldi\\\/#breadcrumblist\"},\"image\":{\"@type\":\"ImageObject\",\"url\":\"https:\\\/\\\/light24.lt\\\/wp-content\\\/uploads\\\/2021\\\/03\\\/1-4.jpg\",\"@id\":\"https:\\\/\\\/light24.lt\\\/fi\\\/toode\\\/siseruumide_valgustid\\\/kristallvalgustid\\\/rippvalgusti-vivaldi\\\/#mainImage\",\"width\":786,\"height\":786},\"primaryImageOfPage\":{\"@id\":\"https:\\\/\\\/light24.lt\\\/fi\\\/toode\\\/siseruumide_valgustid\\\/kristallvalgustid\\\/rippvalgusti-vivaldi\\\/#mainImage\"},\"datePublished\":\"2021-03-01T17:25:17+02:00\",\"dateModified\":\"2023-04-04T10:44:05+03:00\"},{\"@type\":\"WebSite\",\"@id\":\"https:\\\/\\\/light24.lt\\\/fi\\\/#website\",\"url\":\"https:\\\/\\\/light24.lt\\\/fi\\\/\",\"name\":\"Light24\",\"description\":\"Valon tavaratalo | Ammatillinen valaistusratkaisut\",\"inLanguage\":\"fi\",\"publisher\":{\"@id\":\"https:\\\/\\\/light24.lt\\\/fi\\\/#organization\"}}]}\n\t\t<\/script>\n\t\t<!-- All in One SEO Pro -->\r\n\t\t<title>VIVALDI \u2022 Light24<\/title>\n\n","aioseo_head_json":{"title":"VIVALDI \u2022 Light24","description":"Anteeksi, mutta t\u00e4m\u00e4 kirjoitus on saatavana ainoastaan n\u00e4ill\u00e4 kielill\u00e4: Eesti.","canonical_url":"https:\/\/light24.lt\/fi\/toode\/siseruumide_valgustid\/kristallvalgustid\/rippvalgusti-vivaldi\/","robots":"max-image-preview:large","keywords":"","webmasterTools":{"google-site-verification":"nxgDPK3Ouk6bwvuxlwlzeMOKszmf-8m57RDu5zAgN-Y","miscellaneous":""},"schema":{"@context":"https:\/\/schema.org","@graph":[{"@type":"BreadcrumbList","@id":"https:\/\/light24.lt\/fi\/toode\/siseruumide_valgustid\/kristallvalgustid\/rippvalgusti-vivaldi\/#breadcrumblist","itemListElement":[{"@type":"ListItem","@id":"https:\/\/light24.lt\/fi#listItem","position":1,"name":"Home","item":"https:\/\/light24.lt\/fi","nextItem":{"@type":"ListItem","@id":"https:\/\/light24.lt\/fi\/shop\/#listItem","name":"Verkkokauppa"}},{"@type":"ListItem","@id":"https:\/\/light24.lt\/fi\/shop\/#listItem","position":2,"name":"Verkkokauppa","item":"https:\/\/light24.lt\/fi\/shop\/","nextItem":{"@type":"ListItem","@id":"https:\/\/light24.lt\/fi\/product-category\/siseruumide_valgustid\/#listItem","name":"Sis\u00e4valaisimet"},"previousItem":{"@type":"ListItem","@id":"https:\/\/light24.lt\/fi#listItem","name":"Home"}},{"@type":"ListItem","@id":"https:\/\/light24.lt\/fi\/product-category\/siseruumide_valgustid\/#listItem","position":3,"name":"Sis\u00e4valaisimet","item":"https:\/\/light24.lt\/fi\/product-category\/siseruumide_valgustid\/","nextItem":{"@type":"ListItem","@id":"https:\/\/light24.lt\/fi\/product-category\/siseruumide_valgustid\/kristallvalgustid\/#listItem","name":"Kristallikruunut"},"previousItem":{"@type":"ListItem","@id":"https:\/\/light24.lt\/fi\/shop\/#listItem","name":"Verkkokauppa"}},{"@type":"ListItem","@id":"https:\/\/light24.lt\/fi\/product-category\/siseruumide_valgustid\/kristallvalgustid\/#listItem","position":4,"name":"Kristallikruunut","item":"https:\/\/light24.lt\/fi\/product-category\/siseruumide_valgustid\/kristallvalgustid\/","nextItem":{"@type":"ListItem","@id":"https:\/\/light24.lt\/fi\/toode\/siseruumide_valgustid\/kristallvalgustid\/rippvalgusti-vivaldi\/#listItem","name":"VIVALDI"},"previousItem":{"@type":"ListItem","@id":"https:\/\/light24.lt\/fi\/product-category\/siseruumide_valgustid\/#listItem","name":"Sis\u00e4valaisimet"}},{"@type":"ListItem","@id":"https:\/\/light24.lt\/fi\/toode\/siseruumide_valgustid\/kristallvalgustid\/rippvalgusti-vivaldi\/#listItem","position":5,"name":"VIVALDI","previousItem":{"@type":"ListItem","@id":"https:\/\/light24.lt\/fi\/product-category\/siseruumide_valgustid\/kristallvalgustid\/#listItem","name":"Kristallikruunut"}}]},{"@type":"Organization","@id":"https:\/\/light24.lt\/fi\/#organization","name":"Light24","description":"Valon tavaratalo | Ammatillinen valaistusratkaisut","url":"https:\/\/light24.lt\/fi\/","telephone":"+3725184133","logo":{"@type":"ImageObject","url":"https:\/\/www.light24.ee\/wp-content\/uploads\/2022\/03\/Shape-2-3.svg","@id":"https:\/\/light24.lt\/fi\/toode\/siseruumide_valgustid\/kristallvalgustid\/rippvalgusti-vivaldi\/#organizationLogo"},"image":{"@id":"https:\/\/light24.lt\/fi\/toode\/siseruumide_valgustid\/kristallvalgustid\/rippvalgusti-vivaldi\/#organizationLogo"},"sameAs":["https:\/\/www.facebook.com\/light24.ee","https:\/\/www.instagram.com\/light24official\/"]},{"@type":"ProductGroup","@id":"https:\/\/light24.lt\/fi\/toode\/siseruumide_valgustid\/kristallvalgustid\/rippvalgusti-vivaldi\/#wooCommerceProduct","name":"VIVALDI","url":"https:\/\/light24.lt\/fi\/toode\/siseruumide_valgustid\/kristallvalgustid\/rippvalgusti-vivaldi\/","sku":"MXL112947","image":{"@type":"ImageObject","url":"https:\/\/light24.lt\/wp-content\/uploads\/2021\/03\/1-4.jpg","@id":"https:\/\/light24.lt\/fi\/toode\/siseruumide_valgustid\/kristallvalgustid\/rippvalgusti-vivaldi\/#productImage","width":786,"height":786},"productGroupID":80696,"hasVariant":[{"@type":"Product","@id":"https:\/\/light24.lt\/fi\/toode\/siseruumide_valgustid\/kristallvalgustid\/rippvalgusti-vivaldi\/#wooCommerceProduct","name":"VIVALDI - kuldne","url":"https:\/\/light24.lt\/fi\/toode\/siseruumide_valgustid\/kristallvalgustid\/rippvalgusti-vivaldi\/","sku":"MXL112947","image":{"@type":"ImageObject","url":"https:\/\/light24.lt\/wp-content\/uploads\/2021\/03\/4-3.jpg","@id":"https:\/\/light24.lt\/fi\/toode\/siseruumide_valgustid\/kristallvalgustid\/rippvalgusti-vivaldi\/#productImage","width":771,"height":771},"offers":{"@type":"Offer","url":"https:\/\/light24.lt\/fi\/toode\/siseruumide_valgustid\/kristallvalgustid\/rippvalgusti-vivaldi\/#wooCommerceOffer","price":"1007","priceCurrency":"EUR","category":"Sis\u00e4valaisimet","availability":"https:\/\/schema.org\/InStock","priceSpecification":{"@type":"PriceSpecification","price":1007,"priceCurrency":"EUR","valueAddedTaxIncluded":"true"}}},{"@type":"Product","@id":"https:\/\/light24.lt\/fi\/toode\/siseruumide_valgustid\/kristallvalgustid\/rippvalgusti-vivaldi\/#wooCommerceProduct","name":"VIVALDI - kroom","url":"https:\/\/light24.lt\/fi\/toode\/siseruumide_valgustid\/kristallvalgustid\/rippvalgusti-vivaldi\/","sku":"MXL112947","image":{"@type":"ImageObject","url":"https:\/\/light24.lt\/wp-content\/uploads\/2021\/03\/1-4.jpg","@id":"https:\/\/light24.lt\/fi\/toode\/siseruumide_valgustid\/kristallvalgustid\/rippvalgusti-vivaldi\/#productImage","width":786,"height":786},"offers":{"@type":"Offer","url":"https:\/\/light24.lt\/fi\/toode\/siseruumide_valgustid\/kristallvalgustid\/rippvalgusti-vivaldi\/#wooCommerceOffer","price":"1007","priceCurrency":"EUR","category":"Sis\u00e4valaisimet","availability":"https:\/\/schema.org\/InStock","priceSpecification":{"@type":"PriceSpecification","price":1007,"priceCurrency":"EUR","valueAddedTaxIncluded":"true"}}}]},{"@type":"WebPage","@id":"https:\/\/light24.lt\/fi\/toode\/siseruumide_valgustid\/kristallvalgustid\/rippvalgusti-vivaldi\/#webpage","url":"https:\/\/light24.lt\/fi\/toode\/siseruumide_valgustid\/kristallvalgustid\/rippvalgusti-vivaldi\/","name":"VIVALDI \u2022 Light24","description":"Anteeksi, mutta t\u00e4m\u00e4 kirjoitus on saatavana ainoastaan n\u00e4ill\u00e4 kielill\u00e4: Eesti.","inLanguage":"fi","isPartOf":{"@id":"https:\/\/light24.lt\/fi\/#website"},"breadcrumb":{"@id":"https:\/\/light24.lt\/fi\/toode\/siseruumide_valgustid\/kristallvalgustid\/rippvalgusti-vivaldi\/#breadcrumblist"},"image":{"@type":"ImageObject","url":"https:\/\/light24.lt\/wp-content\/uploads\/2021\/03\/1-4.jpg","@id":"https:\/\/light24.lt\/fi\/toode\/siseruumide_valgustid\/kristallvalgustid\/rippvalgusti-vivaldi\/#mainImage","width":786,"height":786},"primaryImageOfPage":{"@id":"https:\/\/light24.lt\/fi\/toode\/siseruumide_valgustid\/kristallvalgustid\/rippvalgusti-vivaldi\/#mainImage"},"datePublished":"2021-03-01T17:25:17+02:00","dateModified":"2023-04-04T10:44:05+03:00"},{"@type":"WebSite","@id":"https:\/\/light24.lt\/fi\/#website","url":"https:\/\/light24.lt\/fi\/","name":"Light24","description":"Valon tavaratalo | Ammatillinen valaistusratkaisut","inLanguage":"fi","publisher":{"@id":"https:\/\/light24.lt\/fi\/#organization"}}]},"og:locale":"fi_FI","og:site_name":"Light24 \u2022 Valon tavaratalo | Ammatillinen valaistusratkaisut","og:type":"article","og:title":"VIVALDI \u2022 Light24","og:description":"Anteeksi, mutta t\u00e4m\u00e4 kirjoitus on saatavana ainoastaan n\u00e4ill\u00e4 kielill\u00e4: Eesti.","og:url":"https:\/\/light24.lt\/fi\/toode\/siseruumide_valgustid\/kristallvalgustid\/rippvalgusti-vivaldi\/","og:image":"https:\/\/light24.lt\/wp-content\/uploads\/2021\/03\/1-4.jpg","og:image:secure_url":"https:\/\/light24.lt\/wp-content\/uploads\/2021\/03\/1-4.jpg","og:image:width":786,"og:image:height":786,"article:published_time":"2021-03-01T15:25:17+00:00","article:modified_time":"2023-04-04T07:44:05+00:00","article:publisher":"https:\/\/www.facebook.com\/light24.ee","twitter:card":"summary","twitter:title":"VIVALDI \u2022 Light24","twitter:description":"Anteeksi, mutta t\u00e4m\u00e4 kirjoitus on saatavana ainoastaan n\u00e4ill\u00e4 kielill\u00e4: Eesti.","twitter:image":"https:\/\/light24.lt\/wp-content\/uploads\/2021\/03\/1-4.jpg"},"aioseo_meta_data":{"post_id":"80696","title":null,"description":null,"keywords":[],"keyphrases":{"focus":{"keyphrase":"","score":0,"analysis":{"keyphraseInTitle":{"score":0,"maxScore":9,"error":1}}},"additional":[]},"primary_term":null,"canonical_url":null,"og_title":null,"og_description":null,"og_object_type":"default","og_image_type":"default","og_image_url":null,"og_image_width":null,"og_image_height":null,"og_image_custom_url":null,"og_image_custom_fields":null,"og_video":"","og_custom_url":null,"og_article_section":null,"og_article_tags":[],"twitter_use_og":false,"twitter_card":"default","twitter_image_type":"default","twitter_image_url":null,"twitter_image_custom_url":null,"twitter_image_custom_fields":null,"twitter_title":null,"twitter_description":null,"schema":{"blockGraphs":[],"customGraphs":[],"default":{"data":{"Article":[],"Course":[],"Dataset":[],"FAQPage":[],"Movie":[],"Person":[],"Product":[],"ProductReview":[],"Car":[],"Recipe":[],"Service":[],"SoftwareApplication":[],"WebPage":[]},"graphName":"ItemPage","isEnabled":true},"graphs":[]},"schema_type":"default","schema_type_options":null,"pillar_content":false,"robots_default":true,"robots_noindex":false,"robots_noarchive":false,"robots_nosnippet":false,"robots_nofollow":false,"robots_noimageindex":false,"robots_noodp":false,"robots_notranslate":false,"robots_max_snippet":"-1","robots_max_videopreview":"-1","robots_max_imagepreview":"large","priority":null,"frequency":"default","local_seo":null,"seo_analyzer_scan_date":"2025-10-26 23:43:00","breadcrumb_settings":null,"limit_modified_date":false,"reviewed_by":null,"open_ai":"{\"title\":{\"suggestions\":[],\"usage\":0},\"description\":{\"suggestions\":[],\"usage\":0}}","ai":null,"created":"2022-02-17 16:53:44","updated":"2025-10-26 23:43:00"},"aioseo_breadcrumb":"<div class=\"aioseo-breadcrumbs\"><span class=\"aioseo-breadcrumb\">\n\t<a href=\"https:\/\/light24.lt\/fi\" title=\"Home\">Home<\/a>\n<\/span><span class=\"aioseo-breadcrumb-separator\">&raquo;<\/span><span class=\"aioseo-breadcrumb\">\n\t<a href=\"https:\/\/light24.lt\/fi\/shop\/\" title=\"Verkkokauppa\">Verkkokauppa<\/a>\n<\/span><span class=\"aioseo-breadcrumb-separator\">&raquo;<\/span><span class=\"aioseo-breadcrumb\">\n\t<a href=\"https:\/\/light24.lt\/fi\/product-category\/siseruumide_valgustid\/\" title=\"Sis\u00e4valaisimet\">Sis\u00e4valaisimet<\/a>\n<\/span><span class=\"aioseo-breadcrumb-separator\">&raquo;<\/span><span class=\"aioseo-breadcrumb\">\n\t<a href=\"https:\/\/light24.lt\/fi\/product-category\/siseruumide_valgustid\/kristallvalgustid\/\" title=\"Kristallikruunut\">Kristallikruunut<\/a>\n<\/span><span class=\"aioseo-breadcrumb-separator\">&raquo;<\/span><span class=\"aioseo-breadcrumb\">\n\tVIVALDI\n<\/span><\/div>","aioseo_breadcrumb_json":[{"label":"Home","link":"https:\/\/light24.lt\/fi"},{"label":"Verkkokauppa","link":"https:\/\/light24.lt\/fi\/shop\/"},{"label":"Sis\u00e4valaisimet","link":"https:\/\/light24.lt\/fi\/product-category\/siseruumide_valgustid\/"},{"label":"Kristallikruunut","link":"https:\/\/light24.lt\/fi\/product-category\/siseruumide_valgustid\/kristallvalgustid\/"},{"label":"VIVALDI","link":"https:\/\/light24.lt\/fi\/toode\/siseruumide_valgustid\/kristallvalgustid\/rippvalgusti-vivaldi\/"}],"_links":{"self":[{"href":"https:\/\/light24.lt\/fi\/wp-json\/wp\/v2\/product\/80696","targetHints":{"allow":["GET"]}}],"collection":[{"href":"https:\/\/light24.lt\/fi\/wp-json\/wp\/v2\/product"}],"about":[{"href":"https:\/\/light24.lt\/fi\/wp-json\/wp\/v2\/types\/product"}],"replies":[{"embeddable":true,"href":"https:\/\/light24.lt\/fi\/wp-json\/wp\/v2\/comments?post=80696"}],"wp:featuredmedia":[{"embeddable":true,"href":"https:\/\/light24.lt\/fi\/wp-json\/wp\/v2\/media\/80699"}],"wp:attachment":[{"href":"https:\/\/light24.lt\/fi\/wp-json\/wp\/v2\/media?parent=80696"}],"wp:term":[{"taxonomy":"product_cat","embeddable":true,"href":"https:\/\/light24.lt\/fi\/wp-json\/wp\/v2\/product_cat?post=80696"},{"taxonomy":"product_tag","embeddable":true,"href":"https:\/\/light24.lt\/fi\/wp-json\/wp\/v2\/product_tag?post=80696"}],"curies":[{"name":"wp","href":"https:\/\/api.w.org\/{rel}","templated":true}]}}