{"id":64414,"date":"2024-12-26T11:53:42","date_gmt":"2024-12-26T09:53:42","guid":{"rendered":"https:\/\/www.light24.ee\/?post_type=product&#038;p=64414"},"modified":"2025-04-28T21:53:18","modified_gmt":"2025-04-28T18:53:18","slug":"soun-2-led","status":"publish","type":"product","link":"https:\/\/light24.lt\/fi\/toode\/valisvalgustid\/valis-suvisvalgustid\/soun-2-led\/","title":{"rendered":"FARO SOUN 105 4,5W 3000K"},"content":{"rendered":"","protected":false},"excerpt":{"rendered":"","protected":false},"featured_media":64417,"comment_status":"closed","ping_status":"closed","template":"","meta":{"_acf_changed":false},"product_cat":[2903,2921],"product_tag":[379],"class_list":{"0":"post-64414","1":"product","2":"type-product","3":"status-publish","4":"has-post-thumbnail","6":"product_cat-valisvalgustid","7":"product_cat-valis-suvisvalgustid","8":"product_tag-faro","9":"product_shipping_class-small","10":"pa_ip-kaitseklass-ik06","11":"pa_ip-kaitseklass-ip65","12":"pa_materjal-alumiinium","13":"pa_materjal-klaas","14":"pa_otstarve-valis-suvisvalgusti-seina","15":"pa_tarneaeg-10-paeva","16":"pa_tehnilised-andmed-5w-led-3000k","17":"pa_varv-valge","18":"pa_varv-tumehall","20":"first","21":"instock","22":"sale","23":"taxable","24":"shipping-taxable","25":"purchasable","26":"product-type-variable"},"acf":[],"aioseo_notices":[],"aioseo_head":"\n\t\t<!-- All in One SEO Pro 4.9.6.1 - aioseo.com -->\n\t<meta name=\"robots\" content=\"max-image-preview:large\" \/>\n\t<meta name=\"google-site-verification\" content=\"nxgDPK3Ouk6bwvuxlwlzeMOKszmf-8m57RDu5zAgN-Y\" \/>\n\t<link rel=\"canonical\" href=\"https:\/\/light24.lt\/fi\/toode\/valisvalgustid\/valis-suvisvalgustid\/soun-2-led\/\" \/>\n\t<meta name=\"generator\" content=\"All in One SEO Pro (AIOSEO) 4.9.6.1\" \/>\n\t\t<meta property=\"og:locale\" content=\"fi_FI\" \/>\n\t\t<meta property=\"og:site_name\" content=\"Light24 \u2022 Valon tavaratalo | Ammatillinen valaistusratkaisut\" \/>\n\t\t<meta property=\"og:type\" content=\"article\" \/>\n\t\t<meta property=\"og:title\" content=\"FARO SOUN 105 4,5W 3000K \u2022 Light24\" \/>\n\t\t<meta property=\"og:url\" content=\"https:\/\/light24.lt\/fi\/toode\/valisvalgustid\/valis-suvisvalgustid\/soun-2-led\/\" \/>\n\t\t<meta property=\"og:image\" content=\"https:\/\/light24.lt\/wp-content\/uploads\/2019\/08\/far11534.jpg\" \/>\n\t\t<meta property=\"og:image:secure_url\" content=\"https:\/\/light24.lt\/wp-content\/uploads\/2019\/08\/far11534.jpg\" \/>\n\t\t<meta property=\"og:image:width\" content=\"750\" \/>\n\t\t<meta property=\"og:image:height\" content=\"751\" \/>\n\t\t<meta property=\"article:published_time\" content=\"2024-12-26T09:53:42+00:00\" \/>\n\t\t<meta property=\"article:modified_time\" content=\"2025-04-28T18:53:18+00:00\" \/>\n\t\t<meta property=\"article:publisher\" content=\"https:\/\/www.facebook.com\/light24.ee\" \/>\n\t\t<meta name=\"twitter:card\" content=\"summary\" \/>\n\t\t<meta name=\"twitter:title\" content=\"FARO SOUN 105 4,5W 3000K \u2022 Light24\" \/>\n\t\t<meta name=\"twitter:image\" content=\"https:\/\/light24.lt\/wp-content\/uploads\/2019\/08\/far11534.jpg\" \/>\n\t\t<script type=\"application\/ld+json\" class=\"aioseo-schema\">\n\t\t\t{\"@context\":\"https:\\\/\\\/schema.org\",\"@graph\":[{\"@type\":\"BreadcrumbList\",\"@id\":\"https:\\\/\\\/light24.lt\\\/fi\\\/toode\\\/valisvalgustid\\\/valis-suvisvalgustid\\\/soun-2-led\\\/#breadcrumblist\",\"itemListElement\":[{\"@type\":\"ListItem\",\"@id\":\"https:\\\/\\\/light24.lt\\\/fi#listItem\",\"position\":1,\"name\":\"Home\",\"item\":\"https:\\\/\\\/light24.lt\\\/fi\",\"nextItem\":{\"@type\":\"ListItem\",\"@id\":\"https:\\\/\\\/light24.lt\\\/fi\\\/shop\\\/#listItem\",\"name\":\"Verkkokauppa\"}},{\"@type\":\"ListItem\",\"@id\":\"https:\\\/\\\/light24.lt\\\/fi\\\/shop\\\/#listItem\",\"position\":2,\"name\":\"Verkkokauppa\",\"item\":\"https:\\\/\\\/light24.lt\\\/fi\\\/shop\\\/\",\"nextItem\":{\"@type\":\"ListItem\",\"@id\":\"https:\\\/\\\/light24.lt\\\/fi\\\/product-category\\\/valisvalgustid\\\/#listItem\",\"name\":\"Ulkovalaisimet\"},\"previousItem\":{\"@type\":\"ListItem\",\"@id\":\"https:\\\/\\\/light24.lt\\\/fi#listItem\",\"name\":\"Home\"}},{\"@type\":\"ListItem\",\"@id\":\"https:\\\/\\\/light24.lt\\\/fi\\\/product-category\\\/valisvalgustid\\\/#listItem\",\"position\":3,\"name\":\"Ulkovalaisimet\",\"item\":\"https:\\\/\\\/light24.lt\\\/fi\\\/product-category\\\/valisvalgustid\\\/\",\"nextItem\":{\"@type\":\"ListItem\",\"@id\":\"https:\\\/\\\/light24.lt\\\/fi\\\/product-category\\\/valisvalgustid\\\/valis-suvisvalgustid\\\/#listItem\",\"name\":\"Upotettavat valaisimet ulkok\\u00e4ytt\\u00f6\\u00f6n\"},\"previousItem\":{\"@type\":\"ListItem\",\"@id\":\"https:\\\/\\\/light24.lt\\\/fi\\\/shop\\\/#listItem\",\"name\":\"Verkkokauppa\"}},{\"@type\":\"ListItem\",\"@id\":\"https:\\\/\\\/light24.lt\\\/fi\\\/product-category\\\/valisvalgustid\\\/valis-suvisvalgustid\\\/#listItem\",\"position\":4,\"name\":\"Upotettavat valaisimet ulkok\\u00e4ytt\\u00f6\\u00f6n\",\"item\":\"https:\\\/\\\/light24.lt\\\/fi\\\/product-category\\\/valisvalgustid\\\/valis-suvisvalgustid\\\/\",\"nextItem\":{\"@type\":\"ListItem\",\"@id\":\"https:\\\/\\\/light24.lt\\\/fi\\\/toode\\\/valisvalgustid\\\/valis-suvisvalgustid\\\/soun-2-led\\\/#listItem\",\"name\":\"FARO SOUN 105 4,5W 3000K\"},\"previousItem\":{\"@type\":\"ListItem\",\"@id\":\"https:\\\/\\\/light24.lt\\\/fi\\\/product-category\\\/valisvalgustid\\\/#listItem\",\"name\":\"Ulkovalaisimet\"}},{\"@type\":\"ListItem\",\"@id\":\"https:\\\/\\\/light24.lt\\\/fi\\\/toode\\\/valisvalgustid\\\/valis-suvisvalgustid\\\/soun-2-led\\\/#listItem\",\"position\":5,\"name\":\"FARO SOUN 105 4,5W 3000K\",\"previousItem\":{\"@type\":\"ListItem\",\"@id\":\"https:\\\/\\\/light24.lt\\\/fi\\\/product-category\\\/valisvalgustid\\\/valis-suvisvalgustid\\\/#listItem\",\"name\":\"Upotettavat valaisimet ulkok\\u00e4ytt\\u00f6\\u00f6n\"}}]},{\"@type\":\"Organization\",\"@id\":\"https:\\\/\\\/light24.lt\\\/fi\\\/#organization\",\"name\":\"Light24\",\"description\":\"Valon tavaratalo | Ammatillinen valaistusratkaisut\",\"url\":\"https:\\\/\\\/light24.lt\\\/fi\\\/\",\"telephone\":\"+3725184133\",\"logo\":{\"@type\":\"ImageObject\",\"url\":\"https:\\\/\\\/www.light24.ee\\\/wp-content\\\/uploads\\\/2022\\\/03\\\/Shape-2-3.svg\",\"@id\":\"https:\\\/\\\/light24.lt\\\/fi\\\/toode\\\/valisvalgustid\\\/valis-suvisvalgustid\\\/soun-2-led\\\/#organizationLogo\"},\"image\":{\"@id\":\"https:\\\/\\\/light24.lt\\\/fi\\\/toode\\\/valisvalgustid\\\/valis-suvisvalgustid\\\/soun-2-led\\\/#organizationLogo\"},\"sameAs\":[\"https:\\\/\\\/www.facebook.com\\\/light24.ee\",\"https:\\\/\\\/www.instagram.com\\\/light24official\\\/\"]},{\"@type\":\"ProductGroup\",\"@id\":\"https:\\\/\\\/light24.lt\\\/fi\\\/toode\\\/valisvalgustid\\\/valis-suvisvalgustid\\\/soun-2-led\\\/#wooCommerceProduct\",\"name\":\"FARO SOUN 105 4,5W 3000K\",\"url\":\"https:\\\/\\\/light24.lt\\\/fi\\\/toode\\\/valisvalgustid\\\/valis-suvisvalgustid\\\/soun-2-led\\\/\",\"sku\":\"FAR11534\",\"image\":{\"@type\":\"ImageObject\",\"url\":\"https:\\\/\\\/light24.lt\\\/wp-content\\\/uploads\\\/2019\\\/08\\\/far11534.jpg\",\"@id\":\"https:\\\/\\\/light24.lt\\\/fi\\\/toode\\\/valisvalgustid\\\/valis-suvisvalgustid\\\/soun-2-led\\\/#productImage\",\"width\":750,\"height\":751},\"productGroupID\":64414,\"hasVariant\":[{\"@type\":\"Product\",\"@id\":\"https:\\\/\\\/light24.lt\\\/fi\\\/toode\\\/valisvalgustid\\\/valis-suvisvalgustid\\\/soun-2-led\\\/#wooCommerceProduct\",\"name\":\"FARO SOUN 105 4,5W 3000K - valge\",\"url\":\"https:\\\/\\\/light24.lt\\\/fi\\\/toode\\\/valisvalgustid\\\/valis-suvisvalgustid\\\/soun-2-led\\\/\",\"sku\":\"FAR11534\",\"image\":{\"@type\":\"ImageObject\",\"url\":\"https:\\\/\\\/light24.lt\\\/wp-content\\\/uploads\\\/2019\\\/08\\\/far11534_2.jpg\",\"@id\":\"https:\\\/\\\/light24.lt\\\/fi\\\/toode\\\/valisvalgustid\\\/valis-suvisvalgustid\\\/soun-2-led\\\/#productImage\",\"width\":750,\"height\":754},\"offers\":{\"@type\":\"Offer\",\"url\":\"https:\\\/\\\/light24.lt\\\/fi\\\/toode\\\/valisvalgustid\\\/valis-suvisvalgustid\\\/soun-2-led\\\/#wooCommerceOffer\",\"price\":80.04,\"priceCurrency\":\"EUR\",\"category\":\"Ulkovalaisimet\",\"availability\":\"https:\\\/\\\/schema.org\\\/InStock\",\"priceSpecification\":{\"@type\":\"PriceSpecification\",\"price\":80.04,\"priceCurrency\":\"EUR\",\"valueAddedTaxIncluded\":\"true\"}}},{\"@type\":\"Product\",\"@id\":\"https:\\\/\\\/light24.lt\\\/fi\\\/toode\\\/valisvalgustid\\\/valis-suvisvalgustid\\\/soun-2-led\\\/#wooCommerceProduct\",\"name\":\"FARO SOUN 105 4,5W 3000K - tumehall\",\"url\":\"https:\\\/\\\/light24.lt\\\/fi\\\/toode\\\/valisvalgustid\\\/valis-suvisvalgustid\\\/soun-2-led\\\/\",\"sku\":\"FAR11534\",\"image\":{\"@type\":\"ImageObject\",\"url\":\"https:\\\/\\\/light24.lt\\\/wp-content\\\/uploads\\\/2019\\\/08\\\/far11534.jpg\",\"@id\":\"https:\\\/\\\/light24.lt\\\/fi\\\/toode\\\/valisvalgustid\\\/valis-suvisvalgustid\\\/soun-2-led\\\/#productImage\",\"width\":750,\"height\":751},\"offers\":{\"@type\":\"Offer\",\"url\":\"https:\\\/\\\/light24.lt\\\/fi\\\/toode\\\/valisvalgustid\\\/valis-suvisvalgustid\\\/soun-2-led\\\/#wooCommerceOffer\",\"price\":80.04,\"priceCurrency\":\"EUR\",\"category\":\"Ulkovalaisimet\",\"availability\":\"https:\\\/\\\/schema.org\\\/InStock\",\"priceSpecification\":{\"@type\":\"PriceSpecification\",\"price\":80.04,\"priceCurrency\":\"EUR\",\"valueAddedTaxIncluded\":\"true\"}}}]},{\"@type\":\"WebPage\",\"@id\":\"https:\\\/\\\/light24.lt\\\/fi\\\/toode\\\/valisvalgustid\\\/valis-suvisvalgustid\\\/soun-2-led\\\/#webpage\",\"url\":\"https:\\\/\\\/light24.lt\\\/fi\\\/toode\\\/valisvalgustid\\\/valis-suvisvalgustid\\\/soun-2-led\\\/\",\"name\":\"FARO SOUN 105 4,5W 3000K \\u2022 Light24\",\"inLanguage\":\"fi\",\"isPartOf\":{\"@id\":\"https:\\\/\\\/light24.lt\\\/fi\\\/#website\"},\"breadcrumb\":{\"@id\":\"https:\\\/\\\/light24.lt\\\/fi\\\/toode\\\/valisvalgustid\\\/valis-suvisvalgustid\\\/soun-2-led\\\/#breadcrumblist\"},\"image\":{\"@type\":\"ImageObject\",\"url\":\"https:\\\/\\\/light24.lt\\\/wp-content\\\/uploads\\\/2019\\\/08\\\/far11534.jpg\",\"@id\":\"https:\\\/\\\/light24.lt\\\/fi\\\/toode\\\/valisvalgustid\\\/valis-suvisvalgustid\\\/soun-2-led\\\/#mainImage\",\"width\":750,\"height\":751},\"primaryImageOfPage\":{\"@id\":\"https:\\\/\\\/light24.lt\\\/fi\\\/toode\\\/valisvalgustid\\\/valis-suvisvalgustid\\\/soun-2-led\\\/#mainImage\"},\"datePublished\":\"2024-12-26T11:53:42+02:00\",\"dateModified\":\"2025-04-28T21:53:18+03:00\"},{\"@type\":\"WebSite\",\"@id\":\"https:\\\/\\\/light24.lt\\\/fi\\\/#website\",\"url\":\"https:\\\/\\\/light24.lt\\\/fi\\\/\",\"name\":\"Light24\",\"description\":\"Valon tavaratalo | Ammatillinen valaistusratkaisut\",\"inLanguage\":\"fi\",\"publisher\":{\"@id\":\"https:\\\/\\\/light24.lt\\\/fi\\\/#organization\"}}]}\n\t\t<\/script>\n\t\t<!-- All in One SEO Pro -->\r\n\t\t<title>FARO SOUN 105 4,5W 3000K \u2022 Light24<\/title>\n\n","aioseo_head_json":{"title":"FARO SOUN 105 4,5W 3000K \u2022 Light24","description":"","canonical_url":"https:\/\/light24.lt\/fi\/toode\/valisvalgustid\/valis-suvisvalgustid\/soun-2-led\/","robots":"max-image-preview:large","keywords":"","webmasterTools":{"google-site-verification":"nxgDPK3Ouk6bwvuxlwlzeMOKszmf-8m57RDu5zAgN-Y","miscellaneous":""},"schema":{"@context":"https:\/\/schema.org","@graph":[{"@type":"BreadcrumbList","@id":"https:\/\/light24.lt\/fi\/toode\/valisvalgustid\/valis-suvisvalgustid\/soun-2-led\/#breadcrumblist","itemListElement":[{"@type":"ListItem","@id":"https:\/\/light24.lt\/fi#listItem","position":1,"name":"Home","item":"https:\/\/light24.lt\/fi","nextItem":{"@type":"ListItem","@id":"https:\/\/light24.lt\/fi\/shop\/#listItem","name":"Verkkokauppa"}},{"@type":"ListItem","@id":"https:\/\/light24.lt\/fi\/shop\/#listItem","position":2,"name":"Verkkokauppa","item":"https:\/\/light24.lt\/fi\/shop\/","nextItem":{"@type":"ListItem","@id":"https:\/\/light24.lt\/fi\/product-category\/valisvalgustid\/#listItem","name":"Ulkovalaisimet"},"previousItem":{"@type":"ListItem","@id":"https:\/\/light24.lt\/fi#listItem","name":"Home"}},{"@type":"ListItem","@id":"https:\/\/light24.lt\/fi\/product-category\/valisvalgustid\/#listItem","position":3,"name":"Ulkovalaisimet","item":"https:\/\/light24.lt\/fi\/product-category\/valisvalgustid\/","nextItem":{"@type":"ListItem","@id":"https:\/\/light24.lt\/fi\/product-category\/valisvalgustid\/valis-suvisvalgustid\/#listItem","name":"Upotettavat valaisimet ulkok\u00e4ytt\u00f6\u00f6n"},"previousItem":{"@type":"ListItem","@id":"https:\/\/light24.lt\/fi\/shop\/#listItem","name":"Verkkokauppa"}},{"@type":"ListItem","@id":"https:\/\/light24.lt\/fi\/product-category\/valisvalgustid\/valis-suvisvalgustid\/#listItem","position":4,"name":"Upotettavat valaisimet ulkok\u00e4ytt\u00f6\u00f6n","item":"https:\/\/light24.lt\/fi\/product-category\/valisvalgustid\/valis-suvisvalgustid\/","nextItem":{"@type":"ListItem","@id":"https:\/\/light24.lt\/fi\/toode\/valisvalgustid\/valis-suvisvalgustid\/soun-2-led\/#listItem","name":"FARO SOUN 105 4,5W 3000K"},"previousItem":{"@type":"ListItem","@id":"https:\/\/light24.lt\/fi\/product-category\/valisvalgustid\/#listItem","name":"Ulkovalaisimet"}},{"@type":"ListItem","@id":"https:\/\/light24.lt\/fi\/toode\/valisvalgustid\/valis-suvisvalgustid\/soun-2-led\/#listItem","position":5,"name":"FARO SOUN 105 4,5W 3000K","previousItem":{"@type":"ListItem","@id":"https:\/\/light24.lt\/fi\/product-category\/valisvalgustid\/valis-suvisvalgustid\/#listItem","name":"Upotettavat valaisimet ulkok\u00e4ytt\u00f6\u00f6n"}}]},{"@type":"Organization","@id":"https:\/\/light24.lt\/fi\/#organization","name":"Light24","description":"Valon tavaratalo | Ammatillinen valaistusratkaisut","url":"https:\/\/light24.lt\/fi\/","telephone":"+3725184133","logo":{"@type":"ImageObject","url":"https:\/\/www.light24.ee\/wp-content\/uploads\/2022\/03\/Shape-2-3.svg","@id":"https:\/\/light24.lt\/fi\/toode\/valisvalgustid\/valis-suvisvalgustid\/soun-2-led\/#organizationLogo"},"image":{"@id":"https:\/\/light24.lt\/fi\/toode\/valisvalgustid\/valis-suvisvalgustid\/soun-2-led\/#organizationLogo"},"sameAs":["https:\/\/www.facebook.com\/light24.ee","https:\/\/www.instagram.com\/light24official\/"]},{"@type":"ProductGroup","@id":"https:\/\/light24.lt\/fi\/toode\/valisvalgustid\/valis-suvisvalgustid\/soun-2-led\/#wooCommerceProduct","name":"FARO SOUN 105 4,5W 3000K","url":"https:\/\/light24.lt\/fi\/toode\/valisvalgustid\/valis-suvisvalgustid\/soun-2-led\/","sku":"FAR11534","image":{"@type":"ImageObject","url":"https:\/\/light24.lt\/wp-content\/uploads\/2019\/08\/far11534.jpg","@id":"https:\/\/light24.lt\/fi\/toode\/valisvalgustid\/valis-suvisvalgustid\/soun-2-led\/#productImage","width":750,"height":751},"productGroupID":64414,"hasVariant":[{"@type":"Product","@id":"https:\/\/light24.lt\/fi\/toode\/valisvalgustid\/valis-suvisvalgustid\/soun-2-led\/#wooCommerceProduct","name":"FARO SOUN 105 4,5W 3000K - valge","url":"https:\/\/light24.lt\/fi\/toode\/valisvalgustid\/valis-suvisvalgustid\/soun-2-led\/","sku":"FAR11534","image":{"@type":"ImageObject","url":"https:\/\/light24.lt\/wp-content\/uploads\/2019\/08\/far11534_2.jpg","@id":"https:\/\/light24.lt\/fi\/toode\/valisvalgustid\/valis-suvisvalgustid\/soun-2-led\/#productImage","width":750,"height":754},"offers":{"@type":"Offer","url":"https:\/\/light24.lt\/fi\/toode\/valisvalgustid\/valis-suvisvalgustid\/soun-2-led\/#wooCommerceOffer","price":80.04,"priceCurrency":"EUR","category":"Ulkovalaisimet","availability":"https:\/\/schema.org\/InStock","priceSpecification":{"@type":"PriceSpecification","price":80.04,"priceCurrency":"EUR","valueAddedTaxIncluded":"true"}}},{"@type":"Product","@id":"https:\/\/light24.lt\/fi\/toode\/valisvalgustid\/valis-suvisvalgustid\/soun-2-led\/#wooCommerceProduct","name":"FARO SOUN 105 4,5W 3000K - tumehall","url":"https:\/\/light24.lt\/fi\/toode\/valisvalgustid\/valis-suvisvalgustid\/soun-2-led\/","sku":"FAR11534","image":{"@type":"ImageObject","url":"https:\/\/light24.lt\/wp-content\/uploads\/2019\/08\/far11534.jpg","@id":"https:\/\/light24.lt\/fi\/toode\/valisvalgustid\/valis-suvisvalgustid\/soun-2-led\/#productImage","width":750,"height":751},"offers":{"@type":"Offer","url":"https:\/\/light24.lt\/fi\/toode\/valisvalgustid\/valis-suvisvalgustid\/soun-2-led\/#wooCommerceOffer","price":80.04,"priceCurrency":"EUR","category":"Ulkovalaisimet","availability":"https:\/\/schema.org\/InStock","priceSpecification":{"@type":"PriceSpecification","price":80.04,"priceCurrency":"EUR","valueAddedTaxIncluded":"true"}}}]},{"@type":"WebPage","@id":"https:\/\/light24.lt\/fi\/toode\/valisvalgustid\/valis-suvisvalgustid\/soun-2-led\/#webpage","url":"https:\/\/light24.lt\/fi\/toode\/valisvalgustid\/valis-suvisvalgustid\/soun-2-led\/","name":"FARO SOUN 105 4,5W 3000K \u2022 Light24","inLanguage":"fi","isPartOf":{"@id":"https:\/\/light24.lt\/fi\/#website"},"breadcrumb":{"@id":"https:\/\/light24.lt\/fi\/toode\/valisvalgustid\/valis-suvisvalgustid\/soun-2-led\/#breadcrumblist"},"image":{"@type":"ImageObject","url":"https:\/\/light24.lt\/wp-content\/uploads\/2019\/08\/far11534.jpg","@id":"https:\/\/light24.lt\/fi\/toode\/valisvalgustid\/valis-suvisvalgustid\/soun-2-led\/#mainImage","width":750,"height":751},"primaryImageOfPage":{"@id":"https:\/\/light24.lt\/fi\/toode\/valisvalgustid\/valis-suvisvalgustid\/soun-2-led\/#mainImage"},"datePublished":"2024-12-26T11:53:42+02:00","dateModified":"2025-04-28T21:53:18+03:00"},{"@type":"WebSite","@id":"https:\/\/light24.lt\/fi\/#website","url":"https:\/\/light24.lt\/fi\/","name":"Light24","description":"Valon tavaratalo | Ammatillinen valaistusratkaisut","inLanguage":"fi","publisher":{"@id":"https:\/\/light24.lt\/fi\/#organization"}}]},"og:locale":"fi_FI","og:site_name":"Light24 \u2022 Valon tavaratalo | Ammatillinen valaistusratkaisut","og:type":"article","og:title":"FARO SOUN 105 4,5W 3000K \u2022 Light24","og:url":"https:\/\/light24.lt\/fi\/toode\/valisvalgustid\/valis-suvisvalgustid\/soun-2-led\/","og:image":"https:\/\/light24.lt\/wp-content\/uploads\/2019\/08\/far11534.jpg","og:image:secure_url":"https:\/\/light24.lt\/wp-content\/uploads\/2019\/08\/far11534.jpg","og:image:width":750,"og:image:height":751,"article:published_time":"2024-12-26T09:53:42+00:00","article:modified_time":"2025-04-28T18:53:18+00:00","article:publisher":"https:\/\/www.facebook.com\/light24.ee","twitter:card":"summary","twitter:title":"FARO SOUN 105 4,5W 3000K \u2022 Light24","twitter:image":"https:\/\/light24.lt\/wp-content\/uploads\/2019\/08\/far11534.jpg"},"aioseo_meta_data":{"post_id":"64414","title":null,"description":null,"keywords":null,"keyphrases":{"focus":{"keyphrase":"","score":0,"analysis":{"keyphraseInTitle":{"score":0,"maxScore":9,"error":1}}},"additional":[]},"primary_term":null,"canonical_url":null,"og_title":null,"og_description":null,"og_object_type":"default","og_image_type":"default","og_image_url":null,"og_image_width":null,"og_image_height":null,"og_image_custom_url":null,"og_image_custom_fields":null,"og_video":"","og_custom_url":null,"og_article_section":null,"og_article_tags":null,"twitter_use_og":false,"twitter_card":"default","twitter_image_type":"default","twitter_image_url":null,"twitter_image_custom_url":null,"twitter_image_custom_fields":null,"twitter_title":null,"twitter_description":null,"schema":{"blockGraphs":[],"customGraphs":[],"default":{"data":{"Article":[],"Course":[],"Dataset":[],"FAQPage":[],"Movie":[],"Person":[],"Product":[],"ProductReview":[],"Car":[],"Recipe":[],"Service":[],"SoftwareApplication":[],"WebPage":[]},"graphName":"Product","isEnabled":true},"graphs":[],"defaultGraph":"","defaultPostTypeGraph":""},"schema_type":"default","schema_type_options":null,"pillar_content":false,"robots_default":true,"robots_noindex":false,"robots_noarchive":false,"robots_nosnippet":false,"robots_nofollow":false,"robots_noimageindex":false,"robots_noodp":false,"robots_notranslate":false,"robots_max_snippet":"-1","robots_max_videopreview":"-1","robots_max_imagepreview":"large","priority":null,"frequency":"default","local_seo":null,"seo_analyzer_scan_date":"2025-10-27 14:13:22","breadcrumb_settings":null,"limit_modified_date":false,"reviewed_by":null,"open_ai":"{\"title\":{\"suggestions\":[],\"usage\":0},\"description\":{\"suggestions\":[],\"usage\":0}}","ai":null,"created":"2022-02-17 14:49:45","updated":"2025-10-27 14:13:22"},"aioseo_breadcrumb":"<div class=\"aioseo-breadcrumbs\"><span class=\"aioseo-breadcrumb\">\n\t<a href=\"https:\/\/light24.lt\/fi\" title=\"Home\">Home<\/a>\n<\/span><span class=\"aioseo-breadcrumb-separator\">&raquo;<\/span><span class=\"aioseo-breadcrumb\">\n\t<a href=\"https:\/\/light24.lt\/fi\/shop\/\" title=\"Verkkokauppa\">Verkkokauppa<\/a>\n<\/span><span class=\"aioseo-breadcrumb-separator\">&raquo;<\/span><span class=\"aioseo-breadcrumb\">\n\t<a href=\"https:\/\/light24.lt\/fi\/product-category\/valisvalgustid\/\" title=\"Ulkovalaisimet\">Ulkovalaisimet<\/a>\n<\/span><span class=\"aioseo-breadcrumb-separator\">&raquo;<\/span><span class=\"aioseo-breadcrumb\">\n\t<a href=\"https:\/\/light24.lt\/fi\/product-category\/valisvalgustid\/valis-suvisvalgustid\/\" title=\"Upotettavat valaisimet ulkok\u00e4ytt\u00f6\u00f6n\">Upotettavat valaisimet ulkok\u00e4ytt\u00f6\u00f6n<\/a>\n<\/span><span class=\"aioseo-breadcrumb-separator\">&raquo;<\/span><span class=\"aioseo-breadcrumb\">\n\tFARO SOUN 105 4,5W 3000K\n<\/span><\/div>","aioseo_breadcrumb_json":[{"label":"Home","link":"https:\/\/light24.lt\/fi"},{"label":"Verkkokauppa","link":"https:\/\/light24.lt\/fi\/shop\/"},{"label":"Ulkovalaisimet","link":"https:\/\/light24.lt\/fi\/product-category\/valisvalgustid\/"},{"label":"Upotettavat valaisimet ulkok\u00e4ytt\u00f6\u00f6n","link":"https:\/\/light24.lt\/fi\/product-category\/valisvalgustid\/valis-suvisvalgustid\/"},{"label":"FARO SOUN 105 4,5W 3000K","link":"https:\/\/light24.lt\/fi\/toode\/valisvalgustid\/valis-suvisvalgustid\/soun-2-led\/"}],"_links":{"self":[{"href":"https:\/\/light24.lt\/fi\/wp-json\/wp\/v2\/product\/64414","targetHints":{"allow":["GET"]}}],"collection":[{"href":"https:\/\/light24.lt\/fi\/wp-json\/wp\/v2\/product"}],"about":[{"href":"https:\/\/light24.lt\/fi\/wp-json\/wp\/v2\/types\/product"}],"replies":[{"embeddable":true,"href":"https:\/\/light24.lt\/fi\/wp-json\/wp\/v2\/comments?post=64414"}],"wp:featuredmedia":[{"embeddable":true,"href":"https:\/\/light24.lt\/fi\/wp-json\/wp\/v2\/media\/64417"}],"wp:attachment":[{"href":"https:\/\/light24.lt\/fi\/wp-json\/wp\/v2\/media?parent=64414"}],"wp:term":[{"taxonomy":"product_cat","embeddable":true,"href":"https:\/\/light24.lt\/fi\/wp-json\/wp\/v2\/product_cat?post=64414"},{"taxonomy":"product_tag","embeddable":true,"href":"https:\/\/light24.lt\/fi\/wp-json\/wp\/v2\/product_tag?post=64414"}],"curies":[{"name":"wp","href":"https:\/\/api.w.org\/{rel}","templated":true}]}}