{"id":150961,"date":"2025-09-11T10:30:28","date_gmt":"2025-09-11T07:30:28","guid":{"rendered":"https:\/\/light24.ee\/?post_type=product&#038;p=150961"},"modified":"2025-09-12T10:34:32","modified_gmt":"2025-09-12T07:34:32","slug":"redo-bolla-32w-cct-2700k-3000k-dim","status":"publish","type":"product","link":"https:\/\/light24.lt\/fi\/toode\/siseruumide_valgustid\/rippvalgustid\/redo-bolla-32w-cct-2700k-3000k-dim\/","title":{"rendered":"Redo Bolla 32W CCT 2700K\/3000K DIM"},"content":{"rendered":"<p class=\"qtranxs-available-languages-message qtranxs-available-languages-message-fi\">Anteeksi, mutta t\u00e4m\u00e4 kirjoitus on saatavana ainoastaan n\u00e4ill\u00e4 kielill\u00e4: <a href=\"https:\/\/light24.lt\/et\/wp-json\/wp\/v2\/product\/150961\" class=\"qtranxs-available-language-link qtranxs-available-language-link-et\" title=\"Eesti\">Eesti<\/a>.<\/p>","protected":false},"excerpt":{"rendered":"<p>Anteeksi, mutta t\u00e4m\u00e4 kirjoitus on saatavana ainoastaan n\u00e4ill\u00e4 kielill\u00e4: Eesti.<\/p>\n","protected":false},"featured_media":150964,"comment_status":"closed","ping_status":"closed","template":"","meta":{"_acf_changed":false},"product_cat":[7280,248],"product_tag":[8035],"class_list":{"0":"post-150961","1":"product","2":"type-product","3":"status-publish","4":"has-post-thumbnail","6":"product_cat-siseruumide_valgustid","7":"product_cat-rippvalgustid","8":"product_tag-redo","9":"product_shipping_class-standard","10":"pa_ip-kaitseklass-1123","11":"pa_materjal-metall","12":"pa_materjal-alumiinium","13":"pa_materjal-klaas","14":"pa_ruumid-elutuba","15":"pa_ruumid-soogituba","16":"pa_ruumid-kook","17":"pa_ruumid-kodukontor","18":"pa_tarneaeg-2-3-nadalat","19":"pa_varv-matt-kuld","20":"pa_varv-must","21":"pa_varv-pruun","23":"first","24":"instock","25":"taxable","26":"shipping-taxable","27":"purchasable","28":"product-type-variable"},"acf":[],"aioseo_notices":[],"aioseo_head":"\n\t\t<!-- All in One SEO Pro 4.9.5.2 - aioseo.com -->\n\t<meta name=\"description\" content=\"Anteeksi, mutta t\u00e4m\u00e4 kirjoitus on saatavana ainoastaan n\u00e4ill\u00e4 kielill\u00e4: Eesti.\" \/>\n\t<meta name=\"robots\" content=\"max-image-preview:large\" \/>\n\t<meta name=\"google-site-verification\" content=\"nxgDPK3Ouk6bwvuxlwlzeMOKszmf-8m57RDu5zAgN-Y\" \/>\n\t<link rel=\"canonical\" href=\"https:\/\/light24.lt\/fi\/toode\/siseruumide_valgustid\/rippvalgustid\/redo-bolla-32w-cct-2700k-3000k-dim\/\" \/>\n\t<meta name=\"generator\" content=\"All in One SEO Pro (AIOSEO) 4.9.5.2\" \/>\n\t\t<meta property=\"og:locale\" content=\"fi_FI\" \/>\n\t\t<meta property=\"og:site_name\" content=\"Light24 \u2022 Valon tavaratalo | Ammatillinen valaistusratkaisut\" \/>\n\t\t<meta property=\"og:type\" content=\"article\" \/>\n\t\t<meta property=\"og:title\" content=\"Redo Bolla 32W CCT 2700K\/3000K DIM \u2022 Light24\" \/>\n\t\t<meta property=\"og:description\" content=\"Anteeksi, mutta t\u00e4m\u00e4 kirjoitus on saatavana ainoastaan n\u00e4ill\u00e4 kielill\u00e4: Eesti.\" \/>\n\t\t<meta property=\"og:url\" content=\"https:\/\/light24.lt\/fi\/toode\/siseruumide_valgustid\/rippvalgustid\/redo-bolla-32w-cct-2700k-3000k-dim\/\" \/>\n\t\t<meta property=\"og:image\" content=\"https:\/\/light24.lt\/wp-content\/uploads\/2025\/09\/01-4553.jpg\" \/>\n\t\t<meta property=\"og:image:secure_url\" content=\"https:\/\/light24.lt\/wp-content\/uploads\/2025\/09\/01-4553.jpg\" \/>\n\t\t<meta property=\"og:image:width\" content=\"1000\" \/>\n\t\t<meta property=\"og:image:height\" content=\"1000\" \/>\n\t\t<meta property=\"article:published_time\" content=\"2025-09-11T07:30:28+00:00\" \/>\n\t\t<meta property=\"article:modified_time\" content=\"2025-09-12T07:34:32+00:00\" \/>\n\t\t<meta property=\"article:publisher\" content=\"https:\/\/www.facebook.com\/light24.ee\" \/>\n\t\t<meta name=\"twitter:card\" content=\"summary\" \/>\n\t\t<meta name=\"twitter:title\" content=\"Redo Bolla 32W CCT 2700K\/3000K DIM \u2022 Light24\" \/>\n\t\t<meta name=\"twitter:description\" content=\"Anteeksi, mutta t\u00e4m\u00e4 kirjoitus on saatavana ainoastaan n\u00e4ill\u00e4 kielill\u00e4: Eesti.\" \/>\n\t\t<meta name=\"twitter:image\" content=\"https:\/\/light24.lt\/wp-content\/uploads\/2025\/09\/01-4553.jpg\" \/>\n\t\t<script type=\"application\/ld+json\" class=\"aioseo-schema\">\n\t\t\t{\"@context\":\"https:\\\/\\\/schema.org\",\"@graph\":[{\"@type\":\"BreadcrumbList\",\"@id\":\"https:\\\/\\\/light24.lt\\\/fi\\\/toode\\\/siseruumide_valgustid\\\/rippvalgustid\\\/redo-bolla-32w-cct-2700k-3000k-dim\\\/#breadcrumblist\",\"itemListElement\":[{\"@type\":\"ListItem\",\"@id\":\"https:\\\/\\\/light24.lt\\\/fi#listItem\",\"position\":1,\"name\":\"Home\",\"item\":\"https:\\\/\\\/light24.lt\\\/fi\",\"nextItem\":{\"@type\":\"ListItem\",\"@id\":\"https:\\\/\\\/light24.lt\\\/fi\\\/shop\\\/#listItem\",\"name\":\"Verkkokauppa\"}},{\"@type\":\"ListItem\",\"@id\":\"https:\\\/\\\/light24.lt\\\/fi\\\/shop\\\/#listItem\",\"position\":2,\"name\":\"Verkkokauppa\",\"item\":\"https:\\\/\\\/light24.lt\\\/fi\\\/shop\\\/\",\"nextItem\":{\"@type\":\"ListItem\",\"@id\":\"https:\\\/\\\/light24.lt\\\/fi\\\/product-category\\\/siseruumide_valgustid\\\/#listItem\",\"name\":\"Sis\\u00e4valaisimet\"},\"previousItem\":{\"@type\":\"ListItem\",\"@id\":\"https:\\\/\\\/light24.lt\\\/fi#listItem\",\"name\":\"Home\"}},{\"@type\":\"ListItem\",\"@id\":\"https:\\\/\\\/light24.lt\\\/fi\\\/product-category\\\/siseruumide_valgustid\\\/#listItem\",\"position\":3,\"name\":\"Sis\\u00e4valaisimet\",\"item\":\"https:\\\/\\\/light24.lt\\\/fi\\\/product-category\\\/siseruumide_valgustid\\\/\",\"nextItem\":{\"@type\":\"ListItem\",\"@id\":\"https:\\\/\\\/light24.lt\\\/fi\\\/product-category\\\/siseruumide_valgustid\\\/rippvalgustid\\\/#listItem\",\"name\":\"Riippuvalaisin\"},\"previousItem\":{\"@type\":\"ListItem\",\"@id\":\"https:\\\/\\\/light24.lt\\\/fi\\\/shop\\\/#listItem\",\"name\":\"Verkkokauppa\"}},{\"@type\":\"ListItem\",\"@id\":\"https:\\\/\\\/light24.lt\\\/fi\\\/product-category\\\/siseruumide_valgustid\\\/rippvalgustid\\\/#listItem\",\"position\":4,\"name\":\"Riippuvalaisin\",\"item\":\"https:\\\/\\\/light24.lt\\\/fi\\\/product-category\\\/siseruumide_valgustid\\\/rippvalgustid\\\/\",\"nextItem\":{\"@type\":\"ListItem\",\"@id\":\"https:\\\/\\\/light24.lt\\\/fi\\\/toode\\\/siseruumide_valgustid\\\/rippvalgustid\\\/redo-bolla-32w-cct-2700k-3000k-dim\\\/#listItem\",\"name\":\"Redo Bolla 32W CCT 2700K\\\/3000K DIM\"},\"previousItem\":{\"@type\":\"ListItem\",\"@id\":\"https:\\\/\\\/light24.lt\\\/fi\\\/product-category\\\/siseruumide_valgustid\\\/#listItem\",\"name\":\"Sis\\u00e4valaisimet\"}},{\"@type\":\"ListItem\",\"@id\":\"https:\\\/\\\/light24.lt\\\/fi\\\/toode\\\/siseruumide_valgustid\\\/rippvalgustid\\\/redo-bolla-32w-cct-2700k-3000k-dim\\\/#listItem\",\"position\":5,\"name\":\"Redo Bolla 32W CCT 2700K\\\/3000K DIM\",\"previousItem\":{\"@type\":\"ListItem\",\"@id\":\"https:\\\/\\\/light24.lt\\\/fi\\\/product-category\\\/siseruumide_valgustid\\\/rippvalgustid\\\/#listItem\",\"name\":\"Riippuvalaisin\"}}]},{\"@type\":\"Organization\",\"@id\":\"https:\\\/\\\/light24.lt\\\/fi\\\/#organization\",\"name\":\"Light24\",\"description\":\"Valon tavaratalo | Ammatillinen valaistusratkaisut\",\"url\":\"https:\\\/\\\/light24.lt\\\/fi\\\/\",\"telephone\":\"+3725184133\",\"logo\":{\"@type\":\"ImageObject\",\"url\":\"https:\\\/\\\/www.light24.ee\\\/wp-content\\\/uploads\\\/2022\\\/03\\\/Shape-2-3.svg\",\"@id\":\"https:\\\/\\\/light24.lt\\\/fi\\\/toode\\\/siseruumide_valgustid\\\/rippvalgustid\\\/redo-bolla-32w-cct-2700k-3000k-dim\\\/#organizationLogo\"},\"image\":{\"@id\":\"https:\\\/\\\/light24.lt\\\/fi\\\/toode\\\/siseruumide_valgustid\\\/rippvalgustid\\\/redo-bolla-32w-cct-2700k-3000k-dim\\\/#organizationLogo\"},\"sameAs\":[\"https:\\\/\\\/www.facebook.com\\\/light24.ee\",\"https:\\\/\\\/www.instagram.com\\\/light24official\\\/\"]},{\"@type\":\"ProductGroup\",\"@id\":\"https:\\\/\\\/light24.lt\\\/fi\\\/toode\\\/siseruumide_valgustid\\\/rippvalgustid\\\/redo-bolla-32w-cct-2700k-3000k-dim\\\/#wooCommerceProduct\",\"name\":\"Redo Bolla 32W CCT 2700K\\\/3000K DIM\",\"url\":\"https:\\\/\\\/light24.lt\\\/fi\\\/toode\\\/siseruumide_valgustid\\\/rippvalgustid\\\/redo-bolla-32w-cct-2700k-3000k-dim\\\/\",\"sku\":\"RED100435\",\"image\":{\"@type\":\"ImageObject\",\"url\":\"https:\\\/\\\/light24.lt\\\/wp-content\\\/uploads\\\/2025\\\/09\\\/01-4553.jpg\",\"@id\":\"https:\\\/\\\/light24.lt\\\/fi\\\/toode\\\/siseruumide_valgustid\\\/rippvalgustid\\\/redo-bolla-32w-cct-2700k-3000k-dim\\\/#productImage\",\"width\":1000,\"height\":1000},\"productGroupID\":150961,\"hasVariant\":[{\"@type\":\"Product\",\"@id\":\"https:\\\/\\\/light24.lt\\\/fi\\\/toode\\\/siseruumide_valgustid\\\/rippvalgustid\\\/redo-bolla-32w-cct-2700k-3000k-dim\\\/#wooCommerceProduct\",\"name\":\"Redo Bolla 32W CCT 2700K\\\/3000K DIM - pruun\",\"url\":\"https:\\\/\\\/light24.lt\\\/fi\\\/toode\\\/siseruumide_valgustid\\\/rippvalgustid\\\/redo-bolla-32w-cct-2700k-3000k-dim\\\/\",\"sku\":\"RED100435\",\"image\":{\"@type\":\"ImageObject\",\"url\":\"https:\\\/\\\/light24.lt\\\/wp-content\\\/uploads\\\/2025\\\/09\\\/01-4553.jpg\",\"@id\":\"https:\\\/\\\/light24.lt\\\/fi\\\/toode\\\/siseruumide_valgustid\\\/rippvalgustid\\\/redo-bolla-32w-cct-2700k-3000k-dim\\\/#productImage\",\"width\":1000,\"height\":1000},\"offers\":{\"@type\":\"Offer\",\"url\":\"https:\\\/\\\/light24.lt\\\/fi\\\/toode\\\/siseruumide_valgustid\\\/rippvalgustid\\\/redo-bolla-32w-cct-2700k-3000k-dim\\\/#wooCommerceOffer\",\"price\":\"206\",\"priceCurrency\":\"EUR\",\"category\":\"Sis\\u00e4valaisimet\",\"availability\":\"https:\\\/\\\/schema.org\\\/InStock\",\"priceSpecification\":{\"@type\":\"PriceSpecification\",\"price\":206,\"priceCurrency\":\"EUR\",\"valueAddedTaxIncluded\":\"true\"}}},{\"@type\":\"Product\",\"@id\":\"https:\\\/\\\/light24.lt\\\/fi\\\/toode\\\/siseruumide_valgustid\\\/rippvalgustid\\\/redo-bolla-32w-cct-2700k-3000k-dim\\\/#wooCommerceProduct\",\"name\":\"Redo Bolla 32W CCT 2700K\\\/3000K DIM - must\",\"url\":\"https:\\\/\\\/light24.lt\\\/fi\\\/toode\\\/siseruumide_valgustid\\\/rippvalgustid\\\/redo-bolla-32w-cct-2700k-3000k-dim\\\/\",\"sku\":\"RED100435\",\"image\":{\"@type\":\"ImageObject\",\"url\":\"https:\\\/\\\/light24.lt\\\/wp-content\\\/uploads\\\/2025\\\/09\\\/01-4554.jpg\",\"@id\":\"https:\\\/\\\/light24.lt\\\/fi\\\/toode\\\/siseruumide_valgustid\\\/rippvalgustid\\\/redo-bolla-32w-cct-2700k-3000k-dim\\\/#productImage\",\"width\":1000,\"height\":1000},\"offers\":{\"@type\":\"Offer\",\"url\":\"https:\\\/\\\/light24.lt\\\/fi\\\/toode\\\/siseruumide_valgustid\\\/rippvalgustid\\\/redo-bolla-32w-cct-2700k-3000k-dim\\\/#wooCommerceOffer\",\"price\":\"206\",\"priceCurrency\":\"EUR\",\"category\":\"Sis\\u00e4valaisimet\",\"availability\":\"https:\\\/\\\/schema.org\\\/InStock\",\"priceSpecification\":{\"@type\":\"PriceSpecification\",\"price\":206,\"priceCurrency\":\"EUR\",\"valueAddedTaxIncluded\":\"true\"}}},{\"@type\":\"Product\",\"@id\":\"https:\\\/\\\/light24.lt\\\/fi\\\/toode\\\/siseruumide_valgustid\\\/rippvalgustid\\\/redo-bolla-32w-cct-2700k-3000k-dim\\\/#wooCommerceProduct\",\"name\":\"Redo Bolla 32W CCT 2700K\\\/3000K DIM - matt-kuld\",\"url\":\"https:\\\/\\\/light24.lt\\\/fi\\\/toode\\\/siseruumide_valgustid\\\/rippvalgustid\\\/redo-bolla-32w-cct-2700k-3000k-dim\\\/\",\"sku\":\"RED100435\",\"image\":{\"@type\":\"ImageObject\",\"url\":\"https:\\\/\\\/light24.lt\\\/wp-content\\\/uploads\\\/2025\\\/09\\\/01-4552.jpg\",\"@id\":\"https:\\\/\\\/light24.lt\\\/fi\\\/toode\\\/siseruumide_valgustid\\\/rippvalgustid\\\/redo-bolla-32w-cct-2700k-3000k-dim\\\/#productImage\",\"width\":1000,\"height\":1000},\"offers\":{\"@type\":\"Offer\",\"url\":\"https:\\\/\\\/light24.lt\\\/fi\\\/toode\\\/siseruumide_valgustid\\\/rippvalgustid\\\/redo-bolla-32w-cct-2700k-3000k-dim\\\/#wooCommerceOffer\",\"price\":\"206\",\"priceCurrency\":\"EUR\",\"category\":\"Sis\\u00e4valaisimet\",\"availability\":\"https:\\\/\\\/schema.org\\\/InStock\",\"priceSpecification\":{\"@type\":\"PriceSpecification\",\"price\":206,\"priceCurrency\":\"EUR\",\"valueAddedTaxIncluded\":\"true\"}}}]},{\"@type\":\"WebPage\",\"@id\":\"https:\\\/\\\/light24.lt\\\/fi\\\/toode\\\/siseruumide_valgustid\\\/rippvalgustid\\\/redo-bolla-32w-cct-2700k-3000k-dim\\\/#webpage\",\"url\":\"https:\\\/\\\/light24.lt\\\/fi\\\/toode\\\/siseruumide_valgustid\\\/rippvalgustid\\\/redo-bolla-32w-cct-2700k-3000k-dim\\\/\",\"name\":\"Redo Bolla 32W CCT 2700K\\\/3000K DIM \\u2022 Light24\",\"description\":\"Anteeksi, mutta t\\u00e4m\\u00e4 kirjoitus on saatavana ainoastaan n\\u00e4ill\\u00e4 kielill\\u00e4: Eesti.\",\"inLanguage\":\"fi\",\"isPartOf\":{\"@id\":\"https:\\\/\\\/light24.lt\\\/fi\\\/#website\"},\"breadcrumb\":{\"@id\":\"https:\\\/\\\/light24.lt\\\/fi\\\/toode\\\/siseruumide_valgustid\\\/rippvalgustid\\\/redo-bolla-32w-cct-2700k-3000k-dim\\\/#breadcrumblist\"},\"image\":{\"@type\":\"ImageObject\",\"url\":\"https:\\\/\\\/light24.lt\\\/wp-content\\\/uploads\\\/2025\\\/09\\\/01-4553.jpg\",\"@id\":\"https:\\\/\\\/light24.lt\\\/fi\\\/toode\\\/siseruumide_valgustid\\\/rippvalgustid\\\/redo-bolla-32w-cct-2700k-3000k-dim\\\/#mainImage\",\"width\":1000,\"height\":1000},\"primaryImageOfPage\":{\"@id\":\"https:\\\/\\\/light24.lt\\\/fi\\\/toode\\\/siseruumide_valgustid\\\/rippvalgustid\\\/redo-bolla-32w-cct-2700k-3000k-dim\\\/#mainImage\"},\"datePublished\":\"2025-09-11T10:30:28+03:00\",\"dateModified\":\"2025-09-12T10:34:32+03:00\"},{\"@type\":\"WebSite\",\"@id\":\"https:\\\/\\\/light24.lt\\\/fi\\\/#website\",\"url\":\"https:\\\/\\\/light24.lt\\\/fi\\\/\",\"name\":\"Light24\",\"description\":\"Valon tavaratalo | Ammatillinen valaistusratkaisut\",\"inLanguage\":\"fi\",\"publisher\":{\"@id\":\"https:\\\/\\\/light24.lt\\\/fi\\\/#organization\"}}]}\n\t\t<\/script>\n\t\t<!-- All in One SEO Pro -->\r\n\t\t<title>Redo Bolla 32W CCT 2700K\/3000K DIM \u2022 Light24<\/title>\n\n","aioseo_head_json":{"title":"Redo Bolla 32W CCT 2700K\/3000K DIM \u2022 Light24","description":"Anteeksi, mutta t\u00e4m\u00e4 kirjoitus on saatavana ainoastaan n\u00e4ill\u00e4 kielill\u00e4: Eesti.","canonical_url":"https:\/\/light24.lt\/fi\/toode\/siseruumide_valgustid\/rippvalgustid\/redo-bolla-32w-cct-2700k-3000k-dim\/","robots":"max-image-preview:large","keywords":"","webmasterTools":{"google-site-verification":"nxgDPK3Ouk6bwvuxlwlzeMOKszmf-8m57RDu5zAgN-Y","miscellaneous":""},"schema":{"@context":"https:\/\/schema.org","@graph":[{"@type":"BreadcrumbList","@id":"https:\/\/light24.lt\/fi\/toode\/siseruumide_valgustid\/rippvalgustid\/redo-bolla-32w-cct-2700k-3000k-dim\/#breadcrumblist","itemListElement":[{"@type":"ListItem","@id":"https:\/\/light24.lt\/fi#listItem","position":1,"name":"Home","item":"https:\/\/light24.lt\/fi","nextItem":{"@type":"ListItem","@id":"https:\/\/light24.lt\/fi\/shop\/#listItem","name":"Verkkokauppa"}},{"@type":"ListItem","@id":"https:\/\/light24.lt\/fi\/shop\/#listItem","position":2,"name":"Verkkokauppa","item":"https:\/\/light24.lt\/fi\/shop\/","nextItem":{"@type":"ListItem","@id":"https:\/\/light24.lt\/fi\/product-category\/siseruumide_valgustid\/#listItem","name":"Sis\u00e4valaisimet"},"previousItem":{"@type":"ListItem","@id":"https:\/\/light24.lt\/fi#listItem","name":"Home"}},{"@type":"ListItem","@id":"https:\/\/light24.lt\/fi\/product-category\/siseruumide_valgustid\/#listItem","position":3,"name":"Sis\u00e4valaisimet","item":"https:\/\/light24.lt\/fi\/product-category\/siseruumide_valgustid\/","nextItem":{"@type":"ListItem","@id":"https:\/\/light24.lt\/fi\/product-category\/siseruumide_valgustid\/rippvalgustid\/#listItem","name":"Riippuvalaisin"},"previousItem":{"@type":"ListItem","@id":"https:\/\/light24.lt\/fi\/shop\/#listItem","name":"Verkkokauppa"}},{"@type":"ListItem","@id":"https:\/\/light24.lt\/fi\/product-category\/siseruumide_valgustid\/rippvalgustid\/#listItem","position":4,"name":"Riippuvalaisin","item":"https:\/\/light24.lt\/fi\/product-category\/siseruumide_valgustid\/rippvalgustid\/","nextItem":{"@type":"ListItem","@id":"https:\/\/light24.lt\/fi\/toode\/siseruumide_valgustid\/rippvalgustid\/redo-bolla-32w-cct-2700k-3000k-dim\/#listItem","name":"Redo Bolla 32W CCT 2700K\/3000K DIM"},"previousItem":{"@type":"ListItem","@id":"https:\/\/light24.lt\/fi\/product-category\/siseruumide_valgustid\/#listItem","name":"Sis\u00e4valaisimet"}},{"@type":"ListItem","@id":"https:\/\/light24.lt\/fi\/toode\/siseruumide_valgustid\/rippvalgustid\/redo-bolla-32w-cct-2700k-3000k-dim\/#listItem","position":5,"name":"Redo Bolla 32W CCT 2700K\/3000K DIM","previousItem":{"@type":"ListItem","@id":"https:\/\/light24.lt\/fi\/product-category\/siseruumide_valgustid\/rippvalgustid\/#listItem","name":"Riippuvalaisin"}}]},{"@type":"Organization","@id":"https:\/\/light24.lt\/fi\/#organization","name":"Light24","description":"Valon tavaratalo | Ammatillinen valaistusratkaisut","url":"https:\/\/light24.lt\/fi\/","telephone":"+3725184133","logo":{"@type":"ImageObject","url":"https:\/\/www.light24.ee\/wp-content\/uploads\/2022\/03\/Shape-2-3.svg","@id":"https:\/\/light24.lt\/fi\/toode\/siseruumide_valgustid\/rippvalgustid\/redo-bolla-32w-cct-2700k-3000k-dim\/#organizationLogo"},"image":{"@id":"https:\/\/light24.lt\/fi\/toode\/siseruumide_valgustid\/rippvalgustid\/redo-bolla-32w-cct-2700k-3000k-dim\/#organizationLogo"},"sameAs":["https:\/\/www.facebook.com\/light24.ee","https:\/\/www.instagram.com\/light24official\/"]},{"@type":"ProductGroup","@id":"https:\/\/light24.lt\/fi\/toode\/siseruumide_valgustid\/rippvalgustid\/redo-bolla-32w-cct-2700k-3000k-dim\/#wooCommerceProduct","name":"Redo Bolla 32W CCT 2700K\/3000K DIM","url":"https:\/\/light24.lt\/fi\/toode\/siseruumide_valgustid\/rippvalgustid\/redo-bolla-32w-cct-2700k-3000k-dim\/","sku":"RED100435","image":{"@type":"ImageObject","url":"https:\/\/light24.lt\/wp-content\/uploads\/2025\/09\/01-4553.jpg","@id":"https:\/\/light24.lt\/fi\/toode\/siseruumide_valgustid\/rippvalgustid\/redo-bolla-32w-cct-2700k-3000k-dim\/#productImage","width":1000,"height":1000},"productGroupID":150961,"hasVariant":[{"@type":"Product","@id":"https:\/\/light24.lt\/fi\/toode\/siseruumide_valgustid\/rippvalgustid\/redo-bolla-32w-cct-2700k-3000k-dim\/#wooCommerceProduct","name":"Redo Bolla 32W CCT 2700K\/3000K DIM - pruun","url":"https:\/\/light24.lt\/fi\/toode\/siseruumide_valgustid\/rippvalgustid\/redo-bolla-32w-cct-2700k-3000k-dim\/","sku":"RED100435","image":{"@type":"ImageObject","url":"https:\/\/light24.lt\/wp-content\/uploads\/2025\/09\/01-4553.jpg","@id":"https:\/\/light24.lt\/fi\/toode\/siseruumide_valgustid\/rippvalgustid\/redo-bolla-32w-cct-2700k-3000k-dim\/#productImage","width":1000,"height":1000},"offers":{"@type":"Offer","url":"https:\/\/light24.lt\/fi\/toode\/siseruumide_valgustid\/rippvalgustid\/redo-bolla-32w-cct-2700k-3000k-dim\/#wooCommerceOffer","price":"206","priceCurrency":"EUR","category":"Sis\u00e4valaisimet","availability":"https:\/\/schema.org\/InStock","priceSpecification":{"@type":"PriceSpecification","price":206,"priceCurrency":"EUR","valueAddedTaxIncluded":"true"}}},{"@type":"Product","@id":"https:\/\/light24.lt\/fi\/toode\/siseruumide_valgustid\/rippvalgustid\/redo-bolla-32w-cct-2700k-3000k-dim\/#wooCommerceProduct","name":"Redo Bolla 32W CCT 2700K\/3000K DIM - must","url":"https:\/\/light24.lt\/fi\/toode\/siseruumide_valgustid\/rippvalgustid\/redo-bolla-32w-cct-2700k-3000k-dim\/","sku":"RED100435","image":{"@type":"ImageObject","url":"https:\/\/light24.lt\/wp-content\/uploads\/2025\/09\/01-4554.jpg","@id":"https:\/\/light24.lt\/fi\/toode\/siseruumide_valgustid\/rippvalgustid\/redo-bolla-32w-cct-2700k-3000k-dim\/#productImage","width":1000,"height":1000},"offers":{"@type":"Offer","url":"https:\/\/light24.lt\/fi\/toode\/siseruumide_valgustid\/rippvalgustid\/redo-bolla-32w-cct-2700k-3000k-dim\/#wooCommerceOffer","price":"206","priceCurrency":"EUR","category":"Sis\u00e4valaisimet","availability":"https:\/\/schema.org\/InStock","priceSpecification":{"@type":"PriceSpecification","price":206,"priceCurrency":"EUR","valueAddedTaxIncluded":"true"}}},{"@type":"Product","@id":"https:\/\/light24.lt\/fi\/toode\/siseruumide_valgustid\/rippvalgustid\/redo-bolla-32w-cct-2700k-3000k-dim\/#wooCommerceProduct","name":"Redo Bolla 32W CCT 2700K\/3000K DIM - matt-kuld","url":"https:\/\/light24.lt\/fi\/toode\/siseruumide_valgustid\/rippvalgustid\/redo-bolla-32w-cct-2700k-3000k-dim\/","sku":"RED100435","image":{"@type":"ImageObject","url":"https:\/\/light24.lt\/wp-content\/uploads\/2025\/09\/01-4552.jpg","@id":"https:\/\/light24.lt\/fi\/toode\/siseruumide_valgustid\/rippvalgustid\/redo-bolla-32w-cct-2700k-3000k-dim\/#productImage","width":1000,"height":1000},"offers":{"@type":"Offer","url":"https:\/\/light24.lt\/fi\/toode\/siseruumide_valgustid\/rippvalgustid\/redo-bolla-32w-cct-2700k-3000k-dim\/#wooCommerceOffer","price":"206","priceCurrency":"EUR","category":"Sis\u00e4valaisimet","availability":"https:\/\/schema.org\/InStock","priceSpecification":{"@type":"PriceSpecification","price":206,"priceCurrency":"EUR","valueAddedTaxIncluded":"true"}}}]},{"@type":"WebPage","@id":"https:\/\/light24.lt\/fi\/toode\/siseruumide_valgustid\/rippvalgustid\/redo-bolla-32w-cct-2700k-3000k-dim\/#webpage","url":"https:\/\/light24.lt\/fi\/toode\/siseruumide_valgustid\/rippvalgustid\/redo-bolla-32w-cct-2700k-3000k-dim\/","name":"Redo Bolla 32W CCT 2700K\/3000K DIM \u2022 Light24","description":"Anteeksi, mutta t\u00e4m\u00e4 kirjoitus on saatavana ainoastaan n\u00e4ill\u00e4 kielill\u00e4: Eesti.","inLanguage":"fi","isPartOf":{"@id":"https:\/\/light24.lt\/fi\/#website"},"breadcrumb":{"@id":"https:\/\/light24.lt\/fi\/toode\/siseruumide_valgustid\/rippvalgustid\/redo-bolla-32w-cct-2700k-3000k-dim\/#breadcrumblist"},"image":{"@type":"ImageObject","url":"https:\/\/light24.lt\/wp-content\/uploads\/2025\/09\/01-4553.jpg","@id":"https:\/\/light24.lt\/fi\/toode\/siseruumide_valgustid\/rippvalgustid\/redo-bolla-32w-cct-2700k-3000k-dim\/#mainImage","width":1000,"height":1000},"primaryImageOfPage":{"@id":"https:\/\/light24.lt\/fi\/toode\/siseruumide_valgustid\/rippvalgustid\/redo-bolla-32w-cct-2700k-3000k-dim\/#mainImage"},"datePublished":"2025-09-11T10:30:28+03:00","dateModified":"2025-09-12T10:34:32+03:00"},{"@type":"WebSite","@id":"https:\/\/light24.lt\/fi\/#website","url":"https:\/\/light24.lt\/fi\/","name":"Light24","description":"Valon tavaratalo | Ammatillinen valaistusratkaisut","inLanguage":"fi","publisher":{"@id":"https:\/\/light24.lt\/fi\/#organization"}}]},"og:locale":"fi_FI","og:site_name":"Light24 \u2022 Valon tavaratalo | Ammatillinen valaistusratkaisut","og:type":"article","og:title":"Redo Bolla 32W CCT 2700K\/3000K DIM \u2022 Light24","og:description":"Anteeksi, mutta t\u00e4m\u00e4 kirjoitus on saatavana ainoastaan n\u00e4ill\u00e4 kielill\u00e4: Eesti.","og:url":"https:\/\/light24.lt\/fi\/toode\/siseruumide_valgustid\/rippvalgustid\/redo-bolla-32w-cct-2700k-3000k-dim\/","og:image":"https:\/\/light24.lt\/wp-content\/uploads\/2025\/09\/01-4553.jpg","og:image:secure_url":"https:\/\/light24.lt\/wp-content\/uploads\/2025\/09\/01-4553.jpg","og:image:width":1000,"og:image:height":1000,"article:published_time":"2025-09-11T07:30:28+00:00","article:modified_time":"2025-09-12T07:34:32+00:00","article:publisher":"https:\/\/www.facebook.com\/light24.ee","twitter:card":"summary","twitter:title":"Redo Bolla 32W CCT 2700K\/3000K DIM \u2022 Light24","twitter:description":"Anteeksi, mutta t\u00e4m\u00e4 kirjoitus on saatavana ainoastaan n\u00e4ill\u00e4 kielill\u00e4: Eesti.","twitter:image":"https:\/\/light24.lt\/wp-content\/uploads\/2025\/09\/01-4553.jpg"},"aioseo_meta_data":{"post_id":"150961","title":null,"description":null,"keywords":null,"keyphrases":{"focus":{"keyphrase":"","score":0,"analysis":{"keyphraseInTitle":{"score":0,"maxScore":9,"error":1}}},"additional":[]},"primary_term":null,"canonical_url":null,"og_title":null,"og_description":null,"og_object_type":"default","og_image_type":"default","og_image_url":null,"og_image_width":null,"og_image_height":null,"og_image_custom_url":null,"og_image_custom_fields":null,"og_video":"","og_custom_url":null,"og_article_section":null,"og_article_tags":null,"twitter_use_og":false,"twitter_card":"default","twitter_image_type":"default","twitter_image_url":null,"twitter_image_custom_url":null,"twitter_image_custom_fields":null,"twitter_title":null,"twitter_description":null,"schema":{"blockGraphs":[],"customGraphs":[],"default":{"data":{"Article":[],"Course":[],"Dataset":[],"FAQPage":[],"Movie":[],"Person":[],"Product":[],"ProductReview":[],"Car":[],"Recipe":[],"Service":[],"SoftwareApplication":[],"WebPage":[]},"graphName":"Product","isEnabled":true},"graphs":[]},"schema_type":"default","schema_type_options":null,"pillar_content":false,"robots_default":true,"robots_noindex":false,"robots_noarchive":false,"robots_nosnippet":false,"robots_nofollow":false,"robots_noimageindex":false,"robots_noodp":false,"robots_notranslate":false,"robots_max_snippet":"-1","robots_max_videopreview":"-1","robots_max_imagepreview":"large","priority":null,"frequency":"default","local_seo":null,"seo_analyzer_scan_date":"2025-10-27 17:07:07","breadcrumb_settings":null,"limit_modified_date":false,"reviewed_by":null,"open_ai":"{\"title\":{\"suggestions\":[],\"usage\":0},\"description\":{\"suggestions\":[],\"usage\":0}}","ai":{"faqs":[],"keyPoints":[],"titles":[],"descriptions":[],"socialPosts":{"email":[],"linkedin":[],"twitter":[],"facebook":[],"instagram":[]}},"created":"2025-09-11 07:30:28","updated":"2025-10-27 17:07:07"},"aioseo_breadcrumb":"<div class=\"aioseo-breadcrumbs\"><span class=\"aioseo-breadcrumb\">\n\t<a href=\"https:\/\/light24.lt\/fi\" title=\"Home\">Home<\/a>\n<\/span><span class=\"aioseo-breadcrumb-separator\">&raquo;<\/span><span class=\"aioseo-breadcrumb\">\n\t<a href=\"https:\/\/light24.lt\/fi\/shop\/\" title=\"Verkkokauppa\">Verkkokauppa<\/a>\n<\/span><span class=\"aioseo-breadcrumb-separator\">&raquo;<\/span><span class=\"aioseo-breadcrumb\">\n\t<a href=\"https:\/\/light24.lt\/fi\/product-category\/siseruumide_valgustid\/\" title=\"Sis\u00e4valaisimet\">Sis\u00e4valaisimet<\/a>\n<\/span><span class=\"aioseo-breadcrumb-separator\">&raquo;<\/span><span class=\"aioseo-breadcrumb\">\n\t<a href=\"https:\/\/light24.lt\/fi\/product-category\/siseruumide_valgustid\/rippvalgustid\/\" title=\"Riippuvalaisin\">Riippuvalaisin<\/a>\n<\/span><span class=\"aioseo-breadcrumb-separator\">&raquo;<\/span><span class=\"aioseo-breadcrumb\">\n\tRedo Bolla 32W CCT 2700K\/3000K DIM\n<\/span><\/div>","aioseo_breadcrumb_json":[{"label":"Home","link":"https:\/\/light24.lt\/fi"},{"label":"Verkkokauppa","link":"https:\/\/light24.lt\/fi\/shop\/"},{"label":"Sis\u00e4valaisimet","link":"https:\/\/light24.lt\/fi\/product-category\/siseruumide_valgustid\/"},{"label":"Riippuvalaisin","link":"https:\/\/light24.lt\/fi\/product-category\/siseruumide_valgustid\/rippvalgustid\/"},{"label":"Redo Bolla 32W CCT 2700K\/3000K DIM","link":"https:\/\/light24.lt\/fi\/toode\/siseruumide_valgustid\/rippvalgustid\/redo-bolla-32w-cct-2700k-3000k-dim\/"}],"_links":{"self":[{"href":"https:\/\/light24.lt\/fi\/wp-json\/wp\/v2\/product\/150961","targetHints":{"allow":["GET"]}}],"collection":[{"href":"https:\/\/light24.lt\/fi\/wp-json\/wp\/v2\/product"}],"about":[{"href":"https:\/\/light24.lt\/fi\/wp-json\/wp\/v2\/types\/product"}],"replies":[{"embeddable":true,"href":"https:\/\/light24.lt\/fi\/wp-json\/wp\/v2\/comments?post=150961"}],"wp:featuredmedia":[{"embeddable":true,"href":"https:\/\/light24.lt\/fi\/wp-json\/wp\/v2\/media\/150964"}],"wp:attachment":[{"href":"https:\/\/light24.lt\/fi\/wp-json\/wp\/v2\/media?parent=150961"}],"wp:term":[{"taxonomy":"product_cat","embeddable":true,"href":"https:\/\/light24.lt\/fi\/wp-json\/wp\/v2\/product_cat?post=150961"},{"taxonomy":"product_tag","embeddable":true,"href":"https:\/\/light24.lt\/fi\/wp-json\/wp\/v2\/product_tag?post=150961"}],"curies":[{"name":"wp","href":"https:\/\/api.w.org\/{rel}","templated":true}]}}