{"id":135321,"date":"2024-10-06T18:45:35","date_gmt":"2024-10-06T15:45:35","guid":{"rendered":"https:\/\/light24.ee\/?post_type=product&#038;p=135321"},"modified":"2024-10-06T18:45:35","modified_gmt":"2024-10-06T15:45:35","slug":"arelux-xcanon-7w-3000k","status":"publish","type":"product","link":"https:\/\/light24.lt\/fi\/toode\/siseruumide_valgustid\/suvistatavad-valgustid\/arelux-xcanon-7w-3000k\/","title":{"rendered":"Arelux XCANON 7W 3000K"},"content":{"rendered":"<p>Sarja uppovalaisin sis\u00e4tiloihin, py\u00f6reisiin tai neli\u00f6muotoihin, s\u00e4\u00e4dett\u00e4vill\u00e4 projektoreilla, asennettava vanteella tai ilman reunaa, varustettu COB LEDill\u00e4.<\/p>\n<p>Tutustu <strong><a href=\"https:\/\/en.arelux.ro\/media\/catalogpages\/catalog_pages_xcanon.pdf\" target=\"_blank\" rel=\"noopener\">XCANON -sarjan<\/a> <\/strong>valikoimaan ja <strong><a href=\"mailto:info@light24.fi\" target=\"_blank\" rel=\"noopener\">kysy lis\u00e4tietoja ja tarjous<\/a><\/strong><\/p>","protected":false},"excerpt":{"rendered":"<p>Sarja uppovalaisin sis\u00e4tiloihin, py\u00f6reisiin tai neli\u00f6muotoihin, s\u00e4\u00e4dett\u00e4vill\u00e4 projektoreilla, asennettava vanteella tai ilman reunaa, varustettu COB LEDill\u00e4. Tutustu XCANON -sarjan valikoimaan ja kysy lis\u00e4tietoja ja tarjous<\/p>\n","protected":false},"featured_media":135324,"comment_status":"closed","ping_status":"closed","template":"","meta":{"_acf_changed":false},"product_cat":[7280,2738,2904,255],"product_tag":[8302],"class_list":{"0":"post-135321","1":"product","2":"type-product","3":"status-publish","4":"has-post-thumbnail","6":"product_cat-siseruumide_valgustid","7":"product_cat-suvistatavad-valgustid","8":"product_cat-arhitektuursed-valgustid","9":"product_cat-allvalgustid","10":"product_tag-arelux","11":"product_shipping_class-standard","12":"pa_materjal-polukarbonaat","13":"pa_materjal-teras","14":"pa_otstarve-suvisvalgustid-buroosse","15":"pa_otstarve-tehnilised-suvistatavad-allvalgustid","16":"pa_ruumid-kaubanduspinnad","17":"pa_ruumid-elutuba","18":"pa_ruumid-soogituba","19":"pa_ruumid-esik_ja_trepihall","20":"pa_ruumid-buroo","21":"pa_ruumid-galerii","22":"pa_ruumid-hotellid-ja-restoranid","23":"pa_tarneaeg-2-3-nadalat","24":"pa_varv-must","25":"pa_varv-valge","27":"first","28":"instock","29":"taxable","30":"shipping-taxable","31":"purchasable","32":"product-type-variable"},"acf":[],"aioseo_notices":[],"aioseo_head":"\n\t\t<!-- All in One SEO Pro 4.9.5.2 - aioseo.com -->\n\t<meta name=\"description\" content=\"Sarja uppovalaisin sis\u00e4tiloihin, py\u00f6reisiin tai neli\u00f6muotoihin, s\u00e4\u00e4dett\u00e4vill\u00e4 projektoreilla, asennettava vanteella tai ilman reunaa, varustettu COB LEDill\u00e4. Tutustu XCANON -sarjan valikoimaan ja kysy lis\u00e4tietoja ja tarjous\" \/>\n\t<meta name=\"robots\" content=\"max-image-preview:large\" \/>\n\t<meta name=\"google-site-verification\" content=\"nxgDPK3Ouk6bwvuxlwlzeMOKszmf-8m57RDu5zAgN-Y\" \/>\n\t<link rel=\"canonical\" href=\"https:\/\/light24.lt\/fi\/toode\/siseruumide_valgustid\/suvistatavad-valgustid\/arelux-xcanon-7w-3000k\/\" \/>\n\t<meta name=\"generator\" content=\"All in One SEO Pro (AIOSEO) 4.9.5.2\" \/>\n\t\t<meta property=\"og:locale\" content=\"fi_FI\" \/>\n\t\t<meta property=\"og:site_name\" content=\"Light24 \u2022 Valon tavaratalo | Ammatillinen valaistusratkaisut\" \/>\n\t\t<meta property=\"og:type\" content=\"article\" \/>\n\t\t<meta property=\"og:title\" content=\"Arelux XCANON 7W 3000K \u2022 Light24\" \/>\n\t\t<meta property=\"og:description\" content=\"Sarja uppovalaisin sis\u00e4tiloihin, py\u00f6reisiin tai neli\u00f6muotoihin, s\u00e4\u00e4dett\u00e4vill\u00e4 projektoreilla, asennettava vanteella tai ilman reunaa, varustettu COB LEDill\u00e4. Tutustu XCANON -sarjan valikoimaan ja kysy lis\u00e4tietoja ja tarjous\" \/>\n\t\t<meta property=\"og:url\" content=\"https:\/\/light24.lt\/fi\/toode\/siseruumide_valgustid\/suvistatavad-valgustid\/arelux-xcanon-7w-3000k\/\" \/>\n\t\t<meta property=\"og:image\" content=\"https:\/\/light24.lt\/wp-content\/uploads\/2024\/10\/xcanon__3.jpg\" \/>\n\t\t<meta property=\"og:image:secure_url\" content=\"https:\/\/light24.lt\/wp-content\/uploads\/2024\/10\/xcanon__3.jpg\" \/>\n\t\t<meta property=\"og:image:width\" content=\"650\" \/>\n\t\t<meta property=\"og:image:height\" content=\"650\" \/>\n\t\t<meta property=\"article:published_time\" content=\"2024-10-06T15:45:35+00:00\" \/>\n\t\t<meta property=\"article:modified_time\" content=\"2024-10-06T15:45:35+00:00\" \/>\n\t\t<meta property=\"article:publisher\" content=\"https:\/\/www.facebook.com\/light24.ee\" \/>\n\t\t<meta name=\"twitter:card\" content=\"summary\" \/>\n\t\t<meta name=\"twitter:title\" content=\"Arelux XCANON 7W 3000K \u2022 Light24\" \/>\n\t\t<meta name=\"twitter:description\" content=\"Sarja uppovalaisin sis\u00e4tiloihin, py\u00f6reisiin tai neli\u00f6muotoihin, s\u00e4\u00e4dett\u00e4vill\u00e4 projektoreilla, asennettava vanteella tai ilman reunaa, varustettu COB LEDill\u00e4. Tutustu XCANON -sarjan valikoimaan ja kysy lis\u00e4tietoja ja tarjous\" \/>\n\t\t<meta name=\"twitter:image\" content=\"https:\/\/light24.lt\/wp-content\/uploads\/2024\/10\/xcanon__3.jpg\" \/>\n\t\t<script type=\"application\/ld+json\" class=\"aioseo-schema\">\n\t\t\t{\"@context\":\"https:\\\/\\\/schema.org\",\"@graph\":[{\"@type\":\"BreadcrumbList\",\"@id\":\"https:\\\/\\\/light24.lt\\\/fi\\\/toode\\\/siseruumide_valgustid\\\/suvistatavad-valgustid\\\/arelux-xcanon-7w-3000k\\\/#breadcrumblist\",\"itemListElement\":[{\"@type\":\"ListItem\",\"@id\":\"https:\\\/\\\/light24.lt\\\/fi#listItem\",\"position\":1,\"name\":\"Home\",\"item\":\"https:\\\/\\\/light24.lt\\\/fi\",\"nextItem\":{\"@type\":\"ListItem\",\"@id\":\"https:\\\/\\\/light24.lt\\\/fi\\\/shop\\\/#listItem\",\"name\":\"Verkkokauppa\"}},{\"@type\":\"ListItem\",\"@id\":\"https:\\\/\\\/light24.lt\\\/fi\\\/shop\\\/#listItem\",\"position\":2,\"name\":\"Verkkokauppa\",\"item\":\"https:\\\/\\\/light24.lt\\\/fi\\\/shop\\\/\",\"nextItem\":{\"@type\":\"ListItem\",\"@id\":\"https:\\\/\\\/light24.lt\\\/fi\\\/product-category\\\/arhitektuursed-valgustid\\\/#listItem\",\"name\":\"Arhitektuursed valgustid\"},\"previousItem\":{\"@type\":\"ListItem\",\"@id\":\"https:\\\/\\\/light24.lt\\\/fi#listItem\",\"name\":\"Home\"}},{\"@type\":\"ListItem\",\"@id\":\"https:\\\/\\\/light24.lt\\\/fi\\\/product-category\\\/arhitektuursed-valgustid\\\/#listItem\",\"position\":3,\"name\":\"Arhitektuursed valgustid\",\"item\":\"https:\\\/\\\/light24.lt\\\/fi\\\/product-category\\\/arhitektuursed-valgustid\\\/\",\"nextItem\":{\"@type\":\"ListItem\",\"@id\":\"https:\\\/\\\/light24.lt\\\/fi\\\/product-category\\\/arhitektuursed-valgustid\\\/allvalgustid\\\/#listItem\",\"name\":\"Alasvalot\"},\"previousItem\":{\"@type\":\"ListItem\",\"@id\":\"https:\\\/\\\/light24.lt\\\/fi\\\/shop\\\/#listItem\",\"name\":\"Verkkokauppa\"}},{\"@type\":\"ListItem\",\"@id\":\"https:\\\/\\\/light24.lt\\\/fi\\\/product-category\\\/arhitektuursed-valgustid\\\/allvalgustid\\\/#listItem\",\"position\":4,\"name\":\"Alasvalot\",\"item\":\"https:\\\/\\\/light24.lt\\\/fi\\\/product-category\\\/arhitektuursed-valgustid\\\/allvalgustid\\\/\",\"nextItem\":{\"@type\":\"ListItem\",\"@id\":\"https:\\\/\\\/light24.lt\\\/fi\\\/toode\\\/siseruumide_valgustid\\\/suvistatavad-valgustid\\\/arelux-xcanon-7w-3000k\\\/#listItem\",\"name\":\"Arelux XCANON 7W 3000K\"},\"previousItem\":{\"@type\":\"ListItem\",\"@id\":\"https:\\\/\\\/light24.lt\\\/fi\\\/product-category\\\/arhitektuursed-valgustid\\\/#listItem\",\"name\":\"Arhitektuursed valgustid\"}},{\"@type\":\"ListItem\",\"@id\":\"https:\\\/\\\/light24.lt\\\/fi\\\/toode\\\/siseruumide_valgustid\\\/suvistatavad-valgustid\\\/arelux-xcanon-7w-3000k\\\/#listItem\",\"position\":5,\"name\":\"Arelux XCANON 7W 3000K\",\"previousItem\":{\"@type\":\"ListItem\",\"@id\":\"https:\\\/\\\/light24.lt\\\/fi\\\/product-category\\\/arhitektuursed-valgustid\\\/allvalgustid\\\/#listItem\",\"name\":\"Alasvalot\"}}]},{\"@type\":\"Organization\",\"@id\":\"https:\\\/\\\/light24.lt\\\/fi\\\/#organization\",\"name\":\"Light24\",\"description\":\"Valon tavaratalo | Ammatillinen valaistusratkaisut\",\"url\":\"https:\\\/\\\/light24.lt\\\/fi\\\/\",\"telephone\":\"+3725184133\",\"logo\":{\"@type\":\"ImageObject\",\"url\":\"https:\\\/\\\/www.light24.ee\\\/wp-content\\\/uploads\\\/2022\\\/03\\\/Shape-2-3.svg\",\"@id\":\"https:\\\/\\\/light24.lt\\\/fi\\\/toode\\\/siseruumide_valgustid\\\/suvistatavad-valgustid\\\/arelux-xcanon-7w-3000k\\\/#organizationLogo\"},\"image\":{\"@id\":\"https:\\\/\\\/light24.lt\\\/fi\\\/toode\\\/siseruumide_valgustid\\\/suvistatavad-valgustid\\\/arelux-xcanon-7w-3000k\\\/#organizationLogo\"},\"sameAs\":[\"https:\\\/\\\/www.facebook.com\\\/light24.ee\",\"https:\\\/\\\/www.instagram.com\\\/light24official\\\/\"]},{\"@type\":\"ProductGroup\",\"@id\":\"https:\\\/\\\/light24.lt\\\/fi\\\/toode\\\/siseruumide_valgustid\\\/suvistatavad-valgustid\\\/arelux-xcanon-7w-3000k\\\/#wooCommerceProduct\",\"name\":\"Arelux XCANON 7W 3000K\",\"url\":\"https:\\\/\\\/light24.lt\\\/fi\\\/toode\\\/siseruumide_valgustid\\\/suvistatavad-valgustid\\\/arelux-xcanon-7w-3000k\\\/\",\"sku\":\"ARE11026-2\",\"image\":{\"@type\":\"ImageObject\",\"url\":\"https:\\\/\\\/light24.lt\\\/wp-content\\\/uploads\\\/2024\\\/10\\\/xcanon__3.jpg\",\"@id\":\"https:\\\/\\\/light24.lt\\\/fi\\\/toode\\\/siseruumide_valgustid\\\/suvistatavad-valgustid\\\/arelux-xcanon-7w-3000k\\\/#productImage\",\"width\":650,\"height\":650},\"productGroupID\":135321,\"hasVariant\":[{\"@type\":\"Product\",\"@id\":\"https:\\\/\\\/light24.lt\\\/fi\\\/toode\\\/siseruumide_valgustid\\\/suvistatavad-valgustid\\\/arelux-xcanon-7w-3000k\\\/#wooCommerceProduct\",\"name\":\"Arelux XCANON 7W 3000K - must\",\"url\":\"https:\\\/\\\/light24.lt\\\/fi\\\/toode\\\/siseruumide_valgustid\\\/suvistatavad-valgustid\\\/arelux-xcanon-7w-3000k\\\/\",\"sku\":\"ARE11026-2\",\"image\":{\"@type\":\"ImageObject\",\"url\":\"https:\\\/\\\/light24.lt\\\/wp-content\\\/uploads\\\/2024\\\/10\\\/xcanon__6.jpg\",\"@id\":\"https:\\\/\\\/light24.lt\\\/fi\\\/toode\\\/siseruumide_valgustid\\\/suvistatavad-valgustid\\\/arelux-xcanon-7w-3000k\\\/#productImage\",\"width\":650,\"height\":650},\"offers\":{\"@type\":\"Offer\",\"url\":\"https:\\\/\\\/light24.lt\\\/fi\\\/toode\\\/siseruumide_valgustid\\\/suvistatavad-valgustid\\\/arelux-xcanon-7w-3000k\\\/#wooCommerceOffer\",\"price\":\"80\",\"priceCurrency\":\"EUR\",\"category\":\"Sis\\u00e4valaisimet\",\"availability\":\"https:\\\/\\\/schema.org\\\/InStock\",\"priceSpecification\":{\"@type\":\"PriceSpecification\",\"price\":80,\"priceCurrency\":\"EUR\",\"valueAddedTaxIncluded\":\"true\"}}},{\"@type\":\"Product\",\"@id\":\"https:\\\/\\\/light24.lt\\\/fi\\\/toode\\\/siseruumide_valgustid\\\/suvistatavad-valgustid\\\/arelux-xcanon-7w-3000k\\\/#wooCommerceProduct\",\"name\":\"Arelux XCANON 7W 3000K - valge\",\"url\":\"https:\\\/\\\/light24.lt\\\/fi\\\/toode\\\/siseruumide_valgustid\\\/suvistatavad-valgustid\\\/arelux-xcanon-7w-3000k\\\/\",\"sku\":\"ARE11026-2\",\"image\":{\"@type\":\"ImageObject\",\"url\":\"https:\\\/\\\/light24.lt\\\/wp-content\\\/uploads\\\/2024\\\/10\\\/xcanon__3.jpg\",\"@id\":\"https:\\\/\\\/light24.lt\\\/fi\\\/toode\\\/siseruumide_valgustid\\\/suvistatavad-valgustid\\\/arelux-xcanon-7w-3000k\\\/#productImage\",\"width\":650,\"height\":650},\"offers\":{\"@type\":\"Offer\",\"url\":\"https:\\\/\\\/light24.lt\\\/fi\\\/toode\\\/siseruumide_valgustid\\\/suvistatavad-valgustid\\\/arelux-xcanon-7w-3000k\\\/#wooCommerceOffer\",\"price\":\"80\",\"priceCurrency\":\"EUR\",\"category\":\"Sis\\u00e4valaisimet\",\"availability\":\"https:\\\/\\\/schema.org\\\/InStock\",\"priceSpecification\":{\"@type\":\"PriceSpecification\",\"price\":80,\"priceCurrency\":\"EUR\",\"valueAddedTaxIncluded\":\"true\"}}}]},{\"@type\":\"WebPage\",\"@id\":\"https:\\\/\\\/light24.lt\\\/fi\\\/toode\\\/siseruumide_valgustid\\\/suvistatavad-valgustid\\\/arelux-xcanon-7w-3000k\\\/#webpage\",\"url\":\"https:\\\/\\\/light24.lt\\\/fi\\\/toode\\\/siseruumide_valgustid\\\/suvistatavad-valgustid\\\/arelux-xcanon-7w-3000k\\\/\",\"name\":\"Arelux XCANON 7W 3000K \\u2022 Light24\",\"description\":\"Sarja uppovalaisin sis\\u00e4tiloihin, py\\u00f6reisiin tai neli\\u00f6muotoihin, s\\u00e4\\u00e4dett\\u00e4vill\\u00e4 projektoreilla, asennettava vanteella tai ilman reunaa, varustettu COB LEDill\\u00e4. Tutustu XCANON -sarjan valikoimaan ja kysy lis\\u00e4tietoja ja tarjous\",\"inLanguage\":\"fi\",\"isPartOf\":{\"@id\":\"https:\\\/\\\/light24.lt\\\/fi\\\/#website\"},\"breadcrumb\":{\"@id\":\"https:\\\/\\\/light24.lt\\\/fi\\\/toode\\\/siseruumide_valgustid\\\/suvistatavad-valgustid\\\/arelux-xcanon-7w-3000k\\\/#breadcrumblist\"},\"image\":{\"@type\":\"ImageObject\",\"url\":\"https:\\\/\\\/light24.lt\\\/wp-content\\\/uploads\\\/2024\\\/10\\\/xcanon__3.jpg\",\"@id\":\"https:\\\/\\\/light24.lt\\\/fi\\\/toode\\\/siseruumide_valgustid\\\/suvistatavad-valgustid\\\/arelux-xcanon-7w-3000k\\\/#mainImage\",\"width\":650,\"height\":650},\"primaryImageOfPage\":{\"@id\":\"https:\\\/\\\/light24.lt\\\/fi\\\/toode\\\/siseruumide_valgustid\\\/suvistatavad-valgustid\\\/arelux-xcanon-7w-3000k\\\/#mainImage\"},\"datePublished\":\"2024-10-06T18:45:35+03:00\",\"dateModified\":\"2024-10-06T18:45:35+03:00\"},{\"@type\":\"WebSite\",\"@id\":\"https:\\\/\\\/light24.lt\\\/fi\\\/#website\",\"url\":\"https:\\\/\\\/light24.lt\\\/fi\\\/\",\"name\":\"Light24\",\"description\":\"Valon tavaratalo | Ammatillinen valaistusratkaisut\",\"inLanguage\":\"fi\",\"publisher\":{\"@id\":\"https:\\\/\\\/light24.lt\\\/fi\\\/#organization\"}}]}\n\t\t<\/script>\n\t\t<!-- All in One SEO Pro -->\r\n\t\t<title>Arelux XCANON 7W 3000K \u2022 Light24<\/title>\n\n","aioseo_head_json":{"title":"Arelux XCANON 7W 3000K \u2022 Light24","description":"Sarja uppovalaisin sis\u00e4tiloihin, py\u00f6reisiin tai neli\u00f6muotoihin, s\u00e4\u00e4dett\u00e4vill\u00e4 projektoreilla, asennettava vanteella tai ilman reunaa, varustettu COB LEDill\u00e4. Tutustu XCANON -sarjan valikoimaan ja kysy lis\u00e4tietoja ja tarjous","canonical_url":"https:\/\/light24.lt\/fi\/toode\/siseruumide_valgustid\/suvistatavad-valgustid\/arelux-xcanon-7w-3000k\/","robots":"max-image-preview:large","keywords":"","webmasterTools":{"google-site-verification":"nxgDPK3Ouk6bwvuxlwlzeMOKszmf-8m57RDu5zAgN-Y","miscellaneous":""},"schema":{"@context":"https:\/\/schema.org","@graph":[{"@type":"BreadcrumbList","@id":"https:\/\/light24.lt\/fi\/toode\/siseruumide_valgustid\/suvistatavad-valgustid\/arelux-xcanon-7w-3000k\/#breadcrumblist","itemListElement":[{"@type":"ListItem","@id":"https:\/\/light24.lt\/fi#listItem","position":1,"name":"Home","item":"https:\/\/light24.lt\/fi","nextItem":{"@type":"ListItem","@id":"https:\/\/light24.lt\/fi\/shop\/#listItem","name":"Verkkokauppa"}},{"@type":"ListItem","@id":"https:\/\/light24.lt\/fi\/shop\/#listItem","position":2,"name":"Verkkokauppa","item":"https:\/\/light24.lt\/fi\/shop\/","nextItem":{"@type":"ListItem","@id":"https:\/\/light24.lt\/fi\/product-category\/arhitektuursed-valgustid\/#listItem","name":"Arhitektuursed valgustid"},"previousItem":{"@type":"ListItem","@id":"https:\/\/light24.lt\/fi#listItem","name":"Home"}},{"@type":"ListItem","@id":"https:\/\/light24.lt\/fi\/product-category\/arhitektuursed-valgustid\/#listItem","position":3,"name":"Arhitektuursed valgustid","item":"https:\/\/light24.lt\/fi\/product-category\/arhitektuursed-valgustid\/","nextItem":{"@type":"ListItem","@id":"https:\/\/light24.lt\/fi\/product-category\/arhitektuursed-valgustid\/allvalgustid\/#listItem","name":"Alasvalot"},"previousItem":{"@type":"ListItem","@id":"https:\/\/light24.lt\/fi\/shop\/#listItem","name":"Verkkokauppa"}},{"@type":"ListItem","@id":"https:\/\/light24.lt\/fi\/product-category\/arhitektuursed-valgustid\/allvalgustid\/#listItem","position":4,"name":"Alasvalot","item":"https:\/\/light24.lt\/fi\/product-category\/arhitektuursed-valgustid\/allvalgustid\/","nextItem":{"@type":"ListItem","@id":"https:\/\/light24.lt\/fi\/toode\/siseruumide_valgustid\/suvistatavad-valgustid\/arelux-xcanon-7w-3000k\/#listItem","name":"Arelux XCANON 7W 3000K"},"previousItem":{"@type":"ListItem","@id":"https:\/\/light24.lt\/fi\/product-category\/arhitektuursed-valgustid\/#listItem","name":"Arhitektuursed valgustid"}},{"@type":"ListItem","@id":"https:\/\/light24.lt\/fi\/toode\/siseruumide_valgustid\/suvistatavad-valgustid\/arelux-xcanon-7w-3000k\/#listItem","position":5,"name":"Arelux XCANON 7W 3000K","previousItem":{"@type":"ListItem","@id":"https:\/\/light24.lt\/fi\/product-category\/arhitektuursed-valgustid\/allvalgustid\/#listItem","name":"Alasvalot"}}]},{"@type":"Organization","@id":"https:\/\/light24.lt\/fi\/#organization","name":"Light24","description":"Valon tavaratalo | Ammatillinen valaistusratkaisut","url":"https:\/\/light24.lt\/fi\/","telephone":"+3725184133","logo":{"@type":"ImageObject","url":"https:\/\/www.light24.ee\/wp-content\/uploads\/2022\/03\/Shape-2-3.svg","@id":"https:\/\/light24.lt\/fi\/toode\/siseruumide_valgustid\/suvistatavad-valgustid\/arelux-xcanon-7w-3000k\/#organizationLogo"},"image":{"@id":"https:\/\/light24.lt\/fi\/toode\/siseruumide_valgustid\/suvistatavad-valgustid\/arelux-xcanon-7w-3000k\/#organizationLogo"},"sameAs":["https:\/\/www.facebook.com\/light24.ee","https:\/\/www.instagram.com\/light24official\/"]},{"@type":"ProductGroup","@id":"https:\/\/light24.lt\/fi\/toode\/siseruumide_valgustid\/suvistatavad-valgustid\/arelux-xcanon-7w-3000k\/#wooCommerceProduct","name":"Arelux XCANON 7W 3000K","url":"https:\/\/light24.lt\/fi\/toode\/siseruumide_valgustid\/suvistatavad-valgustid\/arelux-xcanon-7w-3000k\/","sku":"ARE11026-2","image":{"@type":"ImageObject","url":"https:\/\/light24.lt\/wp-content\/uploads\/2024\/10\/xcanon__3.jpg","@id":"https:\/\/light24.lt\/fi\/toode\/siseruumide_valgustid\/suvistatavad-valgustid\/arelux-xcanon-7w-3000k\/#productImage","width":650,"height":650},"productGroupID":135321,"hasVariant":[{"@type":"Product","@id":"https:\/\/light24.lt\/fi\/toode\/siseruumide_valgustid\/suvistatavad-valgustid\/arelux-xcanon-7w-3000k\/#wooCommerceProduct","name":"Arelux XCANON 7W 3000K - must","url":"https:\/\/light24.lt\/fi\/toode\/siseruumide_valgustid\/suvistatavad-valgustid\/arelux-xcanon-7w-3000k\/","sku":"ARE11026-2","image":{"@type":"ImageObject","url":"https:\/\/light24.lt\/wp-content\/uploads\/2024\/10\/xcanon__6.jpg","@id":"https:\/\/light24.lt\/fi\/toode\/siseruumide_valgustid\/suvistatavad-valgustid\/arelux-xcanon-7w-3000k\/#productImage","width":650,"height":650},"offers":{"@type":"Offer","url":"https:\/\/light24.lt\/fi\/toode\/siseruumide_valgustid\/suvistatavad-valgustid\/arelux-xcanon-7w-3000k\/#wooCommerceOffer","price":"80","priceCurrency":"EUR","category":"Sis\u00e4valaisimet","availability":"https:\/\/schema.org\/InStock","priceSpecification":{"@type":"PriceSpecification","price":80,"priceCurrency":"EUR","valueAddedTaxIncluded":"true"}}},{"@type":"Product","@id":"https:\/\/light24.lt\/fi\/toode\/siseruumide_valgustid\/suvistatavad-valgustid\/arelux-xcanon-7w-3000k\/#wooCommerceProduct","name":"Arelux XCANON 7W 3000K - valge","url":"https:\/\/light24.lt\/fi\/toode\/siseruumide_valgustid\/suvistatavad-valgustid\/arelux-xcanon-7w-3000k\/","sku":"ARE11026-2","image":{"@type":"ImageObject","url":"https:\/\/light24.lt\/wp-content\/uploads\/2024\/10\/xcanon__3.jpg","@id":"https:\/\/light24.lt\/fi\/toode\/siseruumide_valgustid\/suvistatavad-valgustid\/arelux-xcanon-7w-3000k\/#productImage","width":650,"height":650},"offers":{"@type":"Offer","url":"https:\/\/light24.lt\/fi\/toode\/siseruumide_valgustid\/suvistatavad-valgustid\/arelux-xcanon-7w-3000k\/#wooCommerceOffer","price":"80","priceCurrency":"EUR","category":"Sis\u00e4valaisimet","availability":"https:\/\/schema.org\/InStock","priceSpecification":{"@type":"PriceSpecification","price":80,"priceCurrency":"EUR","valueAddedTaxIncluded":"true"}}}]},{"@type":"WebPage","@id":"https:\/\/light24.lt\/fi\/toode\/siseruumide_valgustid\/suvistatavad-valgustid\/arelux-xcanon-7w-3000k\/#webpage","url":"https:\/\/light24.lt\/fi\/toode\/siseruumide_valgustid\/suvistatavad-valgustid\/arelux-xcanon-7w-3000k\/","name":"Arelux XCANON 7W 3000K \u2022 Light24","description":"Sarja uppovalaisin sis\u00e4tiloihin, py\u00f6reisiin tai neli\u00f6muotoihin, s\u00e4\u00e4dett\u00e4vill\u00e4 projektoreilla, asennettava vanteella tai ilman reunaa, varustettu COB LEDill\u00e4. Tutustu XCANON -sarjan valikoimaan ja kysy lis\u00e4tietoja ja tarjous","inLanguage":"fi","isPartOf":{"@id":"https:\/\/light24.lt\/fi\/#website"},"breadcrumb":{"@id":"https:\/\/light24.lt\/fi\/toode\/siseruumide_valgustid\/suvistatavad-valgustid\/arelux-xcanon-7w-3000k\/#breadcrumblist"},"image":{"@type":"ImageObject","url":"https:\/\/light24.lt\/wp-content\/uploads\/2024\/10\/xcanon__3.jpg","@id":"https:\/\/light24.lt\/fi\/toode\/siseruumide_valgustid\/suvistatavad-valgustid\/arelux-xcanon-7w-3000k\/#mainImage","width":650,"height":650},"primaryImageOfPage":{"@id":"https:\/\/light24.lt\/fi\/toode\/siseruumide_valgustid\/suvistatavad-valgustid\/arelux-xcanon-7w-3000k\/#mainImage"},"datePublished":"2024-10-06T18:45:35+03:00","dateModified":"2024-10-06T18:45:35+03:00"},{"@type":"WebSite","@id":"https:\/\/light24.lt\/fi\/#website","url":"https:\/\/light24.lt\/fi\/","name":"Light24","description":"Valon tavaratalo | Ammatillinen valaistusratkaisut","inLanguage":"fi","publisher":{"@id":"https:\/\/light24.lt\/fi\/#organization"}}]},"og:locale":"fi_FI","og:site_name":"Light24 \u2022 Valon tavaratalo | Ammatillinen valaistusratkaisut","og:type":"article","og:title":"Arelux XCANON 7W 3000K \u2022 Light24","og:description":"Sarja uppovalaisin sis\u00e4tiloihin, py\u00f6reisiin tai neli\u00f6muotoihin, s\u00e4\u00e4dett\u00e4vill\u00e4 projektoreilla, asennettava vanteella tai ilman reunaa, varustettu COB LEDill\u00e4. Tutustu XCANON -sarjan valikoimaan ja kysy lis\u00e4tietoja ja tarjous","og:url":"https:\/\/light24.lt\/fi\/toode\/siseruumide_valgustid\/suvistatavad-valgustid\/arelux-xcanon-7w-3000k\/","og:image":"https:\/\/light24.lt\/wp-content\/uploads\/2024\/10\/xcanon__3.jpg","og:image:secure_url":"https:\/\/light24.lt\/wp-content\/uploads\/2024\/10\/xcanon__3.jpg","og:image:width":650,"og:image:height":650,"article:published_time":"2024-10-06T15:45:35+00:00","article:modified_time":"2024-10-06T15:45:35+00:00","article:publisher":"https:\/\/www.facebook.com\/light24.ee","twitter:card":"summary","twitter:title":"Arelux XCANON 7W 3000K \u2022 Light24","twitter:description":"Sarja uppovalaisin sis\u00e4tiloihin, py\u00f6reisiin tai neli\u00f6muotoihin, s\u00e4\u00e4dett\u00e4vill\u00e4 projektoreilla, asennettava vanteella tai ilman reunaa, varustettu COB LEDill\u00e4. Tutustu XCANON -sarjan valikoimaan ja kysy lis\u00e4tietoja ja tarjous","twitter:image":"https:\/\/light24.lt\/wp-content\/uploads\/2024\/10\/xcanon__3.jpg"},"aioseo_meta_data":{"post_id":"135321","title":null,"description":null,"keywords":null,"keyphrases":{"focus":{"keyphrase":"","score":0,"analysis":{"keyphraseInTitle":{"score":0,"maxScore":9,"error":1}}},"additional":[]},"primary_term":null,"canonical_url":null,"og_title":null,"og_description":null,"og_object_type":"default","og_image_type":"default","og_image_url":null,"og_image_width":null,"og_image_height":null,"og_image_custom_url":null,"og_image_custom_fields":null,"og_video":"","og_custom_url":null,"og_article_section":null,"og_article_tags":null,"twitter_use_og":false,"twitter_card":"default","twitter_image_type":"default","twitter_image_url":null,"twitter_image_custom_url":null,"twitter_image_custom_fields":null,"twitter_title":null,"twitter_description":null,"schema":{"blockGraphs":[],"customGraphs":[],"default":{"data":{"Article":[],"Course":[],"Dataset":[],"FAQPage":[],"Movie":[],"Person":[],"Product":[],"ProductReview":[],"Car":[],"Recipe":[],"Service":[],"SoftwareApplication":[],"WebPage":[]},"graphName":"Product","isEnabled":true},"graphs":[],"defaultGraph":"","defaultPostTypeGraph":""},"schema_type":"default","schema_type_options":null,"pillar_content":false,"robots_default":true,"robots_noindex":false,"robots_noarchive":false,"robots_nosnippet":false,"robots_nofollow":false,"robots_noimageindex":false,"robots_noodp":false,"robots_notranslate":false,"robots_max_snippet":"-1","robots_max_videopreview":"-1","robots_max_imagepreview":"large","priority":null,"frequency":"default","local_seo":null,"seo_analyzer_scan_date":"2025-10-27 13:08:55","breadcrumb_settings":null,"limit_modified_date":false,"reviewed_by":null,"open_ai":"{\"title\":{\"suggestions\":[],\"usage\":0},\"description\":{\"suggestions\":[],\"usage\":0}}","ai":null,"created":"2024-10-05 18:31:13","updated":"2025-10-27 13:08:55"},"aioseo_breadcrumb":"<div class=\"aioseo-breadcrumbs\"><span class=\"aioseo-breadcrumb\">\n\t<a href=\"https:\/\/light24.lt\/fi\" title=\"Home\">Home<\/a>\n<\/span><span class=\"aioseo-breadcrumb-separator\">&raquo;<\/span><span class=\"aioseo-breadcrumb\">\n\t<a href=\"https:\/\/light24.lt\/fi\/shop\/\" title=\"Verkkokauppa\">Verkkokauppa<\/a>\n<\/span><span class=\"aioseo-breadcrumb-separator\">&raquo;<\/span><span class=\"aioseo-breadcrumb\">\n\t<a href=\"https:\/\/light24.lt\/fi\/product-category\/arhitektuursed-valgustid\/\" title=\"Arhitektuursed valgustid\">Arhitektuursed valgustid<\/a>\n<\/span><span class=\"aioseo-breadcrumb-separator\">&raquo;<\/span><span class=\"aioseo-breadcrumb\">\n\t<a href=\"https:\/\/light24.lt\/fi\/product-category\/arhitektuursed-valgustid\/allvalgustid\/\" title=\"Alasvalot\">Alasvalot<\/a>\n<\/span><span class=\"aioseo-breadcrumb-separator\">&raquo;<\/span><span class=\"aioseo-breadcrumb\">\n\tArelux XCANON 7W 3000K\n<\/span><\/div>","aioseo_breadcrumb_json":[{"label":"Home","link":"https:\/\/light24.lt\/fi"},{"label":"Verkkokauppa","link":"https:\/\/light24.lt\/fi\/shop\/"},{"label":"Arhitektuursed valgustid","link":"https:\/\/light24.lt\/fi\/product-category\/arhitektuursed-valgustid\/"},{"label":"Alasvalot","link":"https:\/\/light24.lt\/fi\/product-category\/arhitektuursed-valgustid\/allvalgustid\/"},{"label":"Arelux XCANON 7W 3000K","link":"https:\/\/light24.lt\/fi\/toode\/siseruumide_valgustid\/suvistatavad-valgustid\/arelux-xcanon-7w-3000k\/"}],"_links":{"self":[{"href":"https:\/\/light24.lt\/fi\/wp-json\/wp\/v2\/product\/135321","targetHints":{"allow":["GET"]}}],"collection":[{"href":"https:\/\/light24.lt\/fi\/wp-json\/wp\/v2\/product"}],"about":[{"href":"https:\/\/light24.lt\/fi\/wp-json\/wp\/v2\/types\/product"}],"replies":[{"embeddable":true,"href":"https:\/\/light24.lt\/fi\/wp-json\/wp\/v2\/comments?post=135321"}],"wp:featuredmedia":[{"embeddable":true,"href":"https:\/\/light24.lt\/fi\/wp-json\/wp\/v2\/media\/135324"}],"wp:attachment":[{"href":"https:\/\/light24.lt\/fi\/wp-json\/wp\/v2\/media?parent=135321"}],"wp:term":[{"taxonomy":"product_cat","embeddable":true,"href":"https:\/\/light24.lt\/fi\/wp-json\/wp\/v2\/product_cat?post=135321"},{"taxonomy":"product_tag","embeddable":true,"href":"https:\/\/light24.lt\/fi\/wp-json\/wp\/v2\/product_tag?post=135321"}],"curies":[{"name":"wp","href":"https:\/\/api.w.org\/{rel}","templated":true}]}}