{"id":107198,"date":"2022-09-19T10:53:58","date_gmt":"2022-09-19T07:53:58","guid":{"rendered":"https:\/\/www.light24.ee\/?post_type=product&#038;p=107198"},"modified":"2024-10-28T21:15:56","modified_gmt":"2024-10-28T19:15:56","slug":"gu10-decorative-cylinders","status":"publish","type":"product","link":"https:\/\/light24.lt\/fi\/toode\/siseruumide_valgustid\/pinnapealsed-allvalgustid\/gu10-decorative-cylinders\/","title":{"rendered":"Onelight Decorative Cylinder GU10"},"content":{"rendered":"<p><img decoding=\"async\" class=\"alignnone size-full wp-image-98770\" src=\"https:\/\/www.light24.ee\/wp-content\/uploads\/2022\/02\/1light_.jpg\" alt=\"\" width=\"182\" height=\"77\" \/><\/p>","protected":false},"excerpt":{"rendered":"","protected":false},"featured_media":107201,"comment_status":"closed","ping_status":"closed","template":"","meta":{"_acf_changed":false},"product_cat":[7280,2739],"product_tag":[7389],"class_list":{"0":"post-107198","1":"product","2":"type-product","3":"status-publish","4":"has-post-thumbnail","6":"product_cat-siseruumide_valgustid","7":"product_cat-pinnapealsed-allvalgustid","8":"product_tag-onelight","9":"product_shipping_class-small","10":"pa_ip-kaitseklass-1123","11":"pa_materjal-alumiinium","12":"pa_ruumid-elutuba","13":"pa_ruumid-soogituba","14":"pa_ruumid-kook","15":"pa_ruumid-esik_ja_trepihall","16":"pa_ruumid-kodukontor","17":"pa_ruumid-majapidamisruum","18":"pa_tarneaeg-10-paeva","19":"pa_tehnilised-andmed-15w-led-gu10","20":"pa_valgusallikas-komplektis-ei","21":"pa_varv-must","22":"pa_varv-valge","24":"first","25":"instock","26":"taxable","27":"shipping-taxable","28":"purchasable","29":"product-type-variable"},"acf":[],"aioseo_notices":[],"aioseo_head":"\n\t\t<!-- All in One SEO Pro 4.9.5.2 - aioseo.com -->\n\t<meta name=\"description\" content=\"Anteeksi, mutta t\u00e4m\u00e4 kirjoitus on saatavana ainoastaan n\u00e4ill\u00e4 kielill\u00e4: Eesti, English ja Latvie\u0161u.\" \/>\n\t<meta name=\"robots\" content=\"max-image-preview:large\" \/>\n\t<meta name=\"google-site-verification\" content=\"nxgDPK3Ouk6bwvuxlwlzeMOKszmf-8m57RDu5zAgN-Y\" \/>\n\t<link rel=\"canonical\" href=\"https:\/\/light24.lt\/fi\/toode\/siseruumide_valgustid\/pinnapealsed-allvalgustid\/gu10-decorative-cylinders\/\" \/>\n\t<meta name=\"generator\" content=\"All in One SEO Pro (AIOSEO) 4.9.5.2\" \/>\n\t\t<meta property=\"og:locale\" content=\"fi_FI\" \/>\n\t\t<meta property=\"og:site_name\" content=\"Light24 \u2022 Valon tavaratalo | Ammatillinen valaistusratkaisut\" \/>\n\t\t<meta property=\"og:type\" content=\"article\" \/>\n\t\t<meta property=\"og:title\" content=\"Onelight Decorative Cylinder GU10 \u2022 Light24\" \/>\n\t\t<meta property=\"og:description\" content=\"Anteeksi, mutta t\u00e4m\u00e4 kirjoitus on saatavana ainoastaan n\u00e4ill\u00e4 kielill\u00e4: Eesti, English ja Latvie\u0161u.\" \/>\n\t\t<meta property=\"og:url\" content=\"https:\/\/light24.lt\/fi\/toode\/siseruumide_valgustid\/pinnapealsed-allvalgustid\/gu10-decorative-cylinders\/\" \/>\n\t\t<meta property=\"og:image\" content=\"https:\/\/light24.lt\/wp-content\/uploads\/2022\/09\/12105T-W.jpg\" \/>\n\t\t<meta property=\"og:image:secure_url\" content=\"https:\/\/light24.lt\/wp-content\/uploads\/2022\/09\/12105T-W.jpg\" \/>\n\t\t<meta property=\"og:image:width\" content=\"1000\" \/>\n\t\t<meta property=\"og:image:height\" content=\"1000\" \/>\n\t\t<meta property=\"article:published_time\" content=\"2022-09-19T07:53:58+00:00\" \/>\n\t\t<meta property=\"article:modified_time\" content=\"2024-10-28T19:15:56+00:00\" \/>\n\t\t<meta property=\"article:publisher\" content=\"https:\/\/www.facebook.com\/light24.ee\" \/>\n\t\t<meta name=\"twitter:card\" content=\"summary\" \/>\n\t\t<meta name=\"twitter:title\" content=\"Onelight Decorative Cylinder GU10 \u2022 Light24\" \/>\n\t\t<meta name=\"twitter:description\" content=\"Anteeksi, mutta t\u00e4m\u00e4 kirjoitus on saatavana ainoastaan n\u00e4ill\u00e4 kielill\u00e4: Eesti, English ja Latvie\u0161u.\" \/>\n\t\t<meta name=\"twitter:image\" content=\"https:\/\/light24.lt\/wp-content\/uploads\/2022\/09\/12105T-W.jpg\" \/>\n\t\t<script type=\"application\/ld+json\" class=\"aioseo-schema\">\n\t\t\t{\"@context\":\"https:\\\/\\\/schema.org\",\"@graph\":[{\"@type\":\"BreadcrumbList\",\"@id\":\"https:\\\/\\\/light24.lt\\\/fi\\\/toode\\\/siseruumide_valgustid\\\/pinnapealsed-allvalgustid\\\/gu10-decorative-cylinders\\\/#breadcrumblist\",\"itemListElement\":[{\"@type\":\"ListItem\",\"@id\":\"https:\\\/\\\/light24.lt\\\/fi#listItem\",\"position\":1,\"name\":\"Home\",\"item\":\"https:\\\/\\\/light24.lt\\\/fi\",\"nextItem\":{\"@type\":\"ListItem\",\"@id\":\"https:\\\/\\\/light24.lt\\\/fi\\\/shop\\\/#listItem\",\"name\":\"Verkkokauppa\"}},{\"@type\":\"ListItem\",\"@id\":\"https:\\\/\\\/light24.lt\\\/fi\\\/shop\\\/#listItem\",\"position\":2,\"name\":\"Verkkokauppa\",\"item\":\"https:\\\/\\\/light24.lt\\\/fi\\\/shop\\\/\",\"nextItem\":{\"@type\":\"ListItem\",\"@id\":\"https:\\\/\\\/light24.lt\\\/fi\\\/product-category\\\/siseruumide_valgustid\\\/#listItem\",\"name\":\"Sis\\u00e4valaisimet\"},\"previousItem\":{\"@type\":\"ListItem\",\"@id\":\"https:\\\/\\\/light24.lt\\\/fi#listItem\",\"name\":\"Home\"}},{\"@type\":\"ListItem\",\"@id\":\"https:\\\/\\\/light24.lt\\\/fi\\\/product-category\\\/siseruumide_valgustid\\\/#listItem\",\"position\":3,\"name\":\"Sis\\u00e4valaisimet\",\"item\":\"https:\\\/\\\/light24.lt\\\/fi\\\/product-category\\\/siseruumide_valgustid\\\/\",\"nextItem\":{\"@type\":\"ListItem\",\"@id\":\"https:\\\/\\\/light24.lt\\\/fi\\\/product-category\\\/siseruumide_valgustid\\\/pinnapealsed-allvalgustid\\\/#listItem\",\"name\":\"Pinta asennettavat alasvalot\"},\"previousItem\":{\"@type\":\"ListItem\",\"@id\":\"https:\\\/\\\/light24.lt\\\/fi\\\/shop\\\/#listItem\",\"name\":\"Verkkokauppa\"}},{\"@type\":\"ListItem\",\"@id\":\"https:\\\/\\\/light24.lt\\\/fi\\\/product-category\\\/siseruumide_valgustid\\\/pinnapealsed-allvalgustid\\\/#listItem\",\"position\":4,\"name\":\"Pinta asennettavat alasvalot\",\"item\":\"https:\\\/\\\/light24.lt\\\/fi\\\/product-category\\\/siseruumide_valgustid\\\/pinnapealsed-allvalgustid\\\/\",\"nextItem\":{\"@type\":\"ListItem\",\"@id\":\"https:\\\/\\\/light24.lt\\\/fi\\\/toode\\\/siseruumide_valgustid\\\/pinnapealsed-allvalgustid\\\/gu10-decorative-cylinders\\\/#listItem\",\"name\":\"Onelight Decorative Cylinder GU10\"},\"previousItem\":{\"@type\":\"ListItem\",\"@id\":\"https:\\\/\\\/light24.lt\\\/fi\\\/product-category\\\/siseruumide_valgustid\\\/#listItem\",\"name\":\"Sis\\u00e4valaisimet\"}},{\"@type\":\"ListItem\",\"@id\":\"https:\\\/\\\/light24.lt\\\/fi\\\/toode\\\/siseruumide_valgustid\\\/pinnapealsed-allvalgustid\\\/gu10-decorative-cylinders\\\/#listItem\",\"position\":5,\"name\":\"Onelight Decorative Cylinder GU10\",\"previousItem\":{\"@type\":\"ListItem\",\"@id\":\"https:\\\/\\\/light24.lt\\\/fi\\\/product-category\\\/siseruumide_valgustid\\\/pinnapealsed-allvalgustid\\\/#listItem\",\"name\":\"Pinta asennettavat alasvalot\"}}]},{\"@type\":\"Organization\",\"@id\":\"https:\\\/\\\/light24.lt\\\/fi\\\/#organization\",\"name\":\"Light24\",\"description\":\"Valon tavaratalo | Ammatillinen valaistusratkaisut\",\"url\":\"https:\\\/\\\/light24.lt\\\/fi\\\/\",\"telephone\":\"+3725184133\",\"logo\":{\"@type\":\"ImageObject\",\"url\":\"https:\\\/\\\/www.light24.ee\\\/wp-content\\\/uploads\\\/2022\\\/03\\\/Shape-2-3.svg\",\"@id\":\"https:\\\/\\\/light24.lt\\\/fi\\\/toode\\\/siseruumide_valgustid\\\/pinnapealsed-allvalgustid\\\/gu10-decorative-cylinders\\\/#organizationLogo\"},\"image\":{\"@id\":\"https:\\\/\\\/light24.lt\\\/fi\\\/toode\\\/siseruumide_valgustid\\\/pinnapealsed-allvalgustid\\\/gu10-decorative-cylinders\\\/#organizationLogo\"},\"sameAs\":[\"https:\\\/\\\/www.facebook.com\\\/light24.ee\",\"https:\\\/\\\/www.instagram.com\\\/light24official\\\/\"]},{\"@type\":\"ProductGroup\",\"@id\":\"https:\\\/\\\/light24.lt\\\/fi\\\/toode\\\/siseruumide_valgustid\\\/pinnapealsed-allvalgustid\\\/gu10-decorative-cylinders\\\/#wooCommerceProduct\",\"name\":\"Onelight Decorative Cylinder GU10\",\"url\":\"https:\\\/\\\/light24.lt\\\/fi\\\/toode\\\/siseruumide_valgustid\\\/pinnapealsed-allvalgustid\\\/gu10-decorative-cylinders\\\/\",\"sku\":\"1L100140\",\"image\":{\"@type\":\"ImageObject\",\"url\":\"https:\\\/\\\/light24.lt\\\/wp-content\\\/uploads\\\/2022\\\/09\\\/12105T-W.jpg\",\"@id\":\"https:\\\/\\\/light24.lt\\\/fi\\\/toode\\\/siseruumide_valgustid\\\/pinnapealsed-allvalgustid\\\/gu10-decorative-cylinders\\\/#productImage\",\"width\":1000,\"height\":1000},\"productGroupID\":107198,\"hasVariant\":[{\"@type\":\"Product\",\"@id\":\"https:\\\/\\\/light24.lt\\\/fi\\\/toode\\\/siseruumide_valgustid\\\/pinnapealsed-allvalgustid\\\/gu10-decorative-cylinders\\\/#wooCommerceProduct\",\"name\":\"Onelight Decorative Cylinder GU10 - must\",\"url\":\"https:\\\/\\\/light24.lt\\\/fi\\\/toode\\\/siseruumide_valgustid\\\/pinnapealsed-allvalgustid\\\/gu10-decorative-cylinders\\\/\",\"sku\":\"1L100140\",\"image\":{\"@type\":\"ImageObject\",\"url\":\"https:\\\/\\\/light24.lt\\\/wp-content\\\/uploads\\\/2022\\\/09\\\/12105T-B.jpg\",\"@id\":\"https:\\\/\\\/light24.lt\\\/fi\\\/toode\\\/siseruumide_valgustid\\\/pinnapealsed-allvalgustid\\\/gu10-decorative-cylinders\\\/#productImage\",\"width\":1000,\"height\":1000},\"offers\":{\"@type\":\"Offer\",\"url\":\"https:\\\/\\\/light24.lt\\\/fi\\\/toode\\\/siseruumide_valgustid\\\/pinnapealsed-allvalgustid\\\/gu10-decorative-cylinders\\\/#wooCommerceOffer\",\"price\":\"17\",\"priceCurrency\":\"EUR\",\"category\":\"Sis\\u00e4valaisimet\",\"availability\":\"https:\\\/\\\/schema.org\\\/InStock\",\"priceSpecification\":{\"@type\":\"PriceSpecification\",\"price\":17,\"priceCurrency\":\"EUR\",\"valueAddedTaxIncluded\":\"true\"}}},{\"@type\":\"Product\",\"@id\":\"https:\\\/\\\/light24.lt\\\/fi\\\/toode\\\/siseruumide_valgustid\\\/pinnapealsed-allvalgustid\\\/gu10-decorative-cylinders\\\/#wooCommerceProduct\",\"name\":\"Onelight Decorative Cylinder GU10 - valge\",\"url\":\"https:\\\/\\\/light24.lt\\\/fi\\\/toode\\\/siseruumide_valgustid\\\/pinnapealsed-allvalgustid\\\/gu10-decorative-cylinders\\\/\",\"sku\":\"1L100140\",\"image\":{\"@type\":\"ImageObject\",\"url\":\"https:\\\/\\\/light24.lt\\\/wp-content\\\/uploads\\\/2022\\\/09\\\/12105T-W.jpg\",\"@id\":\"https:\\\/\\\/light24.lt\\\/fi\\\/toode\\\/siseruumide_valgustid\\\/pinnapealsed-allvalgustid\\\/gu10-decorative-cylinders\\\/#productImage\",\"width\":1000,\"height\":1000},\"offers\":{\"@type\":\"Offer\",\"url\":\"https:\\\/\\\/light24.lt\\\/fi\\\/toode\\\/siseruumide_valgustid\\\/pinnapealsed-allvalgustid\\\/gu10-decorative-cylinders\\\/#wooCommerceOffer\",\"price\":\"17\",\"priceCurrency\":\"EUR\",\"category\":\"Sis\\u00e4valaisimet\",\"availability\":\"https:\\\/\\\/schema.org\\\/InStock\",\"priceSpecification\":{\"@type\":\"PriceSpecification\",\"price\":17,\"priceCurrency\":\"EUR\",\"valueAddedTaxIncluded\":\"true\"}}}]},{\"@type\":\"WebPage\",\"@id\":\"https:\\\/\\\/light24.lt\\\/fi\\\/toode\\\/siseruumide_valgustid\\\/pinnapealsed-allvalgustid\\\/gu10-decorative-cylinders\\\/#webpage\",\"url\":\"https:\\\/\\\/light24.lt\\\/fi\\\/toode\\\/siseruumide_valgustid\\\/pinnapealsed-allvalgustid\\\/gu10-decorative-cylinders\\\/\",\"name\":\"Onelight Decorative Cylinder GU10 \\u2022 Light24\",\"description\":\"Anteeksi, mutta t\\u00e4m\\u00e4 kirjoitus on saatavana ainoastaan n\\u00e4ill\\u00e4 kielill\\u00e4: Eesti, English ja Latvie\\u0161u.\",\"inLanguage\":\"fi\",\"isPartOf\":{\"@id\":\"https:\\\/\\\/light24.lt\\\/fi\\\/#website\"},\"breadcrumb\":{\"@id\":\"https:\\\/\\\/light24.lt\\\/fi\\\/toode\\\/siseruumide_valgustid\\\/pinnapealsed-allvalgustid\\\/gu10-decorative-cylinders\\\/#breadcrumblist\"},\"image\":{\"@type\":\"ImageObject\",\"url\":\"https:\\\/\\\/light24.lt\\\/wp-content\\\/uploads\\\/2022\\\/09\\\/12105T-W.jpg\",\"@id\":\"https:\\\/\\\/light24.lt\\\/fi\\\/toode\\\/siseruumide_valgustid\\\/pinnapealsed-allvalgustid\\\/gu10-decorative-cylinders\\\/#mainImage\",\"width\":1000,\"height\":1000},\"primaryImageOfPage\":{\"@id\":\"https:\\\/\\\/light24.lt\\\/fi\\\/toode\\\/siseruumide_valgustid\\\/pinnapealsed-allvalgustid\\\/gu10-decorative-cylinders\\\/#mainImage\"},\"datePublished\":\"2022-09-19T10:53:58+03:00\",\"dateModified\":\"2024-10-28T21:15:56+02:00\"},{\"@type\":\"WebSite\",\"@id\":\"https:\\\/\\\/light24.lt\\\/fi\\\/#website\",\"url\":\"https:\\\/\\\/light24.lt\\\/fi\\\/\",\"name\":\"Light24\",\"description\":\"Valon tavaratalo | Ammatillinen valaistusratkaisut\",\"inLanguage\":\"fi\",\"publisher\":{\"@id\":\"https:\\\/\\\/light24.lt\\\/fi\\\/#organization\"}}]}\n\t\t<\/script>\n\t\t<!-- All in One SEO Pro -->\r\n\t\t<title>Onelight Decorative Cylinder GU10 \u2022 Light24<\/title>\n\n","aioseo_head_json":{"title":"Onelight Decorative Cylinder GU10 \u2022 Light24","description":"Anteeksi, mutta t\u00e4m\u00e4 kirjoitus on saatavana ainoastaan n\u00e4ill\u00e4 kielill\u00e4: Eesti, English ja Latvie\u0161u.","canonical_url":"https:\/\/light24.lt\/fi\/toode\/siseruumide_valgustid\/pinnapealsed-allvalgustid\/gu10-decorative-cylinders\/","robots":"max-image-preview:large","keywords":"","webmasterTools":{"google-site-verification":"nxgDPK3Ouk6bwvuxlwlzeMOKszmf-8m57RDu5zAgN-Y","miscellaneous":""},"schema":{"@context":"https:\/\/schema.org","@graph":[{"@type":"BreadcrumbList","@id":"https:\/\/light24.lt\/fi\/toode\/siseruumide_valgustid\/pinnapealsed-allvalgustid\/gu10-decorative-cylinders\/#breadcrumblist","itemListElement":[{"@type":"ListItem","@id":"https:\/\/light24.lt\/fi#listItem","position":1,"name":"Home","item":"https:\/\/light24.lt\/fi","nextItem":{"@type":"ListItem","@id":"https:\/\/light24.lt\/fi\/shop\/#listItem","name":"Verkkokauppa"}},{"@type":"ListItem","@id":"https:\/\/light24.lt\/fi\/shop\/#listItem","position":2,"name":"Verkkokauppa","item":"https:\/\/light24.lt\/fi\/shop\/","nextItem":{"@type":"ListItem","@id":"https:\/\/light24.lt\/fi\/product-category\/siseruumide_valgustid\/#listItem","name":"Sis\u00e4valaisimet"},"previousItem":{"@type":"ListItem","@id":"https:\/\/light24.lt\/fi#listItem","name":"Home"}},{"@type":"ListItem","@id":"https:\/\/light24.lt\/fi\/product-category\/siseruumide_valgustid\/#listItem","position":3,"name":"Sis\u00e4valaisimet","item":"https:\/\/light24.lt\/fi\/product-category\/siseruumide_valgustid\/","nextItem":{"@type":"ListItem","@id":"https:\/\/light24.lt\/fi\/product-category\/siseruumide_valgustid\/pinnapealsed-allvalgustid\/#listItem","name":"Pinta asennettavat alasvalot"},"previousItem":{"@type":"ListItem","@id":"https:\/\/light24.lt\/fi\/shop\/#listItem","name":"Verkkokauppa"}},{"@type":"ListItem","@id":"https:\/\/light24.lt\/fi\/product-category\/siseruumide_valgustid\/pinnapealsed-allvalgustid\/#listItem","position":4,"name":"Pinta asennettavat alasvalot","item":"https:\/\/light24.lt\/fi\/product-category\/siseruumide_valgustid\/pinnapealsed-allvalgustid\/","nextItem":{"@type":"ListItem","@id":"https:\/\/light24.lt\/fi\/toode\/siseruumide_valgustid\/pinnapealsed-allvalgustid\/gu10-decorative-cylinders\/#listItem","name":"Onelight Decorative Cylinder GU10"},"previousItem":{"@type":"ListItem","@id":"https:\/\/light24.lt\/fi\/product-category\/siseruumide_valgustid\/#listItem","name":"Sis\u00e4valaisimet"}},{"@type":"ListItem","@id":"https:\/\/light24.lt\/fi\/toode\/siseruumide_valgustid\/pinnapealsed-allvalgustid\/gu10-decorative-cylinders\/#listItem","position":5,"name":"Onelight Decorative Cylinder GU10","previousItem":{"@type":"ListItem","@id":"https:\/\/light24.lt\/fi\/product-category\/siseruumide_valgustid\/pinnapealsed-allvalgustid\/#listItem","name":"Pinta asennettavat alasvalot"}}]},{"@type":"Organization","@id":"https:\/\/light24.lt\/fi\/#organization","name":"Light24","description":"Valon tavaratalo | Ammatillinen valaistusratkaisut","url":"https:\/\/light24.lt\/fi\/","telephone":"+3725184133","logo":{"@type":"ImageObject","url":"https:\/\/www.light24.ee\/wp-content\/uploads\/2022\/03\/Shape-2-3.svg","@id":"https:\/\/light24.lt\/fi\/toode\/siseruumide_valgustid\/pinnapealsed-allvalgustid\/gu10-decorative-cylinders\/#organizationLogo"},"image":{"@id":"https:\/\/light24.lt\/fi\/toode\/siseruumide_valgustid\/pinnapealsed-allvalgustid\/gu10-decorative-cylinders\/#organizationLogo"},"sameAs":["https:\/\/www.facebook.com\/light24.ee","https:\/\/www.instagram.com\/light24official\/"]},{"@type":"ProductGroup","@id":"https:\/\/light24.lt\/fi\/toode\/siseruumide_valgustid\/pinnapealsed-allvalgustid\/gu10-decorative-cylinders\/#wooCommerceProduct","name":"Onelight Decorative Cylinder GU10","url":"https:\/\/light24.lt\/fi\/toode\/siseruumide_valgustid\/pinnapealsed-allvalgustid\/gu10-decorative-cylinders\/","sku":"1L100140","image":{"@type":"ImageObject","url":"https:\/\/light24.lt\/wp-content\/uploads\/2022\/09\/12105T-W.jpg","@id":"https:\/\/light24.lt\/fi\/toode\/siseruumide_valgustid\/pinnapealsed-allvalgustid\/gu10-decorative-cylinders\/#productImage","width":1000,"height":1000},"productGroupID":107198,"hasVariant":[{"@type":"Product","@id":"https:\/\/light24.lt\/fi\/toode\/siseruumide_valgustid\/pinnapealsed-allvalgustid\/gu10-decorative-cylinders\/#wooCommerceProduct","name":"Onelight Decorative Cylinder GU10 - must","url":"https:\/\/light24.lt\/fi\/toode\/siseruumide_valgustid\/pinnapealsed-allvalgustid\/gu10-decorative-cylinders\/","sku":"1L100140","image":{"@type":"ImageObject","url":"https:\/\/light24.lt\/wp-content\/uploads\/2022\/09\/12105T-B.jpg","@id":"https:\/\/light24.lt\/fi\/toode\/siseruumide_valgustid\/pinnapealsed-allvalgustid\/gu10-decorative-cylinders\/#productImage","width":1000,"height":1000},"offers":{"@type":"Offer","url":"https:\/\/light24.lt\/fi\/toode\/siseruumide_valgustid\/pinnapealsed-allvalgustid\/gu10-decorative-cylinders\/#wooCommerceOffer","price":"17","priceCurrency":"EUR","category":"Sis\u00e4valaisimet","availability":"https:\/\/schema.org\/InStock","priceSpecification":{"@type":"PriceSpecification","price":17,"priceCurrency":"EUR","valueAddedTaxIncluded":"true"}}},{"@type":"Product","@id":"https:\/\/light24.lt\/fi\/toode\/siseruumide_valgustid\/pinnapealsed-allvalgustid\/gu10-decorative-cylinders\/#wooCommerceProduct","name":"Onelight Decorative Cylinder GU10 - valge","url":"https:\/\/light24.lt\/fi\/toode\/siseruumide_valgustid\/pinnapealsed-allvalgustid\/gu10-decorative-cylinders\/","sku":"1L100140","image":{"@type":"ImageObject","url":"https:\/\/light24.lt\/wp-content\/uploads\/2022\/09\/12105T-W.jpg","@id":"https:\/\/light24.lt\/fi\/toode\/siseruumide_valgustid\/pinnapealsed-allvalgustid\/gu10-decorative-cylinders\/#productImage","width":1000,"height":1000},"offers":{"@type":"Offer","url":"https:\/\/light24.lt\/fi\/toode\/siseruumide_valgustid\/pinnapealsed-allvalgustid\/gu10-decorative-cylinders\/#wooCommerceOffer","price":"17","priceCurrency":"EUR","category":"Sis\u00e4valaisimet","availability":"https:\/\/schema.org\/InStock","priceSpecification":{"@type":"PriceSpecification","price":17,"priceCurrency":"EUR","valueAddedTaxIncluded":"true"}}}]},{"@type":"WebPage","@id":"https:\/\/light24.lt\/fi\/toode\/siseruumide_valgustid\/pinnapealsed-allvalgustid\/gu10-decorative-cylinders\/#webpage","url":"https:\/\/light24.lt\/fi\/toode\/siseruumide_valgustid\/pinnapealsed-allvalgustid\/gu10-decorative-cylinders\/","name":"Onelight Decorative Cylinder GU10 \u2022 Light24","description":"Anteeksi, mutta t\u00e4m\u00e4 kirjoitus on saatavana ainoastaan n\u00e4ill\u00e4 kielill\u00e4: Eesti, English ja Latvie\u0161u.","inLanguage":"fi","isPartOf":{"@id":"https:\/\/light24.lt\/fi\/#website"},"breadcrumb":{"@id":"https:\/\/light24.lt\/fi\/toode\/siseruumide_valgustid\/pinnapealsed-allvalgustid\/gu10-decorative-cylinders\/#breadcrumblist"},"image":{"@type":"ImageObject","url":"https:\/\/light24.lt\/wp-content\/uploads\/2022\/09\/12105T-W.jpg","@id":"https:\/\/light24.lt\/fi\/toode\/siseruumide_valgustid\/pinnapealsed-allvalgustid\/gu10-decorative-cylinders\/#mainImage","width":1000,"height":1000},"primaryImageOfPage":{"@id":"https:\/\/light24.lt\/fi\/toode\/siseruumide_valgustid\/pinnapealsed-allvalgustid\/gu10-decorative-cylinders\/#mainImage"},"datePublished":"2022-09-19T10:53:58+03:00","dateModified":"2024-10-28T21:15:56+02:00"},{"@type":"WebSite","@id":"https:\/\/light24.lt\/fi\/#website","url":"https:\/\/light24.lt\/fi\/","name":"Light24","description":"Valon tavaratalo | Ammatillinen valaistusratkaisut","inLanguage":"fi","publisher":{"@id":"https:\/\/light24.lt\/fi\/#organization"}}]},"og:locale":"fi_FI","og:site_name":"Light24 \u2022 Valon tavaratalo | Ammatillinen valaistusratkaisut","og:type":"article","og:title":"Onelight Decorative Cylinder GU10 \u2022 Light24","og:description":"Anteeksi, mutta t\u00e4m\u00e4 kirjoitus on saatavana ainoastaan n\u00e4ill\u00e4 kielill\u00e4: Eesti, English ja Latvie\u0161u.","og:url":"https:\/\/light24.lt\/fi\/toode\/siseruumide_valgustid\/pinnapealsed-allvalgustid\/gu10-decorative-cylinders\/","og:image":"https:\/\/light24.lt\/wp-content\/uploads\/2022\/09\/12105T-W.jpg","og:image:secure_url":"https:\/\/light24.lt\/wp-content\/uploads\/2022\/09\/12105T-W.jpg","og:image:width":1000,"og:image:height":1000,"article:published_time":"2022-09-19T07:53:58+00:00","article:modified_time":"2024-10-28T19:15:56+00:00","article:publisher":"https:\/\/www.facebook.com\/light24.ee","twitter:card":"summary","twitter:title":"Onelight Decorative Cylinder GU10 \u2022 Light24","twitter:description":"Anteeksi, mutta t\u00e4m\u00e4 kirjoitus on saatavana ainoastaan n\u00e4ill\u00e4 kielill\u00e4: Eesti, English ja Latvie\u0161u.","twitter:image":"https:\/\/light24.lt\/wp-content\/uploads\/2022\/09\/12105T-W.jpg"},"aioseo_meta_data":{"post_id":"107198","title":null,"description":null,"keywords":null,"keyphrases":{"focus":{"keyphrase":"","score":0,"analysis":{"keyphraseInTitle":{"score":0,"maxScore":9,"error":1}}},"additional":[]},"primary_term":null,"canonical_url":null,"og_title":null,"og_description":null,"og_object_type":"default","og_image_type":"default","og_image_url":null,"og_image_width":null,"og_image_height":null,"og_image_custom_url":null,"og_image_custom_fields":null,"og_video":"","og_custom_url":null,"og_article_section":null,"og_article_tags":null,"twitter_use_og":false,"twitter_card":"default","twitter_image_type":"default","twitter_image_url":null,"twitter_image_custom_url":null,"twitter_image_custom_fields":null,"twitter_title":null,"twitter_description":null,"schema":{"blockGraphs":[],"customGraphs":[],"default":{"data":{"Article":[],"Course":[],"Dataset":[],"FAQPage":[],"Movie":[],"Person":[],"Product":[],"ProductReview":[],"Car":[],"Recipe":[],"Service":[],"SoftwareApplication":[],"WebPage":[]},"graphName":"Product","isEnabled":true},"graphs":[]},"schema_type":"default","schema_type_options":"{\"article\":{\"articleType\":\"BlogPosting\"},\"course\":{\"name\":\"\",\"description\":\"\",\"provider\":\"\"},\"faq\":{\"pages\":[]},\"product\":{\"reviews\":[]},\"recipe\":{\"ingredients\":[],\"instructions\":[],\"keywords\":[]},\"software\":{\"reviews\":[],\"operatingSystems\":[]},\"webPage\":{\"webPageType\":\"WebPage\"},\"blockGraphs\":[]}","pillar_content":false,"robots_default":true,"robots_noindex":false,"robots_noarchive":false,"robots_nosnippet":false,"robots_nofollow":false,"robots_noimageindex":false,"robots_noodp":false,"robots_notranslate":false,"robots_max_snippet":"-1","robots_max_videopreview":"-1","robots_max_imagepreview":"large","priority":null,"frequency":"default","local_seo":null,"seo_analyzer_scan_date":"2025-10-27 03:47:37","breadcrumb_settings":null,"limit_modified_date":false,"reviewed_by":null,"open_ai":"{\"title\":{\"suggestions\":[],\"usage\":0},\"description\":{\"suggestions\":[],\"usage\":0}}","ai":null,"created":"2022-09-19 07:53:58","updated":"2025-10-27 03:47:37"},"aioseo_breadcrumb":"<div class=\"aioseo-breadcrumbs\"><span class=\"aioseo-breadcrumb\">\n\t<a href=\"https:\/\/light24.lt\/fi\" title=\"Home\">Home<\/a>\n<\/span><span class=\"aioseo-breadcrumb-separator\">&raquo;<\/span><span class=\"aioseo-breadcrumb\">\n\t<a href=\"https:\/\/light24.lt\/fi\/shop\/\" title=\"Verkkokauppa\">Verkkokauppa<\/a>\n<\/span><span class=\"aioseo-breadcrumb-separator\">&raquo;<\/span><span class=\"aioseo-breadcrumb\">\n\t<a href=\"https:\/\/light24.lt\/fi\/product-category\/siseruumide_valgustid\/\" title=\"Sis\u00e4valaisimet\">Sis\u00e4valaisimet<\/a>\n<\/span><span class=\"aioseo-breadcrumb-separator\">&raquo;<\/span><span class=\"aioseo-breadcrumb\">\n\t<a href=\"https:\/\/light24.lt\/fi\/product-category\/siseruumide_valgustid\/pinnapealsed-allvalgustid\/\" title=\"Pinta asennettavat alasvalot\">Pinta asennettavat alasvalot<\/a>\n<\/span><span class=\"aioseo-breadcrumb-separator\">&raquo;<\/span><span class=\"aioseo-breadcrumb\">\n\tOnelight Decorative Cylinder GU10\n<\/span><\/div>","aioseo_breadcrumb_json":[{"label":"Home","link":"https:\/\/light24.lt\/fi"},{"label":"Verkkokauppa","link":"https:\/\/light24.lt\/fi\/shop\/"},{"label":"Sis\u00e4valaisimet","link":"https:\/\/light24.lt\/fi\/product-category\/siseruumide_valgustid\/"},{"label":"Pinta asennettavat alasvalot","link":"https:\/\/light24.lt\/fi\/product-category\/siseruumide_valgustid\/pinnapealsed-allvalgustid\/"},{"label":"Onelight Decorative Cylinder GU10","link":"https:\/\/light24.lt\/fi\/toode\/siseruumide_valgustid\/pinnapealsed-allvalgustid\/gu10-decorative-cylinders\/"}],"_links":{"self":[{"href":"https:\/\/light24.lt\/fi\/wp-json\/wp\/v2\/product\/107198","targetHints":{"allow":["GET"]}}],"collection":[{"href":"https:\/\/light24.lt\/fi\/wp-json\/wp\/v2\/product"}],"about":[{"href":"https:\/\/light24.lt\/fi\/wp-json\/wp\/v2\/types\/product"}],"replies":[{"embeddable":true,"href":"https:\/\/light24.lt\/fi\/wp-json\/wp\/v2\/comments?post=107198"}],"wp:featuredmedia":[{"embeddable":true,"href":"https:\/\/light24.lt\/fi\/wp-json\/wp\/v2\/media\/107201"}],"wp:attachment":[{"href":"https:\/\/light24.lt\/fi\/wp-json\/wp\/v2\/media?parent=107198"}],"wp:term":[{"taxonomy":"product_cat","embeddable":true,"href":"https:\/\/light24.lt\/fi\/wp-json\/wp\/v2\/product_cat?post=107198"},{"taxonomy":"product_tag","embeddable":true,"href":"https:\/\/light24.lt\/fi\/wp-json\/wp\/v2\/product_tag?post=107198"}],"curies":[{"name":"wp","href":"https:\/\/api.w.org\/{rel}","templated":true}]}}