{"id":82059,"date":"2021-03-13T10:51:32","date_gmt":"2021-03-13T08:51:32","guid":{"rendered":"https:\/\/www.light24.ee\/?post_type=product&#038;p=82059"},"modified":"2025-02-06T09:52:02","modified_gmt":"2025-02-06T07:52:02","slug":"postvalgusti-rusty-cone-40-70","status":"publish","type":"product","link":"https:\/\/light24.lt\/es\/toode\/valisvalgustid\/postvalgustid\/postvalgusti-rusty-cone-40-70\/","title":{"rendered":"SLV RUSTY CONE 70 E27"},"content":{"rendered":"<p class=\"qtranxs-available-languages-message qtranxs-available-languages-message-es\">Disculpa, pero esta entrada est\u00e1 disponible s\u00f3lo en <a href=\"https:\/\/light24.lt\/et\/wp-json\/wp\/v2\/product\/82059\" class=\"qtranxs-available-language-link qtranxs-available-language-link-et\" title=\"Eesti\">Eesti<\/a>, <a href=\"https:\/\/light24.lt\/fi\/wp-json\/wp\/v2\/product\/82059\" class=\"qtranxs-available-language-link qtranxs-available-language-link-fi\" title=\"Suomi\">Suomi<\/a> y <a href=\"https:\/\/light24.lt\/lv\/wp-json\/wp\/v2\/product\/82059\" class=\"qtranxs-available-language-link qtranxs-available-language-link-lv\" title=\"Latvie\u0161u\">Latvie\u0161u<\/a>.<\/p>","protected":false},"excerpt":{"rendered":"<p>Disculpa, pero esta entrada est\u00e1 disponible s\u00f3lo en Eesti, Suomi y Latvie\u0161u.<\/p>\n","protected":false},"featured_media":129268,"comment_status":"closed","ping_status":"closed","template":"","meta":{"_acf_changed":false},"product_cat":[2903,2025],"product_tag":[521],"class_list":{"0":"post-82059","1":"product","2":"type-product","3":"status-publish","4":"has-post-thumbnail","6":"product_cat-valisvalgustid","7":"product_cat-postvalgustid","8":"product_tag-slv","9":"product_shipping_class-large","10":"pa_ip-kaitseklass-1614","11":"pa_materjal-polukarbonaat","12":"pa_materjal-roostevaba-teras","13":"pa_ruumid-oueala","14":"pa_ruumid-terrass","15":"pa_ruumid-fassaad","16":"pa_ruumid-aed","17":"pa_ruumid-aiatee","18":"pa_ruumid-linnatanav","19":"pa_ruumid-park","20":"pa_ruumid-haljasala","21":"pa_tarneaeg-10-paeva","22":"pa_tehnilised-andmed-max-15w-led-e27","23":"pa_valgusallikas-komplektis-ei","24":"pa_varv-rooste","26":"first","27":"instock","28":"sale","29":"taxable","30":"shipping-taxable","31":"purchasable","32":"product-type-simple"},"acf":[],"aioseo_notices":[],"aioseo_head":"\n\t\t<!-- All in One SEO Pro 4.9.5.2 - aioseo.com -->\n\t<meta name=\"description\" content=\"Disculpa, pero esta entrada est\u00e1 disponible s\u00f3lo en Eesti.\" \/>\n\t<meta name=\"robots\" content=\"max-image-preview:large\" \/>\n\t<meta name=\"google-site-verification\" content=\"nxgDPK3Ouk6bwvuxlwlzeMOKszmf-8m57RDu5zAgN-Y\" \/>\n\t<link rel=\"canonical\" href=\"https:\/\/light24.lt\/es\/toode\/valisvalgustid\/postvalgustid\/postvalgusti-rusty-cone-40-70\/\" \/>\n\t<meta name=\"generator\" content=\"All in One SEO Pro (AIOSEO) 4.9.5.2\" \/>\n\t\t<meta property=\"og:locale\" content=\"es_ES\" \/>\n\t\t<meta property=\"og:site_name\" content=\"Light24 \u2022 Lighting E-Shop | Soluciones de iluminaci\u00f3n profesionales\" \/>\n\t\t<meta property=\"og:type\" content=\"article\" \/>\n\t\t<meta property=\"og:title\" content=\"SLV RUSTY CONE 70 E27 \u2022 Light24\" \/>\n\t\t<meta property=\"og:description\" content=\"Disculpa, pero esta entrada est\u00e1 disponible s\u00f3lo en Eesti.\" \/>\n\t\t<meta property=\"og:url\" content=\"https:\/\/light24.lt\/es\/toode\/valisvalgustid\/postvalgustid\/postvalgusti-rusty-cone-40-70\/\" \/>\n\t\t<meta property=\"og:image\" content=\"https:\/\/light24.lt\/wp-content\/uploads\/2021\/03\/rusty-cone3.jpg\" \/>\n\t\t<meta property=\"og:image:secure_url\" content=\"https:\/\/light24.lt\/wp-content\/uploads\/2021\/03\/rusty-cone3.jpg\" \/>\n\t\t<meta property=\"og:image:width\" content=\"900\" \/>\n\t\t<meta property=\"og:image:height\" content=\"900\" \/>\n\t\t<meta property=\"article:published_time\" content=\"2021-03-13T08:51:32+00:00\" \/>\n\t\t<meta property=\"article:modified_time\" content=\"2025-02-06T07:52:02+00:00\" \/>\n\t\t<meta property=\"article:publisher\" content=\"https:\/\/www.facebook.com\/light24.ee\" \/>\n\t\t<meta name=\"twitter:card\" content=\"summary\" \/>\n\t\t<meta name=\"twitter:title\" content=\"SLV RUSTY CONE 70 E27 \u2022 Light24\" \/>\n\t\t<meta name=\"twitter:description\" content=\"Disculpa, pero esta entrada est\u00e1 disponible s\u00f3lo en Eesti.\" \/>\n\t\t<meta name=\"twitter:image\" content=\"https:\/\/light24.lt\/wp-content\/uploads\/2021\/03\/rusty-cone3.jpg\" \/>\n\t\t<script type=\"application\/ld+json\" class=\"aioseo-schema\">\n\t\t\t{\"@context\":\"https:\\\/\\\/schema.org\",\"@graph\":[{\"@type\":\"BreadcrumbList\",\"@id\":\"https:\\\/\\\/light24.lt\\\/es\\\/toode\\\/valisvalgustid\\\/postvalgustid\\\/postvalgusti-rusty-cone-40-70\\\/#breadcrumblist\",\"itemListElement\":[{\"@type\":\"ListItem\",\"@id\":\"https:\\\/\\\/light24.lt\\\/es#listItem\",\"position\":1,\"name\":\"Home\",\"item\":\"https:\\\/\\\/light24.lt\\\/es\",\"nextItem\":{\"@type\":\"ListItem\",\"@id\":\"https:\\\/\\\/light24.lt\\\/es\\\/shop\\\/#listItem\",\"name\":\"Tienda en l\\u00ednea\"}},{\"@type\":\"ListItem\",\"@id\":\"https:\\\/\\\/light24.lt\\\/es\\\/shop\\\/#listItem\",\"position\":2,\"name\":\"Tienda en l\\u00ednea\",\"item\":\"https:\\\/\\\/light24.lt\\\/es\\\/shop\\\/\",\"nextItem\":{\"@type\":\"ListItem\",\"@id\":\"https:\\\/\\\/light24.lt\\\/es\\\/product-category\\\/valisvalgustid\\\/#listItem\",\"name\":\"L\\u00e1mparas de exterior\"},\"previousItem\":{\"@type\":\"ListItem\",\"@id\":\"https:\\\/\\\/light24.lt\\\/es#listItem\",\"name\":\"Home\"}},{\"@type\":\"ListItem\",\"@id\":\"https:\\\/\\\/light24.lt\\\/es\\\/product-category\\\/valisvalgustid\\\/#listItem\",\"position\":3,\"name\":\"L\\u00e1mparas de exterior\",\"item\":\"https:\\\/\\\/light24.lt\\\/es\\\/product-category\\\/valisvalgustid\\\/\",\"nextItem\":{\"@type\":\"ListItem\",\"@id\":\"https:\\\/\\\/light24.lt\\\/es\\\/product-category\\\/valisvalgustid\\\/postvalgustid\\\/#listItem\",\"name\":\"Luces de bolardo\"},\"previousItem\":{\"@type\":\"ListItem\",\"@id\":\"https:\\\/\\\/light24.lt\\\/es\\\/shop\\\/#listItem\",\"name\":\"Tienda en l\\u00ednea\"}},{\"@type\":\"ListItem\",\"@id\":\"https:\\\/\\\/light24.lt\\\/es\\\/product-category\\\/valisvalgustid\\\/postvalgustid\\\/#listItem\",\"position\":4,\"name\":\"Luces de bolardo\",\"item\":\"https:\\\/\\\/light24.lt\\\/es\\\/product-category\\\/valisvalgustid\\\/postvalgustid\\\/\",\"nextItem\":{\"@type\":\"ListItem\",\"@id\":\"https:\\\/\\\/light24.lt\\\/es\\\/toode\\\/valisvalgustid\\\/postvalgustid\\\/postvalgusti-rusty-cone-40-70\\\/#listItem\",\"name\":\"SLV RUSTY CONE 70 E27\"},\"previousItem\":{\"@type\":\"ListItem\",\"@id\":\"https:\\\/\\\/light24.lt\\\/es\\\/product-category\\\/valisvalgustid\\\/#listItem\",\"name\":\"L\\u00e1mparas de exterior\"}},{\"@type\":\"ListItem\",\"@id\":\"https:\\\/\\\/light24.lt\\\/es\\\/toode\\\/valisvalgustid\\\/postvalgustid\\\/postvalgusti-rusty-cone-40-70\\\/#listItem\",\"position\":5,\"name\":\"SLV RUSTY CONE 70 E27\",\"previousItem\":{\"@type\":\"ListItem\",\"@id\":\"https:\\\/\\\/light24.lt\\\/es\\\/product-category\\\/valisvalgustid\\\/postvalgustid\\\/#listItem\",\"name\":\"Luces de bolardo\"}}]},{\"@type\":\"Organization\",\"@id\":\"https:\\\/\\\/light24.lt\\\/es\\\/#organization\",\"name\":\"Light24\",\"description\":\"Lighting E-Shop | Soluciones de iluminaci\\u00f3n profesionales\",\"url\":\"https:\\\/\\\/light24.lt\\\/es\\\/\",\"telephone\":\"+3725184133\",\"logo\":{\"@type\":\"ImageObject\",\"url\":\"https:\\\/\\\/www.light24.ee\\\/wp-content\\\/uploads\\\/2022\\\/03\\\/Shape-2-3.svg\",\"@id\":\"https:\\\/\\\/light24.lt\\\/es\\\/toode\\\/valisvalgustid\\\/postvalgustid\\\/postvalgusti-rusty-cone-40-70\\\/#organizationLogo\"},\"image\":{\"@id\":\"https:\\\/\\\/light24.lt\\\/es\\\/toode\\\/valisvalgustid\\\/postvalgustid\\\/postvalgusti-rusty-cone-40-70\\\/#organizationLogo\"},\"sameAs\":[\"https:\\\/\\\/www.facebook.com\\\/light24.ee\",\"https:\\\/\\\/www.instagram.com\\\/light24official\\\/\"]},{\"@type\":\"Product\",\"@id\":\"https:\\\/\\\/light24.lt\\\/es\\\/toode\\\/valisvalgustid\\\/postvalgustid\\\/postvalgusti-rusty-cone-40-70\\\/#wooCommerceProduct\",\"name\":\"SLV RUSTY CONE 70 E27\",\"url\":\"https:\\\/\\\/light24.lt\\\/es\\\/toode\\\/valisvalgustid\\\/postvalgustid\\\/postvalgusti-rusty-cone-40-70\\\/\",\"sku\":\"SLV211130\",\"image\":{\"@type\":\"ImageObject\",\"url\":\"https:\\\/\\\/light24.lt\\\/wp-content\\\/uploads\\\/2021\\\/03\\\/rusty-cone3.jpg\",\"@id\":\"https:\\\/\\\/light24.lt\\\/es\\\/toode\\\/valisvalgustid\\\/postvalgustid\\\/postvalgusti-rusty-cone-40-70\\\/#productImage\",\"width\":900,\"height\":900},\"offers\":{\"@type\":\"Offer\",\"url\":\"https:\\\/\\\/light24.lt\\\/es\\\/toode\\\/valisvalgustid\\\/postvalgustid\\\/postvalgusti-rusty-cone-40-70\\\/#wooCommerceOffer\",\"price\":455.4,\"priceCurrency\":\"EUR\",\"category\":\"L\\u00e1mparas de exterior\",\"availability\":\"https:\\\/\\\/schema.org\\\/InStock\",\"priceSpecification\":{\"@type\":\"PriceSpecification\",\"price\":455.4,\"priceCurrency\":\"EUR\",\"valueAddedTaxIncluded\":\"true\"},\"seller\":{\"@type\":\"Organization\",\"@id\":\"https:\\\/\\\/light24.lt\\\/es\\\/#organization\"}}},{\"@type\":\"WebPage\",\"@id\":\"https:\\\/\\\/light24.lt\\\/es\\\/toode\\\/valisvalgustid\\\/postvalgustid\\\/postvalgusti-rusty-cone-40-70\\\/#webpage\",\"url\":\"https:\\\/\\\/light24.lt\\\/es\\\/toode\\\/valisvalgustid\\\/postvalgustid\\\/postvalgusti-rusty-cone-40-70\\\/\",\"name\":\"SLV RUSTY CONE 70 E27 \\u2022 Light24\",\"description\":\"Disculpa, pero esta entrada est\\u00e1 disponible s\\u00f3lo en Eesti.\",\"inLanguage\":\"es-ES\",\"isPartOf\":{\"@id\":\"https:\\\/\\\/light24.lt\\\/es\\\/#website\"},\"breadcrumb\":{\"@id\":\"https:\\\/\\\/light24.lt\\\/es\\\/toode\\\/valisvalgustid\\\/postvalgustid\\\/postvalgusti-rusty-cone-40-70\\\/#breadcrumblist\"},\"image\":{\"@type\":\"ImageObject\",\"url\":\"https:\\\/\\\/light24.lt\\\/wp-content\\\/uploads\\\/2021\\\/03\\\/rusty-cone3.jpg\",\"@id\":\"https:\\\/\\\/light24.lt\\\/es\\\/toode\\\/valisvalgustid\\\/postvalgustid\\\/postvalgusti-rusty-cone-40-70\\\/#mainImage\",\"width\":900,\"height\":900},\"primaryImageOfPage\":{\"@id\":\"https:\\\/\\\/light24.lt\\\/es\\\/toode\\\/valisvalgustid\\\/postvalgustid\\\/postvalgusti-rusty-cone-40-70\\\/#mainImage\"},\"datePublished\":\"2021-03-13T10:51:32+02:00\",\"dateModified\":\"2025-02-06T09:52:02+02:00\"},{\"@type\":\"WebSite\",\"@id\":\"https:\\\/\\\/light24.lt\\\/es\\\/#website\",\"url\":\"https:\\\/\\\/light24.lt\\\/es\\\/\",\"name\":\"Light24\",\"description\":\"Lighting E-Shop | Soluciones de iluminaci\\u00f3n profesionales\",\"inLanguage\":\"es-ES\",\"publisher\":{\"@id\":\"https:\\\/\\\/light24.lt\\\/es\\\/#organization\"}}]}\n\t\t<\/script>\n\t\t<!-- All in One SEO Pro -->\r\n\t\t<title>SLV RUSTY CONE 70 E27 \u2022 Light24<\/title>\n\n","aioseo_head_json":{"title":"SLV RUSTY CONE 70 E27 \u2022 Light24","description":"Disculpa, pero esta entrada est\u00e1 disponible s\u00f3lo en Eesti.","canonical_url":"https:\/\/light24.lt\/es\/toode\/valisvalgustid\/postvalgustid\/postvalgusti-rusty-cone-40-70\/","robots":"max-image-preview:large","keywords":"","webmasterTools":{"google-site-verification":"nxgDPK3Ouk6bwvuxlwlzeMOKszmf-8m57RDu5zAgN-Y","miscellaneous":""},"schema":{"@context":"https:\/\/schema.org","@graph":[{"@type":"BreadcrumbList","@id":"https:\/\/light24.lt\/es\/toode\/valisvalgustid\/postvalgustid\/postvalgusti-rusty-cone-40-70\/#breadcrumblist","itemListElement":[{"@type":"ListItem","@id":"https:\/\/light24.lt\/es#listItem","position":1,"name":"Home","item":"https:\/\/light24.lt\/es","nextItem":{"@type":"ListItem","@id":"https:\/\/light24.lt\/es\/shop\/#listItem","name":"Tienda en l\u00ednea"}},{"@type":"ListItem","@id":"https:\/\/light24.lt\/es\/shop\/#listItem","position":2,"name":"Tienda en l\u00ednea","item":"https:\/\/light24.lt\/es\/shop\/","nextItem":{"@type":"ListItem","@id":"https:\/\/light24.lt\/es\/product-category\/valisvalgustid\/#listItem","name":"L\u00e1mparas de exterior"},"previousItem":{"@type":"ListItem","@id":"https:\/\/light24.lt\/es#listItem","name":"Home"}},{"@type":"ListItem","@id":"https:\/\/light24.lt\/es\/product-category\/valisvalgustid\/#listItem","position":3,"name":"L\u00e1mparas de exterior","item":"https:\/\/light24.lt\/es\/product-category\/valisvalgustid\/","nextItem":{"@type":"ListItem","@id":"https:\/\/light24.lt\/es\/product-category\/valisvalgustid\/postvalgustid\/#listItem","name":"Luces de bolardo"},"previousItem":{"@type":"ListItem","@id":"https:\/\/light24.lt\/es\/shop\/#listItem","name":"Tienda en l\u00ednea"}},{"@type":"ListItem","@id":"https:\/\/light24.lt\/es\/product-category\/valisvalgustid\/postvalgustid\/#listItem","position":4,"name":"Luces de bolardo","item":"https:\/\/light24.lt\/es\/product-category\/valisvalgustid\/postvalgustid\/","nextItem":{"@type":"ListItem","@id":"https:\/\/light24.lt\/es\/toode\/valisvalgustid\/postvalgustid\/postvalgusti-rusty-cone-40-70\/#listItem","name":"SLV RUSTY CONE 70 E27"},"previousItem":{"@type":"ListItem","@id":"https:\/\/light24.lt\/es\/product-category\/valisvalgustid\/#listItem","name":"L\u00e1mparas de exterior"}},{"@type":"ListItem","@id":"https:\/\/light24.lt\/es\/toode\/valisvalgustid\/postvalgustid\/postvalgusti-rusty-cone-40-70\/#listItem","position":5,"name":"SLV RUSTY CONE 70 E27","previousItem":{"@type":"ListItem","@id":"https:\/\/light24.lt\/es\/product-category\/valisvalgustid\/postvalgustid\/#listItem","name":"Luces de bolardo"}}]},{"@type":"Organization","@id":"https:\/\/light24.lt\/es\/#organization","name":"Light24","description":"Lighting E-Shop | Soluciones de iluminaci\u00f3n profesionales","url":"https:\/\/light24.lt\/es\/","telephone":"+3725184133","logo":{"@type":"ImageObject","url":"https:\/\/www.light24.ee\/wp-content\/uploads\/2022\/03\/Shape-2-3.svg","@id":"https:\/\/light24.lt\/es\/toode\/valisvalgustid\/postvalgustid\/postvalgusti-rusty-cone-40-70\/#organizationLogo"},"image":{"@id":"https:\/\/light24.lt\/es\/toode\/valisvalgustid\/postvalgustid\/postvalgusti-rusty-cone-40-70\/#organizationLogo"},"sameAs":["https:\/\/www.facebook.com\/light24.ee","https:\/\/www.instagram.com\/light24official\/"]},{"@type":"Product","@id":"https:\/\/light24.lt\/es\/toode\/valisvalgustid\/postvalgustid\/postvalgusti-rusty-cone-40-70\/#wooCommerceProduct","name":"SLV RUSTY CONE 70 E27","url":"https:\/\/light24.lt\/es\/toode\/valisvalgustid\/postvalgustid\/postvalgusti-rusty-cone-40-70\/","sku":"SLV211130","image":{"@type":"ImageObject","url":"https:\/\/light24.lt\/wp-content\/uploads\/2021\/03\/rusty-cone3.jpg","@id":"https:\/\/light24.lt\/es\/toode\/valisvalgustid\/postvalgustid\/postvalgusti-rusty-cone-40-70\/#productImage","width":900,"height":900},"offers":{"@type":"Offer","url":"https:\/\/light24.lt\/es\/toode\/valisvalgustid\/postvalgustid\/postvalgusti-rusty-cone-40-70\/#wooCommerceOffer","price":455.4,"priceCurrency":"EUR","category":"L\u00e1mparas de exterior","availability":"https:\/\/schema.org\/InStock","priceSpecification":{"@type":"PriceSpecification","price":455.4,"priceCurrency":"EUR","valueAddedTaxIncluded":"true"},"seller":{"@type":"Organization","@id":"https:\/\/light24.lt\/es\/#organization"}}},{"@type":"WebPage","@id":"https:\/\/light24.lt\/es\/toode\/valisvalgustid\/postvalgustid\/postvalgusti-rusty-cone-40-70\/#webpage","url":"https:\/\/light24.lt\/es\/toode\/valisvalgustid\/postvalgustid\/postvalgusti-rusty-cone-40-70\/","name":"SLV RUSTY CONE 70 E27 \u2022 Light24","description":"Disculpa, pero esta entrada est\u00e1 disponible s\u00f3lo en Eesti.","inLanguage":"es-ES","isPartOf":{"@id":"https:\/\/light24.lt\/es\/#website"},"breadcrumb":{"@id":"https:\/\/light24.lt\/es\/toode\/valisvalgustid\/postvalgustid\/postvalgusti-rusty-cone-40-70\/#breadcrumblist"},"image":{"@type":"ImageObject","url":"https:\/\/light24.lt\/wp-content\/uploads\/2021\/03\/rusty-cone3.jpg","@id":"https:\/\/light24.lt\/es\/toode\/valisvalgustid\/postvalgustid\/postvalgusti-rusty-cone-40-70\/#mainImage","width":900,"height":900},"primaryImageOfPage":{"@id":"https:\/\/light24.lt\/es\/toode\/valisvalgustid\/postvalgustid\/postvalgusti-rusty-cone-40-70\/#mainImage"},"datePublished":"2021-03-13T10:51:32+02:00","dateModified":"2025-02-06T09:52:02+02:00"},{"@type":"WebSite","@id":"https:\/\/light24.lt\/es\/#website","url":"https:\/\/light24.lt\/es\/","name":"Light24","description":"Lighting E-Shop | Soluciones de iluminaci\u00f3n profesionales","inLanguage":"es-ES","publisher":{"@id":"https:\/\/light24.lt\/es\/#organization"}}]},"og:locale":"es_ES","og:site_name":"Light24 \u2022 Lighting E-Shop | Soluciones de iluminaci\u00f3n profesionales","og:type":"article","og:title":"SLV RUSTY CONE 70 E27 \u2022 Light24","og:description":"Disculpa, pero esta entrada est\u00e1 disponible s\u00f3lo en Eesti.","og:url":"https:\/\/light24.lt\/es\/toode\/valisvalgustid\/postvalgustid\/postvalgusti-rusty-cone-40-70\/","og:image":"https:\/\/light24.lt\/wp-content\/uploads\/2021\/03\/rusty-cone3.jpg","og:image:secure_url":"https:\/\/light24.lt\/wp-content\/uploads\/2021\/03\/rusty-cone3.jpg","og:image:width":900,"og:image:height":900,"article:published_time":"2021-03-13T08:51:32+00:00","article:modified_time":"2025-02-06T07:52:02+00:00","article:publisher":"https:\/\/www.facebook.com\/light24.ee","twitter:card":"summary","twitter:title":"SLV RUSTY CONE 70 E27 \u2022 Light24","twitter:description":"Disculpa, pero esta entrada est\u00e1 disponible s\u00f3lo en Eesti.","twitter:image":"https:\/\/light24.lt\/wp-content\/uploads\/2021\/03\/rusty-cone3.jpg"},"aioseo_meta_data":{"post_id":"82059","title":null,"description":null,"keywords":null,"keyphrases":{"focus":{"keyphrase":"","score":0,"analysis":{"keyphraseInTitle":{"score":0,"maxScore":9,"error":1}}},"additional":[]},"primary_term":null,"canonical_url":null,"og_title":null,"og_description":null,"og_object_type":"default","og_image_type":"default","og_image_url":null,"og_image_width":null,"og_image_height":null,"og_image_custom_url":null,"og_image_custom_fields":null,"og_video":"","og_custom_url":null,"og_article_section":null,"og_article_tags":null,"twitter_use_og":false,"twitter_card":"default","twitter_image_type":"default","twitter_image_url":null,"twitter_image_custom_url":null,"twitter_image_custom_fields":null,"twitter_title":null,"twitter_description":null,"schema":{"blockGraphs":[],"customGraphs":[],"default":{"data":{"Article":[],"Course":[],"Dataset":[],"FAQPage":[],"Movie":[],"Person":[],"Product":[],"ProductReview":[],"Car":[],"Recipe":[],"Service":[],"SoftwareApplication":[],"WebPage":[]},"graphName":"Product","isEnabled":true},"graphs":[]},"schema_type":"default","schema_type_options":"{\"article\":{\"articleType\":\"BlogPosting\"},\"course\":{\"name\":\"\",\"description\":\"\",\"provider\":\"\"},\"faq\":{\"pages\":[]},\"product\":{\"reviews\":[]},\"recipe\":{\"ingredients\":[],\"instructions\":[],\"keywords\":[]},\"software\":{\"reviews\":[],\"operatingSystems\":[]},\"webPage\":{\"webPageType\":\"WebPage\"}}","pillar_content":false,"robots_default":true,"robots_noindex":false,"robots_noarchive":false,"robots_nosnippet":false,"robots_nofollow":false,"robots_noimageindex":false,"robots_noodp":false,"robots_notranslate":false,"robots_max_snippet":"-1","robots_max_videopreview":"-1","robots_max_imagepreview":"large","priority":null,"frequency":"default","local_seo":null,"seo_analyzer_scan_date":"2025-10-27 00:16:20","breadcrumb_settings":null,"limit_modified_date":false,"reviewed_by":null,"open_ai":"{\"title\":{\"suggestions\":[],\"usage\":0},\"description\":{\"suggestions\":[],\"usage\":0}}","ai":null,"created":"2022-02-17 16:56:38","updated":"2025-10-27 00:16:20"},"aioseo_breadcrumb":"<div class=\"aioseo-breadcrumbs\"><span class=\"aioseo-breadcrumb\">\n\t<a href=\"https:\/\/light24.lt\/es\" title=\"Home\">Home<\/a>\n<\/span><span class=\"aioseo-breadcrumb-separator\">&raquo;<\/span><span class=\"aioseo-breadcrumb\">\n\t<a href=\"https:\/\/light24.lt\/es\/shop\/\" title=\"Tienda en l\u00ednea\">Tienda en l\u00ednea<\/a>\n<\/span><span class=\"aioseo-breadcrumb-separator\">&raquo;<\/span><span class=\"aioseo-breadcrumb\">\n\t<a href=\"https:\/\/light24.lt\/es\/product-category\/valisvalgustid\/\" title=\"L\u00e1mparas de exterior\">L\u00e1mparas de exterior<\/a>\n<\/span><span class=\"aioseo-breadcrumb-separator\">&raquo;<\/span><span class=\"aioseo-breadcrumb\">\n\t<a href=\"https:\/\/light24.lt\/es\/product-category\/valisvalgustid\/postvalgustid\/\" title=\"Luces de bolardo\">Luces de bolardo<\/a>\n<\/span><span class=\"aioseo-breadcrumb-separator\">&raquo;<\/span><span class=\"aioseo-breadcrumb\">\n\tSLV RUSTY CONE 70 E27\n<\/span><\/div>","aioseo_breadcrumb_json":[{"label":"Home","link":"https:\/\/light24.lt\/es"},{"label":"Tienda en l\u00ednea","link":"https:\/\/light24.lt\/es\/shop\/"},{"label":"L\u00e1mparas de exterior","link":"https:\/\/light24.lt\/es\/product-category\/valisvalgustid\/"},{"label":"Luces de bolardo","link":"https:\/\/light24.lt\/es\/product-category\/valisvalgustid\/postvalgustid\/"},{"label":"SLV RUSTY CONE 70 E27","link":"https:\/\/light24.lt\/es\/toode\/valisvalgustid\/postvalgustid\/postvalgusti-rusty-cone-40-70\/"}],"_links":{"self":[{"href":"https:\/\/light24.lt\/es\/wp-json\/wp\/v2\/product\/82059","targetHints":{"allow":["GET"]}}],"collection":[{"href":"https:\/\/light24.lt\/es\/wp-json\/wp\/v2\/product"}],"about":[{"href":"https:\/\/light24.lt\/es\/wp-json\/wp\/v2\/types\/product"}],"replies":[{"embeddable":true,"href":"https:\/\/light24.lt\/es\/wp-json\/wp\/v2\/comments?post=82059"}],"wp:featuredmedia":[{"embeddable":true,"href":"https:\/\/light24.lt\/es\/wp-json\/wp\/v2\/media\/129268"}],"wp:attachment":[{"href":"https:\/\/light24.lt\/es\/wp-json\/wp\/v2\/media?parent=82059"}],"wp:term":[{"taxonomy":"product_cat","embeddable":true,"href":"https:\/\/light24.lt\/es\/wp-json\/wp\/v2\/product_cat?post=82059"},{"taxonomy":"product_tag","embeddable":true,"href":"https:\/\/light24.lt\/es\/wp-json\/wp\/v2\/product_tag?post=82059"}],"curies":[{"name":"wp","href":"https:\/\/api.w.org\/{rel}","templated":true}]}}