{"id":18539,"date":"2022-12-11T09:09:01","date_gmt":"2022-12-11T07:09:01","guid":{"rendered":"http:\/\/shop.light24.ee\/?post_type=product&#038;p=18539"},"modified":"2024-03-29T20:13:13","modified_gmt":"2024-03-29T18:13:13","slug":"cela","status":"publish","type":"product","link":"https:\/\/light24.lt\/es\/toode\/valisvalgustid\/valis-seinavalgustid\/cela\/","title":{"rendered":"FARO CELA"},"content":{"rendered":"<p class=\"qtranxs-available-languages-message qtranxs-available-languages-message-es\">Disculpa, pero esta entrada est\u00e1 disponible s\u00f3lo en <a href=\"https:\/\/light24.lt\/fi\/wp-json\/wp\/v2\/product\/18539\" class=\"qtranxs-available-language-link qtranxs-available-language-link-fi\" title=\"Suomi\">Suomi<\/a> y <a href=\"https:\/\/light24.lt\/lv\/wp-json\/wp\/v2\/product\/18539\" class=\"qtranxs-available-language-link qtranxs-available-language-link-lv\" title=\"Latvie\u0161u\">Latvie\u0161u<\/a>.<\/p>","protected":false},"excerpt":{"rendered":"<p>Disculpa, pero esta entrada est\u00e1 disponible s\u00f3lo en Suomi y Latvie\u0161u.<\/p>\n","protected":false},"featured_media":18541,"comment_status":"closed","ping_status":"closed","template":"","meta":{"_acf_changed":false},"product_cat":[2903,2919],"product_tag":[379],"class_list":{"0":"post-18539","1":"product","2":"type-product","3":"status-publish","4":"has-post-thumbnail","6":"product_cat-valisvalgustid","7":"product_cat-valis-seinavalgustid","8":"product_tag-faro","9":"product_shipping_class-small","10":"pa_ip-kaitseklass-1613","11":"pa_materjal-polukarbonaat","12":"pa_materjal-roostevaba-teras","13":"pa_otstarve-valis-seinavalgustid","14":"pa_ruumid-oueala","15":"pa_ruumid-terrass","16":"pa_ruumid-fassaad","17":"pa_ruumid-hoone","18":"pa_tarneaeg-10-paeva","19":"pa_tehnilised-andmed-max-15w-led-e27","20":"pa_varv-nikkel","22":"first","23":"instock","24":"sale","25":"taxable","26":"shipping-taxable","27":"purchasable","28":"product-type-simple"},"acf":[],"aioseo_notices":[],"aioseo_head":"\n\t\t<!-- All in One SEO Pro 4.9.5.2 - aioseo.com -->\n\t<meta name=\"robots\" content=\"max-image-preview:large\" \/>\n\t<meta name=\"google-site-verification\" content=\"nxgDPK3Ouk6bwvuxlwlzeMOKszmf-8m57RDu5zAgN-Y\" \/>\n\t<link rel=\"canonical\" href=\"https:\/\/light24.lt\/es\/toode\/valisvalgustid\/valis-seinavalgustid\/cela\/\" \/>\n\t<meta name=\"generator\" content=\"All in One SEO Pro (AIOSEO) 4.9.5.2\" \/>\n\t\t<meta property=\"og:locale\" content=\"es_ES\" \/>\n\t\t<meta property=\"og:site_name\" content=\"Light24 \u2022 Lighting E-Shop | Soluciones de iluminaci\u00f3n profesionales\" \/>\n\t\t<meta property=\"og:type\" content=\"article\" \/>\n\t\t<meta property=\"og:title\" content=\"FARO CELA \u2022 Light24\" \/>\n\t\t<meta property=\"og:url\" content=\"https:\/\/light24.lt\/es\/toode\/valisvalgustid\/valis-seinavalgustid\/cela\/\" \/>\n\t\t<meta property=\"og:image\" content=\"https:\/\/light24.lt\/wp-content\/uploads\/2014\/07\/far40079-1.jpg\" \/>\n\t\t<meta property=\"og:image:secure_url\" content=\"https:\/\/light24.lt\/wp-content\/uploads\/2014\/07\/far40079-1.jpg\" \/>\n\t\t<meta property=\"og:image:width\" content=\"600\" \/>\n\t\t<meta property=\"og:image:height\" content=\"600\" \/>\n\t\t<meta property=\"article:published_time\" content=\"2022-12-11T07:09:01+00:00\" \/>\n\t\t<meta property=\"article:modified_time\" content=\"2024-03-29T18:13:13+00:00\" \/>\n\t\t<meta property=\"article:publisher\" content=\"https:\/\/www.facebook.com\/light24.ee\" \/>\n\t\t<meta name=\"twitter:card\" content=\"summary\" \/>\n\t\t<meta name=\"twitter:title\" content=\"FARO CELA \u2022 Light24\" \/>\n\t\t<meta name=\"twitter:image\" content=\"https:\/\/light24.lt\/wp-content\/uploads\/2014\/07\/far40079-1.jpg\" \/>\n\t\t<script type=\"application\/ld+json\" class=\"aioseo-schema\">\n\t\t\t{\"@context\":\"https:\\\/\\\/schema.org\",\"@graph\":[{\"@type\":\"BreadcrumbList\",\"@id\":\"https:\\\/\\\/light24.lt\\\/es\\\/toode\\\/valisvalgustid\\\/valis-seinavalgustid\\\/cela\\\/#breadcrumblist\",\"itemListElement\":[{\"@type\":\"ListItem\",\"@id\":\"https:\\\/\\\/light24.lt\\\/es#listItem\",\"position\":1,\"name\":\"Home\",\"item\":\"https:\\\/\\\/light24.lt\\\/es\",\"nextItem\":{\"@type\":\"ListItem\",\"@id\":\"https:\\\/\\\/light24.lt\\\/es\\\/shop\\\/#listItem\",\"name\":\"Tienda en l\\u00ednea\"}},{\"@type\":\"ListItem\",\"@id\":\"https:\\\/\\\/light24.lt\\\/es\\\/shop\\\/#listItem\",\"position\":2,\"name\":\"Tienda en l\\u00ednea\",\"item\":\"https:\\\/\\\/light24.lt\\\/es\\\/shop\\\/\",\"nextItem\":{\"@type\":\"ListItem\",\"@id\":\"https:\\\/\\\/light24.lt\\\/es\\\/product-category\\\/valisvalgustid\\\/#listItem\",\"name\":\"L\\u00e1mparas de exterior\"},\"previousItem\":{\"@type\":\"ListItem\",\"@id\":\"https:\\\/\\\/light24.lt\\\/es#listItem\",\"name\":\"Home\"}},{\"@type\":\"ListItem\",\"@id\":\"https:\\\/\\\/light24.lt\\\/es\\\/product-category\\\/valisvalgustid\\\/#listItem\",\"position\":3,\"name\":\"L\\u00e1mparas de exterior\",\"item\":\"https:\\\/\\\/light24.lt\\\/es\\\/product-category\\\/valisvalgustid\\\/\",\"nextItem\":{\"@type\":\"ListItem\",\"@id\":\"https:\\\/\\\/light24.lt\\\/es\\\/product-category\\\/valisvalgustid\\\/valis-seinavalgustid\\\/#listItem\",\"name\":\"Apliques de exterior\"},\"previousItem\":{\"@type\":\"ListItem\",\"@id\":\"https:\\\/\\\/light24.lt\\\/es\\\/shop\\\/#listItem\",\"name\":\"Tienda en l\\u00ednea\"}},{\"@type\":\"ListItem\",\"@id\":\"https:\\\/\\\/light24.lt\\\/es\\\/product-category\\\/valisvalgustid\\\/valis-seinavalgustid\\\/#listItem\",\"position\":4,\"name\":\"Apliques de exterior\",\"item\":\"https:\\\/\\\/light24.lt\\\/es\\\/product-category\\\/valisvalgustid\\\/valis-seinavalgustid\\\/\",\"nextItem\":{\"@type\":\"ListItem\",\"@id\":\"https:\\\/\\\/light24.lt\\\/es\\\/toode\\\/valisvalgustid\\\/valis-seinavalgustid\\\/cela\\\/#listItem\",\"name\":\"FARO CELA\"},\"previousItem\":{\"@type\":\"ListItem\",\"@id\":\"https:\\\/\\\/light24.lt\\\/es\\\/product-category\\\/valisvalgustid\\\/#listItem\",\"name\":\"L\\u00e1mparas de exterior\"}},{\"@type\":\"ListItem\",\"@id\":\"https:\\\/\\\/light24.lt\\\/es\\\/toode\\\/valisvalgustid\\\/valis-seinavalgustid\\\/cela\\\/#listItem\",\"position\":5,\"name\":\"FARO CELA\",\"previousItem\":{\"@type\":\"ListItem\",\"@id\":\"https:\\\/\\\/light24.lt\\\/es\\\/product-category\\\/valisvalgustid\\\/valis-seinavalgustid\\\/#listItem\",\"name\":\"Apliques de exterior\"}}]},{\"@type\":\"Organization\",\"@id\":\"https:\\\/\\\/light24.lt\\\/es\\\/#organization\",\"name\":\"Light24\",\"description\":\"Lighting E-Shop | Soluciones de iluminaci\\u00f3n profesionales\",\"url\":\"https:\\\/\\\/light24.lt\\\/es\\\/\",\"telephone\":\"+3725184133\",\"logo\":{\"@type\":\"ImageObject\",\"url\":\"https:\\\/\\\/www.light24.ee\\\/wp-content\\\/uploads\\\/2022\\\/03\\\/Shape-2-3.svg\",\"@id\":\"https:\\\/\\\/light24.lt\\\/es\\\/toode\\\/valisvalgustid\\\/valis-seinavalgustid\\\/cela\\\/#organizationLogo\"},\"image\":{\"@id\":\"https:\\\/\\\/light24.lt\\\/es\\\/toode\\\/valisvalgustid\\\/valis-seinavalgustid\\\/cela\\\/#organizationLogo\"},\"sameAs\":[\"https:\\\/\\\/www.facebook.com\\\/light24.ee\",\"https:\\\/\\\/www.instagram.com\\\/light24official\\\/\"]},{\"@type\":\"Product\",\"@id\":\"https:\\\/\\\/light24.lt\\\/es\\\/toode\\\/valisvalgustid\\\/valis-seinavalgustid\\\/cela\\\/#wooCommerceProduct\",\"name\":\"FARO CELA\",\"url\":\"https:\\\/\\\/light24.lt\\\/es\\\/toode\\\/valisvalgustid\\\/valis-seinavalgustid\\\/cela\\\/\",\"sku\":\"FAR40079\",\"image\":{\"@type\":\"ImageObject\",\"url\":\"https:\\\/\\\/light24.lt\\\/wp-content\\\/uploads\\\/2014\\\/07\\\/far40079-1.jpg\",\"@id\":\"https:\\\/\\\/light24.lt\\\/es\\\/toode\\\/valisvalgustid\\\/valis-seinavalgustid\\\/cela\\\/#productImage\",\"width\":600,\"height\":600},\"offers\":{\"@type\":\"Offer\",\"url\":\"https:\\\/\\\/light24.lt\\\/es\\\/toode\\\/valisvalgustid\\\/valis-seinavalgustid\\\/cela\\\/#wooCommerceOffer\",\"price\":38.64,\"priceCurrency\":\"EUR\",\"category\":\"L\\u00e1mparas de exterior\",\"availability\":\"https:\\\/\\\/schema.org\\\/InStock\",\"priceSpecification\":{\"@type\":\"PriceSpecification\",\"price\":38.64,\"priceCurrency\":\"EUR\",\"valueAddedTaxIncluded\":\"true\"},\"seller\":{\"@type\":\"Organization\",\"@id\":\"https:\\\/\\\/light24.lt\\\/es\\\/#organization\"}}},{\"@type\":\"WebPage\",\"@id\":\"https:\\\/\\\/light24.lt\\\/es\\\/toode\\\/valisvalgustid\\\/valis-seinavalgustid\\\/cela\\\/#webpage\",\"url\":\"https:\\\/\\\/light24.lt\\\/es\\\/toode\\\/valisvalgustid\\\/valis-seinavalgustid\\\/cela\\\/\",\"name\":\"FARO CELA \\u2022 Light24\",\"inLanguage\":\"es-ES\",\"isPartOf\":{\"@id\":\"https:\\\/\\\/light24.lt\\\/es\\\/#website\"},\"breadcrumb\":{\"@id\":\"https:\\\/\\\/light24.lt\\\/es\\\/toode\\\/valisvalgustid\\\/valis-seinavalgustid\\\/cela\\\/#breadcrumblist\"},\"image\":{\"@type\":\"ImageObject\",\"url\":\"https:\\\/\\\/light24.lt\\\/wp-content\\\/uploads\\\/2014\\\/07\\\/far40079-1.jpg\",\"@id\":\"https:\\\/\\\/light24.lt\\\/es\\\/toode\\\/valisvalgustid\\\/valis-seinavalgustid\\\/cela\\\/#mainImage\",\"width\":600,\"height\":600},\"primaryImageOfPage\":{\"@id\":\"https:\\\/\\\/light24.lt\\\/es\\\/toode\\\/valisvalgustid\\\/valis-seinavalgustid\\\/cela\\\/#mainImage\"},\"datePublished\":\"2022-12-11T09:09:01+02:00\",\"dateModified\":\"2024-03-29T20:13:13+02:00\"},{\"@type\":\"WebSite\",\"@id\":\"https:\\\/\\\/light24.lt\\\/es\\\/#website\",\"url\":\"https:\\\/\\\/light24.lt\\\/es\\\/\",\"name\":\"Light24\",\"description\":\"Lighting E-Shop | Soluciones de iluminaci\\u00f3n profesionales\",\"inLanguage\":\"es-ES\",\"publisher\":{\"@id\":\"https:\\\/\\\/light24.lt\\\/es\\\/#organization\"}}]}\n\t\t<\/script>\n\t\t<!-- All in One SEO Pro -->\r\n\t\t<title>FARO CELA \u2022 Light24<\/title>\n\n","aioseo_head_json":{"title":"FARO CELA \u2022 Light24","description":"","canonical_url":"https:\/\/light24.lt\/es\/toode\/valisvalgustid\/valis-seinavalgustid\/cela\/","robots":"max-image-preview:large","keywords":"","webmasterTools":{"google-site-verification":"nxgDPK3Ouk6bwvuxlwlzeMOKszmf-8m57RDu5zAgN-Y","miscellaneous":""},"schema":{"@context":"https:\/\/schema.org","@graph":[{"@type":"BreadcrumbList","@id":"https:\/\/light24.lt\/es\/toode\/valisvalgustid\/valis-seinavalgustid\/cela\/#breadcrumblist","itemListElement":[{"@type":"ListItem","@id":"https:\/\/light24.lt\/es#listItem","position":1,"name":"Home","item":"https:\/\/light24.lt\/es","nextItem":{"@type":"ListItem","@id":"https:\/\/light24.lt\/es\/shop\/#listItem","name":"Tienda en l\u00ednea"}},{"@type":"ListItem","@id":"https:\/\/light24.lt\/es\/shop\/#listItem","position":2,"name":"Tienda en l\u00ednea","item":"https:\/\/light24.lt\/es\/shop\/","nextItem":{"@type":"ListItem","@id":"https:\/\/light24.lt\/es\/product-category\/valisvalgustid\/#listItem","name":"L\u00e1mparas de exterior"},"previousItem":{"@type":"ListItem","@id":"https:\/\/light24.lt\/es#listItem","name":"Home"}},{"@type":"ListItem","@id":"https:\/\/light24.lt\/es\/product-category\/valisvalgustid\/#listItem","position":3,"name":"L\u00e1mparas de exterior","item":"https:\/\/light24.lt\/es\/product-category\/valisvalgustid\/","nextItem":{"@type":"ListItem","@id":"https:\/\/light24.lt\/es\/product-category\/valisvalgustid\/valis-seinavalgustid\/#listItem","name":"Apliques de exterior"},"previousItem":{"@type":"ListItem","@id":"https:\/\/light24.lt\/es\/shop\/#listItem","name":"Tienda en l\u00ednea"}},{"@type":"ListItem","@id":"https:\/\/light24.lt\/es\/product-category\/valisvalgustid\/valis-seinavalgustid\/#listItem","position":4,"name":"Apliques de exterior","item":"https:\/\/light24.lt\/es\/product-category\/valisvalgustid\/valis-seinavalgustid\/","nextItem":{"@type":"ListItem","@id":"https:\/\/light24.lt\/es\/toode\/valisvalgustid\/valis-seinavalgustid\/cela\/#listItem","name":"FARO CELA"},"previousItem":{"@type":"ListItem","@id":"https:\/\/light24.lt\/es\/product-category\/valisvalgustid\/#listItem","name":"L\u00e1mparas de exterior"}},{"@type":"ListItem","@id":"https:\/\/light24.lt\/es\/toode\/valisvalgustid\/valis-seinavalgustid\/cela\/#listItem","position":5,"name":"FARO CELA","previousItem":{"@type":"ListItem","@id":"https:\/\/light24.lt\/es\/product-category\/valisvalgustid\/valis-seinavalgustid\/#listItem","name":"Apliques de exterior"}}]},{"@type":"Organization","@id":"https:\/\/light24.lt\/es\/#organization","name":"Light24","description":"Lighting E-Shop | Soluciones de iluminaci\u00f3n profesionales","url":"https:\/\/light24.lt\/es\/","telephone":"+3725184133","logo":{"@type":"ImageObject","url":"https:\/\/www.light24.ee\/wp-content\/uploads\/2022\/03\/Shape-2-3.svg","@id":"https:\/\/light24.lt\/es\/toode\/valisvalgustid\/valis-seinavalgustid\/cela\/#organizationLogo"},"image":{"@id":"https:\/\/light24.lt\/es\/toode\/valisvalgustid\/valis-seinavalgustid\/cela\/#organizationLogo"},"sameAs":["https:\/\/www.facebook.com\/light24.ee","https:\/\/www.instagram.com\/light24official\/"]},{"@type":"Product","@id":"https:\/\/light24.lt\/es\/toode\/valisvalgustid\/valis-seinavalgustid\/cela\/#wooCommerceProduct","name":"FARO CELA","url":"https:\/\/light24.lt\/es\/toode\/valisvalgustid\/valis-seinavalgustid\/cela\/","sku":"FAR40079","image":{"@type":"ImageObject","url":"https:\/\/light24.lt\/wp-content\/uploads\/2014\/07\/far40079-1.jpg","@id":"https:\/\/light24.lt\/es\/toode\/valisvalgustid\/valis-seinavalgustid\/cela\/#productImage","width":600,"height":600},"offers":{"@type":"Offer","url":"https:\/\/light24.lt\/es\/toode\/valisvalgustid\/valis-seinavalgustid\/cela\/#wooCommerceOffer","price":38.64,"priceCurrency":"EUR","category":"L\u00e1mparas de exterior","availability":"https:\/\/schema.org\/InStock","priceSpecification":{"@type":"PriceSpecification","price":38.64,"priceCurrency":"EUR","valueAddedTaxIncluded":"true"},"seller":{"@type":"Organization","@id":"https:\/\/light24.lt\/es\/#organization"}}},{"@type":"WebPage","@id":"https:\/\/light24.lt\/es\/toode\/valisvalgustid\/valis-seinavalgustid\/cela\/#webpage","url":"https:\/\/light24.lt\/es\/toode\/valisvalgustid\/valis-seinavalgustid\/cela\/","name":"FARO CELA \u2022 Light24","inLanguage":"es-ES","isPartOf":{"@id":"https:\/\/light24.lt\/es\/#website"},"breadcrumb":{"@id":"https:\/\/light24.lt\/es\/toode\/valisvalgustid\/valis-seinavalgustid\/cela\/#breadcrumblist"},"image":{"@type":"ImageObject","url":"https:\/\/light24.lt\/wp-content\/uploads\/2014\/07\/far40079-1.jpg","@id":"https:\/\/light24.lt\/es\/toode\/valisvalgustid\/valis-seinavalgustid\/cela\/#mainImage","width":600,"height":600},"primaryImageOfPage":{"@id":"https:\/\/light24.lt\/es\/toode\/valisvalgustid\/valis-seinavalgustid\/cela\/#mainImage"},"datePublished":"2022-12-11T09:09:01+02:00","dateModified":"2024-03-29T20:13:13+02:00"},{"@type":"WebSite","@id":"https:\/\/light24.lt\/es\/#website","url":"https:\/\/light24.lt\/es\/","name":"Light24","description":"Lighting E-Shop | Soluciones de iluminaci\u00f3n profesionales","inLanguage":"es-ES","publisher":{"@id":"https:\/\/light24.lt\/es\/#organization"}}]},"og:locale":"es_ES","og:site_name":"Light24 \u2022 Lighting E-Shop | Soluciones de iluminaci\u00f3n profesionales","og:type":"article","og:title":"FARO CELA \u2022 Light24","og:url":"https:\/\/light24.lt\/es\/toode\/valisvalgustid\/valis-seinavalgustid\/cela\/","og:image":"https:\/\/light24.lt\/wp-content\/uploads\/2014\/07\/far40079-1.jpg","og:image:secure_url":"https:\/\/light24.lt\/wp-content\/uploads\/2014\/07\/far40079-1.jpg","og:image:width":600,"og:image:height":600,"article:published_time":"2022-12-11T07:09:01+00:00","article:modified_time":"2024-03-29T18:13:13+00:00","article:publisher":"https:\/\/www.facebook.com\/light24.ee","twitter:card":"summary","twitter:title":"FARO CELA \u2022 Light24","twitter:image":"https:\/\/light24.lt\/wp-content\/uploads\/2014\/07\/far40079-1.jpg"},"aioseo_meta_data":{"post_id":"18539","title":null,"description":null,"keywords":[],"keyphrases":{"focus":{"keyphrase":"","score":0,"analysis":{"keyphraseInTitle":{"score":0,"maxScore":9,"error":1}}},"additional":[]},"primary_term":null,"canonical_url":null,"og_title":null,"og_description":null,"og_object_type":"default","og_image_type":"default","og_image_url":null,"og_image_width":null,"og_image_height":null,"og_image_custom_url":null,"og_image_custom_fields":null,"og_video":"","og_custom_url":null,"og_article_section":null,"og_article_tags":[],"twitter_use_og":false,"twitter_card":"default","twitter_image_type":"default","twitter_image_url":null,"twitter_image_custom_url":null,"twitter_image_custom_fields":null,"twitter_title":null,"twitter_description":null,"schema":{"blockGraphs":[],"customGraphs":[],"default":{"data":{"Article":[],"Course":[],"Dataset":[],"FAQPage":[],"Movie":[],"Person":[],"Product":[],"ProductReview":[],"Car":[],"Recipe":[],"Service":[],"SoftwareApplication":[],"WebPage":[]},"graphName":"ItemPage","isEnabled":true},"graphs":[]},"schema_type":"default","schema_type_options":null,"pillar_content":false,"robots_default":true,"robots_noindex":false,"robots_noarchive":false,"robots_nosnippet":false,"robots_nofollow":false,"robots_noimageindex":false,"robots_noodp":false,"robots_notranslate":false,"robots_max_snippet":"-1","robots_max_videopreview":"-1","robots_max_imagepreview":"large","priority":null,"frequency":"default","local_seo":null,"seo_analyzer_scan_date":"2025-10-27 05:35:28","breadcrumb_settings":null,"limit_modified_date":false,"reviewed_by":null,"open_ai":"{\"title\":{\"suggestions\":[],\"usage\":0},\"description\":{\"suggestions\":[],\"usage\":0}}","ai":null,"created":"2022-02-17 14:47:45","updated":"2025-10-27 05:35:28"},"aioseo_breadcrumb":"<div class=\"aioseo-breadcrumbs\"><span class=\"aioseo-breadcrumb\">\n\t<a href=\"https:\/\/light24.lt\/es\" title=\"Home\">Home<\/a>\n<\/span><span class=\"aioseo-breadcrumb-separator\">&raquo;<\/span><span class=\"aioseo-breadcrumb\">\n\t<a href=\"https:\/\/light24.lt\/es\/shop\/\" title=\"Tienda en l\u00ednea\">Tienda en l\u00ednea<\/a>\n<\/span><span class=\"aioseo-breadcrumb-separator\">&raquo;<\/span><span class=\"aioseo-breadcrumb\">\n\t<a href=\"https:\/\/light24.lt\/es\/product-category\/valisvalgustid\/\" title=\"L\u00e1mparas de exterior\">L\u00e1mparas de exterior<\/a>\n<\/span><span class=\"aioseo-breadcrumb-separator\">&raquo;<\/span><span class=\"aioseo-breadcrumb\">\n\t<a href=\"https:\/\/light24.lt\/es\/product-category\/valisvalgustid\/valis-seinavalgustid\/\" title=\"Apliques de exterior\">Apliques de exterior<\/a>\n<\/span><span class=\"aioseo-breadcrumb-separator\">&raquo;<\/span><span class=\"aioseo-breadcrumb\">\n\tFARO CELA\n<\/span><\/div>","aioseo_breadcrumb_json":[{"label":"Home","link":"https:\/\/light24.lt\/es"},{"label":"Tienda en l\u00ednea","link":"https:\/\/light24.lt\/es\/shop\/"},{"label":"L\u00e1mparas de exterior","link":"https:\/\/light24.lt\/es\/product-category\/valisvalgustid\/"},{"label":"Apliques de exterior","link":"https:\/\/light24.lt\/es\/product-category\/valisvalgustid\/valis-seinavalgustid\/"},{"label":"FARO CELA","link":"https:\/\/light24.lt\/es\/toode\/valisvalgustid\/valis-seinavalgustid\/cela\/"}],"_links":{"self":[{"href":"https:\/\/light24.lt\/es\/wp-json\/wp\/v2\/product\/18539","targetHints":{"allow":["GET"]}}],"collection":[{"href":"https:\/\/light24.lt\/es\/wp-json\/wp\/v2\/product"}],"about":[{"href":"https:\/\/light24.lt\/es\/wp-json\/wp\/v2\/types\/product"}],"replies":[{"embeddable":true,"href":"https:\/\/light24.lt\/es\/wp-json\/wp\/v2\/comments?post=18539"}],"wp:featuredmedia":[{"embeddable":true,"href":"https:\/\/light24.lt\/es\/wp-json\/wp\/v2\/media\/18541"}],"wp:attachment":[{"href":"https:\/\/light24.lt\/es\/wp-json\/wp\/v2\/media?parent=18539"}],"wp:term":[{"taxonomy":"product_cat","embeddable":true,"href":"https:\/\/light24.lt\/es\/wp-json\/wp\/v2\/product_cat?post=18539"},{"taxonomy":"product_tag","embeddable":true,"href":"https:\/\/light24.lt\/es\/wp-json\/wp\/v2\/product_tag?post=18539"}],"curies":[{"name":"wp","href":"https:\/\/api.w.org\/{rel}","templated":true}]}}