{"id":147886,"date":"2025-05-19T10:53:43","date_gmt":"2025-05-19T07:53:43","guid":{"rendered":"https:\/\/light24.ee\/?post_type=product&#038;p=147886"},"modified":"2025-11-09T12:52:45","modified_gmt":"2025-11-09T10:52:45","slug":"aldex-una-floor-e14","status":"publish","type":"product","link":"https:\/\/light24.lt\/es\/toode\/siseruumide_valgustid\/porandalambid\/aldex-una-floor-e14\/","title":{"rendered":"ALDEX Una Floor E14"},"content":{"rendered":"","protected":false},"excerpt":{"rendered":"<p class=\"qtranxs-available-languages-message qtranxs-available-languages-message-es\">Disculpa, pero esta entrada est\u00e1 disponible s\u00f3lo en <a href=\"https:\/\/light24.lt\/et\/wp-json\/wp\/v2\/product\/147886\" class=\"qtranxs-available-language-link qtranxs-available-language-link-et\" title=\"Eesti\">Eesti<\/a>, <a href=\"https:\/\/light24.lt\/en\/wp-json\/wp\/v2\/product\/147886\" class=\"qtranxs-available-language-link qtranxs-available-language-link-en\" title=\"English\">English<\/a>, <a href=\"https:\/\/light24.lt\/ru\/wp-json\/wp\/v2\/product\/147886\" class=\"qtranxs-available-language-link qtranxs-available-language-link-ru\" title=\"\u0420\u0443\u0441\u0441\u043a\u0438\u0439\">\u0420\u0443\u0441\u0441\u043a\u0438\u0439<\/a>, <a href=\"https:\/\/light24.lt\/fi\/wp-json\/wp\/v2\/product\/147886\" class=\"qtranxs-available-language-link qtranxs-available-language-link-fi\" title=\"Suomi\">Suomi<\/a> y <a href=\"https:\/\/light24.lt\/lv\/wp-json\/wp\/v2\/product\/147886\" class=\"qtranxs-available-language-link qtranxs-available-language-link-lv\" title=\"Latvie\u0161u\">Latvie\u0161u<\/a>.<\/p>\n","protected":false},"featured_media":147889,"comment_status":"closed","ping_status":"closed","template":"","meta":{"_acf_changed":false},"product_cat":[7280,7282],"product_tag":[347],"class_list":{"0":"post-147886","1":"product","2":"type-product","3":"status-publish","4":"has-post-thumbnail","6":"product_cat-siseruumide_valgustid","7":"product_cat-porandalambid","8":"product_tag-aldex","9":"product_shipping_class-standard","10":"pa_materjal-metall","11":"pa_materjal-klaas","12":"pa_ruumid-elutuba","13":"pa_ruumid-soogituba","14":"pa_ruumid-magamistuba","15":"pa_ruumid-esik_ja_trepihall","16":"pa_ruumid-hotellid-ja-restoranid","17":"pa_tarneaeg-2-3-nadalat","18":"pa_tehnilised-andmed-max-8w-led-e14","19":"pa_varv-roosa","21":"first","22":"instock","23":"taxable","24":"shipping-taxable","25":"purchasable","26":"product-type-simple"},"acf":[],"aioseo_notices":[],"aioseo_head":"\n\t\t<!-- All in One SEO Pro 4.9.5.2 - aioseo.com -->\n\t<meta name=\"description\" content=\"(Eesti) Originaalse kaarekujulise ja pastellse korallviimistlusega p\u00f5randalamp UNA CORAL\" \/>\n\t<meta name=\"robots\" content=\"max-image-preview:large\" \/>\n\t<meta name=\"google-site-verification\" content=\"nxgDPK3Ouk6bwvuxlwlzeMOKszmf-8m57RDu5zAgN-Y\" \/>\n\t<link rel=\"canonical\" href=\"https:\/\/light24.lt\/es\/toode\/siseruumide_valgustid\/porandalambid\/aldex-una-floor-e14\/\" \/>\n\t<meta name=\"generator\" content=\"All in One SEO Pro (AIOSEO) 4.9.5.2\" \/>\n\t\t<meta property=\"og:locale\" content=\"es_ES\" \/>\n\t\t<meta property=\"og:site_name\" content=\"Light24 \u2022 Lighting E-Shop | Soluciones de iluminaci\u00f3n profesionales\" \/>\n\t\t<meta property=\"og:type\" content=\"article\" \/>\n\t\t<meta property=\"og:title\" content=\"ALDEX Una Floor E14 \u2022 Light24\" \/>\n\t\t<meta property=\"og:description\" content=\"(Eesti) Originaalse kaarekujulise ja pastellse korallviimistlusega p\u00f5randalamp UNA CORAL\" \/>\n\t\t<meta property=\"og:url\" content=\"https:\/\/light24.lt\/es\/toode\/siseruumide_valgustid\/porandalambid\/aldex-una-floor-e14\/\" \/>\n\t\t<meta property=\"og:image\" content=\"https:\/\/light24.lt\/wp-content\/uploads\/2025\/05\/Una_floor__.jpg\" \/>\n\t\t<meta property=\"og:image:secure_url\" content=\"https:\/\/light24.lt\/wp-content\/uploads\/2025\/05\/Una_floor__.jpg\" \/>\n\t\t<meta property=\"og:image:width\" content=\"900\" \/>\n\t\t<meta property=\"og:image:height\" content=\"900\" \/>\n\t\t<meta property=\"article:published_time\" content=\"2025-05-19T07:53:43+00:00\" \/>\n\t\t<meta property=\"article:modified_time\" content=\"2025-11-09T10:52:45+00:00\" \/>\n\t\t<meta property=\"article:publisher\" content=\"https:\/\/www.facebook.com\/light24.ee\" \/>\n\t\t<meta name=\"twitter:card\" content=\"summary\" \/>\n\t\t<meta name=\"twitter:title\" content=\"ALDEX Una Floor E14 \u2022 Light24\" \/>\n\t\t<meta name=\"twitter:description\" content=\"(Eesti) Originaalse kaarekujulise ja pastellse korallviimistlusega p\u00f5randalamp UNA CORAL\" \/>\n\t\t<meta name=\"twitter:image\" content=\"https:\/\/light24.lt\/wp-content\/uploads\/2025\/05\/Una_floor__.jpg\" \/>\n\t\t<script type=\"application\/ld+json\" class=\"aioseo-schema\">\n\t\t\t{\"@context\":\"https:\\\/\\\/schema.org\",\"@graph\":[{\"@type\":\"BreadcrumbList\",\"@id\":\"https:\\\/\\\/light24.lt\\\/es\\\/toode\\\/siseruumide_valgustid\\\/porandalambid\\\/aldex-una-floor-e14\\\/#breadcrumblist\",\"itemListElement\":[{\"@type\":\"ListItem\",\"@id\":\"https:\\\/\\\/light24.lt\\\/es#listItem\",\"position\":1,\"name\":\"Home\",\"item\":\"https:\\\/\\\/light24.lt\\\/es\",\"nextItem\":{\"@type\":\"ListItem\",\"@id\":\"https:\\\/\\\/light24.lt\\\/es\\\/shop\\\/#listItem\",\"name\":\"Tienda en l\\u00ednea\"}},{\"@type\":\"ListItem\",\"@id\":\"https:\\\/\\\/light24.lt\\\/es\\\/shop\\\/#listItem\",\"position\":2,\"name\":\"Tienda en l\\u00ednea\",\"item\":\"https:\\\/\\\/light24.lt\\\/es\\\/shop\\\/\",\"nextItem\":{\"@type\":\"ListItem\",\"@id\":\"https:\\\/\\\/light24.lt\\\/es\\\/product-category\\\/siseruumide_valgustid\\\/#listItem\",\"name\":\"Luminarias de interior\"},\"previousItem\":{\"@type\":\"ListItem\",\"@id\":\"https:\\\/\\\/light24.lt\\\/es#listItem\",\"name\":\"Home\"}},{\"@type\":\"ListItem\",\"@id\":\"https:\\\/\\\/light24.lt\\\/es\\\/product-category\\\/siseruumide_valgustid\\\/#listItem\",\"position\":3,\"name\":\"Luminarias de interior\",\"item\":\"https:\\\/\\\/light24.lt\\\/es\\\/product-category\\\/siseruumide_valgustid\\\/\",\"nextItem\":{\"@type\":\"ListItem\",\"@id\":\"https:\\\/\\\/light24.lt\\\/es\\\/product-category\\\/siseruumide_valgustid\\\/porandalambid\\\/#listItem\",\"name\":\"L\\u00e1mparas de pie\"},\"previousItem\":{\"@type\":\"ListItem\",\"@id\":\"https:\\\/\\\/light24.lt\\\/es\\\/shop\\\/#listItem\",\"name\":\"Tienda en l\\u00ednea\"}},{\"@type\":\"ListItem\",\"@id\":\"https:\\\/\\\/light24.lt\\\/es\\\/product-category\\\/siseruumide_valgustid\\\/porandalambid\\\/#listItem\",\"position\":4,\"name\":\"L\\u00e1mparas de pie\",\"item\":\"https:\\\/\\\/light24.lt\\\/es\\\/product-category\\\/siseruumide_valgustid\\\/porandalambid\\\/\",\"nextItem\":{\"@type\":\"ListItem\",\"@id\":\"https:\\\/\\\/light24.lt\\\/es\\\/toode\\\/siseruumide_valgustid\\\/porandalambid\\\/aldex-una-floor-e14\\\/#listItem\",\"name\":\"ALDEX Una Floor E14\"},\"previousItem\":{\"@type\":\"ListItem\",\"@id\":\"https:\\\/\\\/light24.lt\\\/es\\\/product-category\\\/siseruumide_valgustid\\\/#listItem\",\"name\":\"Luminarias de interior\"}},{\"@type\":\"ListItem\",\"@id\":\"https:\\\/\\\/light24.lt\\\/es\\\/toode\\\/siseruumide_valgustid\\\/porandalambid\\\/aldex-una-floor-e14\\\/#listItem\",\"position\":5,\"name\":\"ALDEX Una Floor E14\",\"previousItem\":{\"@type\":\"ListItem\",\"@id\":\"https:\\\/\\\/light24.lt\\\/es\\\/product-category\\\/siseruumide_valgustid\\\/porandalambid\\\/#listItem\",\"name\":\"L\\u00e1mparas de pie\"}}]},{\"@type\":\"Organization\",\"@id\":\"https:\\\/\\\/light24.lt\\\/es\\\/#organization\",\"name\":\"Light24\",\"description\":\"Lighting E-Shop | Soluciones de iluminaci\\u00f3n profesionales\",\"url\":\"https:\\\/\\\/light24.lt\\\/es\\\/\",\"telephone\":\"+3725184133\",\"logo\":{\"@type\":\"ImageObject\",\"url\":\"https:\\\/\\\/www.light24.ee\\\/wp-content\\\/uploads\\\/2022\\\/03\\\/Shape-2-3.svg\",\"@id\":\"https:\\\/\\\/light24.lt\\\/es\\\/toode\\\/siseruumide_valgustid\\\/porandalambid\\\/aldex-una-floor-e14\\\/#organizationLogo\"},\"image\":{\"@id\":\"https:\\\/\\\/light24.lt\\\/es\\\/toode\\\/siseruumide_valgustid\\\/porandalambid\\\/aldex-una-floor-e14\\\/#organizationLogo\"},\"sameAs\":[\"https:\\\/\\\/www.facebook.com\\\/light24.ee\",\"https:\\\/\\\/www.instagram.com\\\/light24official\\\/\"]},{\"@type\":\"Product\",\"@id\":\"https:\\\/\\\/light24.lt\\\/es\\\/toode\\\/siseruumide_valgustid\\\/porandalambid\\\/aldex-una-floor-e14\\\/#wooCommerceProduct\",\"name\":\"ALDEX Una Floor E14\",\"description\":\"[:et]Originaalse kaarekujulise ja pastellse korallviimistlusega p\\u00f5randalamp UNA CORAL[:en]UNA CORAL floor lamp in an original arc shape and pastel coral finish[:ru]\\u0422\\u043e\\u0440\\u0448\\u0435\\u0440 UNA CORAL \\u043e\\u0440\\u0438\\u0433\\u0438\\u043d\\u0430\\u043b\\u044c\\u043d\\u043e\\u0439 \\u0434\\u0443\\u0433\\u043e\\u043e\\u0431\\u0440\\u0430\\u0437\\u043d\\u043e\\u0439 \\u0444\\u043e\\u0440\\u043c\\u044b \\u0441 \\u043f\\u0430\\u0441\\u0442\\u0435\\u043b\\u044c\\u043d\\u043e\\u0439 \\u043a\\u043e\\u0440\\u0430\\u043b\\u043b\\u043e\\u0432\\u043e\\u0439 \\u043e\\u0442\\u0434\\u0435\\u043b\\u043a\\u043e\\u0439[:fi]UNA CORAL lattiavalaisin alkuper\\u00e4isess\\u00e4 kaaren muodossa ja pastellin koralliviimeistelyss\\u00e4[:lv]UNA CORAL st\\u0101vlampa ori\\u0123in\\u0101l\\u0101 loka form\\u0101 un paste\\u013cto\\u0146u kora\\u013c\\u013cu apdar\\u0113[:]\",\"url\":\"https:\\\/\\\/light24.lt\\\/es\\\/toode\\\/siseruumide_valgustid\\\/porandalambid\\\/aldex-una-floor-e14\\\/\",\"sku\":\"ALD22120926-1\",\"image\":{\"@type\":\"ImageObject\",\"url\":\"https:\\\/\\\/light24.lt\\\/wp-content\\\/uploads\\\/2025\\\/05\\\/Una_floor__.jpg\",\"@id\":\"https:\\\/\\\/light24.lt\\\/es\\\/toode\\\/siseruumide_valgustid\\\/porandalambid\\\/aldex-una-floor-e14\\\/#productImage\",\"width\":900,\"height\":900},\"offers\":{\"@type\":\"Offer\",\"url\":\"https:\\\/\\\/light24.lt\\\/es\\\/toode\\\/siseruumide_valgustid\\\/porandalambid\\\/aldex-una-floor-e14\\\/#wooCommerceOffer\",\"price\":214,\"priceCurrency\":\"EUR\",\"category\":\"Luminarias de interior\",\"availability\":\"https:\\\/\\\/schema.org\\\/InStock\",\"priceSpecification\":{\"@type\":\"PriceSpecification\",\"price\":214,\"priceCurrency\":\"EUR\",\"valueAddedTaxIncluded\":\"true\"},\"seller\":{\"@type\":\"Organization\",\"@id\":\"https:\\\/\\\/light24.lt\\\/es\\\/#organization\"}}},{\"@type\":\"WebPage\",\"@id\":\"https:\\\/\\\/light24.lt\\\/es\\\/toode\\\/siseruumide_valgustid\\\/porandalambid\\\/aldex-una-floor-e14\\\/#webpage\",\"url\":\"https:\\\/\\\/light24.lt\\\/es\\\/toode\\\/siseruumide_valgustid\\\/porandalambid\\\/aldex-una-floor-e14\\\/\",\"name\":\"ALDEX Una Floor E14 \\u2022 Light24\",\"description\":\"(Eesti) Originaalse kaarekujulise ja pastellse korallviimistlusega p\\u00f5randalamp UNA CORAL\",\"inLanguage\":\"es-ES\",\"isPartOf\":{\"@id\":\"https:\\\/\\\/light24.lt\\\/es\\\/#website\"},\"breadcrumb\":{\"@id\":\"https:\\\/\\\/light24.lt\\\/es\\\/toode\\\/siseruumide_valgustid\\\/porandalambid\\\/aldex-una-floor-e14\\\/#breadcrumblist\"},\"image\":{\"@type\":\"ImageObject\",\"url\":\"https:\\\/\\\/light24.lt\\\/wp-content\\\/uploads\\\/2025\\\/05\\\/Una_floor__.jpg\",\"@id\":\"https:\\\/\\\/light24.lt\\\/es\\\/toode\\\/siseruumide_valgustid\\\/porandalambid\\\/aldex-una-floor-e14\\\/#mainImage\",\"width\":900,\"height\":900},\"primaryImageOfPage\":{\"@id\":\"https:\\\/\\\/light24.lt\\\/es\\\/toode\\\/siseruumide_valgustid\\\/porandalambid\\\/aldex-una-floor-e14\\\/#mainImage\"},\"datePublished\":\"2025-05-19T10:53:43+03:00\",\"dateModified\":\"2025-11-09T12:52:45+02:00\"},{\"@type\":\"WebSite\",\"@id\":\"https:\\\/\\\/light24.lt\\\/es\\\/#website\",\"url\":\"https:\\\/\\\/light24.lt\\\/es\\\/\",\"name\":\"Light24\",\"description\":\"Lighting E-Shop | Soluciones de iluminaci\\u00f3n profesionales\",\"inLanguage\":\"es-ES\",\"publisher\":{\"@id\":\"https:\\\/\\\/light24.lt\\\/es\\\/#organization\"}}]}\n\t\t<\/script>\n\t\t<!-- All in One SEO Pro -->\r\n\t\t<title>ALDEX Una Floor E14 \u2022 Light24<\/title>\n\n","aioseo_head_json":{"title":"ALDEX Una Floor E14 \u2022 Light24","description":"(Eesti) Originaalse kaarekujulise ja pastellse korallviimistlusega p\u00f5randalamp UNA CORAL","canonical_url":"https:\/\/light24.lt\/es\/toode\/siseruumide_valgustid\/porandalambid\/aldex-una-floor-e14\/","robots":"max-image-preview:large","keywords":"","webmasterTools":{"google-site-verification":"nxgDPK3Ouk6bwvuxlwlzeMOKszmf-8m57RDu5zAgN-Y","miscellaneous":""},"schema":{"@context":"https:\/\/schema.org","@graph":[{"@type":"BreadcrumbList","@id":"https:\/\/light24.lt\/es\/toode\/siseruumide_valgustid\/porandalambid\/aldex-una-floor-e14\/#breadcrumblist","itemListElement":[{"@type":"ListItem","@id":"https:\/\/light24.lt\/es#listItem","position":1,"name":"Home","item":"https:\/\/light24.lt\/es","nextItem":{"@type":"ListItem","@id":"https:\/\/light24.lt\/es\/shop\/#listItem","name":"Tienda en l\u00ednea"}},{"@type":"ListItem","@id":"https:\/\/light24.lt\/es\/shop\/#listItem","position":2,"name":"Tienda en l\u00ednea","item":"https:\/\/light24.lt\/es\/shop\/","nextItem":{"@type":"ListItem","@id":"https:\/\/light24.lt\/es\/product-category\/siseruumide_valgustid\/#listItem","name":"Luminarias de interior"},"previousItem":{"@type":"ListItem","@id":"https:\/\/light24.lt\/es#listItem","name":"Home"}},{"@type":"ListItem","@id":"https:\/\/light24.lt\/es\/product-category\/siseruumide_valgustid\/#listItem","position":3,"name":"Luminarias de interior","item":"https:\/\/light24.lt\/es\/product-category\/siseruumide_valgustid\/","nextItem":{"@type":"ListItem","@id":"https:\/\/light24.lt\/es\/product-category\/siseruumide_valgustid\/porandalambid\/#listItem","name":"L\u00e1mparas de pie"},"previousItem":{"@type":"ListItem","@id":"https:\/\/light24.lt\/es\/shop\/#listItem","name":"Tienda en l\u00ednea"}},{"@type":"ListItem","@id":"https:\/\/light24.lt\/es\/product-category\/siseruumide_valgustid\/porandalambid\/#listItem","position":4,"name":"L\u00e1mparas de pie","item":"https:\/\/light24.lt\/es\/product-category\/siseruumide_valgustid\/porandalambid\/","nextItem":{"@type":"ListItem","@id":"https:\/\/light24.lt\/es\/toode\/siseruumide_valgustid\/porandalambid\/aldex-una-floor-e14\/#listItem","name":"ALDEX Una Floor E14"},"previousItem":{"@type":"ListItem","@id":"https:\/\/light24.lt\/es\/product-category\/siseruumide_valgustid\/#listItem","name":"Luminarias de interior"}},{"@type":"ListItem","@id":"https:\/\/light24.lt\/es\/toode\/siseruumide_valgustid\/porandalambid\/aldex-una-floor-e14\/#listItem","position":5,"name":"ALDEX Una Floor E14","previousItem":{"@type":"ListItem","@id":"https:\/\/light24.lt\/es\/product-category\/siseruumide_valgustid\/porandalambid\/#listItem","name":"L\u00e1mparas de pie"}}]},{"@type":"Organization","@id":"https:\/\/light24.lt\/es\/#organization","name":"Light24","description":"Lighting E-Shop | Soluciones de iluminaci\u00f3n profesionales","url":"https:\/\/light24.lt\/es\/","telephone":"+3725184133","logo":{"@type":"ImageObject","url":"https:\/\/www.light24.ee\/wp-content\/uploads\/2022\/03\/Shape-2-3.svg","@id":"https:\/\/light24.lt\/es\/toode\/siseruumide_valgustid\/porandalambid\/aldex-una-floor-e14\/#organizationLogo"},"image":{"@id":"https:\/\/light24.lt\/es\/toode\/siseruumide_valgustid\/porandalambid\/aldex-una-floor-e14\/#organizationLogo"},"sameAs":["https:\/\/www.facebook.com\/light24.ee","https:\/\/www.instagram.com\/light24official\/"]},{"@type":"Product","@id":"https:\/\/light24.lt\/es\/toode\/siseruumide_valgustid\/porandalambid\/aldex-una-floor-e14\/#wooCommerceProduct","name":"ALDEX Una Floor E14","description":"[:et]Originaalse kaarekujulise ja pastellse korallviimistlusega p\u00f5randalamp UNA CORAL[:en]UNA CORAL floor lamp in an original arc shape and pastel coral finish[:ru]\u0422\u043e\u0440\u0448\u0435\u0440 UNA CORAL \u043e\u0440\u0438\u0433\u0438\u043d\u0430\u043b\u044c\u043d\u043e\u0439 \u0434\u0443\u0433\u043e\u043e\u0431\u0440\u0430\u0437\u043d\u043e\u0439 \u0444\u043e\u0440\u043c\u044b \u0441 \u043f\u0430\u0441\u0442\u0435\u043b\u044c\u043d\u043e\u0439 \u043a\u043e\u0440\u0430\u043b\u043b\u043e\u0432\u043e\u0439 \u043e\u0442\u0434\u0435\u043b\u043a\u043e\u0439[:fi]UNA CORAL lattiavalaisin alkuper\u00e4isess\u00e4 kaaren muodossa ja pastellin koralliviimeistelyss\u00e4[:lv]UNA CORAL st\u0101vlampa ori\u0123in\u0101l\u0101 loka form\u0101 un paste\u013cto\u0146u kora\u013c\u013cu apdar\u0113[:]","url":"https:\/\/light24.lt\/es\/toode\/siseruumide_valgustid\/porandalambid\/aldex-una-floor-e14\/","sku":"ALD22120926-1","image":{"@type":"ImageObject","url":"https:\/\/light24.lt\/wp-content\/uploads\/2025\/05\/Una_floor__.jpg","@id":"https:\/\/light24.lt\/es\/toode\/siseruumide_valgustid\/porandalambid\/aldex-una-floor-e14\/#productImage","width":900,"height":900},"offers":{"@type":"Offer","url":"https:\/\/light24.lt\/es\/toode\/siseruumide_valgustid\/porandalambid\/aldex-una-floor-e14\/#wooCommerceOffer","price":214,"priceCurrency":"EUR","category":"Luminarias de interior","availability":"https:\/\/schema.org\/InStock","priceSpecification":{"@type":"PriceSpecification","price":214,"priceCurrency":"EUR","valueAddedTaxIncluded":"true"},"seller":{"@type":"Organization","@id":"https:\/\/light24.lt\/es\/#organization"}}},{"@type":"WebPage","@id":"https:\/\/light24.lt\/es\/toode\/siseruumide_valgustid\/porandalambid\/aldex-una-floor-e14\/#webpage","url":"https:\/\/light24.lt\/es\/toode\/siseruumide_valgustid\/porandalambid\/aldex-una-floor-e14\/","name":"ALDEX Una Floor E14 \u2022 Light24","description":"(Eesti) Originaalse kaarekujulise ja pastellse korallviimistlusega p\u00f5randalamp UNA CORAL","inLanguage":"es-ES","isPartOf":{"@id":"https:\/\/light24.lt\/es\/#website"},"breadcrumb":{"@id":"https:\/\/light24.lt\/es\/toode\/siseruumide_valgustid\/porandalambid\/aldex-una-floor-e14\/#breadcrumblist"},"image":{"@type":"ImageObject","url":"https:\/\/light24.lt\/wp-content\/uploads\/2025\/05\/Una_floor__.jpg","@id":"https:\/\/light24.lt\/es\/toode\/siseruumide_valgustid\/porandalambid\/aldex-una-floor-e14\/#mainImage","width":900,"height":900},"primaryImageOfPage":{"@id":"https:\/\/light24.lt\/es\/toode\/siseruumide_valgustid\/porandalambid\/aldex-una-floor-e14\/#mainImage"},"datePublished":"2025-05-19T10:53:43+03:00","dateModified":"2025-11-09T12:52:45+02:00"},{"@type":"WebSite","@id":"https:\/\/light24.lt\/es\/#website","url":"https:\/\/light24.lt\/es\/","name":"Light24","description":"Lighting E-Shop | Soluciones de iluminaci\u00f3n profesionales","inLanguage":"es-ES","publisher":{"@id":"https:\/\/light24.lt\/es\/#organization"}}]},"og:locale":"es_ES","og:site_name":"Light24 \u2022 Lighting E-Shop | Soluciones de iluminaci\u00f3n profesionales","og:type":"article","og:title":"ALDEX Una Floor E14 \u2022 Light24","og:description":"(Eesti) Originaalse kaarekujulise ja pastellse korallviimistlusega p\u00f5randalamp UNA CORAL","og:url":"https:\/\/light24.lt\/es\/toode\/siseruumide_valgustid\/porandalambid\/aldex-una-floor-e14\/","og:image":"https:\/\/light24.lt\/wp-content\/uploads\/2025\/05\/Una_floor__.jpg","og:image:secure_url":"https:\/\/light24.lt\/wp-content\/uploads\/2025\/05\/Una_floor__.jpg","og:image:width":900,"og:image:height":900,"article:published_time":"2025-05-19T07:53:43+00:00","article:modified_time":"2025-11-09T10:52:45+00:00","article:publisher":"https:\/\/www.facebook.com\/light24.ee","twitter:card":"summary","twitter:title":"ALDEX Una Floor E14 \u2022 Light24","twitter:description":"(Eesti) Originaalse kaarekujulise ja pastellse korallviimistlusega p\u00f5randalamp UNA CORAL","twitter:image":"https:\/\/light24.lt\/wp-content\/uploads\/2025\/05\/Una_floor__.jpg"},"aioseo_meta_data":{"post_id":"147886","title":null,"description":null,"keywords":null,"keyphrases":{"focus":{"keyphrase":"p\u00f5randalamp","score":69,"analysis":{"keyphraseInTitle":{"score":3,"maxScore":9,"error":1},"keyphraseInDescription":{"score":9,"maxScore":9,"error":0},"keyphraseLength":{"score":9,"maxScore":9,"error":0,"length":2},"keyphraseInURL":{"score":1,"maxScore":5,"error":1}}},"additional":[{"keyphrase":"p\u00f5randavalgusti","score":67,"analysis":{"keyphraseInDescription":{"score":3,"maxScore":9,"error":1},"keyphraseLength":{"score":9,"maxScore":9,"error":0,"length":2}}}]},"primary_term":null,"canonical_url":null,"og_title":null,"og_description":null,"og_object_type":"default","og_image_type":"default","og_image_url":null,"og_image_width":null,"og_image_height":null,"og_image_custom_url":null,"og_image_custom_fields":null,"og_video":"","og_custom_url":null,"og_article_section":null,"og_article_tags":null,"twitter_use_og":false,"twitter_card":"default","twitter_image_type":"default","twitter_image_url":null,"twitter_image_custom_url":null,"twitter_image_custom_fields":null,"twitter_title":null,"twitter_description":null,"schema":{"blockGraphs":[],"customGraphs":[],"default":{"data":{"Article":[],"Course":[],"Dataset":[],"FAQPage":[],"Movie":[],"Person":[],"Product":[],"ProductReview":[],"Car":[],"Recipe":[],"Service":[],"SoftwareApplication":[],"WebPage":[]},"graphName":"Product","isEnabled":true},"graphs":[]},"schema_type":"default","schema_type_options":null,"pillar_content":false,"robots_default":true,"robots_noindex":false,"robots_noarchive":false,"robots_nosnippet":false,"robots_nofollow":false,"robots_noimageindex":false,"robots_noodp":false,"robots_notranslate":false,"robots_max_snippet":"-1","robots_max_videopreview":"-1","robots_max_imagepreview":"large","priority":null,"frequency":"default","local_seo":null,"seo_analyzer_scan_date":"2025-11-09 10:54:00","breadcrumb_settings":null,"limit_modified_date":false,"reviewed_by":null,"open_ai":"{\"title\":{\"suggestions\":[],\"usage\":0},\"description\":{\"suggestions\":[],\"usage\":0}}","ai":{"faqs":[],"keyPoints":[],"titles":[],"descriptions":[],"socialPosts":{"email":[],"linkedin":[],"twitter":[],"facebook":[],"instagram":[]}},"created":"2025-05-19 07:53:43","updated":"2025-11-09 10:54:00"},"aioseo_breadcrumb":"<div class=\"aioseo-breadcrumbs\"><span class=\"aioseo-breadcrumb\">\n\t<a href=\"https:\/\/light24.lt\/es\" title=\"Home\">Home<\/a>\n<\/span><span class=\"aioseo-breadcrumb-separator\">&raquo;<\/span><span class=\"aioseo-breadcrumb\">\n\t<a href=\"https:\/\/light24.lt\/es\/shop\/\" title=\"Tienda en l\u00ednea\">Tienda en l\u00ednea<\/a>\n<\/span><span class=\"aioseo-breadcrumb-separator\">&raquo;<\/span><span class=\"aioseo-breadcrumb\">\n\t<a href=\"https:\/\/light24.lt\/es\/product-category\/siseruumide_valgustid\/\" title=\"Luminarias de interior\">Luminarias de interior<\/a>\n<\/span><span class=\"aioseo-breadcrumb-separator\">&raquo;<\/span><span class=\"aioseo-breadcrumb\">\n\t<a href=\"https:\/\/light24.lt\/es\/product-category\/siseruumide_valgustid\/porandalambid\/\" title=\"L\u00e1mparas de pie\">L\u00e1mparas de pie<\/a>\n<\/span><span class=\"aioseo-breadcrumb-separator\">&raquo;<\/span><span class=\"aioseo-breadcrumb\">\n\tALDEX Una Floor E14\n<\/span><\/div>","aioseo_breadcrumb_json":[{"label":"Home","link":"https:\/\/light24.lt\/es"},{"label":"Tienda en l\u00ednea","link":"https:\/\/light24.lt\/es\/shop\/"},{"label":"Luminarias de interior","link":"https:\/\/light24.lt\/es\/product-category\/siseruumide_valgustid\/"},{"label":"L\u00e1mparas de pie","link":"https:\/\/light24.lt\/es\/product-category\/siseruumide_valgustid\/porandalambid\/"},{"label":"ALDEX Una Floor E14","link":"https:\/\/light24.lt\/es\/toode\/siseruumide_valgustid\/porandalambid\/aldex-una-floor-e14\/"}],"_links":{"self":[{"href":"https:\/\/light24.lt\/es\/wp-json\/wp\/v2\/product\/147886","targetHints":{"allow":["GET"]}}],"collection":[{"href":"https:\/\/light24.lt\/es\/wp-json\/wp\/v2\/product"}],"about":[{"href":"https:\/\/light24.lt\/es\/wp-json\/wp\/v2\/types\/product"}],"replies":[{"embeddable":true,"href":"https:\/\/light24.lt\/es\/wp-json\/wp\/v2\/comments?post=147886"}],"wp:featuredmedia":[{"embeddable":true,"href":"https:\/\/light24.lt\/es\/wp-json\/wp\/v2\/media\/147889"}],"wp:attachment":[{"href":"https:\/\/light24.lt\/es\/wp-json\/wp\/v2\/media?parent=147886"}],"wp:term":[{"taxonomy":"product_cat","embeddable":true,"href":"https:\/\/light24.lt\/es\/wp-json\/wp\/v2\/product_cat?post=147886"},{"taxonomy":"product_tag","embeddable":true,"href":"https:\/\/light24.lt\/es\/wp-json\/wp\/v2\/product_tag?post=147886"}],"curies":[{"name":"wp","href":"https:\/\/api.w.org\/{rel}","templated":true}]}}