{"id":99043,"date":"2022-02-17T15:36:18","date_gmt":"2022-02-17T13:36:18","guid":{"rendered":"https:\/\/www.light24.ee\/kontakt-2\/"},"modified":"2024-12-02T10:54:53","modified_gmt":"2024-12-02T08:54:53","slug":"kontakt","status":"publish","type":"page","link":"https:\/\/light24.lt\/es\/kontakt\/","title":{"rendered":"Contacto"},"content":{"rendered":"\t\t<div data-elementor-type=\"wp-page\" data-elementor-id=\"99043\" class=\"elementor elementor-99043\" data-elementor-post-type=\"page\">\n\t\t\t\t\t\t<section class=\"elementor-section elementor-top-section elementor-element elementor-element-370bd5fb elementor-section-full_width qodef-elementor-content-grid elementor-section-height-default elementor-section-height-default qodef-elementor-overlay-no\" data-id=\"370bd5fb\" data-element_type=\"section\">\n\t\t\t\t\t\t<div class=\"elementor-container elementor-column-gap-default\">\n\t\t\t\t\t<div class=\"elementor-column elementor-col-100 elementor-top-column elementor-element elementor-element-9896f6\" data-id=\"9896f6\" data-element_type=\"column\">\n\t\t\t<div class=\"elementor-widget-wrap elementor-element-populated\">\n\t\t\t\t\t\t<div class=\"elementor-element elementor-element-742d0e23 elementor-widget elementor-widget-tobel_core_section_title\" data-id=\"742d0e23\" data-element_type=\"widget\" data-widget_type=\"tobel_core_section_title.default\">\n\t\t\t\t<div class=\"elementor-widget-container\">\n\t\t\t<div class=\"qodef-shortcode qodef-m  qodef-section-title qodef-alignment--center \">\n\t\t\t<\/div>\n\t\t<\/div>\n\t\t\t\t<\/div>\n\t\t\t\t<div class=\"elementor-element elementor-element-150015e1 elementor-widget elementor-widget-wp-widget-tobel_core_contact_form_7\" data-id=\"150015e1\" data-element_type=\"widget\" data-widget_type=\"wp-widget-tobel_core_contact_form_7.default\">\n\t\t\t\t<div class=\"elementor-widget-container\">\n\t\t\t\t\t\t<div class=\"qodef-contact-form-7\">\n\t\t\t\t\n<div class=\"wpcf7 no-js\" id=\"wpcf7-f99178-o1\" lang=\"et-EE\" dir=\"ltr\" data-wpcf7-id=\"99178\">\n<div class=\"screen-reader-response\"><p role=\"status\" aria-live=\"polite\" aria-atomic=\"true\"><\/p> <ul><\/ul><\/div>\n<form action=\"\/es\/wp-json\/wp\/v2\/pages\/99043#wpcf7-f99178-o1\" method=\"post\" class=\"wpcf7-form init\" aria-label=\"Contact form\" novalidate=\"novalidate\" data-status=\"init\">\n<fieldset class=\"hidden-fields-container\"><input type=\"hidden\" name=\"_wpcf7\" value=\"99178\" \/><input type=\"hidden\" name=\"_wpcf7_version\" value=\"6.1.5\" \/><input type=\"hidden\" name=\"_wpcf7_locale\" value=\"et_EE\" \/><input type=\"hidden\" name=\"_wpcf7_unit_tag\" value=\"wpcf7-f99178-o1\" \/><input type=\"hidden\" name=\"_wpcf7_container_post\" value=\"0\" \/><input type=\"hidden\" name=\"_wpcf7_posted_data_hash\" value=\"\" \/><input type=\"hidden\" name=\"_wpcf7_recaptcha_response\" value=\"\" \/>\n<\/fieldset>\n<div class=\"qodef-grid qodef-layout--template\">\n<div class=\"qodef-grid-inner\">\n<div class=\"qodef-grid-item qodef-col--6\">\n <span class=\"wpcf7-form-control-wrap\" data-name=\"your-name\"><input size=\"40\" maxlength=\"400\" class=\"wpcf7-form-control wpcf7-text wpcf7-validates-as-required\" aria-required=\"true\" aria-invalid=\"false\" placeholder=\"Nombre completo\" value=\"\" type=\"text\" name=\"your-name\" \/><\/span>\n<\/div>\n<div class=\"qodef-grid-item qodef-col--6\">\n <span class=\"wpcf7-form-control-wrap\" data-name=\"client-email\"><input size=\"40\" maxlength=\"400\" class=\"wpcf7-form-control wpcf7-email wpcf7-validates-as-required wpcf7-text wpcf7-validates-as-email\" aria-required=\"true\" aria-invalid=\"false\" placeholder=\"Direcci\u00f3n de correo electr\u00f3nico\" value=\"\" type=\"email\" name=\"client-email\" \/><\/span>\n<\/div>\n<div class=\"qodef-grid-item qodef-col--12\">\n <span class=\"wpcf7-form-control-wrap\" data-name=\"your-message\"><textarea cols=\"40\" rows=\"10\" maxlength=\"2000\" class=\"wpcf7-form-control wpcf7-textarea\" aria-invalid=\"false\" placeholder=\"Mensaje\" name=\"your-message\"><\/textarea><\/span>\n<\/div>\n<div class=\"qodef-grid-item qodef-col--12\" style=\"text-align: center;margin-top: 33px;\">\n<button class=\"wpcf7-form-control wpcf7-submit qodef-layout--outlined qodef-size--small qodef-button qodef-size--normal qodef-layout--filled qodef-m\" type=\"submit\"><span class=\"qodef-m-text\">Enviar mensaje<\/span><\/button>\n<\/div>\n<\/div>\n<\/div><div class=\"wpcf7-response-output\" aria-hidden=\"true\"><\/div>\n<\/form>\n<\/div>\n\t\t\t<\/div>\n\t\t\t\t\t<\/div>\n\t\t\t\t<\/div>\n\t\t\t\t\t<\/div>\n\t\t<\/div>\n\t\t\t\t\t<\/div>\n\t\t<\/section>\n\t\t\t\t<section class=\"elementor-section elementor-top-section elementor-element elementor-element-38c73d16 elementor-section-full_width elementor-section-height-default elementor-section-height-default qodef-elementor-content-no qodef-elementor-overlay-no\" data-id=\"38c73d16\" data-element_type=\"section\" data-settings=\"{&quot;background_background&quot;:&quot;classic&quot;}\">\n\t\t\t\t\t\t<div class=\"elementor-container elementor-column-gap-no\">\n\t\t\t\t\t<div class=\"elementor-column elementor-col-100 elementor-top-column elementor-element elementor-element-4c3e3dc5\" data-id=\"4c3e3dc5\" data-element_type=\"column\">\n\t\t\t<div class=\"elementor-widget-wrap elementor-element-populated\">\n\t\t\t\t\t\t<section class=\"elementor-section elementor-inner-section elementor-element elementor-element-3c1e1acd elementor-section-full_width qodef-elementor-content-grid elementor-section-height-default elementor-section-height-default qodef-elementor-overlay-no\" data-id=\"3c1e1acd\" data-element_type=\"section\">\n\t\t\t\t\t\t<div class=\"elementor-container elementor-column-gap-default\">\n\t\t\t\t\t<div class=\"elementor-column elementor-col-33 elementor-inner-column elementor-element elementor-element-637d821\" data-id=\"637d821\" data-element_type=\"column\">\n\t\t\t<div class=\"elementor-widget-wrap elementor-element-populated\">\n\t\t\t\t\t\t<div class=\"elementor-element elementor-element-685b7d3f elementor-widget elementor-widget-text-editor\" data-id=\"685b7d3f\" data-element_type=\"widget\" data-widget_type=\"text-editor.default\">\n\t\t\t\t<div class=\"elementor-widget-container\">\n\t\t\t\t\t\t\t<h3 style=\"color: #fff;\">Light24 O\u00dc<\/h3>\t\t\t\t\t\t<\/div>\n\t\t\t\t<\/div>\n\t\t\t\t<div class=\"elementor-element elementor-element-3c63e61e elementor-widget elementor-widget-text-editor\" data-id=\"3c63e61e\" data-element_type=\"widget\" data-widget_type=\"text-editor.default\">\n\t\t\t\t<div class=\"elementor-widget-container\">\n\t\t\t\t\t\t\t<h6 style=\"color: #fff;\">E-mail: info@light24.ee<\/h6>\t\t\t\t\t\t<\/div>\n\t\t\t\t<\/div>\n\t\t\t\t<div class=\"elementor-element elementor-element-60211823 elementor-widget elementor-widget-text-editor\" data-id=\"60211823\" data-element_type=\"widget\" data-widget_type=\"text-editor.default\">\n\t\t\t\t<div class=\"elementor-widget-container\">\n\t\t\t\t\t\t\t<h6 style=\"color: #fff;\">Tel\u00e9fono: +372 5184 133<\/h6>\t\t\t\t\t\t<\/div>\n\t\t\t\t<\/div>\n\t\t\t\t<div class=\"elementor-element elementor-element-772bef2e elementor-widget elementor-widget-text-editor\" data-id=\"772bef2e\" data-element_type=\"widget\" data-widget_type=\"text-editor.default\">\n\t\t\t\t<div class=\"elementor-widget-container\">\n\t\t\t\t\t\t\t<h6 style=\"color: #fff;\">Tiigi 6\/2 T\u00f5ravere, 61602 Tartumaa, Estonia<\/h6>\t\t\t\t\t\t<\/div>\n\t\t\t\t<\/div>\n\t\t\t\t\t<\/div>\n\t\t<\/div>\n\t\t\t\t<div class=\"elementor-column elementor-col-33 elementor-inner-column elementor-element elementor-element-1343597f\" data-id=\"1343597f\" data-element_type=\"column\">\n\t\t\t<div class=\"elementor-widget-wrap elementor-element-populated\">\n\t\t\t\t\t\t<div class=\"elementor-element elementor-element-98ec872 elementor-widget elementor-widget-text-editor\" data-id=\"98ec872\" data-element_type=\"widget\" data-widget_type=\"text-editor.default\">\n\t\t\t\t<div class=\"elementor-widget-container\">\n\t\t\t\t\t\t\t<h3 style=\"color: #fff;\">OFICINA DE REPRESENTACI\u00d3N DE TALLIN<\/h3>\t\t\t\t\t\t<\/div>\n\t\t\t\t<\/div>\n\t\t\t\t<div class=\"elementor-element elementor-element-3a9b2ecc elementor-widget elementor-widget-text-editor\" data-id=\"3a9b2ecc\" data-element_type=\"widget\" data-widget_type=\"text-editor.default\">\n\t\t\t\t<div class=\"elementor-widget-container\">\n\t\t\t\t\t\t\t<h6 style=\"color: #fff;\"> DIRECCI\u00d3N\n: P\u00c4RNU MNT. 146, TALLINN<\/h6>\t\t\t\t\t\t<\/div>\n\t\t\t\t<\/div>\n\t\t\t\t<div class=\"elementor-element elementor-element-37a2e4aa elementor-widget elementor-widget-text-editor\" data-id=\"37a2e4aa\" data-element_type=\"widget\" data-widget_type=\"text-editor.default\">\n\t\t\t\t<div class=\"elementor-widget-container\">\n\t\t\t\t\t\t\t<h6 style=\"color: #fff;\">ABIERTO<\/h6>\t\t\t\t\t\t<\/div>\n\t\t\t\t<\/div>\n\t\t\t\t<div class=\"elementor-element elementor-element-f4dbb1e elementor-widget elementor-widget-text-editor\" data-id=\"f4dbb1e\" data-element_type=\"widget\" data-widget_type=\"text-editor.default\">\n\t\t\t\t<div class=\"elementor-widget-container\">\n\t\t\t\t\t\t\t<h6 style=\"color: #fff;\">martes y viernes\nde 10:00 a 15:00<\/h6>\t\t\t\t\t\t<\/div>\n\t\t\t\t<\/div>\n\t\t\t\t\t<\/div>\n\t\t<\/div>\n\t\t\t\t<div class=\"elementor-column elementor-col-33 elementor-inner-column elementor-element elementor-element-173e51a3\" data-id=\"173e51a3\" data-element_type=\"column\">\n\t\t\t<div class=\"elementor-widget-wrap elementor-element-populated\">\n\t\t\t\t\t\t<div class=\"elementor-element elementor-element-7280eabc elementor-widget elementor-widget-text-editor\" data-id=\"7280eabc\" data-element_type=\"widget\" data-widget_type=\"text-editor.default\">\n\t\t\t\t<div class=\"elementor-widget-container\">\n\t\t\t\t\t\t\t<h3 style=\"color: #fff;\">Consulta<\/h3>\t\t\t\t\t\t<\/div>\n\t\t\t\t<\/div>\n\t\t\t\t<div class=\"elementor-element elementor-element-5b0d1ea0 elementor-widget elementor-widget-text-editor\" data-id=\"5b0d1ea0\" data-element_type=\"widget\" data-widget_type=\"text-editor.default\">\n\t\t\t\t<div class=\"elementor-widget-container\">\n\t\t\t\t\t\t\t<h6 style=\"color: #fff;\">E-mail: info@light24.ee<\/h6>\t\t\t\t\t\t<\/div>\n\t\t\t\t<\/div>\n\t\t\t\t<div class=\"elementor-element elementor-element-3b2b481f elementor-widget elementor-widget-text-editor\" data-id=\"3b2b481f\" data-element_type=\"widget\" data-widget_type=\"text-editor.default\">\n\t\t\t\t<div class=\"elementor-widget-container\">\n\t\t\t\t\t\t\t<h6 style=\"color: #fff;\">Tel\u00e9fono: +372 518 4133<\/h6>\t\t\t\t\t\t<\/div>\n\t\t\t\t<\/div>\n\t\t\t\t<div class=\"elementor-element elementor-element-72e4662b elementor-widget elementor-widget-text-editor\" data-id=\"72e4662b\" data-element_type=\"widget\" data-widget_type=\"text-editor.default\">\n\t\t\t\t<div class=\"elementor-widget-container\">\n\t\t\t\t\t\t\t<h6 style=\"color: #fff;\">Aarne Sulev<\/h6>\t\t\t\t\t\t<\/div>\n\t\t\t\t<\/div>\n\t\t\t\t\t<\/div>\n\t\t<\/div>\n\t\t\t\t\t<\/div>\n\t\t<\/section>\n\t\t\t\t\t<\/div>\n\t\t<\/div>\n\t\t\t\t\t<\/div>\n\t\t<\/section>\n\t\t\t\t<\/div>\n\t\t","protected":false},"excerpt":{"rendered":"<p>Light24 O\u00dc E-mail: info@light24.ee Tel\u00e9fono: +372 5184 133 Tiigi 6\/2 T\u00f5ravere, 61602 Tartumaa, Estonia OFICINA DE REPRESENTACI\u00d3N DE TALLIN DIRECCI\u00d3N : P\u00c4RNU MNT. 146, TALLINN ABIERTO martes y viernes de 10:00 a 15:00 Consulta E-mail: info@light24.ee Tel\u00e9fono: +372 518 4133 Aarne Sulev<\/p>\n","protected":false},"author":4,"featured_media":99029,"parent":0,"menu_order":0,"comment_status":"closed","ping_status":"closed","template":"page-full-width.php","meta":{"_acf_changed":false,"footnotes":""},"class_list":["post-99043","page","type-page","status-publish","has-post-thumbnail","hentry"],"acf":[],"aioseo_notices":[],"aioseo_head":"\n\t\t<!-- All in One SEO Pro 4.9.5.2 - aioseo.com -->\n\t<meta name=\"description\" content=\"Enviar mensaje Light24 O\u00dc E-mail: info@light24.ee Tel\u00e9fono: +372 5184 133 Tiigi 6\/2 T\u00f5ravere, 61602 Tartumaa, Estonia OFICINA DE REPRESENTACI\u00d3N DE TALLIN DIRECCI\u00d3N : P\u00c4RNU MNT. 146, TALLINN ABIERTO martes y viernes de 10:00 a 15:00 Consulta E-mail: info@light24.ee Tel\u00e9fono: +372 518 4133 Aarne Sulev\" \/>\n\t<meta name=\"robots\" content=\"max-image-preview:large\" \/>\n\t<meta name=\"google-site-verification\" content=\"nxgDPK3Ouk6bwvuxlwlzeMOKszmf-8m57RDu5zAgN-Y\" \/>\n\t<link rel=\"canonical\" href=\"https:\/\/light24.lt\/es\/kontakt\/\" \/>\n\t<meta name=\"generator\" content=\"All in One SEO Pro (AIOSEO) 4.9.5.2\" \/>\n\t\t<meta property=\"og:locale\" content=\"es_ES\" \/>\n\t\t<meta property=\"og:site_name\" content=\"Light24 \u2022 Lighting E-Shop | Soluciones de iluminaci\u00f3n profesionales\" \/>\n\t\t<meta property=\"og:type\" content=\"article\" \/>\n\t\t<meta property=\"og:title\" content=\"Contacto \u2022 Light24\" \/>\n\t\t<meta property=\"og:description\" content=\"Enviar mensaje Light24 O\u00dc E-mail: info@light24.ee Tel\u00e9fono: +372 5184 133 Tiigi 6\/2 T\u00f5ravere, 61602 Tartumaa, Estonia OFICINA DE REPRESENTACI\u00d3N DE TALLIN DIRECCI\u00d3N : P\u00c4RNU MNT. 146, TALLINN ABIERTO martes y viernes de 10:00 a 15:00 Consulta E-mail: info@light24.ee Tel\u00e9fono: +372 518 4133 Aarne Sulev\" \/>\n\t\t<meta property=\"og:url\" content=\"https:\/\/light24.lt\/es\/kontakt\/\" \/>\n\t\t<meta property=\"og:image\" content=\"https:\/\/light24.lt\/wp-content\/uploads\/2022\/02\/far11213-220x150-1.jpg\" \/>\n\t\t<meta property=\"og:image:secure_url\" content=\"https:\/\/light24.lt\/wp-content\/uploads\/2022\/02\/far11213-220x150-1.jpg\" \/>\n\t\t<meta property=\"og:image:width\" content=\"220\" \/>\n\t\t<meta property=\"og:image:height\" content=\"150\" \/>\n\t\t<meta property=\"article:published_time\" content=\"2022-02-17T13:36:18+00:00\" \/>\n\t\t<meta property=\"article:modified_time\" content=\"2024-12-02T08:54:53+00:00\" \/>\n\t\t<meta property=\"article:publisher\" content=\"https:\/\/www.facebook.com\/light24.ee\" \/>\n\t\t<meta name=\"twitter:card\" content=\"summary\" \/>\n\t\t<meta name=\"twitter:title\" content=\"Contacto \u2022 Light24\" \/>\n\t\t<meta name=\"twitter:description\" content=\"Enviar mensaje Light24 O\u00dc E-mail: info@light24.ee Tel\u00e9fono: +372 5184 133 Tiigi 6\/2 T\u00f5ravere, 61602 Tartumaa, Estonia OFICINA DE REPRESENTACI\u00d3N DE TALLIN DIRECCI\u00d3N : P\u00c4RNU MNT. 146, TALLINN ABIERTO martes y viernes de 10:00 a 15:00 Consulta E-mail: info@light24.ee Tel\u00e9fono: +372 518 4133 Aarne Sulev\" \/>\n\t\t<meta name=\"twitter:image\" content=\"https:\/\/light24.lt\/wp-content\/uploads\/2022\/02\/far11213-220x150-1.jpg\" \/>\n\t\t<script type=\"application\/ld+json\" class=\"aioseo-schema\">\n\t\t\t{\"@context\":\"https:\\\/\\\/schema.org\",\"@graph\":[{\"@type\":\"BreadcrumbList\",\"@id\":\"https:\\\/\\\/light24.lt\\\/es\\\/kontakt\\\/#breadcrumblist\",\"itemListElement\":[{\"@type\":\"ListItem\",\"@id\":\"https:\\\/\\\/light24.lt\\\/es#listItem\",\"position\":1,\"name\":\"Home\",\"item\":\"https:\\\/\\\/light24.lt\\\/es\",\"nextItem\":{\"@type\":\"ListItem\",\"@id\":\"https:\\\/\\\/light24.lt\\\/es\\\/kontakt\\\/#listItem\",\"name\":\"Contacto\"}},{\"@type\":\"ListItem\",\"@id\":\"https:\\\/\\\/light24.lt\\\/es\\\/kontakt\\\/#listItem\",\"position\":2,\"name\":\"Contacto\",\"previousItem\":{\"@type\":\"ListItem\",\"@id\":\"https:\\\/\\\/light24.lt\\\/es#listItem\",\"name\":\"Home\"}}]},{\"@type\":\"Organization\",\"@id\":\"https:\\\/\\\/light24.lt\\\/es\\\/#organization\",\"name\":\"Light24\",\"description\":\"Lighting E-Shop | Soluciones de iluminaci\\u00f3n profesionales\",\"url\":\"https:\\\/\\\/light24.lt\\\/es\\\/\",\"telephone\":\"+3725184133\",\"logo\":{\"@type\":\"ImageObject\",\"url\":\"https:\\\/\\\/www.light24.ee\\\/wp-content\\\/uploads\\\/2022\\\/03\\\/Shape-2-3.svg\",\"@id\":\"https:\\\/\\\/light24.lt\\\/es\\\/kontakt\\\/#organizationLogo\"},\"image\":{\"@id\":\"https:\\\/\\\/light24.lt\\\/es\\\/kontakt\\\/#organizationLogo\"},\"sameAs\":[\"https:\\\/\\\/www.facebook.com\\\/light24.ee\",\"https:\\\/\\\/www.instagram.com\\\/light24official\\\/\"]},{\"@type\":\"WebPage\",\"@id\":\"https:\\\/\\\/light24.lt\\\/es\\\/kontakt\\\/#webpage\",\"url\":\"https:\\\/\\\/light24.lt\\\/es\\\/kontakt\\\/\",\"name\":\"Contacto \\u2022 Light24\",\"description\":\"Enviar mensaje Light24 O\\u00dc E-mail: info@light24.ee Tel\\u00e9fono: +372 5184 133 Tiigi 6\\\/2 T\\u00f5ravere, 61602 Tartumaa, Estonia OFICINA DE REPRESENTACI\\u00d3N DE TALLIN DIRECCI\\u00d3N : P\\u00c4RNU MNT. 146, TALLINN ABIERTO martes y viernes de 10:00 a 15:00 Consulta E-mail: info@light24.ee Tel\\u00e9fono: +372 518 4133 Aarne Sulev\",\"inLanguage\":\"es-ES\",\"isPartOf\":{\"@id\":\"https:\\\/\\\/light24.lt\\\/es\\\/#website\"},\"breadcrumb\":{\"@id\":\"https:\\\/\\\/light24.lt\\\/es\\\/kontakt\\\/#breadcrumblist\"},\"image\":{\"@type\":\"ImageObject\",\"url\":\"https:\\\/\\\/light24.lt\\\/wp-content\\\/uploads\\\/2022\\\/02\\\/far11213-220x150-1.jpg\",\"@id\":\"https:\\\/\\\/light24.lt\\\/es\\\/kontakt\\\/#mainImage\",\"width\":220,\"height\":150},\"primaryImageOfPage\":{\"@id\":\"https:\\\/\\\/light24.lt\\\/es\\\/kontakt\\\/#mainImage\"},\"datePublished\":\"2022-02-17T15:36:18+02:00\",\"dateModified\":\"2024-12-02T10:54:53+02:00\"},{\"@type\":\"WebSite\",\"@id\":\"https:\\\/\\\/light24.lt\\\/es\\\/#website\",\"url\":\"https:\\\/\\\/light24.lt\\\/es\\\/\",\"name\":\"Light24\",\"description\":\"Lighting E-Shop | Soluciones de iluminaci\\u00f3n profesionales\",\"inLanguage\":\"es-ES\",\"publisher\":{\"@id\":\"https:\\\/\\\/light24.lt\\\/es\\\/#organization\"}}]}\n\t\t<\/script>\n\t\t<!-- All in One SEO Pro -->\r\n\t\t<title>Contacto \u2022 Light24<\/title>\n\n","aioseo_head_json":{"title":"Contacto \u2022 Light24","description":"Enviar mensaje Light24 O\u00dc E-mail: info@light24.ee Tel\u00e9fono: +372 5184 133 Tiigi 6\/2 T\u00f5ravere, 61602 Tartumaa, Estonia OFICINA DE REPRESENTACI\u00d3N DE TALLIN DIRECCI\u00d3N : P\u00c4RNU MNT. 146, TALLINN ABIERTO martes y viernes de 10:00 a 15:00 Consulta E-mail: info@light24.ee Tel\u00e9fono: +372 518 4133 Aarne Sulev","canonical_url":"https:\/\/light24.lt\/es\/kontakt\/","robots":"max-image-preview:large","keywords":"","webmasterTools":{"google-site-verification":"nxgDPK3Ouk6bwvuxlwlzeMOKszmf-8m57RDu5zAgN-Y","miscellaneous":""},"schema":{"@context":"https:\/\/schema.org","@graph":[{"@type":"BreadcrumbList","@id":"https:\/\/light24.lt\/es\/kontakt\/#breadcrumblist","itemListElement":[{"@type":"ListItem","@id":"https:\/\/light24.lt\/es#listItem","position":1,"name":"Home","item":"https:\/\/light24.lt\/es","nextItem":{"@type":"ListItem","@id":"https:\/\/light24.lt\/es\/kontakt\/#listItem","name":"Contacto"}},{"@type":"ListItem","@id":"https:\/\/light24.lt\/es\/kontakt\/#listItem","position":2,"name":"Contacto","previousItem":{"@type":"ListItem","@id":"https:\/\/light24.lt\/es#listItem","name":"Home"}}]},{"@type":"Organization","@id":"https:\/\/light24.lt\/es\/#organization","name":"Light24","description":"Lighting E-Shop | Soluciones de iluminaci\u00f3n profesionales","url":"https:\/\/light24.lt\/es\/","telephone":"+3725184133","logo":{"@type":"ImageObject","url":"https:\/\/www.light24.ee\/wp-content\/uploads\/2022\/03\/Shape-2-3.svg","@id":"https:\/\/light24.lt\/es\/kontakt\/#organizationLogo"},"image":{"@id":"https:\/\/light24.lt\/es\/kontakt\/#organizationLogo"},"sameAs":["https:\/\/www.facebook.com\/light24.ee","https:\/\/www.instagram.com\/light24official\/"]},{"@type":"WebPage","@id":"https:\/\/light24.lt\/es\/kontakt\/#webpage","url":"https:\/\/light24.lt\/es\/kontakt\/","name":"Contacto \u2022 Light24","description":"Enviar mensaje Light24 O\u00dc E-mail: info@light24.ee Tel\u00e9fono: +372 5184 133 Tiigi 6\/2 T\u00f5ravere, 61602 Tartumaa, Estonia OFICINA DE REPRESENTACI\u00d3N DE TALLIN DIRECCI\u00d3N : P\u00c4RNU MNT. 146, TALLINN ABIERTO martes y viernes de 10:00 a 15:00 Consulta E-mail: info@light24.ee Tel\u00e9fono: +372 518 4133 Aarne Sulev","inLanguage":"es-ES","isPartOf":{"@id":"https:\/\/light24.lt\/es\/#website"},"breadcrumb":{"@id":"https:\/\/light24.lt\/es\/kontakt\/#breadcrumblist"},"image":{"@type":"ImageObject","url":"https:\/\/light24.lt\/wp-content\/uploads\/2022\/02\/far11213-220x150-1.jpg","@id":"https:\/\/light24.lt\/es\/kontakt\/#mainImage","width":220,"height":150},"primaryImageOfPage":{"@id":"https:\/\/light24.lt\/es\/kontakt\/#mainImage"},"datePublished":"2022-02-17T15:36:18+02:00","dateModified":"2024-12-02T10:54:53+02:00"},{"@type":"WebSite","@id":"https:\/\/light24.lt\/es\/#website","url":"https:\/\/light24.lt\/es\/","name":"Light24","description":"Lighting E-Shop | Soluciones de iluminaci\u00f3n profesionales","inLanguage":"es-ES","publisher":{"@id":"https:\/\/light24.lt\/es\/#organization"}}]},"og:locale":"es_ES","og:site_name":"Light24 \u2022 Lighting E-Shop | Soluciones de iluminaci\u00f3n profesionales","og:type":"article","og:title":"Contacto \u2022 Light24","og:description":"Enviar mensaje Light24 O\u00dc E-mail: info@light24.ee Tel\u00e9fono: +372 5184 133 Tiigi 6\/2 T\u00f5ravere, 61602 Tartumaa, Estonia OFICINA DE REPRESENTACI\u00d3N DE TALLIN DIRECCI\u00d3N : P\u00c4RNU MNT. 146, TALLINN ABIERTO martes y viernes de 10:00 a 15:00 Consulta E-mail: info@light24.ee Tel\u00e9fono: +372 518 4133 Aarne Sulev","og:url":"https:\/\/light24.lt\/es\/kontakt\/","og:image":"https:\/\/light24.lt\/wp-content\/uploads\/2022\/02\/far11213-220x150-1.jpg","og:image:secure_url":"https:\/\/light24.lt\/wp-content\/uploads\/2022\/02\/far11213-220x150-1.jpg","og:image:width":220,"og:image:height":150,"article:published_time":"2022-02-17T13:36:18+00:00","article:modified_time":"2024-12-02T08:54:53+00:00","article:publisher":"https:\/\/www.facebook.com\/light24.ee","twitter:card":"summary","twitter:title":"Contacto \u2022 Light24","twitter:description":"Enviar mensaje Light24 O\u00dc E-mail: info@light24.ee Tel\u00e9fono: +372 5184 133 Tiigi 6\/2 T\u00f5ravere, 61602 Tartumaa, Estonia OFICINA DE REPRESENTACI\u00d3N DE TALLIN DIRECCI\u00d3N : P\u00c4RNU MNT. 146, TALLINN ABIERTO martes y viernes de 10:00 a 15:00 Consulta E-mail: info@light24.ee Tel\u00e9fono: +372 518 4133 Aarne Sulev","twitter:image":"https:\/\/light24.lt\/wp-content\/uploads\/2022\/02\/far11213-220x150-1.jpg"},"aioseo_meta_data":{"post_id":"99043","title":null,"description":null,"keywords":null,"keyphrases":{"focus":{"keyphrase":"","score":0,"analysis":{"keyphraseInTitle":{"score":0,"maxScore":9,"error":1}}},"additional":[]},"primary_term":null,"canonical_url":null,"og_title":null,"og_description":null,"og_object_type":"default","og_image_type":"default","og_image_url":null,"og_image_width":null,"og_image_height":null,"og_image_custom_url":null,"og_image_custom_fields":null,"og_video":"","og_custom_url":null,"og_article_section":null,"og_article_tags":null,"twitter_use_og":false,"twitter_card":"default","twitter_image_type":"default","twitter_image_url":null,"twitter_image_custom_url":null,"twitter_image_custom_fields":null,"twitter_title":null,"twitter_description":null,"schema":{"blockGraphs":[],"customGraphs":[],"default":{"data":{"Article":[],"Course":[],"Dataset":[],"FAQPage":[],"Movie":[],"Person":[],"Product":[],"ProductReview":[],"Car":[],"Recipe":[],"Service":[],"SoftwareApplication":[],"WebPage":[]},"graphName":"WebPage","isEnabled":true},"graphs":[]},"schema_type":"default","schema_type_options":"{\"article\":{\"articleType\":\"BlogPosting\"},\"course\":{\"name\":\"\",\"description\":\"\",\"provider\":\"\"},\"faq\":{\"pages\":[]},\"product\":{\"reviews\":[]},\"recipe\":{\"ingredients\":[],\"instructions\":[],\"keywords\":[]},\"software\":{\"reviews\":[],\"operatingSystems\":[]},\"webPage\":{\"webPageType\":\"WebPage\"}}","pillar_content":false,"robots_default":true,"robots_noindex":false,"robots_noarchive":false,"robots_nosnippet":false,"robots_nofollow":false,"robots_noimageindex":false,"robots_noodp":false,"robots_notranslate":false,"robots_max_snippet":"-1","robots_max_videopreview":"-1","robots_max_imagepreview":"large","priority":null,"frequency":"default","local_seo":null,"seo_analyzer_scan_date":"2025-10-26 20:05:05","breadcrumb_settings":null,"limit_modified_date":false,"reviewed_by":null,"open_ai":"{\"title\":{\"suggestions\":[],\"usage\":0},\"description\":{\"suggestions\":[],\"usage\":0}}","ai":null,"created":"2022-02-17 13:36:59","updated":"2025-10-26 20:05:05"},"aioseo_breadcrumb":"<div class=\"aioseo-breadcrumbs\"><span class=\"aioseo-breadcrumb\">\n\t<a href=\"https:\/\/light24.lt\/es\" title=\"Home\">Home<\/a>\n<\/span><span class=\"aioseo-breadcrumb-separator\">&raquo;<\/span><span class=\"aioseo-breadcrumb\">\n\tContacto\n<\/span><\/div>","aioseo_breadcrumb_json":[{"label":"Home","link":"https:\/\/light24.lt\/es"},{"label":"Contacto","link":"https:\/\/light24.lt\/es\/kontakt\/"}],"_links":{"self":[{"href":"https:\/\/light24.lt\/es\/wp-json\/wp\/v2\/pages\/99043","targetHints":{"allow":["GET"]}}],"collection":[{"href":"https:\/\/light24.lt\/es\/wp-json\/wp\/v2\/pages"}],"about":[{"href":"https:\/\/light24.lt\/es\/wp-json\/wp\/v2\/types\/page"}],"author":[{"embeddable":true,"href":"https:\/\/light24.lt\/es\/wp-json\/wp\/v2\/users\/4"}],"replies":[{"embeddable":true,"href":"https:\/\/light24.lt\/es\/wp-json\/wp\/v2\/comments?post=99043"}],"version-history":[{"count":0,"href":"https:\/\/light24.lt\/es\/wp-json\/wp\/v2\/pages\/99043\/revisions"}],"wp:featuredmedia":[{"embeddable":true,"href":"https:\/\/light24.lt\/es\/wp-json\/wp\/v2\/media\/99029"}],"wp:attachment":[{"href":"https:\/\/light24.lt\/es\/wp-json\/wp\/v2\/media?parent=99043"}],"curies":[{"name":"wp","href":"https:\/\/api.w.org\/{rel}","templated":true}]}}